{"id":1235,"date":"2024-05-28T09:39:30","date_gmt":"2024-05-28T09:39:30","guid":{"rendered":"https:\/\/ral.komfour-develop.de\/?page_id=1235"},"modified":"2024-07-24T09:00:30","modified_gmt":"2024-07-24T09:00:30","slug":"pruefbestimmungen-auszug-ral-gz-041-1","status":"publish","type":"page","link":"https:\/\/ral.komfour-develop.de\/de\/pruefbestimmungen-auszug-ral-gz-041-1\/","title":{"rendered":"Pr\u00fcfbestimmungen Auszug RAL-GZ 041\/1"},"content":{"rendered":"\t\t<div data-elementor-type=\"wp-page\" data-elementor-id=\"1235\" class=\"elementor elementor-1235\" data-elementor-post-type=\"page\">\n\t\t\t\t<div class=\"elementor-element elementor-element-1c04d01 e-con-full e-flex e-con e-parent\" data-id=\"1c04d01\" data-element_type=\"container\" data-e-type=\"container\">\n\t\t<div class=\"elementor-element elementor-element-7b8b2fb e-con-full e-flex e-con e-child\" data-id=\"7b8b2fb\" data-element_type=\"container\" data-e-type=\"container\">\n\t\t\t\t<div class=\"elementor-element elementor-element-403a0b5 elementor--h-position-left elementor--v-position-top elementor-arrows-position-inside elementor-pagination-position-inside elementor-widget elementor-widget-slides\" data-id=\"403a0b5\" data-element_type=\"widget\" data-e-type=\"widget\" data-settings=\"{&quot;navigation&quot;:&quot;both&quot;,&quot;autoplay&quot;:&quot;yes&quot;,&quot;pause_on_hover&quot;:&quot;yes&quot;,&quot;pause_on_interaction&quot;:&quot;yes&quot;,&quot;autoplay_speed&quot;:5000,&quot;infinite&quot;:&quot;yes&quot;,&quot;transition&quot;:&quot;slide&quot;,&quot;transition_speed&quot;:500}\" data-widget_type=\"slides.default\">\n\t\t\t\t<div class=\"elementor-widget-container\">\n\t\t\t\t\t\t\t<div class=\"elementor-swiper\">\n\t\t\t<div class=\"elementor-slides-wrapper elementor-main-swiper swiper-container\" dir=\"ltr\" data-animation=\"fadeInUp\">\n\t\t\t\t<div class=\"swiper-wrapper elementor-slides\">\n\t\t\t\t\t\t\t\t\t\t<div class=\"elementor-repeater-item-07035d2 swiper-slide\"><div class=\"swiper-slide-bg\" role=\"img\"><\/div><div class=\"swiper-slide-inner\" ><div class=\"swiper-slide-contents\"><div class=\"elementor-slide-heading\">Wir arbeiten mit<\/div><div class=\"elementor-slide-description\">g\u00fctegesicherten\nRohstoffen!<\/div><\/div><\/div><\/div>\t\t\t\t<\/div>\n\t\t\t\t\t\t\t<\/div>\n\t\t<\/div>\n\t\t\t\t\t\t<\/div>\n\t\t\t\t<\/div>\n\t\t\t\t<\/div>\n\t\t\t\t<\/div>\n\t\t<div class=\"elementor-element elementor-element-1cb4345 e-flex e-con-boxed e-con e-parent\" data-id=\"1cb4345\" data-element_type=\"container\" data-e-type=\"container\">\n\t\t\t\t\t<div class=\"e-con-inner\">\n\t\t<div class=\"elementor-element elementor-element-5afa847 e-con-full e-flex e-con e-child\" data-id=\"5afa847\" data-element_type=\"container\" data-e-type=\"container\">\n\t\t\t\t<div class=\"elementor-element elementor-element-6d29b45 elementor-widget elementor-widget-heading\" data-id=\"6d29b45\" data-element_type=\"widget\" data-e-type=\"widget\" data-widget_type=\"heading.default\">\n\t\t\t\t<div class=\"elementor-widget-container\">\n\t\t\t\t\t<h1 class=\"elementor-heading-title elementor-size-default\">AUSZUG AUS DEN BESONDEREN G\u00dcTE- UND PR\u00dcFBESTIMMUNGEN F\u00dcR HAUSHALTSKERZEN, SPITZKERZEN, STUMPENKERZEN UND ANDERE KERZEN RAL-GZ 041\/1<\/h1>\t\t\t\t<\/div>\n\t\t\t\t<\/div>\n\t\t\t\t<div class=\"elementor-element elementor-element-5805c0d elementor-widget elementor-widget-text-editor\" data-id=\"5805c0d\" data-element_type=\"widget\" data-e-type=\"widget\" data-widget_type=\"text-editor.default\">\n\t\t\t\t<div class=\"elementor-widget-container\">\n\t\t\t\t\t\t\t\t\t<p><\/p>\n<h1>1-1 GELTUNGSBEREICH<\/h1>\n<p>Diese Besonderen G\u00fcte- und Pr\u00fcfbestimmungen gelten f\u00fcr Kerzen, unabh\u00e4ngig der Oberfl\u00e4chenstruktur f\u00fcr Produktvarianten wie z.B. Adventkerzen, Altarkerzen, Baumkerzen, Geburtstagskerzen, Haushaltskerzen, Opferkerzen, Pyramidenkerzen, Puppenlichter, Spitzkerzen, Stabkerzen, Stumpenkerzen.<\/p>\n<p>Innerhalb dieses Geltungsbereiches m\u00fcssen die Anforderungen des G\u00fctezeichens Kerzen f\u00fcr die oben genannten Produkte erf\u00fcllt werden.<\/p>\t\t\t\t\t\t\t\t<\/div>\n\t\t\t\t<\/div>\n\t\t\t\t<div class=\"elementor-element elementor-element-21b867c elementor-widget elementor-widget-text-editor\" data-id=\"21b867c\" data-element_type=\"widget\" data-e-type=\"widget\" data-widget_type=\"text-editor.default\">\n\t\t\t\t<div class=\"elementor-widget-container\">\n\t\t\t\t\t\t\t\t\t<p><\/p>\n<h1>1-2 G\u00dcTEBESTIMMUNGEN<\/h1>\n<h3>1-2.1 Optische und technische Anforderungen<\/h3>\n<p><img fetchpriority=\"high\" decoding=\"async\" class=\"alignnone size-medium wp-image-1395\" src=\"https:\/\/ral.komfour-develop.de\/wp-content\/uploads\/2024\/05\/anforderungen-300x242.jpg\" alt=\"\" width=\"300\" height=\"242\" srcset=\"https:\/\/ral.komfour-develop.de\/wp-content\/uploads\/2024\/05\/anforderungen-300x242.jpg 300w, https:\/\/ral.komfour-develop.de\/wp-content\/uploads\/2024\/05\/anforderungen.jpg 495w\" sizes=\"(max-width: 300px) 100vw, 300px\" \/><\/p>\n<h4>1-2.1.1 Aussehen \/ Dochtanordnung<\/h4>\n<p>Der Docht ist zentrisch anzuordnen. Ausnahme: Mehr-Docht-Kerzen.<\/p>\n<p>Die Oberfl\u00e4che der Kerze muss bei Betrachtung ohne technische Hilfsmittel frei von Blasen, Rissen, Sp\u00e4nen und Besch\u00e4digungen sein. Eine Ausnahme hiervon ist nur zul\u00e4ssig, wenn diese Merkmale einen Bestandteil des Dekors darstellen.<\/p>\n<p>Die Kerze hat die geforderte Farbnuance und Farbintensit\u00e4t aufzuweisen.<\/p>\n<p><img decoding=\"async\" class=\"alignnone size-medium wp-image-1396\" src=\"https:\/\/ral.komfour-develop.de\/wp-content\/uploads\/2024\/05\/dochtanordnung-300x242.jpg\" alt=\"\" width=\"300\" height=\"242\" srcset=\"https:\/\/ral.komfour-develop.de\/wp-content\/uploads\/2024\/05\/dochtanordnung-300x242.jpg 300w, https:\/\/ral.komfour-develop.de\/wp-content\/uploads\/2024\/05\/dochtanordnung.jpg 495w\" sizes=\"(max-width: 300px) 100vw, 300px\" \/><\/p>\n<h4>1-2.1.2 Brennverhalten<\/h4>\n<p>Nach dem Anz\u00fcnden muss die Kerze eine leuchtende, ruhige Flamme zeigen und allm\u00e4hlich einen Kelchrand bilden, der die sogenannte Brennsch\u00fcssel umgibt.<\/p>\n<p>Nach dem Anz\u00fcnden muss die Kerze eine leuchtende, ruhige Flamme zeigen und allm\u00e4hlich einen Kelchrand bilden, der die sogenannte Brennsch\u00fcssel umgibt.<\/p>\n<p>Weiterhin ist sicherzustellen, dass der Docht w\u00e4hrend des Abbrandes der Kerze mittelstark gekr\u00fcmmt ist (vergl. Abschnitt 1-3.3),<\/p>\n<p>die Kerze nicht tropft (vergl. Abschnitt 1-3.4) und<br \/>die Flamme ohne sichtbare Ru\u00dfabgabe brennt (vergl. Abschnitt 1-3.5).<br \/>Die Beurteilung des Brennverhaltens hinsichtlich der Einhaltung dieser Anforderungen kann aus technischen Gr\u00fcnden bei Stumpenkerzen mit einem Durchmesser von 31 bis 60 mm nur bis zu einer Resth\u00f6he von 30 mm, bei Stumpenkerzen mit einem Durchmesser von mehr als 60 mm nur bis zu einer Resth\u00f6he von 40 mm und bei Altarkerzen nur bis zu einer Resth\u00f6he von 80 mm erfolgen.<\/p>\n<p>Nach dem L\u00f6schen der Flamme gl\u00fcht die Dochtspitze naturgem\u00e4\u00df noch einige Zeit nach. Dies ist mit der Abgabe eines Rauchschwadens verbunden. Der Vorgang sollte bei Kerzen bis 30 mm Durchmesser innerhalb von 15 Sekunden beendet sein. Bei Kerzen mit einem Durchmesser \u00fcber 30 mm darf der Flachdocht 20 Sekunden nachrauchen, in keinem Fall (das gilt auch f\u00fcr Runddochte) darf der Docht jedoch vollst\u00e4ndig vergl\u00fchen, so dass ein problemloses Wiederanz\u00fcnden m\u00f6glich ist und die Kerze ordnungsgem\u00e4\u00df weiterbrennt.<\/p>\n<p><img decoding=\"async\" class=\"alignnone size-medium wp-image-1397\" src=\"https:\/\/ral.komfour-develop.de\/wp-content\/uploads\/2024\/05\/brennverhalten-300x242.jpg\" alt=\"\" width=\"300\" height=\"242\" srcset=\"https:\/\/ral.komfour-develop.de\/wp-content\/uploads\/2024\/05\/brennverhalten-300x242.jpg 300w, https:\/\/ral.komfour-develop.de\/wp-content\/uploads\/2024\/05\/brennverhalten.jpg 495w\" sizes=\"(max-width: 300px) 100vw, 300px\" \/><\/p>\n<p>Sofern auf der Verpackung eine Brenndauer der Kerze angegeben ist, muss diese erreicht werden (vergl. Abschnitt 1-3.6).<\/p>\t\t\t\t\t\t\t\t<\/div>\n\t\t\t\t<\/div>\n\t\t\t\t<div class=\"elementor-element elementor-element-9b3334e elementor-widget elementor-widget-text-editor\" data-id=\"9b3334e\" data-element_type=\"widget\" data-e-type=\"widget\" data-widget_type=\"text-editor.default\">\n\t\t\t\t<div class=\"elementor-widget-container\">\n\t\t\t\t\t\t\t\t\t<h1>1-3 PR\u00dcFBESTIMMUNGEN<\/h1><h3>1-3.1 R\u00e4umliche Bedingungen und Abst\u00e4nde bei dem Probenabbrand<\/h3><p>F\u00fcr die Pr\u00fcfung des Abbrandes muss die Temperatur des Pr\u00fcfraumes zwischen 20 \u00b0C und 25 \u00b0C liegen. Die Kerzen sind senkrecht \u2013 vor Zugluft weitgehend gesch\u00fctzt \u2013 in einem je nach Kerzenformat angemessenen Abstand voneinander aufzustellen, so dass keine merkliche gegenseitige W\u00e4rmebeeinflussung von Kerze zu Kerze auftritt.<\/p><h3>1-3.2 Brennzyklen<\/h3><p>Der Probenabbrand der Pr\u00fcfmuster ist in unterschiedlichen Brennzyklen, die auf die Kerzengr\u00f6\u00dfe ausgerichtet sind, auszuf\u00fchren. Brennzyklus 1 f\u00fcr Baumkerzen, Puppenlichte, Eierkerzen und andere Kerzentypen bis zu einem Gewicht von 40 Gramm:<\/p><p>Brennzyklus 1 f\u00fcr Baumkerzen, Puppenlichte, Eierkerzen und andere Kerzentypen bis zu einem Gewicht von 40 Gramm:<\/p><ul><li>Zyklus 1: Dauerabbrand bis ca. 20 mm vom Fu\u00df der Kerze<\/li><\/ul><p>Brennzyklus 2 und 3 f\u00fcr Kerzen mit einem Gewicht \u00fcber 40 Gramm und einem Durchmesser bis 30 mm:<\/p><ul><li>Zyklus 2: Dauerabbrand bis ca. 20 mm vom Fu\u00df der Kerze<\/li><li>Zyklus 3: 2 h Brennen, mindestens 1 h Pause, 2 h Brennen<\/li><\/ul><p>Brennzyklus 4 und 5 f\u00fcr Kerzen mit 31 bis 60 mm Durchmesser (von Tag zu Tag wechselnd):<\/p><ul><li>Zyklus 4: Dauerabbrand von 4 h<\/li><li>Zyklus 5: Mindestens 4 h Brennen, mindestens 1 h Pause, mindestens 4 h Brennen<\/li><\/ul><p>Brennzyklus 6 f\u00fcr Kerzen gr\u00f6\u00dfer 60 mm Durchmesser:<\/p><ul><li>Zyklus 6:<ul><li>4 h Brennen, mindestens 1 h Pause<\/li><li>4 h Brennen, mindestens 1 h Pause<\/li><li>4 h Brennen, mindestens 1 h Pause<\/li><li>4 h Brennen<\/li><\/ul><\/li><\/ul><h3>1-3.3 Dochtstand<\/h3><p>Der Docht kommt gerade aus der Kerze heraus und soll sich dann w\u00e4hrend des Abbrandes gleichm\u00e4\u00dfig bis zur Au\u00dfenkante der Flamme biegen, wo die Flammentemperatur am h\u00f6chsten ist, so dass dort die vollst\u00e4ndige allm\u00e4hliche Verbrennung der Dochtspitze stattfindet.<\/p><p>Ideal ist demgem\u00e4\u00df eine leichte Dochtkr\u00fcmmung gem\u00e4\u00df Abbildung 2 und noch gut eine Dochtkr\u00fcmmung gem\u00e4\u00df Abbildung 3.<\/p><p><img loading=\"lazy\" decoding=\"async\" class=\"alignnone size-full wp-image-1398\" src=\"https:\/\/ral.komfour-develop.de\/wp-content\/uploads\/2024\/05\/dochtstand.png\" alt=\"\" width=\"299\" height=\"159\" \/><\/p><p>Die Beurteilung des Dochtstandes w\u00e4hrend des Abbrandes erfolgt visuell.<\/p><h4>Bewertung<\/h4><table class=\"avia-table avia-data-table avia_pricing_default avia-builder-el-43 el_after_av_textblock avia-builder-el-last \"><tbody><tr class=\"\"><td class=\"\">Docht zeigt Kr\u00fcmmung gem\u00e4\u00df Abbildung 2 oder 3<\/td><td class=\"\">Anforderung eingehalten<\/td><\/tr><tr class=\"\"><td class=\"\">Docht weicht signifikant von Abbildung 2 oder 3 ab<\/td><td class=\"\">Anforderung nicht eingehalten<\/td><\/tr><\/tbody><\/table><h3>1-3.4 Tropffestigkeit<\/h3><p><img loading=\"lazy\" decoding=\"async\" class=\"alignnone size-medium wp-image-1399\" src=\"https:\/\/ral.komfour-develop.de\/wp-content\/uploads\/2024\/05\/tropffestigkeit-200x300.jpg\" alt=\"\" width=\"200\" height=\"300\" srcset=\"https:\/\/ral.komfour-develop.de\/wp-content\/uploads\/2024\/05\/tropffestigkeit-200x300.jpg 200w, https:\/\/ral.komfour-develop.de\/wp-content\/uploads\/2024\/05\/tropffestigkeit-683x1024.jpg 683w, https:\/\/ral.komfour-develop.de\/wp-content\/uploads\/2024\/05\/tropffestigkeit-768x1152.jpg 768w, https:\/\/ral.komfour-develop.de\/wp-content\/uploads\/2024\/05\/tropffestigkeit.jpg 800w\" sizes=\"(max-width: 200px) 100vw, 200px\" \/><\/p><p>Mit Tropfen ist das Ablaufen von Brennmasse aus der Brennsch\u00fcssel der Kerze gemeint. Die Kerze ist tropffest, wenn dieses Ablaufen durch den Kelchrand verhindert wird.<\/p><p>Geringf\u00fcgiges Ablaufen von Wachs ist bei Kerzen bis 30 mm nach folgender Ma\u00dfgabe tolerierbar:<\/p><p>Beim Wiederanz\u00fcnden der Kerze kann der Docht erst nach einigen Minuten seine volle Saug- und Kapillarwirkung wieder erreichen. Infolge dessen kann es in dieser Phase vor\u00fcbergehend zum Ablaufen einiger Tropfen Wachs kommen. Diese Erscheinung ist nicht als mangelnde Tropffestigkeit zu bewerten. Die Pr\u00fcfung der Tropffestigkeit erfolgt visuell.<\/p><h4>Bewertung<\/h4><table class=\"avia-table avia-data-table avia_pricing_default avia-builder-el-52 el_after_av_textblock avia-builder-el-last \"><tbody><tr class=\"\"><td class=\"\">Kelchrand verhindert Ablaufen<\/td><td class=\"\">Anforderung eingehalten<\/td><\/tr><tr class=\"\"><td class=\"\">Brennmasse l\u00e4uft an der Kerze ab<\/td><td class=\"\">Anforderung nicht eingehalten<\/td><\/tr><\/tbody><\/table><h3>1-3.5 Ru\u00dfverhalten \/ Nachrauchen<\/h3><p><img loading=\"lazy\" decoding=\"async\" class=\"alignnone size-medium wp-image-1400\" src=\"https:\/\/ral.komfour-develop.de\/wp-content\/uploads\/2024\/05\/russverhalten-206x300.jpg\" alt=\"\" width=\"206\" height=\"300\" srcset=\"https:\/\/ral.komfour-develop.de\/wp-content\/uploads\/2024\/05\/russverhalten-206x300.jpg 206w, https:\/\/ral.komfour-develop.de\/wp-content\/uploads\/2024\/05\/russverhalten-703x1024.jpg 703w, https:\/\/ral.komfour-develop.de\/wp-content\/uploads\/2024\/05\/russverhalten-768x1118.jpg 768w, https:\/\/ral.komfour-develop.de\/wp-content\/uploads\/2024\/05\/russverhalten-1055x1536.jpg 1055w, https:\/\/ral.komfour-develop.de\/wp-content\/uploads\/2024\/05\/russverhalten.jpg 1186w\" sizes=\"(max-width: 206px) 100vw, 206px\" \/><\/p><p>Ein Abbrand ohne jegliche Ru\u00dfabgabe \u2013 insbesondere in der Anbrennphase und unmittelbar nach Erl\u00f6schen der Flamme \u2013 ist aus chemisch-physikalischen Gr\u00fcnden nicht m\u00f6glich. Die Ru\u00dfabgabe ist aber \u2013 insbesondere durch optimale Abstimmung von Kerzenmaterial und Docht \u2013 zu minimieren, so dass ein ru\u00dfarmer Abbrand erfolgt.<\/p><h4>Bewertung des Ru\u00dfverhaltens nach zwei Kriterien<\/h4><p>a) visuell<\/p><table class=\"avia-table avia-data-table avia_pricing_default avia-builder-el-61 el_after_av_textblock el_before_av_textblock \"><tbody><tr class=\"\"><td class=\"\">Keine sichtbare Ru\u00dfabgabe<\/td><td class=\"\">Anforderung eingehalten<\/td><\/tr><tr class=\"\"><td class=\"\">Kerze ru\u00dft sichtbar<\/td><td class=\"\">Anforderung nicht eingehalten<\/td><\/tr><\/tbody><\/table><p>b) nach Pr\u00fcfverfahren gem. Ziff. 8 der EN 15426 Kerzen, mit Ausnahme von Kugelkerzen, Eierkerzen, Sonderformen und Kerzen mit einem Durchmesser von mehr als 70 mm, sind zus\u00e4tzlich nach nachfolgenden Kriterien im Ru\u00dfverhalten zu bewerten:<\/p><p>Pro Stunde Brenndauer darf der Ru\u00dfindex 1,0 nicht \u00fcberschritten werden (sichtbares Ru\u00dfen ist ab einem st\u00fcndlichen Ru\u00dfindex von ca. 1,2 zu erwarten).<\/p><p>Die Kerze muss beide Kriterien erf\u00fcllen.<\/p><h4>Bewertung des Nachrauchen bei Kerzen bis 30 mm Durchmesser<\/h4><table class=\"avia-table avia-data-table avia_pricing_default avia-builder-el-63 el_after_av_textblock el_before_av_image \"><tbody><tr class=\"\"><td class=\"\">im Durchschnitt max. 15 Sekunden<\/td><td class=\"\">Anforderung eingehalten<\/td><\/tr><tr class=\"\"><td class=\"\">im Durchschnitt gr\u00f6\u00dfer als 15 Sekunden<\/td><td class=\"\">Anforderung nicht eingehalten<\/td><\/tr><\/tbody><\/table><h4><img loading=\"lazy\" decoding=\"async\" class=\"alignnone size-medium wp-image-1401\" src=\"https:\/\/ral.komfour-develop.de\/wp-content\/uploads\/2024\/05\/nachrauchen-300x242.jpg\" alt=\"\" width=\"300\" height=\"242\" srcset=\"https:\/\/ral.komfour-develop.de\/wp-content\/uploads\/2024\/05\/nachrauchen-300x242.jpg 300w, https:\/\/ral.komfour-develop.de\/wp-content\/uploads\/2024\/05\/nachrauchen.jpg 495w\" sizes=\"(max-width: 300px) 100vw, 300px\" \/><\/h4><h4>Bewertung des Nachrauchens bei Kerzen mit Flachdocht \u00fcber 30 mm Durchmesser<\/h4><table class=\"avia-table avia-data-table avia_pricing_default avia-builder-el-67 el_after_av_textblock avia-builder-el-last \"><tbody><tr class=\"\"><td class=\"\">im Durchschnitt max. 20 Sekunden<\/td><td class=\"\">Anforderung eingehalten<\/td><\/tr><tr class=\"\"><td class=\"\">im Durchschnitt gr\u00f6\u00dfer als 20 Sekunden<\/td><td class=\"\">Anforderung nicht eingehalten<\/td><\/tr><\/tbody><\/table><h3>1-3.6 Einhaltung der Abmessungen und Erreichen der Brenndauer Bewertung<\/h3><p><img loading=\"lazy\" decoding=\"async\" class=\"alignnone size-medium wp-image-1403\" src=\"https:\/\/ral.komfour-develop.de\/wp-content\/uploads\/2024\/05\/abmessung-brenndauer-1-300x242.jpg\" alt=\"\" width=\"300\" height=\"242\" srcset=\"https:\/\/ral.komfour-develop.de\/wp-content\/uploads\/2024\/05\/abmessung-brenndauer-1-300x242.jpg 300w, https:\/\/ral.komfour-develop.de\/wp-content\/uploads\/2024\/05\/abmessung-brenndauer-1.jpg 495w\" sizes=\"(max-width: 300px) 100vw, 300px\" \/> <img loading=\"lazy\" decoding=\"async\" class=\"alignnone size-medium wp-image-1402\" src=\"https:\/\/ral.komfour-develop.de\/wp-content\/uploads\/2024\/05\/abmessung-benndauer-2-300x242.jpg\" alt=\"\" width=\"300\" height=\"242\" srcset=\"https:\/\/ral.komfour-develop.de\/wp-content\/uploads\/2024\/05\/abmessung-benndauer-2-300x242.jpg 300w, https:\/\/ral.komfour-develop.de\/wp-content\/uploads\/2024\/05\/abmessung-benndauer-2.jpg 495w\" sizes=\"(max-width: 300px) 100vw, 300px\" \/><\/p><h4>Bewertung<\/h4><p>a) Abmessungen:<\/p><table class=\"avia-table avia-data-table avia_pricing_default avia-builder-el-74 el_after_av_textblock el_before_av_textblock \"><tbody><tr class=\"\"><td class=\"\">Abmessungen im Durchschnitt erreicht<\/td><td class=\"\">Anforderung eingehalten<\/td><\/tr><tr class=\"\"><td class=\"\">Abmessungen im Durchschnitt nicht eingehalten<\/td><td class=\"\">Anforderung nicht eingehalten<\/td><\/tr><\/tbody><\/table><p>Als maximale Minustoleranz ist zul\u00e4ssig: 2 %, mindestens jedoch 1 mm, geltend f\u00fcr Durchmesser und L\u00e4nge.<\/p><h4>Bewertung<\/h4><p>b) Brenndauer:<\/p><table class=\"avia-table avia-data-table avia_pricing_default avia-builder-el-80 el_after_av_textblock el_before_av_textblock \"><tbody><tr class=\"\"><td class=\"\">Brenndauer im Durchschnitt erreicht<\/td><td class=\"\">Anforderung eingehalten<\/td><\/tr><tr class=\"\"><td class=\"\">Brenndauer im Durchschnitt nicht erreicht<\/td><td class=\"\">Anforderung nicht eingehalten<\/td><\/tr><\/tbody><\/table><p>Bei einer Angabe wie \u201eca.\u201c oder \u201e\u00b1\u201c ist eine maximale Minustoleranz von 10% zul\u00e4ssig.<\/p>\t\t\t\t\t\t\t\t<\/div>\n\t\t\t\t<\/div>\n\t\t\t\t<div class=\"elementor-element elementor-element-e031b4b elementor-widget elementor-widget-text-editor\" data-id=\"e031b4b\" data-element_type=\"widget\" data-e-type=\"widget\" data-widget_type=\"text-editor.default\">\n\t\t\t\t<div class=\"elementor-widget-container\">\n\t\t\t\t\t\t\t\t\t<p><\/p>\n<h1>1-4 GESAMTBEURTEILUNG<\/h1>\n<p>Die Gesamtbeurteilung der Kerze erfolgt anhand der Pr\u00fcfberichte zur Eigen- und Fremd\u00fcberwachung (Beurteilungsb\u00f6gen), die von der G\u00fctegemeinschaft Kerzen vorgegeben werden.<\/p>\n<p>Die Modalit\u00e4ten f\u00fcr die \u00dcberwachung und \u00c4nderungen ergeben sich aus den Allgemeinen G\u00fcte- und Pr\u00fcfbestimmungen.<\/p>\n<p>Bei positiver Gesamtbeurteilung wird das nachfolgend abgebildete G\u00fctezeichen mit den in Abschnitt 7 genannten Zus\u00e4tzen verliehen:<\/p>\n<p><img loading=\"lazy\" decoding=\"async\" class=\"alignnone size-full wp-image-1386\" src=\"https:\/\/ral.komfour-develop.de\/wp-content\/uploads\/2024\/05\/ral-de-en.jpg\" alt=\"\" width=\"300\" height=\"300\" srcset=\"https:\/\/ral.komfour-develop.de\/wp-content\/uploads\/2024\/05\/ral-de-en.jpg 300w, https:\/\/ral.komfour-develop.de\/wp-content\/uploads\/2024\/05\/ral-de-en-150x150.jpg 150w\" sizes=\"(max-width: 300px) 100vw, 300px\" \/><\/p>\t\t\t\t\t\t\t\t<\/div>\n\t\t\t\t<\/div>\n\t\t\t\t<\/div>\n\t\t\t\t\t<\/div>\n\t\t\t\t<\/div>\n\t\t\t\t<\/div>\n\t\t","protected":false},"excerpt":{"rendered":"<p>Wir arbeiten mitg\u00fctegesicherten Rohstoffen! AUSZUG AUS DEN BESONDEREN G\u00dcTE- UND PR\u00dcFBESTIMMUNGEN F\u00dcR HAUSHALTSKERZEN, SPITZKERZEN, STUMPENKERZEN UND ANDERE KERZEN RAL-GZ 041\/1 1-1 GELTUNGSBEREICH Diese Besonderen G\u00fcte- und Pr\u00fcfbestimmungen gelten f\u00fcr Kerzen, unabh\u00e4ngig der Oberfl\u00e4chenstruktur f\u00fcr Produktvarianten wie z.B. Adventkerzen, Altarkerzen, Baumkerzen, Geburtstagskerzen, Haushaltskerzen, Opferkerzen, Pyramidenkerzen, Puppenlichter, Spitzkerzen, Stabkerzen, Stumpenkerzen. Innerhalb dieses Geltungsbereiches m\u00fcssen die Anforderungen des [&hellip;]<\/p>\n","protected":false},"author":2,"featured_media":0,"parent":0,"menu_order":0,"comment_status":"closed","ping_status":"closed","template":"elementor_header_footer","meta":{"footnotes":""},"class_list":["post-1235","page","type-page","status-publish","hentry"],"acf":[],"_links":{"self":[{"href":"https:\/\/ral.komfour-develop.de\/de\/wp-json\/wp\/v2\/pages\/1235","targetHints":{"allow":["GET"]}}],"collection":[{"href":"https:\/\/ral.komfour-develop.de\/de\/wp-json\/wp\/v2\/pages"}],"about":[{"href":"https:\/\/ral.komfour-develop.de\/de\/wp-json\/wp\/v2\/types\/page"}],"author":[{"embeddable":true,"href":"https:\/\/ral.komfour-develop.de\/de\/wp-json\/wp\/v2\/users\/2"}],"replies":[{"embeddable":true,"href":"https:\/\/ral.komfour-develop.de\/de\/wp-json\/wp\/v2\/comments?post=1235"}],"version-history":[{"count":71,"href":"https:\/\/ral.komfour-develop.de\/de\/wp-json\/wp\/v2\/pages\/1235\/revisions"}],"predecessor-version":[{"id":3473,"href":"https:\/\/ral.komfour-develop.de\/de\/wp-json\/wp\/v2\/pages\/1235\/revisions\/3473"}],"wp:attachment":[{"href":"https:\/\/ral.komfour-develop.de\/de\/wp-json\/wp\/v2\/media?parent=1235"}],"curies":[{"name":"wp","href":"https:\/\/api.w.org\/{rel}","templated":true}]}}