{"id":1349,"date":"2024-05-29T06:32:05","date_gmt":"2024-05-29T06:32:05","guid":{"rendered":"https:\/\/ral.komfour-develop.de\/?page_id=1349"},"modified":"2024-07-24T09:16:38","modified_gmt":"2024-07-24T09:16:38","slug":"pruefbestimmungen-auszug","status":"publish","type":"page","link":"https:\/\/ral.komfour-develop.de\/de\/pruefbestimmungen-auszug\/","title":{"rendered":"Pr\u00fcfbestimmungen Auszug"},"content":{"rendered":"\t\t<div data-elementor-type=\"wp-page\" data-elementor-id=\"1349\" class=\"elementor elementor-1349\" data-elementor-post-type=\"page\">\n\t\t\t\t<div class=\"elementor-element elementor-element-1c04d01 e-con-full e-flex e-con e-parent\" data-id=\"1c04d01\" data-element_type=\"container\" data-e-type=\"container\">\n\t\t<div class=\"elementor-element elementor-element-7b8b2fb e-con-full e-flex e-con e-child\" data-id=\"7b8b2fb\" data-element_type=\"container\" data-e-type=\"container\">\n\t\t\t\t<div class=\"elementor-element elementor-element-403a0b5 elementor--h-position-left elementor--v-position-top elementor-arrows-position-inside elementor-pagination-position-inside elementor-widget elementor-widget-slides\" data-id=\"403a0b5\" data-element_type=\"widget\" data-e-type=\"widget\" data-settings=\"{&quot;navigation&quot;:&quot;both&quot;,&quot;autoplay&quot;:&quot;yes&quot;,&quot;pause_on_hover&quot;:&quot;yes&quot;,&quot;pause_on_interaction&quot;:&quot;yes&quot;,&quot;autoplay_speed&quot;:5000,&quot;infinite&quot;:&quot;yes&quot;,&quot;transition&quot;:&quot;slide&quot;,&quot;transition_speed&quot;:500}\" data-widget_type=\"slides.default\">\n\t\t\t\t<div class=\"elementor-widget-container\">\n\t\t\t\t\t\t\t<div class=\"elementor-swiper\">\n\t\t\t<div class=\"elementor-slides-wrapper elementor-main-swiper swiper-container\" dir=\"ltr\" data-animation=\"fadeInUp\">\n\t\t\t\t<div class=\"swiper-wrapper elementor-slides\">\n\t\t\t\t\t\t\t\t\t\t<div class=\"elementor-repeater-item-07035d2 swiper-slide\"><div class=\"swiper-slide-bg\" role=\"img\"><\/div><div class=\"swiper-slide-inner\" ><div class=\"swiper-slide-contents\"><div class=\"elementor-slide-heading\">Wir arbeiten mit<\/div><div class=\"elementor-slide-description\">g\u00fctegesicherten\nRohstoffen!<\/div><\/div><\/div><\/div>\t\t\t\t<\/div>\n\t\t\t\t\t\t\t<\/div>\n\t\t<\/div>\n\t\t\t\t\t\t<\/div>\n\t\t\t\t<\/div>\n\t\t\t\t<\/div>\n\t\t\t\t<\/div>\n\t\t<div class=\"elementor-element elementor-element-1cb4345 e-flex e-con-boxed e-con e-parent\" data-id=\"1cb4345\" data-element_type=\"container\" data-e-type=\"container\">\n\t\t\t\t\t<div class=\"e-con-inner\">\n\t\t<div class=\"elementor-element elementor-element-5afa847 e-con-full e-flex e-con e-child\" data-id=\"5afa847\" data-element_type=\"container\" data-e-type=\"container\">\n\t\t\t\t<div class=\"elementor-element elementor-element-6d29b45 elementor-widget elementor-widget-heading\" data-id=\"6d29b45\" data-element_type=\"widget\" data-e-type=\"widget\" data-widget_type=\"heading.default\">\n\t\t\t\t<div class=\"elementor-widget-container\">\n\t\t\t\t\t<h1 class=\"elementor-heading-title elementor-size-default\">AUSZUG AUS DEN ANFORDERUNGEN AN ROH- UND HILFSSTOFFE ZUM GESUNDHEITS-SCHUTZ<\/h1>\t\t\t\t<\/div>\n\t\t\t\t<\/div>\n\t\t\t\t<div class=\"elementor-element elementor-element-5805c0d elementor-widget elementor-widget-text-editor\" data-id=\"5805c0d\" data-element_type=\"widget\" data-e-type=\"widget\" data-widget_type=\"text-editor.default\">\n\t\t\t\t<div class=\"elementor-widget-container\">\n\t\t\t\t\t\t\t\t\t<p><\/p>\n<h1>GRUNDSATZ<\/h1>\n<p>Die verwendeten Roh- und Hilfsstoffe f\u00fcr g\u00fctegesicherte Kerzen d\u00fcrfen weder selbst noch durch eventuelle Verunreinigungen Eigenschaften haben, die sich bei bestimmungsgem\u00e4\u00dfem Gebrauch oder vorhersehbarem Fehlgebrauch der Kerzen gesundheitssch\u00e4digend auf den Verbraucher auswirken oder die das \u00e4sthetische Erscheinungsbild der Kerze bzw. deren Gebrauchstauglichkeit beeintr\u00e4chtigen k\u00f6nnten.<\/p>\n<h4>Ma\u00dfgeblicher Zeitpunkt<\/h4>\n<p>Insbesondere sind die nachgenannten Anforderungen I bis VIII zum Zeitpunkt der \u00dcbergabe vom Lieferanten an den Kerzenhersteller einzuhalten.<\/p>\n<h4>Brennmassengemische<\/h4>\n<p>Ein Gemisch von Brennmassen liegt vor, wenn die Summe aller beigef\u00fcgten Bestandteile zu einer Brennmasse gem\u00e4\u00df I bis IV einen Anteil von 5 Gewichtsprozenten \u00fcbersteigt. Ausgenommen hiervon sind Dochte, Farben, Lacke und Duftstoffe. Die einzelnen Bestandteile von Brennmassengemischen aus verschiedenen Rohstoffen m\u00fcssen den jeweiligen Anforderungen I bis IV entsprechen.<\/p>\n<p>Eine \u00dcbertragung dieser Anforderungen auf die fertigen Brennmassengemische ist nicht immer m\u00f6glich.<\/p>\n<h4>Innovative Brennmassen<\/h4>\n<p>Brennmassen, f\u00fcr die keine spezifischen Anforderungen durch I bis IV definiert sind, d\u00fcrfen nur dann zu einem Anteil von mehr als 5 Gewichtsprozenten zur Herstellung von g\u00fctegesicherten Kerzen verwendet werden, wenn diese f\u00fcr die Verwendung als Kerzenbrennmasse nach REACH Verordnung (EG) Nr. 1907\/2006 registriert sind. Solange nur eine Vorregistrierung vorliegt oder sie von der Verpflichtung zur Registrierung bzw. von REACH allgemein ausgenommen sind, hat das Fremd\u00fcberwachungsinstitut zuvor die gesundheitliche Unbedenklichkeit gem\u00e4\u00df den Allgemeinen G\u00fcte- und Pr\u00fcfbestimmungen f\u00fcr Kerzen Ziff. 2 zu best\u00e4tigen.<\/p>\n<h4>Nachweise der Lieferanten<\/h4>\n<p>Von der Gutegemeinschaft benannte Lieferanten f\u00fchren den \u00dcbereinstimmungsnachweis entsprechend EN 10204 Ziff. 3.1 \u201eWerksbescheinigung 2.1\u201c.<\/p>\n<h4>Pr\u00fcfmethoden<\/h4>\n<p>Die festgelegten Pr\u00fcfmethoden ber\u00fccksichtigen den Einsatz der Roh- und Hilfsstoffe in Brennmas- sen f\u00fcr Kerzen. F\u00fcr mit \u201e*\u201c gekennzeichnete Grenzwerte sind validierte Pr\u00fcfmethoden derzeit nicht verf\u00fcgbar.<\/p>\t\t\t\t\t\t\t\t<\/div>\n\t\t\t\t<\/div>\n\t\t\t\t<div class=\"elementor-element elementor-element-4060073 elementor-widget elementor-widget-text-editor\" data-id=\"4060073\" data-element_type=\"widget\" data-e-type=\"widget\" data-widget_type=\"text-editor.default\">\n\t\t\t\t<div class=\"elementor-widget-container\">\n\t\t\t\t\t\t\t\t\t<h3>I. Paraffin<\/h3><p><img fetchpriority=\"high\" decoding=\"async\" class=\"alignnone size-medium wp-image-1448\" src=\"https:\/\/ral.komfour-develop.de\/wp-content\/uploads\/2024\/05\/paraffin-300x242.jpg\" alt=\"\" width=\"300\" height=\"242\" srcset=\"https:\/\/ral.komfour-develop.de\/wp-content\/uploads\/2024\/05\/paraffin-300x242.jpg 300w, https:\/\/ral.komfour-develop.de\/wp-content\/uploads\/2024\/05\/paraffin.jpg 495w\" sizes=\"(max-width: 300px) 100vw, 300px\" \/><\/p><ul><li>Farbzahl<\/li><li>Geruch<\/li><li>Aschegehalt<\/li><li>Polycyclische aromatische Kohlenwasserstoffe (PAH)<\/li><li>Schwefelgehalt<\/li><li>Blei<\/li><li>UV-Stabilit\u00e4t von Paraffinen mit einem \u00d6lgehalt \u2264 1,5%<\/li><\/ul><h3>II. Stearin<\/h3><p><img decoding=\"async\" class=\"alignnone size-medium wp-image-1449\" src=\"https:\/\/ral.komfour-develop.de\/wp-content\/uploads\/2024\/05\/stearin-300x242.jpg\" alt=\"\" width=\"300\" height=\"242\" srcset=\"https:\/\/ral.komfour-develop.de\/wp-content\/uploads\/2024\/05\/stearin-300x242.jpg 300w, https:\/\/ral.komfour-develop.de\/wp-content\/uploads\/2024\/05\/stearin.jpg 495w\" sizes=\"(max-width: 300px) 100vw, 300px\" \/><\/p><ul><li>S\u00e4urezahl<\/li><li>Esterzahl<\/li><li>Iodzahl<\/li><li>Peroxidzahl<\/li><li>Erstarrungspunkt<\/li><li>Lovibondfarbzahl<\/li><li>Unverseifbares<\/li><li>Aschegehalt<\/li><li>Blei<\/li><\/ul><h3>III. Bienenwachs<\/h3><p><img decoding=\"async\" class=\"alignnone size-medium wp-image-1450\" src=\"https:\/\/ral.komfour-develop.de\/wp-content\/uploads\/2024\/05\/bienenwachs-300x242.jpg\" alt=\"\" width=\"300\" height=\"242\" srcset=\"https:\/\/ral.komfour-develop.de\/wp-content\/uploads\/2024\/05\/bienenwachs-300x242.jpg 300w, https:\/\/ral.komfour-develop.de\/wp-content\/uploads\/2024\/05\/bienenwachs.jpg 495w\" sizes=\"(max-width: 300px) 100vw, 300px\" \/><\/p><ul><li>Tropfpunkt<\/li><li>S\u00e4urezahl<\/li><li>Verseifungszahl<\/li><li>Esterzahl<\/li><li>Verh\u00e4ltniszahl<\/li><li>Gesamtkohlenwasserstoffe<\/li><li>Blei<\/li><\/ul><h3>IV. Fette und \u00d6le<\/h3><p><img loading=\"lazy\" decoding=\"async\" class=\"alignnone size-medium wp-image-1376\" src=\"https:\/\/ral.komfour-develop.de\/wp-content\/uploads\/2024\/05\/erstpruefung-1-300x242.jpg\" alt=\"\" width=\"300\" height=\"242\" srcset=\"https:\/\/ral.komfour-develop.de\/wp-content\/uploads\/2024\/05\/erstpruefung-1-300x242.jpg 300w, https:\/\/ral.komfour-develop.de\/wp-content\/uploads\/2024\/05\/erstpruefung-1.jpg 495w\" sizes=\"(max-width: 300px) 100vw, 300px\" \/><\/p><ul><li>Eisen<\/li><li>Kupfer<\/li><li>Nickel<\/li><li>Cadmium<\/li><li>Quecksilber<\/li><li>Blei<\/li><li>Arsen<\/li><li>Freie Fetts\u00e4uren<\/li><li>Peroxidzahl<\/li><li>Lovibondfarbzahl<\/li><li>Aschegehalt<\/li><li>Wassergehalt<\/li><li>Geruch<\/li><li>\u00d6lstabilit\u00e4tsindex<\/li><\/ul><h3>V. Dochte<\/h3><p><img loading=\"lazy\" decoding=\"async\" class=\"alignnone size-medium wp-image-1453\" src=\"https:\/\/ral.komfour-develop.de\/wp-content\/uploads\/2024\/05\/dochte-300x242.jpg\" alt=\"\" width=\"300\" height=\"242\" srcset=\"https:\/\/ral.komfour-develop.de\/wp-content\/uploads\/2024\/05\/dochte-300x242.jpg 300w, https:\/\/ral.komfour-develop.de\/wp-content\/uploads\/2024\/05\/dochte.jpg 495w\" sizes=\"(max-width: 300px) 100vw, 300px\" \/><\/p><section class=\"av_textblock_section av-jrq7uwb7-6174df00c4a945fa2fc9aa890f3907df\"><div class=\"avia_textblock\"><ul><li>\u00d6ko-Tex-Standard 100 I oder II<\/li><\/ul><\/div><\/section><section class=\"av_textblock_section av-jrq7uwb7-6174df00c4a945fa2fc9aa890f3907df\"><div class=\"avia_textblock\"><h3>VI. An Kerzenfarben werden folgende Anforderungen gestellt<\/h3><p><img loading=\"lazy\" decoding=\"async\" class=\"alignnone size-medium wp-image-1454\" src=\"https:\/\/ral.komfour-develop.de\/wp-content\/uploads\/2024\/05\/kerzenfarben-300x242.jpg\" alt=\"\" width=\"300\" height=\"242\" srcset=\"https:\/\/ral.komfour-develop.de\/wp-content\/uploads\/2024\/05\/kerzenfarben-300x242.jpg 300w, https:\/\/ral.komfour-develop.de\/wp-content\/uploads\/2024\/05\/kerzenfarben.jpg 495w\" sizes=\"(max-width: 300px) 100vw, 300px\" \/><\/p><ul><li>Nickel<\/li><li>Cadmium<\/li><li>Chrom gesamt<\/li><li>Blei<\/li><li>Arsen<\/li><li>Barium<\/li><li>Toxizit\u00e4t<\/li><li>Benzol<\/li><li>Toluol<\/li><li>Ethylbenzol<\/li><li>Benzo[a]pyren<\/li><li>Benzo[e]pyren<\/li><li>Benzo[a]anthracen<\/li><li>Chrysen<\/li><li>Benzo[b]fluoranthen<\/li><li>Benzo[j]fluoranthen<\/li><li>Benzo[k]fluoranthen<\/li><li>Dibenzo[a,h]anthracen<\/li><li>Naphthalin<\/li><li>Bis(2-ethylhexyl)phthalat<\/li><li>Dibutylphthalat<\/li><li>Benzylbutylphthalat<\/li><li>Diisononylphthalat<\/li><li>Diisodecylphthalat<\/li><li>Di-n-octylphthalat<\/li><li>Diisobutylphthalat<\/li><\/ul><h3>VII. Kerzenlacke<\/h3><p><img loading=\"lazy\" decoding=\"async\" class=\"alignnone size-medium wp-image-1455\" src=\"https:\/\/ral.komfour-develop.de\/wp-content\/uploads\/2024\/05\/kerzenlacke-300x242.jpg\" alt=\"\" width=\"300\" height=\"242\" srcset=\"https:\/\/ral.komfour-develop.de\/wp-content\/uploads\/2024\/05\/kerzenlacke-300x242.jpg 300w, https:\/\/ral.komfour-develop.de\/wp-content\/uploads\/2024\/05\/kerzenlacke.jpg 495w\" sizes=\"(max-width: 300px) 100vw, 300px\" \/><\/p><h3>VIII. D\u00fcfte<\/h3><section class=\"av_textblock_section av-jrq7uwb7-6174df00c4a945fa2fc9aa890f3907df\"><div class=\"avia_textblock\"><ul><li>IFRA Standard<\/li><\/ul><h3>IX. Schwermetalle im System Kerze<\/h3><p><img loading=\"lazy\" decoding=\"async\" class=\"alignnone size-full wp-image-1360\" src=\"https:\/\/ral.komfour-develop.de\/wp-content\/uploads\/2024\/05\/stumpen98.jpg\" alt=\"\" width=\"300\" height=\"300\" srcset=\"https:\/\/ral.komfour-develop.de\/wp-content\/uploads\/2024\/05\/stumpen98.jpg 300w, https:\/\/ral.komfour-develop.de\/wp-content\/uploads\/2024\/05\/stumpen98-150x150.jpg 150w\" sizes=\"(max-width: 300px) 100vw, 300px\" \/><\/p><ul><li>Antimon<\/li><li>Barium<\/li><li>Cadmium<\/li><li>Quecksilber<\/li><li>Arsen<\/li><li>Chrom gesamt<\/li><li>Chrom VI<\/li><li>Blei<\/li><\/ul><\/div><\/section><\/div><\/section>\t\t\t\t\t\t\t\t<\/div>\n\t\t\t\t<\/div>\n\t\t\t\t<\/div>\n\t\t\t\t\t<\/div>\n\t\t\t\t<\/div>\n\t\t\t\t<\/div>\n\t\t","protected":false},"excerpt":{"rendered":"<p>Wir arbeiten mitg\u00fctegesicherten Rohstoffen! AUSZUG AUS DEN ANFORDERUNGEN AN ROH- UND HILFSSTOFFE ZUM GESUNDHEITS-SCHUTZ GRUNDSATZ Die verwendeten Roh- und Hilfsstoffe f\u00fcr g\u00fctegesicherte Kerzen d\u00fcrfen weder selbst noch durch eventuelle Verunreinigungen Eigenschaften haben, die sich bei bestimmungsgem\u00e4\u00dfem Gebrauch oder vorhersehbarem Fehlgebrauch der Kerzen gesundheitssch\u00e4digend auf den Verbraucher auswirken oder die das \u00e4sthetische Erscheinungsbild der Kerze bzw. [&hellip;]<\/p>\n","protected":false},"author":2,"featured_media":0,"parent":0,"menu_order":0,"comment_status":"closed","ping_status":"closed","template":"elementor_header_footer","meta":{"footnotes":""},"class_list":["post-1349","page","type-page","status-publish","hentry"],"acf":[],"_links":{"self":[{"href":"https:\/\/ral.komfour-develop.de\/de\/wp-json\/wp\/v2\/pages\/1349","targetHints":{"allow":["GET"]}}],"collection":[{"href":"https:\/\/ral.komfour-develop.de\/de\/wp-json\/wp\/v2\/pages"}],"about":[{"href":"https:\/\/ral.komfour-develop.de\/de\/wp-json\/wp\/v2\/types\/page"}],"author":[{"embeddable":true,"href":"https:\/\/ral.komfour-develop.de\/de\/wp-json\/wp\/v2\/users\/2"}],"replies":[{"embeddable":true,"href":"https:\/\/ral.komfour-develop.de\/de\/wp-json\/wp\/v2\/comments?post=1349"}],"version-history":[{"count":25,"href":"https:\/\/ral.komfour-develop.de\/de\/wp-json\/wp\/v2\/pages\/1349\/revisions"}],"predecessor-version":[{"id":3488,"href":"https:\/\/ral.komfour-develop.de\/de\/wp-json\/wp\/v2\/pages\/1349\/revisions\/3488"}],"wp:attachment":[{"href":"https:\/\/ral.komfour-develop.de\/de\/wp-json\/wp\/v2\/media?parent=1349"}],"curies":[{"name":"wp","href":"https:\/\/api.w.org\/{rel}","templated":true}]}}