{"id":192,"date":"2024-04-26T10:33:52","date_gmt":"2024-04-26T10:33:52","guid":{"rendered":"https:\/\/ral.komfour-develop.de\/?page_id=192"},"modified":"2024-08-26T08:16:47","modified_gmt":"2024-08-26T08:16:47","slug":"tipps","status":"publish","type":"page","link":"https:\/\/ral.komfour-develop.de\/de\/tipps\/","title":{"rendered":"Tipps"},"content":{"rendered":"\t\t<div data-elementor-type=\"wp-page\" data-elementor-id=\"192\" class=\"elementor elementor-192\" data-elementor-post-type=\"page\">\n\t\t\t\t<div class=\"elementor-element elementor-element-4f6b760 e-con-full elementor-hidden-mobile e-flex e-con e-parent\" data-id=\"4f6b760\" data-element_type=\"container\" data-e-type=\"container\">\n\t\t<div class=\"elementor-element elementor-element-262cea2 e-con-full e-flex e-con e-child\" data-id=\"262cea2\" data-element_type=\"container\" data-e-type=\"container\">\n\t\t<div class=\"elementor-element elementor-element-8162272 e-con-full e-flex e-con e-child\" data-id=\"8162272\" data-element_type=\"container\" data-e-type=\"container\">\n\t\t\t\t<div class=\"elementor-element elementor-element-f7a55ea elementor--h-position-left elementor--v-position-top elementor-arrows-position-inside elementor-pagination-position-inside elementor-widget elementor-widget-slides\" data-id=\"f7a55ea\" data-element_type=\"widget\" data-e-type=\"widget\" data-settings=\"{&quot;navigation&quot;:&quot;both&quot;,&quot;autoplay&quot;:&quot;yes&quot;,&quot;pause_on_hover&quot;:&quot;yes&quot;,&quot;pause_on_interaction&quot;:&quot;yes&quot;,&quot;autoplay_speed&quot;:5000,&quot;infinite&quot;:&quot;yes&quot;,&quot;transition&quot;:&quot;slide&quot;,&quot;transition_speed&quot;:500}\" data-widget_type=\"slides.default\">\n\t\t\t\t<div class=\"elementor-widget-container\">\n\t\t\t\t\t\t\t<div class=\"elementor-swiper\">\n\t\t\t<div class=\"elementor-slides-wrapper elementor-main-swiper swiper-container\" dir=\"ltr\" data-animation=\"fadeInUp\">\n\t\t\t\t<div class=\"swiper-wrapper elementor-slides\">\n\t\t\t\t\t\t\t\t\t\t<div class=\"elementor-repeater-item-07035d2 swiper-slide\"><div class=\"swiper-slide-bg\" role=\"img\"><\/div><div class=\"swiper-slide-inner\" ><div class=\"swiper-slide-contents\"><div class=\"elementor-slide-heading\">Alles aus<\/div><div class=\"elementor-slide-description\">besten Rohstoffen & gepr\u00fcfter Qualit\u00e4t<\/div><\/div><\/div><\/div>\t\t\t\t<\/div>\n\t\t\t\t\t\t\t<\/div>\n\t\t<\/div>\n\t\t\t\t\t\t<\/div>\n\t\t\t\t<\/div>\n\t\t\t\t<\/div>\n\t\t\t\t<\/div>\n\t\t\t\t<\/div>\n\t\t<div class=\"elementor-element elementor-element-93ed544 e-con-full elementor-hidden-desktop elementor-hidden-tablet e-flex e-con e-parent\" data-id=\"93ed544\" data-element_type=\"container\" data-e-type=\"container\">\n\t\t<div class=\"elementor-element elementor-element-fbf0b14 e-con-full e-flex e-con e-child\" data-id=\"fbf0b14\" data-element_type=\"container\" data-e-type=\"container\">\n\t\t<div class=\"elementor-element elementor-element-b9b82da e-con-full e-flex e-con e-child\" data-id=\"b9b82da\" data-element_type=\"container\" data-e-type=\"container\">\n\t\t\t\t<div class=\"elementor-element elementor-element-8e123f9 elementor--h-position-left elementor--v-position-top elementor-arrows-position-inside elementor-pagination-position-inside elementor-widget elementor-widget-slides\" data-id=\"8e123f9\" data-element_type=\"widget\" data-e-type=\"widget\" data-settings=\"{&quot;navigation&quot;:&quot;both&quot;,&quot;autoplay&quot;:&quot;yes&quot;,&quot;pause_on_hover&quot;:&quot;yes&quot;,&quot;pause_on_interaction&quot;:&quot;yes&quot;,&quot;autoplay_speed&quot;:5000,&quot;infinite&quot;:&quot;yes&quot;,&quot;transition&quot;:&quot;slide&quot;,&quot;transition_speed&quot;:500}\" data-widget_type=\"slides.default\">\n\t\t\t\t<div class=\"elementor-widget-container\">\n\t\t\t\t\t\t\t<div class=\"elementor-swiper\">\n\t\t\t<div class=\"elementor-slides-wrapper elementor-main-swiper swiper-container\" dir=\"ltr\" data-animation=\"fadeInUp\">\n\t\t\t\t<div class=\"swiper-wrapper elementor-slides\">\n\t\t\t\t\t\t\t\t\t\t<div class=\"elementor-repeater-item-07035d2 swiper-slide\"><div class=\"swiper-slide-bg\" role=\"img\"><\/div><div class=\"swiper-slide-inner\" ><div class=\"swiper-slide-contents\"><div class=\"elementor-slide-heading\">Alles aus<\/div><div class=\"elementor-slide-description\">besten Rohstoffen & gepr\u00fcfter Qualit\u00e4t<\/div><\/div><\/div><\/div>\t\t\t\t<\/div>\n\t\t\t\t\t\t\t<\/div>\n\t\t<\/div>\n\t\t\t\t\t\t<\/div>\n\t\t\t\t<\/div>\n\t\t\t\t<\/div>\n\t\t\t\t<\/div>\n\t\t\t\t<\/div>\n\t\t<div class=\"elementor-element elementor-element-0c3386e e-flex e-con-boxed e-con e-parent\" data-id=\"0c3386e\" data-element_type=\"container\" data-e-type=\"container\">\n\t\t\t\t\t<div class=\"e-con-inner\">\n\t\t<div class=\"elementor-element elementor-element-8ccafe9 e-con-full e-flex e-con e-child\" data-id=\"8ccafe9\" data-element_type=\"container\" data-e-type=\"container\">\n\t\t\t\t<div class=\"elementor-element elementor-element-7f6ddff elementor-widget elementor-widget-heading\" data-id=\"7f6ddff\" data-element_type=\"widget\" data-e-type=\"widget\" data-widget_type=\"heading.default\">\n\t\t\t\t<div class=\"elementor-widget-container\">\n\t\t\t\t\t<h1 class=\"elementor-heading-title elementor-size-default\">HILFREICHE TIPPS \u201eRUND UM DIE KERZE\u201c<\/h1>\t\t\t\t<\/div>\n\t\t\t\t<\/div>\n\t\t\t\t<div class=\"elementor-element elementor-element-b2b9b5e elementor--h-position-center elementor--v-position-middle elementor-arrows-position-inside elementor-pagination-position-inside elementor-widget elementor-widget-slides\" data-id=\"b2b9b5e\" data-element_type=\"widget\" data-e-type=\"widget\" data-settings=\"{&quot;navigation&quot;:&quot;both&quot;,&quot;autoplay&quot;:&quot;yes&quot;,&quot;pause_on_interaction&quot;:&quot;yes&quot;,&quot;autoplay_speed&quot;:5000,&quot;infinite&quot;:&quot;yes&quot;,&quot;transition&quot;:&quot;slide&quot;,&quot;transition_speed&quot;:500}\" data-widget_type=\"slides.default\">\n\t\t\t\t<div class=\"elementor-widget-container\">\n\t\t\t\t\t\t\t<div class=\"elementor-swiper\">\n\t\t\t<div class=\"elementor-slides-wrapper elementor-main-swiper swiper-container\" dir=\"ltr\" data-animation=\"fadeInUp\">\n\t\t\t\t<div class=\"swiper-wrapper elementor-slides\">\n\t\t\t\t\t\t\t\t\t\t<div class=\"elementor-repeater-item-3eaa20c swiper-slide\"><div class=\"swiper-slide-bg\" role=\"img\"><\/div><div class=\"swiper-slide-inner\" ><div class=\"swiper-slide-contents\"><div class=\"elementor-slide-heading\">\u2713 Sicherheits- und Brennhinweise beachten<\/div><\/div><\/div><\/div><div class=\"elementor-repeater-item-b2019a7 swiper-slide\"><div class=\"swiper-slide-bg\" role=\"img\"><\/div><div class=\"swiper-slide-inner\" ><div class=\"swiper-slide-contents\"><div class=\"elementor-slide-heading\">\u2713 Ausreichenden Abstand einhalten<\/div><div class=\"elementor-slide-description\">Gardinen, Dekoration, Zweige, \u2026<\/div><\/div><\/div><\/div><div class=\"elementor-repeater-item-488325d swiper-slide\"><div class=\"swiper-slide-bg\" role=\"img\"><\/div><div class=\"swiper-slide-inner\" ><div class=\"swiper-slide-contents\"><div class=\"elementor-slide-heading\">\u2713 Kerze nicht unbeobachtet lassen<\/div><\/div><\/div><\/div><div class=\"elementor-repeater-item-22e95b6 swiper-slide\"><div class=\"swiper-slide-bg\" role=\"img\"><\/div><div class=\"swiper-slide-inner\" ><div class=\"swiper-slide-contents\"><div class=\"elementor-slide-heading\">\u2713 Kerze auf hitzebest\u00e4ndigem, nicht brennbarem Untersetzer abbrennen<\/div><\/div><\/div><\/div><div class=\"elementor-repeater-item-2506d86 swiper-slide\"><div class=\"swiper-slide-bg\" role=\"img\"><\/div><div class=\"swiper-slide-inner\" ><div class=\"swiper-slide-contents\"><div class=\"elementor-slide-heading\">\u2713 Luftzug vermeiden<\/div><div class=\"elementor-slide-description\">(T\u00fcren\/Fenster\/Bewegung)<\/div><\/div><\/div><\/div><div class=\"elementor-repeater-item-12ad558 swiper-slide\"><div class=\"swiper-slide-bg\" role=\"img\"><\/div><div class=\"swiper-slide-inner\" ><div class=\"swiper-slide-contents\"><div class=\"elementor-slide-heading\">\u2713 Brennsch\u00fcssel sauber halten<\/div><\/div><\/div><\/div><div class=\"elementor-repeater-item-d46f05a swiper-slide\"><div class=\"swiper-slide-bg\" role=\"img\"><\/div><div class=\"swiper-slide-inner\" ><div class=\"swiper-slide-contents\"><div class=\"elementor-slide-heading\">\u2713 Bei Ru\u00dfentwicklung: Kerze l\u00f6schen<\/div><div class=\"elementor-slide-description\">ggf. Rand oder Docht k\u00fcrzen<\/div><\/div><\/div><\/div><div class=\"elementor-repeater-item-bad7db0 swiper-slide\"><div class=\"swiper-slide-bg\" role=\"img\"><\/div><div class=\"swiper-slide-inner\" ><div class=\"swiper-slide-contents\"><div class=\"elementor-slide-heading\">\u2713 Kerzenflamme ersticken, nicht ausblasen<\/div><div class=\"elementor-slide-description\">Kerzenl\u00f6scher verwenden<\/div><\/div><\/div><\/div>\t\t\t\t<\/div>\n\t\t\t\t\t\t\t\t\t\t\t\t\t\t\t<div class=\"swiper-pagination\"><\/div>\n\t\t\t\t\t\t\t\t\t\t\t\t\t\t\t\t<div class=\"elementor-swiper-button elementor-swiper-button-prev\" role=\"button\" tabindex=\"0\">\n\t\t\t\t\t\t\t<svg aria-hidden=\"true\" class=\"e-font-icon-svg e-eicon-chevron-left\" viewBox=\"0 0 1000 1000\" xmlns=\"http:\/\/www.w3.org\/2000\/svg\"><path d=\"M646 125C629 125 613 133 604 142L308 442C296 454 292 471 292 487 292 504 296 521 308 533L604 854C617 867 629 875 646 875 663 875 679 871 692 858 704 846 713 829 713 812 713 796 708 779 692 767L438 487 692 225C700 217 708 204 708 187 708 171 704 154 692 142 675 129 663 125 646 125Z\"><\/path><\/svg>\t\t\t\t\t\t\t<span class=\"elementor-screen-only\">Previous slide<\/span>\n\t\t\t\t\t\t<\/div>\n\t\t\t\t\t\t<div class=\"elementor-swiper-button elementor-swiper-button-next\" role=\"button\" tabindex=\"0\">\n\t\t\t\t\t\t\t<svg aria-hidden=\"true\" class=\"e-font-icon-svg e-eicon-chevron-right\" viewBox=\"0 0 1000 1000\" xmlns=\"http:\/\/www.w3.org\/2000\/svg\"><path d=\"M696 533C708 521 713 504 713 487 713 471 708 454 696 446L400 146C388 133 375 125 354 125 338 125 325 129 313 142 300 154 292 171 292 187 292 204 296 221 308 233L563 492 304 771C292 783 288 800 288 817 288 833 296 850 308 863 321 871 338 875 354 875 371 875 388 867 400 854L696 533Z\"><\/path><\/svg>\t\t\t\t\t\t\t<span class=\"elementor-screen-only\">Next slide<\/span>\n\t\t\t\t\t\t<\/div>\n\t\t\t\t\t\t\t\t\t\t\t\t<\/div>\n\t\t<\/div>\n\t\t\t\t\t\t<\/div>\n\t\t\t\t<\/div>\n\t\t\t\t<div class=\"elementor-element elementor-element-28c5ec3 elementor-widget__width-initial e-transform elementor-invisible elementor-widget elementor-widget-image\" data-id=\"28c5ec3\" data-element_type=\"widget\" data-e-type=\"widget\" data-settings=\"{&quot;_transform_scale_effect_hover&quot;:{&quot;unit&quot;:&quot;px&quot;,&quot;size&quot;:0.9,&quot;sizes&quot;:[]},&quot;_animation&quot;:&quot;pulse&quot;,&quot;_transform_scale_effect_hover_tablet&quot;:{&quot;unit&quot;:&quot;px&quot;,&quot;size&quot;:&quot;&quot;,&quot;sizes&quot;:[]},&quot;_transform_scale_effect_hover_mobile&quot;:{&quot;unit&quot;:&quot;px&quot;,&quot;size&quot;:&quot;&quot;,&quot;sizes&quot;:[]}}\" data-widget_type=\"image.default\">\n\t\t\t\t<div class=\"elementor-widget-container\">\n\t\t\t\t\t\t\t\t\t\t\t\t\t\t\t\t<a href=\"https:\/\/de-de.facebook.com\/kerzenguete\/\" target=\"_blank\">\n\t\t\t\t\t\t\t<img fetchpriority=\"high\" decoding=\"async\" width=\"1361\" height=\"1080\" src=\"https:\/\/ral.komfour-develop.de\/wp-content\/uploads\/2024\/05\/mehr-tipps-badge.png\" class=\"attachment-full size-full wp-image-591\" alt=\"\" srcset=\"https:\/\/ral.komfour-develop.de\/wp-content\/uploads\/2024\/05\/mehr-tipps-badge.png 1361w, https:\/\/ral.komfour-develop.de\/wp-content\/uploads\/2024\/05\/mehr-tipps-badge-300x238.png 300w, https:\/\/ral.komfour-develop.de\/wp-content\/uploads\/2024\/05\/mehr-tipps-badge-1024x813.png 1024w, https:\/\/ral.komfour-develop.de\/wp-content\/uploads\/2024\/05\/mehr-tipps-badge-768x609.png 768w\" sizes=\"(max-width: 1361px) 100vw, 1361px\" \/>\t\t\t\t\t\t\t\t<\/a>\n\t\t\t\t\t\t\t\t\t\t\t\t\t\t\t<\/div>\n\t\t\t\t<\/div>\n\t\t\t\t<\/div>\n\t\t\t\t\t<\/div>\n\t\t\t\t<\/div>\n\t\t<div class=\"elementor-element elementor-element-69d6e15 e-flex e-con-boxed e-con e-parent\" data-id=\"69d6e15\" data-element_type=\"container\" data-e-type=\"container\">\n\t\t\t\t\t<div class=\"e-con-inner\">\n\t\t<div class=\"elementor-element elementor-element-daf3822 e-con-full e-flex e-con e-child\" data-id=\"daf3822\" data-element_type=\"container\" data-e-type=\"container\">\n\t\t\t\t<div class=\"elementor-element elementor-element-d4a1a2c elementor-widget elementor-widget-heading\" data-id=\"d4a1a2c\" data-element_type=\"widget\" data-e-type=\"widget\" data-widget_type=\"heading.default\">\n\t\t\t\t<div class=\"elementor-widget-container\">\n\t\t\t\t\t<h1 class=\"elementor-heading-title elementor-size-default\">HAUSHALTSTIPPS F\u00dcR KERZENLIEBHABER<\/h1>\t\t\t\t<\/div>\n\t\t\t\t<\/div>\n\t\t\t\t<div class=\"elementor-element elementor-element-ab44ff5 elementor-widget elementor-widget-text-editor\" data-id=\"ab44ff5\" data-element_type=\"widget\" data-e-type=\"widget\" data-widget_type=\"text-editor.default\">\n\t\t\t\t<div class=\"elementor-widget-container\">\n\t\t\t\t\t\t\t\t\t<p><\/p>\n<p>Kerzen bestehen aus Paraffin, Bienenwachs, Stearin oder Fett. Diese Stoffe (mit Ausnahme des Stearins) werden als Wachse bezeichnet und ver\u00e4ndern je nach Temperatur ihren Zustand. Bei h\u00f6heren Temperaturen werden Wachse weich, knetbar oder fl\u00fcssig. K\u00e4lte hingegen macht sie hart und br\u00fcchig. Diese physikalischen Eigenschaften kann man sich im Umgang mit Kerzen im Haushalt zunutze machen.<\/p>\t\t\t\t\t\t\t\t<\/div>\n\t\t\t\t<\/div>\n\t\t\t\t<\/div>\n\t\t<div class=\"elementor-element elementor-element-6d0138c e-con-full e-flex e-con e-child\" data-id=\"6d0138c\" data-element_type=\"container\" data-e-type=\"container\">\n\t\t\t\t<div class=\"elementor-element elementor-element-5b1614d elementor-widget elementor-widget-text-editor\" data-id=\"5b1614d\" data-element_type=\"widget\" data-e-type=\"widget\" data-widget_type=\"text-editor.default\">\n\t\t\t\t<div class=\"elementor-widget-container\">\n\t\t\t\t\t\t\t\t\t<p><\/p>\n<h4>PERFEKT IN FORM<\/h4>\n<p>Die Kerze ist zu dick f\u00fcr den gew\u00fcnschten Kerzenst\u00e4nder? Einfach kurz in kochendes Wasser tauchen \u2013 dann l\u00e4sst sie sich problemlos einpassen.<\/p>\t\t\t\t\t\t\t\t<\/div>\n\t\t\t\t<\/div>\n\t\t\t\t<div class=\"elementor-element elementor-element-af8e5c9 elementor-widget elementor-widget-text-editor\" data-id=\"af8e5c9\" data-element_type=\"widget\" data-e-type=\"widget\" data-widget_type=\"text-editor.default\">\n\t\t\t\t<div class=\"elementor-widget-container\">\n\t\t\t\t\t\t\t\t\t<p><\/p>\n<p>TIPP: Kerzen mit dem RAL-G\u00fctezeichen versprechen nicht nur gutes Aussehen. Auch Formen, Farbt\u00f6ne, Abmessungen und die Beschaffenheit des Dochtes sind gleichbleibend und verl\u00e4sslich.<\/p>\t\t\t\t\t\t\t\t<\/div>\n\t\t\t\t<\/div>\n\t\t\t\t<div class=\"elementor-element elementor-element-0cc17d5 elementor-widget elementor-widget-text-editor\" data-id=\"0cc17d5\" data-element_type=\"widget\" data-e-type=\"widget\" data-widget_type=\"text-editor.default\">\n\t\t\t\t<div class=\"elementor-widget-container\">\n\t\t\t\t\t\t\t\t\t<p><\/p>\n<h4>ERH\u00d6HTE BRENNDAUER DURCH SALZWASSER UND K\u00c4LTE?<\/h4>\n<p>Wissenschaftliche Experimente haben gezeigt, dass das vorherige Eintauchen von Kerzen in Salzwasser oder das Lagern im K\u00fchlschrank oder Tiefk\u00fchlfach keine nennenswerten Einfl\u00fcsse auf die Brenndauer von Kerzen haben.<\/p>\t\t\t\t\t\t\t\t<\/div>\n\t\t\t\t<\/div>\n\t\t\t\t<div class=\"elementor-element elementor-element-53f0388 elementor-widget elementor-widget-text-editor\" data-id=\"53f0388\" data-element_type=\"widget\" data-e-type=\"widget\" data-widget_type=\"text-editor.default\">\n\t\t\t\t<div class=\"elementor-widget-container\">\n\t\t\t\t\t\t\t\t\t<p><\/p>\n<p>TIPP: Kerzen mit dem RAL-G\u00fctezeichen brennen gleichm\u00e4\u00dfig ab und garantieren die auf der Verpackung angegebene Brenndauer.<\/p>\t\t\t\t\t\t\t\t<\/div>\n\t\t\t\t<\/div>\n\t\t\t\t<\/div>\n\t\t<div class=\"elementor-element elementor-element-e1d1963 e-con-full e-flex e-con e-child\" data-id=\"e1d1963\" data-element_type=\"container\" data-e-type=\"container\">\n\t\t\t\t<div class=\"elementor-element elementor-element-1f33cfd elementor-widget elementor-widget-text-editor\" data-id=\"1f33cfd\" data-element_type=\"widget\" data-e-type=\"widget\" data-widget_type=\"text-editor.default\">\n\t\t\t\t<div class=\"elementor-widget-container\">\n\t\t\t\t\t\t\t\t\t<p><\/p>\n<h4>FLECKENLOS<\/h4>\n<p>Wachsflecken an metallenen Kerzenst\u00e4ndern kann man ebenfalls mit Hitze zu Leibe r\u00fccken: im angeheizten Backofen bei 100\u00b0C schmilzt das Wachs und l\u00e4sst sich anschlie\u00dfend mit einem Lappen entfernen.<\/p>\n<p>Wachsreste an gl\u00e4sernen oder empfindlichen Kerzenst\u00e4ndern oder Leuchtern kann man nach einem Bad in hei\u00dfem (nicht kochendem!) Wasser einfach abwischen.<\/p>\n<p>Auch Textilien lassen sich problemlos von Wachsflecken befreien, indem man sie beim B\u00fcgeln mit L\u00f6schpapier bedeckt und mit dem warmen B\u00fcgeleisen dar\u00fcber f\u00e4hrt: das geschmolzene Wachs wird so vom L\u00f6schpapier aufgesaugt. Hartn\u00e4ckige Reste k\u00f6nnen mit L\u00f6sungsmitteln (z. B. Waschbenzin) beseitigt werden.<\/p>\n<p>Ist Wachs auf (Glatt-)Lederwaren getropft, kommt K\u00e4lte zum Einsatz: einfach ins Tiefk\u00fchlfach legen oder einen Eisbeutel auflegen. Sobald das Wachs erh\u00e4rtet ist, l\u00e4sst es sich (abh\u00e4ngig von der Beschaffenheit des Leders) leicht abnehmen. Auch ein K\u00e4ltespray aus dem Baumarkt kann Abhilfe schaffen.<\/p>\t\t\t\t\t\t\t\t<\/div>\n\t\t\t\t<\/div>\n\t\t\t\t<div class=\"elementor-element elementor-element-c164048 elementor-widget elementor-widget-text-editor\" data-id=\"c164048\" data-element_type=\"widget\" data-e-type=\"widget\" data-widget_type=\"text-editor.default\">\n\t\t\t\t<div class=\"elementor-widget-container\">\n\t\t\t\t\t\t\t\t\t<p><\/p>\n<p>TIPP: Bei richtigem Gebrauch garantieren Kerzen mit dem RAL-G\u00fctezeichen tropffreies Abbrennen und beugen so Wachsflecken vor.<\/p>\t\t\t\t\t\t\t\t<\/div>\n\t\t\t\t<\/div>\n\t\t\t\t<\/div>\n\t\t\t\t\t<\/div>\n\t\t\t\t<\/div>\n\t\t\t\t<\/div>\n\t\t","protected":false},"excerpt":{"rendered":"<p>Alles ausbesten Rohstoffen &#038; gepr\u00fcfter Qualit\u00e4t Alles ausbesten Rohstoffen &#038; gepr\u00fcfter Qualit\u00e4t HILFREICHE TIPPS \u201eRUND UM DIE KERZE\u201c \u2713 Sicherheits- und Brennhinweise beachten\u2713 Ausreichenden Abstand einhaltenGardinen, Dekoration, Zweige, \u2026\u2713 Kerze nicht unbeobachtet lassen\u2713 Kerze auf hitzebest\u00e4ndigem, nicht brennbarem Untersetzer abbrennen\u2713 Luftzug vermeiden(T\u00fcren\/Fenster\/Bewegung)\u2713 Brennsch\u00fcssel sauber halten\u2713 Bei Ru\u00dfentwicklung: Kerze l\u00f6schenggf. Rand oder Docht k\u00fcrzen\u2713 Kerzenflamme ersticken, [&hellip;]<\/p>\n","protected":false},"author":2,"featured_media":0,"parent":0,"menu_order":0,"comment_status":"closed","ping_status":"closed","template":"elementor_header_footer","meta":{"footnotes":""},"class_list":["post-192","page","type-page","status-publish","hentry"],"acf":[],"_links":{"self":[{"href":"https:\/\/ral.komfour-develop.de\/de\/wp-json\/wp\/v2\/pages\/192","targetHints":{"allow":["GET"]}}],"collection":[{"href":"https:\/\/ral.komfour-develop.de\/de\/wp-json\/wp\/v2\/pages"}],"about":[{"href":"https:\/\/ral.komfour-develop.de\/de\/wp-json\/wp\/v2\/types\/page"}],"author":[{"embeddable":true,"href":"https:\/\/ral.komfour-develop.de\/de\/wp-json\/wp\/v2\/users\/2"}],"replies":[{"embeddable":true,"href":"https:\/\/ral.komfour-develop.de\/de\/wp-json\/wp\/v2\/comments?post=192"}],"version-history":[{"count":118,"href":"https:\/\/ral.komfour-develop.de\/de\/wp-json\/wp\/v2\/pages\/192\/revisions"}],"predecessor-version":[{"id":4123,"href":"https:\/\/ral.komfour-develop.de\/de\/wp-json\/wp\/v2\/pages\/192\/revisions\/4123"}],"wp:attachment":[{"href":"https:\/\/ral.komfour-develop.de\/de\/wp-json\/wp\/v2\/media?parent=192"}],"curies":[{"name":"wp","href":"https:\/\/api.w.org\/{rel}","templated":true}]}}