{"id":1977,"date":"2024-06-05T11:59:52","date_gmt":"2024-06-05T11:59:52","guid":{"rendered":"https:\/\/ral.komfour-develop.de\/?page_id=1977"},"modified":"2024-06-05T12:15:23","modified_gmt":"2024-06-05T12:15:23","slug":"adventskalender-teilnahmebedingungen","status":"publish","type":"page","link":"https:\/\/ral.komfour-develop.de\/de\/adventskalender-teilnahmebedingungen\/","title":{"rendered":"Adventskalender Teilnahmebedingungen"},"content":{"rendered":"\t\t<div data-elementor-type=\"wp-page\" data-elementor-id=\"1977\" class=\"elementor elementor-1977\" data-elementor-post-type=\"page\">\n\t\t\t\t<div class=\"elementor-element elementor-element-69d6e15 e-flex e-con-boxed e-con e-parent\" data-id=\"69d6e15\" data-element_type=\"container\" data-e-type=\"container\">\n\t\t\t\t\t<div class=\"e-con-inner\">\n\t\t<div class=\"elementor-element elementor-element-daf3822 e-con-full e-flex e-con e-child\" data-id=\"daf3822\" data-element_type=\"container\" data-e-type=\"container\">\n\t\t\t\t<div class=\"elementor-element elementor-element-d4a1a2c elementor-widget elementor-widget-heading\" data-id=\"d4a1a2c\" data-element_type=\"widget\" data-e-type=\"widget\" data-widget_type=\"heading.default\">\n\t\t\t\t<div class=\"elementor-widget-container\">\n\t\t\t\t\t<h1 class=\"elementor-heading-title elementor-size-default\">Adventskalender Teilnahmebedingungen <\/h1>\t\t\t\t<\/div>\n\t\t\t\t<\/div>\n\t\t\t\t<\/div>\n\t\t\t\t<div class=\"elementor-element elementor-element-b1309bb elementor-widget elementor-widget-text-editor\" data-id=\"b1309bb\" data-element_type=\"widget\" data-e-type=\"widget\" data-widget_type=\"text-editor.default\">\n\t\t\t\t<div class=\"elementor-widget-container\">\n\t\t\t\t\t\t\t\t\t<h3>Teilnahmebedingungen und Datenschutz<\/h3><h4>1. Was kann man gewinnen? 2. Wie kann man gewinnen? 3. \u00dcber welchen Zeitraum findet die Aktion statt? 4. Wer kann mitmachen? 5. Wer wird von der Teilnahme ausgeschlossen? 6. Wie werden die Gewinner ermittelt? 7. Wie erfahre ich, ob ich gewonnen habe? 8. Wie erhalte ich meinen Gewinn? 9. Was passiert, wenn ich mich nach Gewinnbenachrichtigung nicht melde? 10. Vorbehaltsklausel 11. Datenschutzbestimmungen 12. Sonstiges 13. Freistellung von Facebook<\/h4><p>Die G\u00fctegemeinschaft Kerzen e.V., nachfolgend G\u00fctegemeinschaft genannt, verlost beim Sommergewinnspiel folgende Preise:<\/p><p>\u00a0\u0387 3 Geschenkboxen mit verschiedenen Kerzen-Sets von Kerzenfabrik M\u00fcller GmbH<\/p><p>\u00a0\u0387 Ein Gutschein im Wert von 25 Euro und 50 Euro von Kerzenfabrik M\u00fcller GmbH<\/p><p>\u00a0\u0387 5 verschiedene Sets mit Stumpenkerzen Bolsius Nederland B.V.<\/p><p>\u00a0\u0387 4 mal ein Set mit 8 verschiedenen Kerzen von Steinhart \u2013 Gebr. Steinhart GmbH<\/p><p>\u00a0\u0387 4 mal das Kerzen-Set \u201eSKOG\u201c bestehend aus 2 Kerzen von Erich Kopschitz GmbH<\/p><p>\u00a0\u0387 Ein Set mit 6 geriffelten Kerzen in verschiedenen Farben von Wiedemann GmbH<\/p><p>\u00a0\u0387 Ein Set mit 4 100% Bienenwachskerzen von Wiedemann GmbH<\/p><p>\u00a0\u0387 Set Nachhaltigkeit mit dem PURE Design &amp; LIGHT.ONE Teelicht von Richard Wenzel GmbH &amp; Co. KG<\/p><p>\u00a0\u0387 Farm To Aromatherapy-Set aus Duftkerze, \u00c4therischem \u00d6l und Diffuser von Gala Group<\/p><p>\u00a0\u0387 Duftkerze SENTIMALS Mind von Engels Kerzen GmbH<\/p><p>\u00a0\u0387 Blaubeerkerze im Le Maxi-Format von Les Bougies de Charroux<\/p><p>\u00a0\u0387 4 Adventskerzen in rot von bika Candles<\/p><p>Mit der Teilnahme an dem Gewinnspiel erkl\u00e4ren sich die Nutzer mit den nachstehenden Teilnahmebedingungen und der Inhaltsverantwortung einverstanden.<\/p><p><span style=\"color: var( --e-global-color-primary ); font-family: inherit; font-size: 15px; font-weight: 600;\">1. Was kann man gewinnen?<\/span><\/p><p>Mit der Teilnahme hat eine Person die M\u00f6glichkeit, einen der oben beschriebenen Preise zu gewinnen.<\/p><h4>2. Wie kann man gewinnen?<\/h4><p>Die Preise werden unter allen Teilnehmern verlost, die bis zum jeweiligen Tag des T\u00fcrchen am Gewinnspiel teilgenommen haben.<\/p><p><span style=\"color: var( --e-global-color-primary ); font-family: inherit; font-size: 15px; font-weight: 600;\">3. \u00dcber welchen Zeitraum findet die Aktion statt?<\/span><\/p><p>Die Aktion startet am Freitag, den 01. Dezember und endet am Sonntag, 24.12.2023 um 23:59 Uhr. Die Gewinner werden jeweils am n\u00e4chsten Tag des T\u00fcrchens, im Laufe des Tages benachrichtigt.<\/p><p><span style=\"color: var( --e-global-color-primary ); font-family: inherit; font-size: 15px; font-weight: 600;\">4. Wer kann mitmachen?<\/span><\/p><p>Die Teilnahme ist kostenlos und jeder nat\u00fcrlichen Person ab 18 Jahre erlaubt. Eine Teilnahme erfordert die wahrheitsgem\u00e4\u00dfe Angabe der teilnahmerelevanten Daten. Gewinnspielvereine sowie automatisierte Gewinnspiel-Dienste sind nicht teilnahmeberechtigt. Bitte nehmen Sie nur einmal teil. Mehrfachanmeldungen erh\u00f6hen nicht die Gewinnchance, denn sie werden gefiltert und vor der Ziehung gesperrt.<\/p><p><span style=\"color: var( --e-global-color-primary ); font-family: inherit; font-size: 15px; font-weight: 600;\">5. Wer wird von der Teilnahme ausgeschlossen?<\/span><\/p><p>Die G\u00fctegemeinschaft ist berechtigt, einzelne Personen von der Teilnahme auszuschlie\u00dfen, sofern berechtigte Gr\u00fcnde, wie z. B. Versto\u00df gegen diese Teilnahmebedingungen, doppelte oder mehrfache Teilnahme, Manipulation etc., vorliegen und beh\u00e4lt sich vor, rechtliche Schritte einzuleiten. Der Rechtsweg ist ausgeschlossen.<\/p><p><span style=\"color: var( --e-global-color-primary ); font-family: inherit; font-size: 15px; font-weight: 600;\">6. Wie werden die Gewinner ermittelt?<\/span><\/p><p>Die Gewinner werden von der G\u00fctegemeinschaft in einem unabh\u00e4ngigen Losverfahren ermittelt.\u00a0<\/p><p><span style=\"color: var( --e-global-color-primary ); font-family: inherit; font-size: 15px; font-weight: 600;\">7. Wie erfahre ich, ob ich gewonnen habe?<\/span><\/p><p>Die Gewinnbenachrichtigung erfolgt per E-Mail. Der Gewinner \u00fcbermittelt der G\u00fctegemeinschaft daraufhin seinen vollst\u00e4ndigen Namen sowie die Adresse bis sp\u00e4testens zum n\u00e4chsten Tag des T\u00fcrchen per E-Mail an gewinnspiel@komfour.de.<\/p><p><span style=\"color: var( --e-global-color-primary ); font-family: inherit; font-size: 15px; font-weight: 600;\">8. Wie erhalte ich meinen Gewinn?<\/span><\/p><p>Mit der Gewinnbenachrichtigung wird der Gewinner aufgefordert der G\u00fctegemeinschaft, die zur \u00dcbermittlung des Gewinns genannten Vor- und Nachnamen, vollst\u00e4ndige Adresse, E-Mail Adresse und \/ oder Telefonnummer \/ Mobilnummer des Gewinners und seiner Begleitperson mitzuteilen. F\u00fcr die Richtigkeit der angegebenen Kontaktdaten sind die Teilnehmer verantwortlich.\u00a0<\/p><p><span style=\"color: var( --e-global-color-primary ); font-family: inherit; font-size: 15px; font-weight: 600;\">9. Was passiert, wenn ich mich nach Gewinnbenachrichtigung nicht melde?<\/span><\/p><p>Sollten sich die Gewinner nicht bis sp\u00e4testens zum n\u00e4chsten Tag des T\u00fcrchen bei der G\u00fctegemeinschaft melden, verf\u00e4llt der Gewinn. Das Gleiche gilt f\u00fcr den Fall, dass die Gewinner der G\u00fctegemeinschaft falsche Kontaktdaten mitteilen und die \u00dcbermittlung des Gewinns deshalb nicht m\u00f6glich ist.\u00a0<\/p><p><span style=\"color: var( --e-global-color-primary ); font-family: inherit; font-size: 15px; font-weight: 600;\">10. Vorbehaltsklausel<\/span><\/p><p>Die G\u00fctegemeinschaft beh\u00e4lt sich vor, das Gewinnspiel zu jedem Zeitpunkt ohne Vorank\u00fcndigung und ohne Angabe von Gr\u00fcnden zu modifizieren, zu unterbrechen oder zu beenden. Von dieser M\u00f6glichkeit macht die G\u00fctegemeinschaft allerdings nur dann Gebrauch, wenn aus Gr\u00fcnden der h\u00f6heren Gewalt, aus technischen Gr\u00fcnden (z. B. Viren im Computersystem, Manipulation oder Fehler in der Hard- und\/oder Software) oder aus rechtlichen Gr\u00fcnden eine ordnungsgem\u00e4\u00dfe Durchf\u00fchrung des Spiels nicht gew\u00e4hrleistet werden kann. Die G\u00fctegemeinschaft haftet nicht f\u00fcr Verluste, Ausf\u00e4lle oder Versp\u00e4tungen, die durch Umst\u00e4nde herbeigef\u00fchrt wurden, die au\u00dferhalb unseres Verantwortungsbereichs liegen. In begr\u00fcndeten F\u00e4llen kann der Gewinn durch gleichwertige Preise ersetzt werden.\u00a0<\/p><p><span style=\"color: var( --e-global-color-primary ); font-family: inherit; font-size: 15px; font-weight: 600;\">11. Datenschutzbestimmungen<\/span><\/p><p>Ihre Sicherheit und Ihre Zufriedenheit stehen im Mittelpunkt. Die G\u00fctegemeinschaft speichert und nutzt die erhobenen Daten ausschlie\u00dflich f\u00fcr die Durchf\u00fchrung des Gewinnspiels. Die Rechtsgrundlage f\u00fcr die Verarbeitung personenbezogener Daten zur Erf\u00fcllung dieses Schuldverh\u00e4ltnisses ist \u00a7 28 Abs. 1 S. 1 Nr. 1 Bundesdatenschutzgesetz (BDSG) bzw. (ab 25.5.2018) Art. 6 Abs. 1 lit. b) der EU-Datenschutzgrundverordnung (DSGVO).<\/p><p>Die Adressdaten, die wir im Falle einer Gewinnbenachrichtigung von Ihnen per E-Mail anfragen, dienen ausschlie\u00dflich der Versendung des Gewinns. Nach Versand des Gewinns werden alle Angaben im Rahmen der gesetzlichen Regelungen gel\u00f6scht.<\/p><p><span style=\"color: var( --e-global-color-text ); font-size: 1rem;\">Ihre Daten werden grunds\u00e4tzlich nicht an Dritte weitergegeben, es sei denn, die Weitergabe ist f\u00fcr die Durchf\u00fchrung des Gewinnspiels oder die Versendung des Gewinns erforderlich und es liegt eine \u00dcbermittlungsbefugnis vor.\u00a0<\/span><\/p><p><span style=\"color: var( --e-global-color-text ); font-size: 1rem;\">In Erg\u00e4nzung hierzu wird auf die allgemeine <a href=\"https:\/\/ral.komfour-develop.de\/datenschutz\/\">Datenschutzerkl\u00e4rung<\/a> der G\u00fctegemeinschaft verwiesen. Hier finden Sie auch alle Angaben zu Ihren Rechten als Betroffener<\/span><\/p><p><span style=\"color: var( --e-global-color-primary ); font-family: inherit; font-size: 15px; font-weight: 600;\">12. Sonstiges<\/span><\/p><p>Die Barauszahlung des Gewinns ist nicht m\u00f6glich. Gewinnanspr\u00fcche k\u00f6nnen nicht auf andere Personen \u00fcbertragen oder abgetreten werden. Der Rechtsweg ist ausgeschlossen. Sollten einzelne Bestimmungen der Teilnahmebedingungen ung\u00fcltig sein oder ung\u00fcltig werden, bleibt die G\u00fcltigkeit der \u00fcbrigen Teilnahmebedingungen unber\u00fchrt. An ihre Stelle tritt eine angemessene Regelung, die dem Zweck der unwirksamen Bestimmung am ehesten entspricht. Die G\u00fctegemeinschaft beh\u00e4lt sich vor, die Teilnahmebedingungen jederzeit zu \u00e4ndern.\u00a0<\/p>\t\t\t\t\t\t\t\t<\/div>\n\t\t\t\t<\/div>\n\t\t\t\t\t<\/div>\n\t\t\t\t<\/div>\n\t\t\t\t<\/div>\n\t\t","protected":false},"excerpt":{"rendered":"<p>Adventskalender Teilnahmebedingungen Teilnahmebedingungen und Datenschutz 1. Was kann man gewinnen? 2. Wie kann man gewinnen? 3. \u00dcber welchen Zeitraum findet die Aktion statt? 4. Wer kann mitmachen? 5. Wer wird von der Teilnahme ausgeschlossen? 6. Wie werden die Gewinner ermittelt? 7. Wie erfahre ich, ob ich gewonnen habe? 8. Wie erhalte ich meinen Gewinn? 9. [&hellip;]<\/p>\n","protected":false},"author":2,"featured_media":0,"parent":0,"menu_order":0,"comment_status":"closed","ping_status":"closed","template":"elementor_header_footer","meta":{"footnotes":""},"class_list":["post-1977","page","type-page","status-publish","hentry"],"acf":[],"_links":{"self":[{"href":"https:\/\/ral.komfour-develop.de\/de\/wp-json\/wp\/v2\/pages\/1977","targetHints":{"allow":["GET"]}}],"collection":[{"href":"https:\/\/ral.komfour-develop.de\/de\/wp-json\/wp\/v2\/pages"}],"about":[{"href":"https:\/\/ral.komfour-develop.de\/de\/wp-json\/wp\/v2\/types\/page"}],"author":[{"embeddable":true,"href":"https:\/\/ral.komfour-develop.de\/de\/wp-json\/wp\/v2\/users\/2"}],"replies":[{"embeddable":true,"href":"https:\/\/ral.komfour-develop.de\/de\/wp-json\/wp\/v2\/comments?post=1977"}],"version-history":[{"count":13,"href":"https:\/\/ral.komfour-develop.de\/de\/wp-json\/wp\/v2\/pages\/1977\/revisions"}],"predecessor-version":[{"id":2014,"href":"https:\/\/ral.komfour-develop.de\/de\/wp-json\/wp\/v2\/pages\/1977\/revisions\/2014"}],"wp:attachment":[{"href":"https:\/\/ral.komfour-develop.de\/de\/wp-json\/wp\/v2\/media?parent=1977"}],"curies":[{"name":"wp","href":"https:\/\/api.w.org\/{rel}","templated":true}]}}