{"id":2309,"date":"2024-06-26T07:22:26","date_gmt":"2024-06-26T07:22:26","guid":{"rendered":"https:\/\/ral.komfour-develop.de\/?page_id=2309"},"modified":"2024-07-30T07:23:05","modified_gmt":"2024-07-30T07:23:05","slug":"impressum-2","status":"publish","type":"page","link":"https:\/\/ral.komfour-develop.de\/de\/impressum-2\/","title":{"rendered":"Gender-Hinweis"},"content":{"rendered":"\t\t<div data-elementor-type=\"wp-page\" data-elementor-id=\"2309\" class=\"elementor elementor-2309\" data-elementor-post-type=\"page\">\n\t\t\t\t<div class=\"elementor-element elementor-element-69d6e15 e-flex e-con-boxed e-con e-parent\" data-id=\"69d6e15\" data-element_type=\"container\" data-e-type=\"container\">\n\t\t\t\t\t<div class=\"e-con-inner\">\n\t\t<div class=\"elementor-element elementor-element-daf3822 e-con-full e-flex e-con e-child\" data-id=\"daf3822\" data-element_type=\"container\" data-e-type=\"container\">\n\t\t\t\t<div class=\"elementor-element elementor-element-d4a1a2c elementor-widget elementor-widget-heading\" data-id=\"d4a1a2c\" data-element_type=\"widget\" data-e-type=\"widget\" data-widget_type=\"heading.default\">\n\t\t\t\t<div class=\"elementor-widget-container\">\n\t\t\t\t\t<h1 class=\"elementor-heading-title elementor-size-default\">Gender-Hinweis<\/h1>\t\t\t\t<\/div>\n\t\t\t\t<\/div>\n\t\t\t\t<div class=\"elementor-element elementor-element-ab44ff5 elementor-widget elementor-widget-text-editor\" data-id=\"ab44ff5\" data-element_type=\"widget\" data-e-type=\"widget\" data-widget_type=\"text-editor.default\">\n\t\t\t\t<div class=\"elementor-widget-container\">\n\t\t\t\t\t\t\t\t\t<p>\u00a0<\/p><p class=\"bodytext\">Liebe Besucher:innen,<\/p><p class=\"bodytext\">herzlich willkommen auf der Webseite der G\u00fctegemeinschaft Kerzen e.V.<\/p><p class=\"bodytext\">Wir m\u00f6chten Sie darauf hinweisen, dass wir aus redaktionellen Gr\u00fcnden derzeit \u00fcberwiegend das generische Maskulinum verwenden. S\u00e4mtliche Personenbezeichnungen und personenbezogene Hauptw\u00f6rter gelten selbstverst\u00e4ndlich gleicherma\u00dfen f\u00fcr alle Geschlechter.\u00a0<\/p>\t\t\t\t\t\t\t\t<\/div>\n\t\t\t\t<\/div>\n\t\t\t\t<\/div>\n\t\t\t\t\t<\/div>\n\t\t\t\t<\/div>\n\t\t\t\t<\/div>\n\t\t","protected":false},"excerpt":{"rendered":"<p>Gender-Hinweis \u00a0 Liebe Besucher:innen, herzlich willkommen auf der Webseite der G\u00fctegemeinschaft Kerzen e.V. Wir m\u00f6chten Sie darauf hinweisen, dass wir aus redaktionellen Gr\u00fcnden derzeit \u00fcberwiegend das generische Maskulinum verwenden. S\u00e4mtliche Personenbezeichnungen und personenbezogene Hauptw\u00f6rter gelten selbstverst\u00e4ndlich gleicherma\u00dfen f\u00fcr alle Geschlechter.\u00a0<\/p>\n","protected":false},"author":3,"featured_media":0,"parent":0,"menu_order":0,"comment_status":"closed","ping_status":"closed","template":"elementor_header_footer","meta":{"footnotes":""},"class_list":["post-2309","page","type-page","status-publish","hentry"],"acf":[],"_links":{"self":[{"href":"https:\/\/ral.komfour-develop.de\/de\/wp-json\/wp\/v2\/pages\/2309","targetHints":{"allow":["GET"]}}],"collection":[{"href":"https:\/\/ral.komfour-develop.de\/de\/wp-json\/wp\/v2\/pages"}],"about":[{"href":"https:\/\/ral.komfour-develop.de\/de\/wp-json\/wp\/v2\/types\/page"}],"author":[{"embeddable":true,"href":"https:\/\/ral.komfour-develop.de\/de\/wp-json\/wp\/v2\/users\/3"}],"replies":[{"embeddable":true,"href":"https:\/\/ral.komfour-develop.de\/de\/wp-json\/wp\/v2\/comments?post=2309"}],"version-history":[{"count":16,"href":"https:\/\/ral.komfour-develop.de\/de\/wp-json\/wp\/v2\/pages\/2309\/revisions"}],"predecessor-version":[{"id":3732,"href":"https:\/\/ral.komfour-develop.de\/de\/wp-json\/wp\/v2\/pages\/2309\/revisions\/3732"}],"wp:attachment":[{"href":"https:\/\/ral.komfour-develop.de\/de\/wp-json\/wp\/v2\/media?parent=2309"}],"curies":[{"name":"wp","href":"https:\/\/api.w.org\/{rel}","templated":true}]}}