{"id":299,"date":"2024-05-14T13:38:51","date_gmt":"2024-05-14T13:38:51","guid":{"rendered":"https:\/\/ral.komfour-develop.de\/?page_id=299"},"modified":"2024-05-31T12:09:56","modified_gmt":"2024-05-31T12:09:56","slug":"datenschutz","status":"publish","type":"page","link":"https:\/\/ral.komfour-develop.de\/de\/datenschutz\/","title":{"rendered":"Datenschutz"},"content":{"rendered":"\t\t<div data-elementor-type=\"wp-page\" data-elementor-id=\"299\" class=\"elementor elementor-299\" data-elementor-post-type=\"page\">\n\t\t\t\t<div class=\"elementor-element elementor-element-69d6e15 e-flex e-con-boxed e-con e-parent\" data-id=\"69d6e15\" data-element_type=\"container\" data-e-type=\"container\">\n\t\t\t\t\t<div class=\"e-con-inner\">\n\t\t<div class=\"elementor-element elementor-element-daf3822 e-con-full e-flex e-con e-child\" data-id=\"daf3822\" data-element_type=\"container\" data-e-type=\"container\">\n\t\t\t\t<div class=\"elementor-element elementor-element-d4a1a2c elementor-widget elementor-widget-heading\" data-id=\"d4a1a2c\" data-element_type=\"widget\" data-e-type=\"widget\" data-widget_type=\"heading.default\">\n\t\t\t\t<div class=\"elementor-widget-container\">\n\t\t\t\t\t<h1 class=\"elementor-heading-title elementor-size-default\">DATENSCHUTZ-INFORMATION GEM\u00c4SS ART. 13 DSGVO<\/h1>\t\t\t\t<\/div>\n\t\t\t\t<\/div>\n\t\t\t\t<div class=\"elementor-element elementor-element-ab44ff5 elementor-widget elementor-widget-text-editor\" data-id=\"ab44ff5\" data-element_type=\"widget\" data-e-type=\"widget\" data-widget_type=\"text-editor.default\">\n\t\t\t\t<div class=\"elementor-widget-container\">\n\t\t\t\t\t\t\t\t\t<p><\/p>\n<p class=\"bodytext\"><b>Pr\u00e4ambel<\/b><br \/>Die EU Datenschutzgrundverordnung (DSGVO; Verordnung (EU) 2016\/679) legt eine Informationspflicht fest, falls personenbezogene Daten verarbeitet werden. Uns ist es wichtig Ihre Privatsph\u00e4re zu sch\u00fctzen und zu respektieren, und wir m\u00f6chten Sie hier dar\u00fcber informieren, wie wir Ihre pers\u00f6nlichen Daten nutzen und sch\u00fctzen.<br \/>Sollten Sie weitere W\u00fcnsche zu Ihrem Datenschutz haben, nehmen wir Ihre Anregungen gerne entgegen. Sie k\u00f6nnen uns \u00fcber die aufgef\u00fchrten Kontaktinformationen erreichen \u2013 oder gegebenenfalls \u00fcber ein Kontaktformular, mit dem Sie uns freiwillig Ihren Namen, Ihre E-Mail-Adresse sowie weitere Kontaktdaten bereitstellen, damit wir Sie kontaktieren k\u00f6nnen.<\/p>\n<p class=\"bodytext\">Online sind daf\u00fcr entsprechende Informations-Techniksysteme notwendig, wie z.B. Ihr(e) Provider, der Provider der Webseite und unser E-Mail Provider.<\/p>\n<p class=\"bodytext\">N\u00e4heres \u00fcber Kontaktm\u00f6glichkeiten \u00fcber die Internetseite, Cookies und Google Analytics finden Sie unter (10). N\u00e4heres \u00fcber die Registrierung auf unserer Internetseite und Youtube finden Sie unter (11).<\/p>\n<p class=\"bodytext\"><b>Unsere Informationen<\/b><\/p>\n<p class=\"bodytext\">G\u00fctegemeinschaft Kerzen e. V.<br \/>Zum Burgstall 13<br \/>D-88677 Markdorf<br \/>Tel.\u00a0<a href=\"tel:+49075449626873\">+49 (0)7544 9626-873<\/a><br \/>E-Mail:\u00a0<a href=\"mailto:martin.rieg@komfour.de\">info@guetezeichen-kerzen.de<\/a><\/p>\n<p class=\"bodytext\">Vertreten durch den Vorsitzenden des Vorstands Dr. Frank Hanewinckel.<br \/>Gesch\u00e4ftsf\u00fchrerin ist Constanze Gill\u00e9.<br \/>Die vorbezeichneten Personen sind die Verantwortlichen im Sinne des Datenschutzes.<\/p>\n<p class=\"bodytext\">Weitere Informationen finden Sie im Impressum.<\/p>\n<p class=\"bodytext\">(1)<br \/>Mit der \u00dcbermittlung einer Nachricht an uns willigen Sie in die Verarbeitung personenbezogener Daten ein, da wir die Sie betreffenden personenbezogenen Daten nur f\u00fcr einen oder mehrere bestimmte Zwecke verarbeiten (z.B. f\u00fcr Anfragen, auch im weiteren Sinn, zur Beantwortung Ihrer Anfrage, f\u00fcr die technische Verwaltung oder f\u00fcr einen etwaigen Newsletter, der \u00fcber unsere Angebote gelegentlich informiert).<br \/>Die Rechtsgrundlagen f\u00fcr die Verarbeitung finden sich in Artikel 6 (1) insbesondere Art. 6 (1 lit. b) DSGVO.<\/p>\n<p class=\"bodytext\">(2)<br \/>Empf\u00e4nger der Sie betreffenden personenbezogenen Daten sind die mit der Beantwortung von Nachrichten \u00fcber unsere Webseite beauftragten Mitarbeiter, die wir selbstverst\u00e4ndlich auf die Einhaltung der DSGVO verpflichtet haben, sowie unser Vorstand und unsere Gesch\u00e4ftsf\u00fchrung.<\/p>\n<p class=\"bodytext\">Soweit Dritte f\u00fcr die Daten\u00fcbermittlung\/-verarbeitung eingeschaltet werden, unterhalten wir mit ihnen Auftragsdatenverarbeitungsregelungen zur Einhaltung des gesetzlich geforderten Datenschutzes und \u00fcberwachen diese Einhaltung, soweit wir darauf Einfluss nehmen k\u00f6nnen.<\/p>\n<p class=\"bodytext\">(3)<br \/>Wir speichern die Sie betreffenden personenbezogenen Daten nur solange, wie es f\u00fcr einen oder mehrere bestimmte Zwecke notwendig ist, um Ihr(e) Anliegen in der \u00fcbermittelten Nachricht vollst\u00e4ndig zu kl\u00e4ren.<\/p>\n<p class=\"bodytext\">(4)<br \/>Sie haben das Recht auf Auskunft \u00fcber die Sie betreffenden, bei uns gespeicherten personenbezogenen Daten sowie auf Berichtigung unzutreffender Daten, auf L\u00f6schung von Daten, auf Einschr\u00e4nkung der Verarbeitung oder ein Widerspruchsrecht gegen die unzumutbare Verarbeitung sowie das Recht auf Daten\u00fcbertragbarkeit.<\/p>\n<p class=\"bodytext\">(5)<br \/>Sie haben das Recht, die Einwilligung jederzeit zu widerrufen, ohne dass die Rechtm\u00e4\u00dfigkeit der aufgrund der Einwilligung bis zum Widerruf erfolgten Verarbeitung ber\u00fchrt wird.<\/p>\n<p class=\"bodytext\">(6)<br \/>Sie haben das Recht, sich bei der zust\u00e4ndigen Datenschutz-Aufsichtsbeh\u00f6rde zu beschweren. Die Kontaktdaten sind durch allgemeine Informationsquellen durch den Besucher zu erlangen (z.B. Suche im Internet).<\/p>\n<p class=\"bodytext\">(7)<br \/>Sie sind nicht zur Online-Bereitstellung Ihrer personenbezogenen Daten \u00fcber die durch uns angebotenen Kontaktm\u00f6glichkeiten verpflichtet. Die Nichtbereitstellung hat aber zur Folge, dass die Kontaktaufnahme \u00fcber unsere Webseite gegebenenfalls nicht m\u00f6glich ist. In diesem Fall w\u00e4hlen Sie bitte die Telefonnummer im Kontaktbereich oder in unserem Impressum, senden uns ein Fax, wenden sich postalisch oder pers\u00f6nlich in unserer Gesch\u00e4ftsstelle an uns.<\/p>\n<p class=\"bodytext\">(8)<br \/>Eine automatisierte Entscheidungsfindung einschlie\u00dflich Profiling findet nicht statt.<\/p>\n<p class=\"bodytext\">(9)<br \/>Wir beabsichtigen nicht, die personenbezogenen Daten f\u00fcr einen anderen Zweck weiterzuverarbeiten als den, f\u00fcr den die personenbezogenen Daten erhoben wurden.<\/p>\n<p class=\"bodytext\">Sollten wir die uns f\u00fcr einen bestimmten Zweck \u00fcbermittelten personenbezogenen Daten f\u00fcr einen anderen Zweck verwenden wollen, so werden wir Sie im Vorfeld dar\u00fcber informieren und Ihre Einwilligung einholen.<\/p>\n<p class=\"bodytext\">(10)<br \/>Wir verwenden die folgenden Komponenten auf unserer Website:<\/p>\n<p class=\"bodytext\"><b>Kontaktm\u00f6glichkeit \u00fcber die Internetseite<\/b><\/p>\n<p class=\"bodytext\">Die Internetseite enth\u00e4lt aufgrund von gesetzlichen Vorschriften Angaben, die eine schnelle elektronische Kontaktaufnahme zu uns sowie eine unmittelbare Kommunikation mit uns erm\u00f6glichen, was ebenfalls eine allgemeine Adresse der sogenannten elektronischen Post (E-Mail-Adresse) umfasst. Sofern eine betroffene Person per E-Mail oder \u00fcber ein Kontaktformular den Kontakt zu uns aufnimmt, werden die von der betroffenen Person \u00fcbermittelten personenbezogenen Daten automatisch zum Zwecke der Bearbeitung oder der Kontaktaufnahme zur betroffenen Person gespeichert. Es erfolgt grunds\u00e4tzlich keine Weitergabe dieser personenbezogenen Daten an Dritte.<\/p>\n<p class=\"bodytext\"><b>Cookies<\/b><\/p>\n<p class=\"bodytext\">Die Internetseite verwendet Cookies. Viele Cookies enthalten eine sogenannte Cookie-ID. Eine Cookie-ID ist eine eindeutige Kennung des Cookies. Dies erm\u00f6glicht es den besuchten Internetseiten und Servern, den individuellen Browser der betroffenen Person von anderen Internetbrowsern, die andere Cookies enthalten, zu unterscheiden. Ein bestimmter Internetbrowser kann \u00fcber die eindeutige Cookie-ID wiedererkannt und identifiziert werden.<\/p>\n<p class=\"bodytext\">Die betroffene Person kann die Setzung von Cookies durch unsere Internetseite jederzeit mittels einer entsprechenden Einstellung des genutzten Internetbrowsers verhindern und damit der Setzung von Cookies dauerhaft widersprechen. Ferner k\u00f6nnen bereits gesetzte Cookies jederzeit \u00fcber einen Internetbrowser oder andere Softwareprogramme gel\u00f6scht werden. Dies ist in allen g\u00e4ngigen Internetbrowsern m\u00f6glich. Deaktiviert die betroffene Person die Setzung von Cookies in dem genutzten Internetbrowser, sind unter Umst\u00e4nden nicht alle Funktionen unserer Internetseite vollumf\u00e4nglich nutzbar.<\/p>\n<p class=\"bodytext\"><b>Datenschutzbestimmungen zu Einsatz und Verwendung von Google Analytics<\/b><\/p>\n<p class=\"bodytext\">Auf dieser Internetseite wurde die Komponente Google Analytics (mit Anonymisierungsfunktion) integriert. Google Analytics erfasst unter anderem Daten dar\u00fcber, von welcher Internetseite eine betroffene Person auf eine Internetseite gekommen ist (sogenannte Referrer), auf welche Unterseiten der Internetseite zugegriffen oder wie oft und f\u00fcr welche Verweildauer eine Unterseite betrachtet wurde.<\/p>\n<p class=\"bodytext\">Betreibergesellschaft der Google-Analytics-Komponente ist die Google Inc., 1600 Amphitheatre Pkwy, Mountain View, CA 94043-1351, USA.<\/p>\n<p class=\"bodytext\">Google Analytics setzt ein Cookie auf dem informationstechnologischen System der betroffenen Person. Im Rahmen dieses technischen Verfahrens erh\u00e4lt Google Kenntnis \u00fcber personenbezogene Daten, wie der IP-Adresse der betroffenen Person.<\/p>\n<p class=\"bodytext\">Bei jedem Besuch unserer Internetseiten werden diese personenbezogenen Daten, einschlie\u00dflich der IP-Adresse des von der betroffenen Person genutzten Internetanschlusses, an Google in den Vereinigten Staaten von Amerika \u00fcbertragen. Diese personenbezogenen Daten werden durch Google in den Vereinigten Staaten von Amerika gespeichert. Google gibt diese \u00fcber das technische Verfahren erhobenen personenbezogenen Daten unter Umst\u00e4nden an Dritte weiter.<\/p>\n<p class=\"bodytext\">Die betroffene Person kann die Setzung von Cookies durch unsere Internetseite, wie oben bereits dargestellt, jederzeit mittels einer entsprechenden Einstellung des genutzten Internetbrowsers verhindern und damit der Setzung von Cookies dauerhaft widersprechen. Ferner besteht f\u00fcr die betroffene Person die M\u00f6glichkeit, einer Erfassung der durch Google Analytics erzeugten, auf eine Nutzung dieser Internetseite bezogenen Daten sowie der Verarbeitung dieser Daten durch Google zu widersprechen und eine solche zu verhindern. Hierzu muss die betroffene Person ein Browser-Add-On unter dem Link\u00a0<a href=\"https:\/\/tools.google.com\/dlpage\/gaoptout\" target=\"_blank\" rel=\"noopener\">tools.google.com\/dlpage\/gaoptout<\/a>\u00a0herunterladen und installieren.<\/p>\n<p class=\"bodytext\">Weitere Informationen und die geltenden Datenschutzbestimmungen von Google k\u00f6nnen unter\u00a0<a href=\"https:\/\/www.google.de\/intl\/de\/policies\/privacy\/\" target=\"_blank\" rel=\"noopener\">www.google.de\/intl\/de\/policies\/privacy\/<\/a>\u00a0und unter\u00a0<a href=\"https:\/\/www.google.com\/analytics\/terms\/de.html\" target=\"_blank\" rel=\"noopener\">www.google.com\/analytics\/terms\/de.html<\/a>\u00a0abgerufen werden.<\/p>\n<p class=\"bodytext\">(11)<br \/>Wir verwenden die folgenden Komponenten tempor\u00e4r auf unserer Website:<\/p>\n<p class=\"bodytext\"><b>Registrierung auf unserer Internetseite<\/b><\/p>\n<p class=\"bodytext\">Die betroffene Person hat die M\u00f6glichkeit, sich auf unserer Internetseite unter Angabe von personenbezogenen Daten zu registrieren. Welche personenbezogenen Daten dabei \u00fcbermittelt werden, ergibt sich aus der jeweiligen Eingabemaske, die f\u00fcr die Registrierung verwendet wird. Die von der betroffenen Person eingegebenen personenbezogenen Daten werden ausschlie\u00dflich f\u00fcr die interne Verwendung und f\u00fcr eigene Zwecke erhoben und gespeichert.<\/p>\n<p class=\"bodytext\">Durch eine Registrierung auf unserer Internetseite wird ferner die vom Internet-Service-Provider der betroffenen Person vergebene IP-Adresse, das Datum sowie die Uhrzeit der Registrierung gespeichert. Eine Weitergabe dieser Daten an Dritte erfolgt grunds\u00e4tzlich nicht, sofern keine gesetzliche Pflicht zur Weitergabe besteht oder die Weitergabe der Strafverfolgung dient.<\/p>\n<p class=\"bodytext\">Registrierten Personen steht die M\u00f6glichkeit frei, die bei der Registrierung angegebenen personenbezogenen Daten jederzeit abzu\u00e4ndern oder vollst\u00e4ndig aus unserem Datenbestand l\u00f6schen zu lassen.<\/p>\n<p class=\"bodytext\">Wir erteilen jeder betroffenen Person jederzeit auf Anfrage Auskunft dar\u00fcber, welche personenbezogenen Daten \u00fcber die betroffene Person gespeichert sind. Ferner berichtigten oder l\u00f6schen wir personenbezogene Daten auf Wunsch der betroffenen Person, soweit dem keine gesetzlichen Aufbewahrungspflichten entgegenstehen. Die Gesamtheit der hierf\u00fcr verantwortlichen Mitarbeiter steht der betroffenen Person in diesem Zusammenhang als Ansprechpartner zur Verf\u00fcgung.<\/p>\n<p class=\"bodytext\"><b>Datenschutzbestimmungen zu Einsatz und Verwendung von YouTube<\/b><\/p>\n<p class=\"bodytext\">Auf dieser Internetseite wurden Komponenten von YouTube integriert. Betreibergesellschaft von YouTube ist die YouTube, LLC, 901 Cherry Ave., San Bruno, CA 94066, USA. Die YouTube, LLC ist einer Tochtergesellschaft der Google Inc., 1600 Amphitheatre Pkwy, Mountain View, CA 94043-1351, USA.<\/p>\n<p class=\"bodytext\">Durch jeden Aufruf einer der Einzelseiten dieser Internetseite welche eine YouTube-Komponente (YouTube-Video) integriert haben, erhalten YouTube und Google Kenntnis dar\u00fcber, welche konkrete Unterseite unserer Internetseite durch die betroffene Person besucht wird.<\/p>\n<p class=\"bodytext\">Sofern die betroffene Person gleichzeitig bei YouTube eingeloggt ist, erkennt YouTube mit dem Aufruf einer Unterseite, die ein YouTube-Video enth\u00e4lt, welche konkrete Unterseite unserer Internetseite die betroffene Person besucht. Diese Informationen werden durch YouTube und Google gesammelt und dem jeweiligen YouTube-Account der betroffenen Person zugeordnet.<\/p>\n<p class=\"bodytext\">Die von YouTube ver\u00f6ffentlichten Datenschutzbestimmungen, die unter\u00a0<a href=\"https:\/\/www.google.de\/intl\/de\/policies\/privacy\/\" target=\"_blank\" rel=\"noopener\">www.google.de\/intl\/de\/policies\/privacy\/<\/a>\u00a0abrufbar sind, geben Aufschluss \u00fcber die Erhebung, Verarbeitung und Nutzung personenbezogener Daten durch YouTube und Google.<\/p>\t\t\t\t\t\t\t\t<\/div>\n\t\t\t\t<\/div>\n\t\t\t\t<\/div>\n\t\t\t\t\t<\/div>\n\t\t\t\t<\/div>\n\t\t\t\t<\/div>\n\t\t","protected":false},"excerpt":{"rendered":"<p>DATENSCHUTZ-INFORMATION GEM\u00c4SS ART. 13 DSGVO Pr\u00e4ambelDie EU Datenschutzgrundverordnung (DSGVO; Verordnung (EU) 2016\/679) legt eine Informationspflicht fest, falls personenbezogene Daten verarbeitet werden. Uns ist es wichtig Ihre Privatsph\u00e4re zu sch\u00fctzen und zu respektieren, und wir m\u00f6chten Sie hier dar\u00fcber informieren, wie wir Ihre pers\u00f6nlichen Daten nutzen und sch\u00fctzen.Sollten Sie weitere W\u00fcnsche zu Ihrem Datenschutz haben, nehmen [&hellip;]<\/p>\n","protected":false},"author":2,"featured_media":0,"parent":0,"menu_order":0,"comment_status":"closed","ping_status":"closed","template":"elementor_header_footer","meta":{"footnotes":""},"class_list":["post-299","page","type-page","status-publish","hentry"],"acf":[],"_links":{"self":[{"href":"https:\/\/ral.komfour-develop.de\/de\/wp-json\/wp\/v2\/pages\/299","targetHints":{"allow":["GET"]}}],"collection":[{"href":"https:\/\/ral.komfour-develop.de\/de\/wp-json\/wp\/v2\/pages"}],"about":[{"href":"https:\/\/ral.komfour-develop.de\/de\/wp-json\/wp\/v2\/types\/page"}],"author":[{"embeddable":true,"href":"https:\/\/ral.komfour-develop.de\/de\/wp-json\/wp\/v2\/users\/2"}],"replies":[{"embeddable":true,"href":"https:\/\/ral.komfour-develop.de\/de\/wp-json\/wp\/v2\/comments?post=299"}],"version-history":[{"count":13,"href":"https:\/\/ral.komfour-develop.de\/de\/wp-json\/wp\/v2\/pages\/299\/revisions"}],"predecessor-version":[{"id":1738,"href":"https:\/\/ral.komfour-develop.de\/de\/wp-json\/wp\/v2\/pages\/299\/revisions\/1738"}],"wp:attachment":[{"href":"https:\/\/ral.komfour-develop.de\/de\/wp-json\/wp\/v2\/media?parent=299"}],"curies":[{"name":"wp","href":"https:\/\/api.w.org\/{rel}","templated":true}]}}