{"id":3647,"date":"2024-04-26T10:33:52","date_gmt":"2024-04-26T10:33:52","guid":{"rendered":"https:\/\/ral.komfour-develop.de\/?page_id=3647"},"modified":"2024-08-26T09:11:26","modified_gmt":"2024-08-26T09:11:26","slug":"conseils","status":"publish","type":"page","link":"https:\/\/ral.komfour-develop.de\/fr\/conseils\/","title":{"rendered":"Conseils"},"content":{"rendered":"\t\t<div data-elementor-type=\"wp-page\" data-elementor-id=\"3647\" class=\"elementor elementor-3647 elementor-192\" data-elementor-post-type=\"page\">\n\t\t\t\t<div class=\"elementor-element elementor-element-4f6b760 e-con-full elementor-hidden-mobile e-flex e-con e-parent\" data-id=\"4f6b760\" data-element_type=\"container\" data-e-type=\"container\">\n\t\t<div class=\"elementor-element elementor-element-262cea2 e-con-full e-flex e-con e-child\" data-id=\"262cea2\" data-element_type=\"container\" data-e-type=\"container\">\n\t\t<div class=\"elementor-element elementor-element-8162272 e-con-full e-flex e-con e-child\" data-id=\"8162272\" data-element_type=\"container\" data-e-type=\"container\">\n\t\t\t\t<div class=\"elementor-element elementor-element-f7a55ea elementor--h-position-left elementor--v-position-top elementor-arrows-position-inside elementor-pagination-position-inside elementor-widget elementor-widget-slides\" data-id=\"f7a55ea\" data-element_type=\"widget\" data-e-type=\"widget\" data-settings=\"{&quot;navigation&quot;:&quot;both&quot;,&quot;autoplay&quot;:&quot;yes&quot;,&quot;pause_on_hover&quot;:&quot;yes&quot;,&quot;pause_on_interaction&quot;:&quot;yes&quot;,&quot;autoplay_speed&quot;:5000,&quot;infinite&quot;:&quot;yes&quot;,&quot;transition&quot;:&quot;slide&quot;,&quot;transition_speed&quot;:500}\" data-widget_type=\"slides.default\">\n\t\t\t\t<div class=\"elementor-widget-container\">\n\t\t\t\t\t\t\t<div class=\"elementor-swiper\">\n\t\t\t<div class=\"elementor-slides-wrapper elementor-main-swiper swiper-container\" dir=\"ltr\" data-animation=\"fadeInUp\">\n\t\t\t\t<div class=\"swiper-wrapper elementor-slides\">\n\t\t\t\t\t\t\t\t\t\t<div class=\"elementor-repeater-item-07035d2 swiper-slide\"><div class=\"swiper-slide-bg\" role=\"img\"><\/div><div class=\"swiper-slide-inner\" ><div class=\"swiper-slide-contents\"><div class=\"elementor-slide-heading\">Tout est<\/div><div class=\"elementor-slide-description\"><p>fait \u00e0 partir des meilleures mati\u00e8res premi\u00e8res et d'une qualit\u00e9 contr\u00f4l\u00e9e<\/p>\n<\/div><\/div><\/div><\/div>\t\t\t\t<\/div>\n\t\t\t\t\t\t\t<\/div>\n\t\t<\/div>\n\t\t\t\t\t\t<\/div>\n\t\t\t\t<\/div>\n\t\t\t\t<\/div>\n\t\t\t\t<\/div>\n\t\t\t\t<\/div>\n\t\t<div class=\"elementor-element elementor-element-93ed544 e-con-full elementor-hidden-desktop elementor-hidden-tablet e-flex e-con e-parent\" data-id=\"93ed544\" data-element_type=\"container\" data-e-type=\"container\">\n\t\t<div class=\"elementor-element elementor-element-fbf0b14 e-con-full e-flex e-con e-child\" data-id=\"fbf0b14\" data-element_type=\"container\" data-e-type=\"container\">\n\t\t<div class=\"elementor-element elementor-element-b9b82da e-con-full e-flex e-con e-child\" data-id=\"b9b82da\" data-element_type=\"container\" data-e-type=\"container\">\n\t\t\t\t<div class=\"elementor-element elementor-element-8e123f9 elementor--h-position-left elementor--v-position-top elementor-arrows-position-inside elementor-pagination-position-inside elementor-widget elementor-widget-slides\" data-id=\"8e123f9\" data-element_type=\"widget\" data-e-type=\"widget\" data-settings=\"{&quot;navigation&quot;:&quot;both&quot;,&quot;autoplay&quot;:&quot;yes&quot;,&quot;pause_on_hover&quot;:&quot;yes&quot;,&quot;pause_on_interaction&quot;:&quot;yes&quot;,&quot;autoplay_speed&quot;:5000,&quot;infinite&quot;:&quot;yes&quot;,&quot;transition&quot;:&quot;slide&quot;,&quot;transition_speed&quot;:500}\" data-widget_type=\"slides.default\">\n\t\t\t\t<div class=\"elementor-widget-container\">\n\t\t\t\t\t\t\t<div class=\"elementor-swiper\">\n\t\t\t<div class=\"elementor-slides-wrapper elementor-main-swiper swiper-container\" dir=\"ltr\" data-animation=\"fadeInUp\">\n\t\t\t\t<div class=\"swiper-wrapper elementor-slides\">\n\t\t\t\t\t\t\t\t\t\t<div class=\"elementor-repeater-item-07035d2 swiper-slide\"><div class=\"swiper-slide-bg\" role=\"img\"><\/div><div class=\"swiper-slide-inner\" ><div class=\"swiper-slide-contents\"><div class=\"elementor-slide-heading\">Tout est<\/div><div class=\"elementor-slide-description\"><p>fait \u00e0 partir des meilleures mati\u00e8res premi\u00e8res et d'une qualit\u00e9 contr\u00f4l\u00e9e<\/p>\n<\/div><\/div><\/div><\/div>\t\t\t\t<\/div>\n\t\t\t\t\t\t\t<\/div>\n\t\t<\/div>\n\t\t\t\t\t\t<\/div>\n\t\t\t\t<\/div>\n\t\t\t\t<\/div>\n\t\t\t\t<\/div>\n\t\t\t\t<\/div>\n\t\t<div class=\"elementor-element elementor-element-0c3386e e-flex e-con-boxed e-con e-parent\" data-id=\"0c3386e\" data-element_type=\"container\" data-e-type=\"container\">\n\t\t\t\t\t<div class=\"e-con-inner\">\n\t\t<div class=\"elementor-element elementor-element-8ccafe9 e-con-full e-flex e-con e-child\" data-id=\"8ccafe9\" data-element_type=\"container\" data-e-type=\"container\">\n\t\t\t\t<div class=\"elementor-element elementor-element-7f6ddff elementor-widget elementor-widget-heading\" data-id=\"7f6ddff\" data-element_type=\"widget\" data-e-type=\"widget\" data-widget_type=\"heading.default\">\n\t\t\t\t<div class=\"elementor-widget-container\">\n\t\t\t\t\t<h1 class=\"elementor-heading-title elementor-size-default\">CONSEILS UTILES \u00ab AUTOUR DE LA BOUGIE \u00bb.<\/h1>\t\t\t\t<\/div>\n\t\t\t\t<\/div>\n\t\t\t\t<div class=\"elementor-element elementor-element-b2b9b5e elementor--h-position-center elementor--v-position-middle elementor-arrows-position-inside elementor-pagination-position-inside elementor-widget elementor-widget-slides\" data-id=\"b2b9b5e\" data-element_type=\"widget\" data-e-type=\"widget\" data-settings=\"{&quot;navigation&quot;:&quot;both&quot;,&quot;autoplay&quot;:&quot;yes&quot;,&quot;pause_on_interaction&quot;:&quot;yes&quot;,&quot;autoplay_speed&quot;:5000,&quot;infinite&quot;:&quot;yes&quot;,&quot;transition&quot;:&quot;slide&quot;,&quot;transition_speed&quot;:500}\" data-widget_type=\"slides.default\">\n\t\t\t\t<div class=\"elementor-widget-container\">\n\t\t\t\t\t\t\t<div class=\"elementor-swiper\">\n\t\t\t<div class=\"elementor-slides-wrapper elementor-main-swiper swiper-container\" dir=\"ltr\" data-animation=\"fadeInUp\">\n\t\t\t\t<div class=\"swiper-wrapper elementor-slides\">\n\t\t\t\t\t\t\t\t\t\t<div class=\"elementor-repeater-item-3eaa20c swiper-slide\"><div class=\"swiper-slide-bg\" role=\"img\"><\/div><div class=\"swiper-slide-inner\" ><div class=\"swiper-slide-contents\"><div class=\"elementor-slide-heading\">\u2713 Respecter les consignes de s\u00e9curit\u00e9 et de cuisson<\/div><\/div><\/div><\/div><div class=\"elementor-repeater-item-b2019a7 swiper-slide\"><div class=\"swiper-slide-bg\" role=\"img\"><\/div><div class=\"swiper-slide-inner\" ><div class=\"swiper-slide-contents\"><div class=\"elementor-slide-heading\">\u2713 Respecter une distance suffisante<\/div><div class=\"elementor-slide-description\"><p>Rideaux, d\u00e9coration, branches, ...<\/p>\n<\/div><\/div><\/div><\/div><div class=\"elementor-repeater-item-488325d swiper-slide\"><div class=\"swiper-slide-bg\" role=\"img\"><\/div><div class=\"swiper-slide-inner\" ><div class=\"swiper-slide-contents\"><div class=\"elementor-slide-heading\">\u2713 Ne pas laisser la bougie sans surveillance<\/div><\/div><\/div><\/div><div class=\"elementor-repeater-item-22e95b6 swiper-slide\"><div class=\"swiper-slide-bg\" role=\"img\"><\/div><div class=\"swiper-slide-inner\" ><div class=\"swiper-slide-contents\"><div class=\"elementor-slide-heading\">\u2713 Faire br\u00fbler la bougie sur un dessous de plat r\u00e9sistant \u00e0 la chaleur et non inflammable<\/div><\/div><\/div><\/div><div class=\"elementor-repeater-item-2506d86 swiper-slide\"><div class=\"swiper-slide-bg\" role=\"img\"><\/div><div class=\"swiper-slide-inner\" ><div class=\"swiper-slide-contents\"><div class=\"elementor-slide-heading\">\u2713 \u00e9viter les courants d'air<\/div><div class=\"elementor-slide-description\"><p>(portes\/fen\u00eatres\/mouvement)<\/p>\n<\/div><\/div><\/div><\/div><div class=\"elementor-repeater-item-12ad558 swiper-slide\"><div class=\"swiper-slide-bg\" role=\"img\"><\/div><div class=\"swiper-slide-inner\" ><div class=\"swiper-slide-contents\"><div class=\"elementor-slide-heading\">\u2713 Maintenir la cuvette de cuisson propre<\/div><\/div><\/div><\/div><div class=\"elementor-repeater-item-d46f05a swiper-slide\"><div class=\"swiper-slide-bg\" role=\"img\"><\/div><div class=\"swiper-slide-inner\" ><div class=\"swiper-slide-contents\"><div class=\"elementor-slide-heading\">\u2713 En cas de d\u00e9gagement de suie : \u00e9teindre la bougie<\/div><div class=\"elementor-slide-description\"><p>si n\u00e9cessaire, raccourcir le bord ou la m\u00e8che<\/p>\n<\/div><\/div><\/div><\/div><div class=\"elementor-repeater-item-bad7db0 swiper-slide\"><div class=\"swiper-slide-bg\" role=\"img\"><\/div><div class=\"swiper-slide-inner\" ><div class=\"swiper-slide-contents\"><div class=\"elementor-slide-heading\">\u2713 \u00e9touffer la flamme de la bougie, ne pas la souffler<\/div><div class=\"elementor-slide-description\"><p>Utiliser un extincteur de bougie<\/p>\n<\/div><\/div><\/div><\/div>\t\t\t\t<\/div>\n\t\t\t\t\t\t\t\t\t\t\t\t\t\t\t<div class=\"swiper-pagination\"><\/div>\n\t\t\t\t\t\t\t\t\t\t\t\t\t\t\t\t<div class=\"elementor-swiper-button elementor-swiper-button-prev\" role=\"button\" tabindex=\"0\">\n\t\t\t\t\t\t\t<svg aria-hidden=\"true\" class=\"e-font-icon-svg e-eicon-chevron-left\" viewBox=\"0 0 1000 1000\" xmlns=\"http:\/\/www.w3.org\/2000\/svg\"><path d=\"M646 125C629 125 613 133 604 142L308 442C296 454 292 471 292 487 292 504 296 521 308 533L604 854C617 867 629 875 646 875 663 875 679 871 692 858 704 846 713 829 713 812 713 796 708 779 692 767L438 487 692 225C700 217 708 204 708 187 708 171 704 154 692 142 675 129 663 125 646 125Z\"><\/path><\/svg>\t\t\t\t\t\t\t<span class=\"elementor-screen-only\">Diapositive pr\u00e9c\u00e9dente<\/span>\n\t\t\t\t\t\t<\/div>\n\t\t\t\t\t\t<div class=\"elementor-swiper-button elementor-swiper-button-next\" role=\"button\" tabindex=\"0\">\n\t\t\t\t\t\t\t<svg aria-hidden=\"true\" class=\"e-font-icon-svg e-eicon-chevron-right\" viewBox=\"0 0 1000 1000\" xmlns=\"http:\/\/www.w3.org\/2000\/svg\"><path d=\"M696 533C708 521 713 504 713 487 713 471 708 454 696 446L400 146C388 133 375 125 354 125 338 125 325 129 313 142 300 154 292 171 292 187 292 204 296 221 308 233L563 492 304 771C292 783 288 800 288 817 288 833 296 850 308 863 321 871 338 875 354 875 371 875 388 867 400 854L696 533Z\"><\/path><\/svg>\t\t\t\t\t\t\t<span class=\"elementor-screen-only\">Diapositive suivante<\/span>\n\t\t\t\t\t\t<\/div>\n\t\t\t\t\t\t\t\t\t\t\t\t<\/div>\n\t\t<\/div>\n\t\t\t\t\t\t<\/div>\n\t\t\t\t<\/div>\n\t\t\t\t<div class=\"elementor-element elementor-element-28c5ec3 elementor-widget__width-initial e-transform elementor-invisible elementor-widget elementor-widget-image\" data-id=\"28c5ec3\" data-element_type=\"widget\" data-e-type=\"widget\" data-settings=\"{&quot;_transform_scale_effect_hover&quot;:{&quot;unit&quot;:&quot;px&quot;,&quot;size&quot;:0.9,&quot;sizes&quot;:[]},&quot;_animation&quot;:&quot;pulse&quot;,&quot;_transform_scale_effect_hover_tablet&quot;:{&quot;unit&quot;:&quot;px&quot;,&quot;size&quot;:&quot;&quot;,&quot;sizes&quot;:[]},&quot;_transform_scale_effect_hover_mobile&quot;:{&quot;unit&quot;:&quot;px&quot;,&quot;size&quot;:&quot;&quot;,&quot;sizes&quot;:[]}}\" data-widget_type=\"image.default\">\n\t\t\t\t<div class=\"elementor-widget-container\">\n\t\t\t\t\t\t\t\t\t\t\t\t\t\t\t\t<a href=\"https:\/\/de-de.facebook.com\/kerzenguete\/\" target=\"_blank\">\n\t\t\t\t\t\t\t<img fetchpriority=\"high\" decoding=\"async\" width=\"1361\" height=\"1080\" src=\"https:\/\/ral.komfour-develop.de\/wp-content\/uploads\/2024\/05\/mehr-tipps-badge.png\" class=\"attachment-full size-full wp-image-591\" alt=\"\" srcset=\"https:\/\/ral.komfour-develop.de\/wp-content\/uploads\/2024\/05\/mehr-tipps-badge.png 1361w, https:\/\/ral.komfour-develop.de\/wp-content\/uploads\/2024\/05\/mehr-tipps-badge-300x238.png 300w, https:\/\/ral.komfour-develop.de\/wp-content\/uploads\/2024\/05\/mehr-tipps-badge-1024x813.png 1024w, https:\/\/ral.komfour-develop.de\/wp-content\/uploads\/2024\/05\/mehr-tipps-badge-768x609.png 768w\" sizes=\"(max-width: 1361px) 100vw, 1361px\" \/>\t\t\t\t\t\t\t\t<\/a>\n\t\t\t\t\t\t\t\t\t\t\t\t\t\t\t<\/div>\n\t\t\t\t<\/div>\n\t\t\t\t<\/div>\n\t\t\t\t\t<\/div>\n\t\t\t\t<\/div>\n\t\t<div class=\"elementor-element elementor-element-69d6e15 e-flex e-con-boxed e-con e-parent\" data-id=\"69d6e15\" data-element_type=\"container\" data-e-type=\"container\">\n\t\t\t\t\t<div class=\"e-con-inner\">\n\t\t<div class=\"elementor-element elementor-element-daf3822 e-con-full e-flex e-con e-child\" data-id=\"daf3822\" data-element_type=\"container\" data-e-type=\"container\">\n\t\t\t\t<div class=\"elementor-element elementor-element-d4a1a2c elementor-widget elementor-widget-heading\" data-id=\"d4a1a2c\" data-element_type=\"widget\" data-e-type=\"widget\" data-widget_type=\"heading.default\">\n\t\t\t\t<div class=\"elementor-widget-container\">\n\t\t\t\t\t<h1 class=\"elementor-heading-title elementor-size-default\">CONSEILS D'ENTRETIEN POUR LES AMATEURS DE BOUGIES<\/h1>\t\t\t\t<\/div>\n\t\t\t\t<\/div>\n\t\t\t\t<div class=\"elementor-element elementor-element-ab44ff5 elementor-widget elementor-widget-text-editor\" data-id=\"ab44ff5\" data-element_type=\"widget\" data-e-type=\"widget\" data-widget_type=\"text-editor.default\">\n\t\t\t\t<div class=\"elementor-widget-container\">\n\t\t\t\t\t\t\t\t\t<p><\/p>\n<p>Les bougies sont compos\u00e9es de paraffine, de cire d&rsquo;abeille, de st\u00e9arine ou de graisse. Ces substances (\u00e0 l&rsquo;exception de la st\u00e9arine) sont appel\u00e9es cires et changent d&rsquo;\u00e9tat en fonction de la temp\u00e9rature. \u00c0 des temp\u00e9ratures \u00e9lev\u00e9es, les cires deviennent molles, mall\u00e9ables ou liquides. Le froid, en revanche, les rend dures et cassantes. Ces propri\u00e9t\u00e9s physiques peuvent \u00eatre mises \u00e0 profit lors de l&rsquo;utilisation de bougies \u00e0 la maison.    <\/p>\t\t\t\t\t\t\t\t<\/div>\n\t\t\t\t<\/div>\n\t\t\t\t<\/div>\n\t\t<div class=\"elementor-element elementor-element-6d0138c e-con-full e-flex e-con e-child\" data-id=\"6d0138c\" data-element_type=\"container\" data-e-type=\"container\">\n\t\t\t\t<div class=\"elementor-element elementor-element-5b1614d elementor-widget elementor-widget-text-editor\" data-id=\"5b1614d\" data-element_type=\"widget\" data-e-type=\"widget\" data-widget_type=\"text-editor.default\">\n\t\t\t\t<div class=\"elementor-widget-container\">\n\t\t\t\t\t\t\t\t\t<p><\/p>\n<h4>PARFAITEMENT EN FORME<\/h4>\n<p>La bougie est trop \u00e9paisse pour le bougeoir souhait\u00e9 ? Il suffit de la plonger bri\u00e8vement dans de l&rsquo;eau bouillante &#8211; elle s&rsquo;adapte alors sans probl\u00e8me. <\/p>\t\t\t\t\t\t\t\t<\/div>\n\t\t\t\t<\/div>\n\t\t\t\t<div class=\"elementor-element elementor-element-af8e5c9 elementor-widget elementor-widget-text-editor\" data-id=\"af8e5c9\" data-element_type=\"widget\" data-e-type=\"widget\" data-widget_type=\"text-editor.default\">\n\t\t\t\t<div class=\"elementor-widget-container\">\n\t\t\t\t\t\t\t\t\t<p><\/p>\n<p>CONSEIL : Les bougies portant le label de qualit\u00e9 RAL ne promettent pas seulement une bonne apparence. Les formes, les teintes, les dimensions et la qualit\u00e9 de la m\u00e8che sont \u00e9galement constantes et fiables. <\/p>\t\t\t\t\t\t\t\t<\/div>\n\t\t\t\t<\/div>\n\t\t\t\t<div class=\"elementor-element elementor-element-0cc17d5 elementor-widget elementor-widget-text-editor\" data-id=\"0cc17d5\" data-element_type=\"widget\" data-e-type=\"widget\" data-widget_type=\"text-editor.default\">\n\t\t\t\t<div class=\"elementor-widget-container\">\n\t\t\t\t\t\t\t\t\t<p><\/p>\n<h4>DUR\u00c9E DE COMBUSTION AUGMENT\u00c9E PAR L&rsquo;EAU SAL\u00c9E ET LE FROID ?<\/h4>\n<p>Des exp\u00e9riences scientifiques ont montr\u00e9 que l&rsquo;immersion pr\u00e9alable des bougies dans de l&rsquo;eau sal\u00e9e ou leur stockage au r\u00e9frig\u00e9rateur ou au cong\u00e9lateur n&rsquo;ont pas d&rsquo;influence notable sur la dur\u00e9e de combustion des bougies.<\/p>\t\t\t\t\t\t\t\t<\/div>\n\t\t\t\t<\/div>\n\t\t\t\t<div class=\"elementor-element elementor-element-53f0388 elementor-widget elementor-widget-text-editor\" data-id=\"53f0388\" data-element_type=\"widget\" data-e-type=\"widget\" data-widget_type=\"text-editor.default\">\n\t\t\t\t<div class=\"elementor-widget-container\">\n\t\t\t\t\t\t\t\t\t<p><\/p>\n<p>CONSEIL : Les bougies portant le label de qualit\u00e9 RAL se consument uniform\u00e9ment et garantissent la dur\u00e9e de combustion indiqu\u00e9e sur l&#8217;emballage.<\/p>\t\t\t\t\t\t\t\t<\/div>\n\t\t\t\t<\/div>\n\t\t\t\t<\/div>\n\t\t<div class=\"elementor-element elementor-element-e1d1963 e-con-full e-flex e-con e-child\" data-id=\"e1d1963\" data-element_type=\"container\" data-e-type=\"container\">\n\t\t\t\t<div class=\"elementor-element elementor-element-1f33cfd elementor-widget elementor-widget-text-editor\" data-id=\"1f33cfd\" data-element_type=\"widget\" data-e-type=\"widget\" data-widget_type=\"text-editor.default\">\n\t\t\t\t<div class=\"elementor-widget-container\">\n\t\t\t\t\t\t\t\t\t<p><\/p>\n<h4>SANS FEU<\/h4>\n<p>Les taches de cire sur les chandeliers en m\u00e9tal peuvent \u00e9galement \u00eatre \u00e9limin\u00e9es par la chaleur : dans un four chauff\u00e9 \u00e0 100\u00b0C, la cire fond et peut ensuite \u00eatre enlev\u00e9e avec un chiffon.<\/p>\n<p>Les restes de cire sur les bougeoirs ou les chandeliers en verre ou fragiles peuvent \u00eatre facilement essuy\u00e9s apr\u00e8s un bain dans de l&rsquo;eau chaude (pas bouillante !).<\/p>\n<p>Les textiles peuvent \u00e9galement \u00eatre d\u00e9barrass\u00e9s sans probl\u00e8me des taches de cire en les recouvrant de papier buvard lors du repassage et en passant le fer \u00e0 repasser chaud dessus : la cire fondue est ainsi absorb\u00e9e par le papier buvard. Les r\u00e9sidus tenaces peuvent \u00eatre \u00e9limin\u00e9s avec des solvants (par exemple de la benzine). <\/p>\n<p>Si de la cire a coul\u00e9 sur des articles en cuir (lisse), il faut utiliser le froid : il suffit de placer la cire au cong\u00e9lateur ou d&rsquo;appliquer un sac de glace. D\u00e8s que la cire a durci, elle s&rsquo;enl\u00e8ve facilement (en fonction de la nature du cuir). Un spray r\u00e9frig\u00e9rant achet\u00e9 dans un magasin de bricolage peut \u00e9galement faire l&rsquo;affaire.  <\/p>\t\t\t\t\t\t\t\t<\/div>\n\t\t\t\t<\/div>\n\t\t\t\t<div class=\"elementor-element elementor-element-c164048 elementor-widget elementor-widget-text-editor\" data-id=\"c164048\" data-element_type=\"widget\" data-e-type=\"widget\" data-widget_type=\"text-editor.default\">\n\t\t\t\t<div class=\"elementor-widget-container\">\n\t\t\t\t\t\t\t\t\t<p><\/p>\n<p>CONSEIL : si elles sont utilis\u00e9es correctement, les bougies portant le label de qualit\u00e9 RAL garantissent une combustion sans gouttes et pr\u00e9viennent ainsi les taches de cire.<\/p>\t\t\t\t\t\t\t\t<\/div>\n\t\t\t\t<\/div>\n\t\t\t\t<\/div>\n\t\t\t\t\t<\/div>\n\t\t\t\t<\/div>\n\t\t\t\t<\/div>\n\t\t","protected":false},"excerpt":{"rendered":"<p>Tout est fait \u00e0 partir des meilleures mati\u00e8res premi\u00e8res et d&rsquo;une qualit\u00e9 contr\u00f4l\u00e9e Tout est fait \u00e0 partir des meilleures mati\u00e8res premi\u00e8res et d&rsquo;une qualit\u00e9 contr\u00f4l\u00e9e CONSEILS UTILES \u00ab AUTOUR DE LA BOUGIE \u00bb. \u2713 Respecter les consignes de s\u00e9curit\u00e9 et de cuisson\u2713 Respecter une distance suffisante Rideaux, d\u00e9coration, branches, &#8230; \u2713 Ne pas laisser [&hellip;]<\/p>\n","protected":false},"author":2,"featured_media":0,"parent":0,"menu_order":0,"comment_status":"closed","ping_status":"closed","template":"elementor_header_footer","meta":{"footnotes":""},"class_list":["post-3647","page","type-page","status-publish","hentry"],"acf":[],"_links":{"self":[{"href":"https:\/\/ral.komfour-develop.de\/fr\/wp-json\/wp\/v2\/pages\/3647","targetHints":{"allow":["GET"]}}],"collection":[{"href":"https:\/\/ral.komfour-develop.de\/fr\/wp-json\/wp\/v2\/pages"}],"about":[{"href":"https:\/\/ral.komfour-develop.de\/fr\/wp-json\/wp\/v2\/types\/page"}],"author":[{"embeddable":true,"href":"https:\/\/ral.komfour-develop.de\/fr\/wp-json\/wp\/v2\/users\/2"}],"replies":[{"embeddable":true,"href":"https:\/\/ral.komfour-develop.de\/fr\/wp-json\/wp\/v2\/comments?post=3647"}],"version-history":[{"count":6,"href":"https:\/\/ral.komfour-develop.de\/fr\/wp-json\/wp\/v2\/pages\/3647\/revisions"}],"predecessor-version":[{"id":4144,"href":"https:\/\/ral.komfour-develop.de\/fr\/wp-json\/wp\/v2\/pages\/3647\/revisions\/4144"}],"wp:attachment":[{"href":"https:\/\/ral.komfour-develop.de\/fr\/wp-json\/wp\/v2\/media?parent=3647"}],"curies":[{"name":"wp","href":"https:\/\/api.w.org\/{rel}","templated":true}]}}