{"id":3711,"date":"2024-05-29T06:32:05","date_gmt":"2024-05-29T06:32:05","guid":{"rendered":"https:\/\/ral.komfour-develop.de\/?page_id=3711"},"modified":"2024-07-29T13:48:45","modified_gmt":"2024-07-29T13:48:45","slug":"extrait-des-specifications-de-lessai","status":"publish","type":"page","link":"https:\/\/ral.komfour-develop.de\/fr\/extrait-des-specifications-de-lessai\/","title":{"rendered":"Extrait des sp\u00e9cifications de l&rsquo;essai"},"content":{"rendered":"\t\t<div data-elementor-type=\"wp-page\" data-elementor-id=\"3711\" class=\"elementor elementor-3711 elementor-1349\" data-elementor-post-type=\"page\">\n\t\t\t\t<div class=\"elementor-element elementor-element-1c04d01 e-con-full e-flex e-con e-parent\" data-id=\"1c04d01\" data-element_type=\"container\" data-e-type=\"container\">\n\t\t<div class=\"elementor-element elementor-element-7b8b2fb e-con-full e-flex e-con e-child\" data-id=\"7b8b2fb\" data-element_type=\"container\" data-e-type=\"container\">\n\t\t\t\t<div class=\"elementor-element elementor-element-403a0b5 elementor--h-position-left elementor--v-position-top elementor-arrows-position-inside elementor-pagination-position-inside elementor-widget elementor-widget-slides\" data-id=\"403a0b5\" data-element_type=\"widget\" data-e-type=\"widget\" data-settings=\"{&quot;navigation&quot;:&quot;both&quot;,&quot;autoplay&quot;:&quot;yes&quot;,&quot;pause_on_hover&quot;:&quot;yes&quot;,&quot;pause_on_interaction&quot;:&quot;yes&quot;,&quot;autoplay_speed&quot;:5000,&quot;infinite&quot;:&quot;yes&quot;,&quot;transition&quot;:&quot;slide&quot;,&quot;transition_speed&quot;:500}\" data-widget_type=\"slides.default\">\n\t\t\t\t<div class=\"elementor-widget-container\">\n\t\t\t\t\t\t\t<div class=\"elementor-swiper\">\n\t\t\t<div class=\"elementor-slides-wrapper elementor-main-swiper swiper-container\" dir=\"ltr\" data-animation=\"fadeInUp\">\n\t\t\t\t<div class=\"swiper-wrapper elementor-slides\">\n\t\t\t\t\t\t\t\t\t\t<div class=\"elementor-repeater-item-07035d2 swiper-slide\"><div class=\"swiper-slide-bg\" role=\"img\"><\/div><div class=\"swiper-slide-inner\" ><div class=\"swiper-slide-contents\"><div class=\"elementor-slide-heading\">Nous travaillons avec<\/div><div class=\"elementor-slide-description\"><p>des mati\u00e8res premi\u00e8res dont la qualit\u00e9 est garantie !<\/p>\n<\/div><\/div><\/div><\/div>\t\t\t\t<\/div>\n\t\t\t\t\t\t\t<\/div>\n\t\t<\/div>\n\t\t\t\t\t\t<\/div>\n\t\t\t\t<\/div>\n\t\t\t\t<\/div>\n\t\t\t\t<\/div>\n\t\t<div class=\"elementor-element elementor-element-1cb4345 e-flex e-con-boxed e-con e-parent\" data-id=\"1cb4345\" data-element_type=\"container\" data-e-type=\"container\">\n\t\t\t\t\t<div class=\"e-con-inner\">\n\t\t<div class=\"elementor-element elementor-element-5afa847 e-con-full e-flex e-con e-child\" data-id=\"5afa847\" data-element_type=\"container\" data-e-type=\"container\">\n\t\t\t\t<div class=\"elementor-element elementor-element-6d29b45 elementor-widget elementor-widget-heading\" data-id=\"6d29b45\" data-element_type=\"widget\" data-e-type=\"widget\" data-widget_type=\"heading.default\">\n\t\t\t\t<div class=\"elementor-widget-container\">\n\t\t\t\t\t<h1 class=\"elementor-heading-title elementor-size-default\">EXTRAIT DES EXIGENCES RELATIVES AUX MATI\u00c8RES PREMI\u00c8RES ET AUXILIAIRES POUR LA PROTECTION DE LA SANT\u00c9<\/h1>\t\t\t\t<\/div>\n\t\t\t\t<\/div>\n\t\t\t\t<div class=\"elementor-element elementor-element-5805c0d elementor-widget elementor-widget-text-editor\" data-id=\"5805c0d\" data-element_type=\"widget\" data-e-type=\"widget\" data-widget_type=\"text-editor.default\">\n\t\t\t\t<div class=\"elementor-widget-container\">\n\t\t\t\t\t\t\t\t\t<p><\/p>\n<h1>BASE<\/h1>\n<p>Les mati\u00e8res premi\u00e8res et auxiliaires utilis\u00e9es pour les bougies garanties ne doivent pas pr\u00e9senter, par elles-m\u00eames ou par d&rsquo;\u00e9ventuelles impuret\u00e9s, des propri\u00e9t\u00e9s susceptibles de nuire \u00e0 la sant\u00e9 du consommateur en cas d&rsquo;utilisation conforme ou de mauvaise utilisation pr\u00e9visible des bougies, ou de porter atteinte \u00e0 l&rsquo;aspect esth\u00e9tique de la bougie ou \u00e0 son aptitude \u00e0 l&#8217;emploi.<\/p>\n<h4>Date \u00e0 prendre en compte<\/h4>\n<p>En particulier, les exigences I \u00e0 VIII mentionn\u00e9es ci-dessous doivent \u00eatre respect\u00e9es par le fournisseur au moment du transfert au fabricant de bougies.<\/p>\n<h4>M\u00e9langes de masses combustibles<\/h4>\n<p>On consid\u00e8re qu&rsquo;il y a m\u00e9lange de masses combustibles lorsque la somme de tous les composants ajout\u00e9s \u00e0 une masse combustible selon I \u00e0 IV d\u00e9passe une proportion de 5 % en poids. Les m\u00e8ches, les peintures, les vernis et les parfums sont exclus de cette disposition. Les diff\u00e9rents composants des m\u00e9langes de masses combustibles compos\u00e9s de diff\u00e9rentes mati\u00e8res premi\u00e8res doivent satisfaire aux exigences respectives I \u00e0 IV.  <\/p>\n<p>Il n&rsquo;est pas toujours possible de transposer ces exigences aux m\u00e9langes de masse combustible finis.<\/p>\n<h4>Masses \u00e0 cuire innovantes<\/h4>\n<p>Les masses combustibles pour lesquelles aucune exigence sp\u00e9cifique n&rsquo;est d\u00e9finie par I \u00e0 IV ne peuvent \u00eatre utilis\u00e9es \u00e0 plus de 5% en poids pour la fabrication de bougies de qualit\u00e9 garantie que si elles sont enregistr\u00e9es pour une utilisation en tant que masse combustible pour bougies selon le r\u00e8glement REACH (CE) n\u00b0 1907\/2006. Tant qu&rsquo;il n&rsquo;existe qu&rsquo;un pr\u00e9-enregistrement ou qu&rsquo;ils sont exempt\u00e9s de l&rsquo;obligation d&rsquo;enregistrement ou de REACH en g\u00e9n\u00e9ral, l&rsquo;institut de contr\u00f4le externe doit pr\u00e9alablement confirmer l&rsquo;innocuit\u00e9 sanitaire conform\u00e9ment aux dispositions g\u00e9n\u00e9rales de qualit\u00e9 et de contr\u00f4le des bougies, point 2.  <\/p>\n<h4>Preuves des fournisseurs<\/h4>\n<p>Les fournisseurs d\u00e9sign\u00e9s par la communaut\u00e9 de bonnes pratiques apportent la preuve de conformit\u00e9 conform\u00e9ment \u00e0 la norme EN 10204, point 3.1 \u00ab Attestation d&rsquo;usine 2.1 \u00bb. <\/p>\n<h4>M\u00e9thodes d&rsquo;essai<\/h4>\n<p>Les m\u00e9thodes d&rsquo;essai d\u00e9finies tiennent compte de l&rsquo;utilisation des mati\u00e8res premi\u00e8res et auxiliaires dans les masques de cuisson pour bougies. Pour les valeurs limites marqu\u00e9es d&rsquo;un \u00ab * \u00bb, des m\u00e9thodes d&rsquo;essai valid\u00e9es ne sont actuellement pas disponibles. <\/p>\t\t\t\t\t\t\t\t<\/div>\n\t\t\t\t<\/div>\n\t\t\t\t<div class=\"elementor-element elementor-element-4060073 elementor-widget elementor-widget-text-editor\" data-id=\"4060073\" data-element_type=\"widget\" data-e-type=\"widget\" data-widget_type=\"text-editor.default\">\n\t\t\t\t<div class=\"elementor-widget-container\">\n\t\t\t\t\t\t\t\t\t<h3>I. Paraffine<\/h3>\n<p><img fetchpriority=\"high\" decoding=\"async\" class=\"alignnone size-medium wp-image-1448\" src=\"https:\/\/ral.komfour-develop.de\/wp-content\/uploads\/2024\/05\/paraffin-300x242.jpg\" alt=\"\" width=\"300\" height=\"242\" srcset=\"https:\/\/ral.komfour-develop.de\/wp-content\/uploads\/2024\/05\/paraffin-300x242.jpg 300w, https:\/\/ral.komfour-develop.de\/wp-content\/uploads\/2024\/05\/paraffin.jpg 495w\" sizes=\"(max-width: 300px) 100vw, 300px\" \/><\/p>\n<ul>\n<li>Nombre de couleurs<\/li>\n<li>Odeur<\/li>\n<li>Teneur en cendres<\/li>\n<li>Hydrocarbures aromatiques polycycliques (HAP)<\/li>\n<li>Teneur en soufre<\/li>\n<li>Plomb<\/li>\n<li>Stabilit\u00e9 aux UV des paraffines avec une teneur en huile \u2264 1,5<\/li>\n<\/ul>\n<h3>II. St\u00e9arine<\/h3>\n<p><img decoding=\"async\" class=\"alignnone size-medium wp-image-1449\" src=\"https:\/\/ral.komfour-develop.de\/wp-content\/uploads\/2024\/05\/stearin-300x242.jpg\" alt=\"\" width=\"300\" height=\"242\" srcset=\"https:\/\/ral.komfour-develop.de\/wp-content\/uploads\/2024\/05\/stearin-300x242.jpg 300w, https:\/\/ral.komfour-develop.de\/wp-content\/uploads\/2024\/05\/stearin.jpg 495w\" sizes=\"(max-width: 300px) 100vw, 300px\" \/><\/p>\n<ul>\n<li>Indice d&rsquo;acidit\u00e9<\/li>\n<li>Indice d&rsquo;ester<\/li>\n<li>Indice d&rsquo;iode<\/li>\n<li>Indice de peroxyde<\/li>\n<li>Point de solidification<\/li>\n<li>Nombre de couleurs Lovibond<\/li>\n<li>Insaponifiable<\/li>\n<li>Teneur en cendres<\/li>\n<li>Plomb<\/li>\n<\/ul>\n<h3>III. Cire d&rsquo;abeille<\/h3>\n<p><img decoding=\"async\" class=\"alignnone size-medium wp-image-1450\" src=\"https:\/\/ral.komfour-develop.de\/wp-content\/uploads\/2024\/05\/bienenwachs-300x242.jpg\" alt=\"\" width=\"300\" height=\"242\" srcset=\"https:\/\/ral.komfour-develop.de\/wp-content\/uploads\/2024\/05\/bienenwachs-300x242.jpg 300w, https:\/\/ral.komfour-develop.de\/wp-content\/uploads\/2024\/05\/bienenwachs.jpg 495w\" sizes=\"(max-width: 300px) 100vw, 300px\" \/><\/p>\n<ul>\n<li>Point de goutte<\/li>\n<li>Indice d&rsquo;acidit\u00e9<\/li>\n<li>Indice de saponification<\/li>\n<li>Indice d&rsquo;ester<\/li>\n<li>Ratio<\/li>\n<li>Hydrocarbures totaux<\/li>\n<li>Plomb<\/li>\n<\/ul>\n<h3>IV. Graisses et huiles<\/h3>\n<p><img loading=\"lazy\" decoding=\"async\" class=\"alignnone size-medium wp-image-1376\" src=\"https:\/\/ral.komfour-develop.de\/wp-content\/uploads\/2024\/05\/erstpruefung-1-300x242.jpg\" alt=\"\" width=\"300\" height=\"242\" srcset=\"https:\/\/ral.komfour-develop.de\/wp-content\/uploads\/2024\/05\/erstpruefung-1-300x242.jpg 300w, https:\/\/ral.komfour-develop.de\/wp-content\/uploads\/2024\/05\/erstpruefung-1.jpg 495w\" sizes=\"(max-width: 300px) 100vw, 300px\" \/><\/p>\n<ul>\n<li>Fer<\/li>\n<li>Cuivre<\/li>\n<li>Nickel<\/li>\n<li>Cadmium<\/li>\n<li>Mercure<\/li>\n<li>Plomb<\/li>\n<li>Arsenic<\/li>\n<li>Acides gras libres<\/li>\n<li>Indice de peroxyde<\/li>\n<li>Nombre de couleurs Lovibond<\/li>\n<li>Teneur en cendres<\/li>\n<li>Teneur en eau<\/li>\n<li>Odeur<\/li>\n<li>Indice de stabilit\u00e9 de l&rsquo;huile<\/li>\n<\/ul>\n<h3>V. M\u00e8ches<\/h3>\n<p><img loading=\"lazy\" decoding=\"async\" class=\"alignnone size-medium wp-image-1453\" src=\"https:\/\/ral.komfour-develop.de\/wp-content\/uploads\/2024\/05\/dochte-300x242.jpg\" alt=\"\" width=\"300\" height=\"242\" srcset=\"https:\/\/ral.komfour-develop.de\/wp-content\/uploads\/2024\/05\/dochte-300x242.jpg 300w, https:\/\/ral.komfour-develop.de\/wp-content\/uploads\/2024\/05\/dochte.jpg 495w\" sizes=\"(max-width: 300px) 100vw, 300px\" \/><\/p>\n<section class=\"av_textblock_section av-jrq7uwb7-6174df00c4a945fa2fc9aa890f3907df\">\n<div class=\"avia_textblock\">\n<ul>\n<li>Oeko-Tex-Standard 100 I ou II<\/li>\n<\/ul>\n<\/div>\n<\/section>\n<section class=\"av_textblock_section av-jrq7uwb7-6174df00c4a945fa2fc9aa890f3907df\">\n<div class=\"avia_textblock\">\n<h3>VI. Les couleurs des bougies doivent r\u00e9pondre aux exigences suivantes<\/h3>\n<p><img loading=\"lazy\" decoding=\"async\" class=\"alignnone size-medium wp-image-1454\" src=\"https:\/\/ral.komfour-develop.de\/wp-content\/uploads\/2024\/05\/kerzenfarben-300x242.jpg\" alt=\"\" width=\"300\" height=\"242\" srcset=\"https:\/\/ral.komfour-develop.de\/wp-content\/uploads\/2024\/05\/kerzenfarben-300x242.jpg 300w, https:\/\/ral.komfour-develop.de\/wp-content\/uploads\/2024\/05\/kerzenfarben.jpg 495w\" sizes=\"(max-width: 300px) 100vw, 300px\" \/><\/p>\n<ul>\n<li>Nickel<\/li>\n<li>Cadmium<\/li>\n<li>Chrome total<\/li>\n<li>Plomb<\/li>\n<li>Arsenic<\/li>\n<li>Baryum<\/li>\n<li>Toxicit\u00e9<\/li>\n<li>Benz\u00e8ne<\/li>\n<li>Tolu\u00e8ne<\/li>\n<li>\u00c9thylbenz\u00e8ne<\/li>\n<li>Benzo[a]pyr\u00e8ne<\/li>\n<li>Benzo[e]pyr\u00e8ne<\/li>\n<li>Benzo[a]anthrac\u00e8ne<\/li>\n<li>Chrysen<\/li>\n<li>benzo[b]fluoranth\u00e8ne<\/li>\n<li>Benzo[j]fluoranth\u00e8ne<\/li>\n<li>Benzo[k]fluoranth\u00e8ne<\/li>\n<li>Dibenzo[a,h]anthrac\u00e8ne<\/li>\n<li>Naphtal\u00e8ne<\/li>\n<li>phtalate de bis(2-\u00e9thylhexyle)<\/li>\n<li>Phtalate de dibutyle<\/li>\n<li>Benzylbutylphthalat<\/li>\n<li>Phtalate de di-isononyle<\/li>\n<li>Phtalate de di-isod\u00e9cyle<\/li>\n<li>Phtalate de di-n-octyle<\/li>\n<li>Diisobutylphthalat<\/li>\n<\/ul>\n<h3>VII. Vernis pour bougies<\/h3>\n<p><img loading=\"lazy\" decoding=\"async\" class=\"alignnone size-medium wp-image-1455\" src=\"https:\/\/ral.komfour-develop.de\/wp-content\/uploads\/2024\/05\/kerzenlacke-300x242.jpg\" alt=\"\" width=\"300\" height=\"242\" srcset=\"https:\/\/ral.komfour-develop.de\/wp-content\/uploads\/2024\/05\/kerzenlacke-300x242.jpg 300w, https:\/\/ral.komfour-develop.de\/wp-content\/uploads\/2024\/05\/kerzenlacke.jpg 495w\" sizes=\"(max-width: 300px) 100vw, 300px\" \/><\/p>\n<h3>VIII. Parfums<\/h3>\n<section class=\"av_textblock_section av-jrq7uwb7-6174df00c4a945fa2fc9aa890f3907df\">\n<div class=\"avia_textblock\">\n<ul>\n<li>Norme IFRA<\/li>\n<\/ul>\n<h3>IX. Les m\u00e9taux lourds dans le syst\u00e8me de la bougie<\/h3>\n<p><img loading=\"lazy\" decoding=\"async\" class=\"alignnone size-full wp-image-1360\" src=\"https:\/\/ral.komfour-develop.de\/wp-content\/uploads\/2024\/05\/stumpen98.jpg\" alt=\"\" width=\"300\" height=\"300\" srcset=\"https:\/\/ral.komfour-develop.de\/wp-content\/uploads\/2024\/05\/stumpen98.jpg 300w, https:\/\/ral.komfour-develop.de\/wp-content\/uploads\/2024\/05\/stumpen98-150x150.jpg 150w\" sizes=\"(max-width: 300px) 100vw, 300px\" \/><\/p>\n<ul>\n<li>Antimoine<\/li>\n<li>Baryum<\/li>\n<li>Cadmium<\/li>\n<li>Mercure<\/li>\n<li>Arsenic<\/li>\n<li>Chrome total<\/li>\n<li>Chrome VI<\/li>\n<li>Plomb<\/li>\n<\/ul>\n<\/div>\n<\/section>\n<\/div>\n<\/section>\n\t\t\t\t\t\t\t\t<\/div>\n\t\t\t\t<\/div>\n\t\t\t\t<\/div>\n\t\t\t\t\t<\/div>\n\t\t\t\t<\/div>\n\t\t\t\t<\/div>\n\t\t","protected":false},"excerpt":{"rendered":"<p>Nous travaillons avec des mati\u00e8res premi\u00e8res dont la qualit\u00e9 est garantie ! EXTRAIT DES EXIGENCES RELATIVES AUX MATI\u00c8RES PREMI\u00c8RES ET AUXILIAIRES POUR LA PROTECTION DE LA SANT\u00c9 BASE Les mati\u00e8res premi\u00e8res et auxiliaires utilis\u00e9es pour les bougies garanties ne doivent pas pr\u00e9senter, par elles-m\u00eames ou par d&rsquo;\u00e9ventuelles impuret\u00e9s, des propri\u00e9t\u00e9s susceptibles de nuire \u00e0 la [&hellip;]<\/p>\n","protected":false},"author":2,"featured_media":0,"parent":0,"menu_order":0,"comment_status":"closed","ping_status":"closed","template":"elementor_header_footer","meta":{"footnotes":""},"class_list":["post-3711","page","type-page","status-publish","hentry"],"acf":[],"_links":{"self":[{"href":"https:\/\/ral.komfour-develop.de\/fr\/wp-json\/wp\/v2\/pages\/3711","targetHints":{"allow":["GET"]}}],"collection":[{"href":"https:\/\/ral.komfour-develop.de\/fr\/wp-json\/wp\/v2\/pages"}],"about":[{"href":"https:\/\/ral.komfour-develop.de\/fr\/wp-json\/wp\/v2\/types\/page"}],"author":[{"embeddable":true,"href":"https:\/\/ral.komfour-develop.de\/fr\/wp-json\/wp\/v2\/users\/2"}],"replies":[{"embeddable":true,"href":"https:\/\/ral.komfour-develop.de\/fr\/wp-json\/wp\/v2\/comments?post=3711"}],"version-history":[{"count":3,"href":"https:\/\/ral.komfour-develop.de\/fr\/wp-json\/wp\/v2\/pages\/3711\/revisions"}],"predecessor-version":[{"id":3714,"href":"https:\/\/ral.komfour-develop.de\/fr\/wp-json\/wp\/v2\/pages\/3711\/revisions\/3714"}],"wp:attachment":[{"href":"https:\/\/ral.komfour-develop.de\/fr\/wp-json\/wp\/v2\/media?parent=3711"}],"curies":[{"name":"wp","href":"https:\/\/api.w.org\/{rel}","templated":true}]}}