{"id":3758,"date":"2024-05-28T09:39:30","date_gmt":"2024-05-28T09:39:30","guid":{"rendered":"https:\/\/ral.komfour-develop.de\/?page_id=3758"},"modified":"2024-08-01T07:15:12","modified_gmt":"2024-08-01T07:15:12","slug":"extrait-des-specifications-de-lessai-ral-gz-041-1","status":"publish","type":"page","link":"https:\/\/ral.komfour-develop.de\/fr\/extrait-des-specifications-de-lessai-ral-gz-041-1\/","title":{"rendered":"Extrait des sp\u00e9cifications de l&rsquo;essai RAL-GZ 041\/1"},"content":{"rendered":"\t\t<div data-elementor-type=\"wp-page\" data-elementor-id=\"3758\" class=\"elementor elementor-3758 elementor-1235\" data-elementor-post-type=\"page\">\n\t\t\t\t<div class=\"elementor-element elementor-element-1c04d01 e-con-full e-flex e-con e-parent\" data-id=\"1c04d01\" data-element_type=\"container\" data-e-type=\"container\">\n\t\t<div class=\"elementor-element elementor-element-7b8b2fb e-con-full e-flex e-con e-child\" data-id=\"7b8b2fb\" data-element_type=\"container\" data-e-type=\"container\">\n\t\t\t\t<div class=\"elementor-element elementor-element-403a0b5 elementor--h-position-left elementor--v-position-top elementor-arrows-position-inside elementor-pagination-position-inside elementor-widget elementor-widget-slides\" data-id=\"403a0b5\" data-element_type=\"widget\" data-e-type=\"widget\" data-settings=\"{&quot;navigation&quot;:&quot;both&quot;,&quot;autoplay&quot;:&quot;yes&quot;,&quot;pause_on_hover&quot;:&quot;yes&quot;,&quot;pause_on_interaction&quot;:&quot;yes&quot;,&quot;autoplay_speed&quot;:5000,&quot;infinite&quot;:&quot;yes&quot;,&quot;transition&quot;:&quot;slide&quot;,&quot;transition_speed&quot;:500}\" data-widget_type=\"slides.default\">\n\t\t\t\t<div class=\"elementor-widget-container\">\n\t\t\t\t\t\t\t<div class=\"elementor-swiper\">\n\t\t\t<div class=\"elementor-slides-wrapper elementor-main-swiper swiper-container\" dir=\"ltr\" data-animation=\"fadeInUp\">\n\t\t\t\t<div class=\"swiper-wrapper elementor-slides\">\n\t\t\t\t\t\t\t\t\t\t<div class=\"elementor-repeater-item-07035d2 swiper-slide\"><div class=\"swiper-slide-bg\" role=\"img\"><\/div><div class=\"swiper-slide-inner\" ><div class=\"swiper-slide-contents\"><div class=\"elementor-slide-heading\">Nous travaillons avec<\/div><div class=\"elementor-slide-description\"><p>des mati\u00e8res premi\u00e8res dont la qualit\u00e9 est garantie !<\/p>\n<\/div><\/div><\/div><\/div>\t\t\t\t<\/div>\n\t\t\t\t\t\t\t<\/div>\n\t\t<\/div>\n\t\t\t\t\t\t<\/div>\n\t\t\t\t<\/div>\n\t\t\t\t<\/div>\n\t\t\t\t<\/div>\n\t\t<div class=\"elementor-element elementor-element-1cb4345 e-flex e-con-boxed e-con e-parent\" data-id=\"1cb4345\" data-element_type=\"container\" data-e-type=\"container\">\n\t\t\t\t\t<div class=\"e-con-inner\">\n\t\t<div class=\"elementor-element elementor-element-5afa847 e-con-full e-flex e-con e-child\" data-id=\"5afa847\" data-element_type=\"container\" data-e-type=\"container\">\n\t\t\t\t<div class=\"elementor-element elementor-element-6d29b45 elementor-widget elementor-widget-heading\" data-id=\"6d29b45\" data-element_type=\"widget\" data-e-type=\"widget\" data-widget_type=\"heading.default\">\n\t\t\t\t<div class=\"elementor-widget-container\">\n\t\t\t\t\t<h1 class=\"elementor-heading-title elementor-size-default\">EXTRAIT DES DISPOSITIONS PARTICULI\u00c8RES DE QUALIT\u00c9 ET D'ESSAI POUR LES BOUGIES DE M\u00c9NAGE, LES BOUGIES POINTUES, LES BOUGIES \u00c0 BOUT ET AUTRES BOUGIES RAL-GZ 041\/1<\/h1>\t\t\t\t<\/div>\n\t\t\t\t<\/div>\n\t\t\t\t<div class=\"elementor-element elementor-element-5805c0d elementor-widget elementor-widget-text-editor\" data-id=\"5805c0d\" data-element_type=\"widget\" data-e-type=\"widget\" data-widget_type=\"text-editor.default\">\n\t\t\t\t<div class=\"elementor-widget-container\">\n\t\t\t\t\t\t\t\t\t<p><\/p>\n<h1>1-1 CHAMP D&rsquo;APPLICATION<\/h1>\n<p>Les pr\u00e9sentes dispositions particuli\u00e8res de qualit\u00e9 et de contr\u00f4le s&rsquo;appliquent aux bougies, ind\u00e9pendamment de la structure de leur surface, pour les variantes de produits telles que les bougies de l&rsquo;Avent, les bougies d&rsquo;autel, les bougies d&rsquo;arbre, les bougies d&rsquo;anniversaire, les bougies de m\u00e9nage, les bougies d&rsquo;offrande, les bougies pyramidales, les bougies de poup\u00e9e, les bougies pointues, les bougies en tige, les bougies en tronc.<\/p>\n<p>Dans le cadre de ce champ d&rsquo;application, les exigences du label de qualit\u00e9 des bougies doivent \u00eatre remplies pour les produits susmentionn\u00e9s.<\/p>\t\t\t\t\t\t\t\t<\/div>\n\t\t\t\t<\/div>\n\t\t\t\t<div class=\"elementor-element elementor-element-21b867c elementor-widget elementor-widget-text-editor\" data-id=\"21b867c\" data-element_type=\"widget\" data-e-type=\"widget\" data-widget_type=\"text-editor.default\">\n\t\t\t\t<div class=\"elementor-widget-container\">\n\t\t\t\t\t\t\t\t\t<p><\/p>\n<h1>1-2 D\u00c9TERMINATION DE LA QUALIT\u00c9<\/h1>\n<h3>1-2.1 Exigences optiques et techniques<\/h3>\n<p><img fetchpriority=\"high\" decoding=\"async\" class=\"alignnone size-medium wp-image-1395\" src=\"https:\/\/ral.komfour-develop.de\/wp-content\/uploads\/2024\/05\/anforderungen-300x242.jpg\" alt=\"\" width=\"300\" height=\"242\" srcset=\"https:\/\/ral.komfour-develop.de\/wp-content\/uploads\/2024\/05\/anforderungen-300x242.jpg 300w, https:\/\/ral.komfour-develop.de\/wp-content\/uploads\/2024\/05\/anforderungen.jpg 495w\" sizes=\"(max-width: 300px) 100vw, 300px\" \/><\/p>\n<h4>1-2.1.1 Aspect \/ Disposition de la m\u00e8che<\/h4>\n<p>La m\u00e8che doit \u00eatre plac\u00e9e au centre. Exception : bougies \u00e0 plusieurs m\u00e8ches. <\/p>\n<p>La surface de la bougie doit \u00eatre exempte de bulles, de fissures, de copeaux et de dommages lorsqu&rsquo;elle est observ\u00e9e sans moyens techniques. Une exception \u00e0 cette r\u00e8gle n&rsquo;est autoris\u00e9e que si ces caract\u00e9ristiques font partie int\u00e9grante du d\u00e9cor. <\/p>\n<p>La bougie doit pr\u00e9senter la nuance et l&rsquo;intensit\u00e9 de couleur requises.<\/p>\n<p><img decoding=\"async\" class=\"alignnone size-medium wp-image-1396\" src=\"https:\/\/ral.komfour-develop.de\/wp-content\/uploads\/2024\/05\/dochtanordnung-300x242.jpg\" alt=\"\" width=\"300\" height=\"242\" srcset=\"https:\/\/ral.komfour-develop.de\/wp-content\/uploads\/2024\/05\/dochtanordnung-300x242.jpg 300w, https:\/\/ral.komfour-develop.de\/wp-content\/uploads\/2024\/05\/dochtanordnung.jpg 495w\" sizes=\"(max-width: 300px) 100vw, 300px\" \/><\/p>\n<h4>1-2.1.2 Comportement au feu<\/h4>\n<p>Une fois allum\u00e9e, la bougie doit pr\u00e9senter une flamme lumineuse et calme et former progressivement un bord de calice qui entoure ce que l&rsquo;on appelle la cuvette de combustion.<\/p>\n<p>Une fois allum\u00e9e, la bougie doit pr\u00e9senter une flamme lumineuse et calme et former progressivement un bord de calice qui entoure ce que l&rsquo;on appelle la cuvette de combustion.<\/p>\n<p>En outre, il faut s&rsquo;assurer que la m\u00e8che est moyennement courb\u00e9e pendant la combustion de la bougie (voir paragraphe 1-3.3),<\/p>\n<p>la bougie ne coule pas (voir point 1-3.4) et que<br>la flamme br\u00fble sans \u00e9mission visible de suie (voir point 1-3.5).<br>Pour des raisons techniques, l&rsquo;\u00e9valuation du comportement de combustion au regard du respect de ces exigences ne peut \u00eatre effectu\u00e9e que jusqu&rsquo;\u00e0 une hauteur r\u00e9siduelle de 30 mm pour les bougies \u00e0 tige d&rsquo;un diam\u00e8tre compris entre 31 et 60 mm, de 40 mm pour les bougies \u00e0 tige d&rsquo;un diam\u00e8tre sup\u00e9rieur \u00e0 60 mm et de 80 mm pour les bougies d&rsquo;autel.<\/p>\n<p>Apr\u00e8s l&rsquo;extinction de la flamme, la pointe de la m\u00e8che reste naturellement incandescente pendant un certain temps. Cela s&rsquo;accompagne de l&rsquo;\u00e9mission d&rsquo;un panache de fum\u00e9e. Ce processus doit \u00eatre termin\u00e9 en 15 secondes pour les bougies d&rsquo;un diam\u00e8tre inf\u00e9rieur \u00e0 30 mm. Pour les bougies d&rsquo;un diam\u00e8tre sup\u00e9rieur \u00e0 30 mm, la m\u00e8che plate peut continuer \u00e0 fumer pendant 20 secondes, mais en aucun cas (cela vaut \u00e9galement pour les m\u00e8ches rondes) la m\u00e8che ne doit se consumer compl\u00e8tement, de sorte qu&rsquo;un rallumage sans probl\u00e8me soit possible et que la bougie continue \u00e0 br\u00fbler correctement.   <\/p>\n<p><img decoding=\"async\" class=\"alignnone size-medium wp-image-1397\" src=\"https:\/\/ral.komfour-develop.de\/wp-content\/uploads\/2024\/05\/brennverhalten-300x242.jpg\" alt=\"\" width=\"300\" height=\"242\" srcset=\"https:\/\/ral.komfour-develop.de\/wp-content\/uploads\/2024\/05\/brennverhalten-300x242.jpg 300w, https:\/\/ral.komfour-develop.de\/wp-content\/uploads\/2024\/05\/brennverhalten.jpg 495w\" sizes=\"(max-width: 300px) 100vw, 300px\" \/><\/p>\n<p>Si une dur\u00e9e de combustion de la bougie est indiqu\u00e9e sur l&#8217;emballage, celle-ci doit \u00eatre atteinte (voir section 1-3.6).<\/p>\t\t\t\t\t\t\t\t<\/div>\n\t\t\t\t<\/div>\n\t\t\t\t<div class=\"elementor-element elementor-element-9b3334e elementor-widget elementor-widget-text-editor\" data-id=\"9b3334e\" data-element_type=\"widget\" data-e-type=\"widget\" data-widget_type=\"text-editor.default\">\n\t\t\t\t<div class=\"elementor-widget-container\">\n\t\t\t\t\t\t\t\t\t<h1>1-3 DISPOSITIONS RELATIVES AUX ESSAIS<\/h1>\n<h3>1-3.1 Conditions spatiales et distances lors du br\u00fblage des \u00e9chantillons<\/h3>\n<p>Pour l&rsquo;essai de combustion, la temp\u00e9rature de la salle d&rsquo;essai doit \u00eatre comprise entre 20 \u00b0C et 25 \u00b0C. Les bougies doivent \u00eatre plac\u00e9es \u00e0 l&rsquo;\u00e9cart les unes des autres. Les bougies doivent \u00eatre plac\u00e9es verticalement, \u00e0 l&rsquo;abri des courants d&rsquo;air, \u00e0 une distance raisonnable les unes des autres en fonction du format de la bougie, de sorte qu&rsquo;il n&rsquo;y ait pas d&rsquo;influence thermique notable de bougie \u00e0 bougie. <\/p>\n<h3>1-3.2 Cycles de cuisson<\/h3>\n<p>La combustion des \u00e9chantillons d&rsquo;essai doit \u00eatre effectu\u00e9e selon diff\u00e9rents cycles de cuisson adapt\u00e9s \u00e0 la taille des bougies. Cycle de combustion 1 pour les bougies d&rsquo;arbre, les bougies de poup\u00e9e, les bougies \u00e0 \u0153ufs et autres types de bougies d&rsquo;un poids maximal de 40 grammes : <\/p>\n<p>Cycle de combustion 1 pour les bougies d&rsquo;arbre, les bougies de poup\u00e9e, les bougies \u00e0 \u0153ufs et autres types de bougies d&rsquo;un poids maximal de 40 grammes :<\/p>\n<ul>\n<li>Cycle 1 : combustion continue jusqu&rsquo;\u00e0 environ 20 mm du pied de la bougie<\/li>\n<\/ul>\n<p>Cycle de cuisson 2 et 3 pour les bougies d&rsquo;un poids sup\u00e9rieur \u00e0 40 grammes et d&rsquo;un diam\u00e8tre inf\u00e9rieur ou \u00e9gal \u00e0 30 mm :<\/p>\n<ul>\n<li>Cycle 2 : combustion continue jusqu&rsquo;\u00e0 environ 20 mm du pied de la bougie<\/li>\n<li>Cycle 3 : 2 h de cuisson, au moins 1 h de pause, 2 h de cuisson<\/li>\n<\/ul>\n<p>Cycle de cuisson 4 et 5 pour les bougies de 31 \u00e0 60 mm de diam\u00e8tre (changeant d&rsquo;un jour \u00e0 l&rsquo;autre) :<\/p>\n<ul>\n<li>Cycle 4 : combustion continue de 4 h<\/li>\n<li>Cycle 5 : au moins 4 h de cuisson, au moins 1 h de pause, au moins 4 h de cuisson<\/li>\n<\/ul>\n<p>Cycle de combustion 6 pour les bougies de plus de 60 mm de diam\u00e8tre :<\/p>\n<ul>\n<li>Cycle 6 :\n<ul>\n<li>4 h de cuisson, au moins 1 h de pause<\/li>\n<li>4 h de cuisson, au moins 1 h de pause<\/li>\n<li>4 h de cuisson, au moins 1 h de pause<\/li>\n<li>4 h de cuisson, au moins 1 h de pause<\/li>\n<\/ul>\n<\/li>\n<\/ul>\n<h3>1-3.3 Niveau de la m\u00e8che<\/h3>\n<p>La m\u00e8che sort tout droit de la bougie et doit ensuite se courber r\u00e9guli\u00e8rement pendant la combustion jusqu&rsquo;au bord ext\u00e9rieur de la flamme, o\u00f9 la temp\u00e9rature de la flamme est la plus \u00e9lev\u00e9e, de sorte que c&rsquo;est l\u00e0 que se produit la combustion progressive compl\u00e8te de l&rsquo;extr\u00e9mit\u00e9 de la m\u00e8che.<\/p>\n<p>L&rsquo;id\u00e9al est donc une l\u00e9g\u00e8re courbure de la m\u00e8che selon la figure 2 et encore mieux une courbure de la m\u00e8che selon la figure 3.<\/p>\n<p><img loading=\"lazy\" decoding=\"async\" class=\"alignnone size-full wp-image-1398\" src=\"https:\/\/ral.komfour-develop.de\/wp-content\/uploads\/2024\/05\/dochtstand.png\" alt=\"\" width=\"299\" height=\"159\"><\/p>\n<p>L&rsquo;\u00e9valuation de l&rsquo;\u00e9tat de la m\u00e8che pendant la combustion se fait visuellement.<\/p>\n<h4>\u00c9valuation<\/h4>\n<table class=\"avia-table avia-data-table avia_pricing_default avia-builder-el-43 el_after_av_textblock avia-builder-el-last \">\n<tbody>\n<tr class=\"\">\n<td class=\"\">La m\u00e8che pr\u00e9sente une courbure conforme \u00e0 la figure 2 ou 3<\/td>\n<td class=\"\">Exigence respect\u00e9e<\/td>\n<\/tr>\n<tr class=\"\">\n<td class=\"\">La m\u00e8che s&rsquo;\u00e9carte significativement de la figure 2 ou 3<\/td>\n<td class=\"\">Exigence non respect\u00e9e<\/td>\n<\/tr>\n<\/tbody>\n<\/table>\n<h3>1-3.4 R\u00e9sistance aux gouttes<\/h3>\n<p><img loading=\"lazy\" decoding=\"async\" class=\"alignnone size-medium wp-image-1399\" src=\"https:\/\/ral.komfour-develop.de\/wp-content\/uploads\/2024\/05\/tropffestigkeit-200x300.jpg\" alt=\"\" width=\"200\" height=\"300\" srcset=\"https:\/\/ral.komfour-develop.de\/wp-content\/uploads\/2024\/05\/tropffestigkeit-200x300.jpg 200w, https:\/\/ral.komfour-develop.de\/wp-content\/uploads\/2024\/05\/tropffestigkeit-683x1024.jpg 683w, https:\/\/ral.komfour-develop.de\/wp-content\/uploads\/2024\/05\/tropffestigkeit-768x1152.jpg 768w, https:\/\/ral.komfour-develop.de\/wp-content\/uploads\/2024\/05\/tropffestigkeit.jpg 800w\" sizes=\"(max-width: 200px) 100vw, 200px\" \/><\/p>\n<p>Le terme \u00ab goutte \u00bb d\u00e9signe l&rsquo;\u00e9coulement de la masse combustible hors de la cuvette de la bougie. La bougie est dite anti-gouttes si le bord du calice emp\u00eache cet \u00e9coulement. <\/p>\n<p>Un l\u00e9ger \u00e9coulement de cire est tol\u00e9r\u00e9 pour les bougies jusqu&rsquo;\u00e0 30 mm, selon les crit\u00e8res suivants :<\/p>\n<p>Lors du rallumage de la bougie, la m\u00e8che ne peut retrouver son plein effet d&rsquo;aspiration et de capillarit\u00e9 qu&rsquo;apr\u00e8s quelques minutes. Par cons\u00e9quent, il peut arriver que quelques gouttes de cire s&rsquo;\u00e9coulent temporairement durant cette phase. Ce ph\u00e9nom\u00e8ne ne doit pas \u00eatre consid\u00e9r\u00e9 comme un manque de r\u00e9sistance aux gouttes. Le contr\u00f4le de la r\u00e9sistance aux gouttes se fait visuellement.   <\/p>\n<h4>\u00c9valuation<\/h4>\n<table class=\"avia-table avia-data-table avia_pricing_default avia-builder-el-52 el_after_av_textblock avia-builder-el-last \">\n<tbody>\n<tr class=\"\">\n<td class=\"\">Le bord du calice emp\u00eache les fuites<\/td>\n<td class=\"\">Exigence respect\u00e9e<\/td>\n<\/tr>\n<tr class=\"\">\n<td class=\"\">La masse combustible s&rsquo;\u00e9coule sur la bougie<\/td>\n<td class=\"\">Exigence non respect\u00e9e<\/td>\n<\/tr>\n<\/tbody>\n<\/table>\n<h3>1-3.5 Comportement \u00e0 la suie \/ fum\u00e9e r\u00e9siduelle<\/h3>\n<p><img loading=\"lazy\" decoding=\"async\" class=\"alignnone size-medium wp-image-1400\" src=\"https:\/\/ral.komfour-develop.de\/wp-content\/uploads\/2024\/05\/russverhalten-206x300.jpg\" alt=\"\" width=\"206\" height=\"300\" srcset=\"https:\/\/ral.komfour-develop.de\/wp-content\/uploads\/2024\/05\/russverhalten-206x300.jpg 206w, https:\/\/ral.komfour-develop.de\/wp-content\/uploads\/2024\/05\/russverhalten-703x1024.jpg 703w, https:\/\/ral.komfour-develop.de\/wp-content\/uploads\/2024\/05\/russverhalten-768x1118.jpg 768w, https:\/\/ral.komfour-develop.de\/wp-content\/uploads\/2024\/05\/russverhalten-1055x1536.jpg 1055w, https:\/\/ral.komfour-develop.de\/wp-content\/uploads\/2024\/05\/russverhalten.jpg 1186w\" sizes=\"(max-width: 206px) 100vw, 206px\" \/><\/p>\n<p>Pour des raisons physico-chimiques, il n&rsquo;est pas possible d&rsquo;obtenir une combustion sans \u00e9mission de suie, en particulier lors de la phase d&rsquo;allumage et imm\u00e9diatement apr\u00e8s l&rsquo;extinction de la flamme. L&rsquo;\u00e9mission de suie doit cependant \u00eatre minimis\u00e9e &#8211; en particulier par une adaptation optimale du mat\u00e9riau de la bougie et de la m\u00e8che &#8211; de mani\u00e8re \u00e0 obtenir une combustion \u00e0 faible \u00e9mission de suie. <\/p>\n<h4>\u00c9valuation du comportement de la suie selon deux crit\u00e8res<\/h4>\n<p>a) visuel<\/p>\n<table class=\"avia-table avia-data-table avia_pricing_default avia-builder-el-61 el_after_av_textblock el_before_av_textblock \">\n<tbody>\n<tr class=\"\">\n<td class=\"\">Pas d&rsquo;\u00e9mission de suie visible<\/td>\n<td class=\"\">Exigence respect\u00e9e<\/td>\n<\/tr>\n<tr class=\"\">\n<td class=\"\">Bougie avec suie visible<\/td>\n<td class=\"\">Conformit\u00e9 non respect\u00e9e<\/td>\n<\/tr>\n<\/tbody>\n<\/table>\n<p>b) selon la m\u00e9thode d&rsquo;essai vis\u00e9e au point 8 de la norme EN 15426 Les bougies, \u00e0 l&rsquo;exception des bougies sph\u00e9riques, des bougies en forme d&rsquo;\u0153uf, des bougies de forme sp\u00e9ciale et des bougies d&rsquo;un diam\u00e8tre sup\u00e9rieur \u00e0 70 mm, doivent en outre \u00eatre \u00e9valu\u00e9es quant \u00e0 leur comportement \u00e0 la suie selon les crit\u00e8res suivants :  <\/p>\n<p>L&rsquo;indice de suie ne doit pas d\u00e9passer 1,0 par heure de combustion (une suie visible est attendue \u00e0 partir d&rsquo;un indice de suie horaire d&rsquo;environ 1,2).<\/p>\n<p>La bougie doit r\u00e9pondre \u00e0 ces deux crit\u00e8res.<\/p>\n<h4>\u00c9valuation de la fum\u00e9e r\u00e9siduelle pour les bougies d&rsquo;un diam\u00e8tre inf\u00e9rieur \u00e0 30 mm<\/h4>\n<table class=\"avia-table avia-data-table avia_pricing_default avia-builder-el-63 el_after_av_textblock el_before_av_image \">\n<tbody>\n<tr class=\"\">\n<td class=\"\">en moyenne 15 secondes maximum <\/td>\n<td class=\"\">Exigence respect\u00e9e<\/td>\n<\/tr>\n<tr class=\"\">\n<td class=\"\">sup\u00e9rieur \u00e0 15 secondes en moyenne<\/td>\n<td class=\"\">Exigence non respect\u00e9e<\/td>\n<\/tr>\n<\/tbody>\n<\/table>\n<h4><img loading=\"lazy\" decoding=\"async\" class=\"alignnone size-medium wp-image-1401\" src=\"https:\/\/ral.komfour-develop.de\/wp-content\/uploads\/2024\/05\/nachrauchen-300x242.jpg\" alt=\"\" width=\"300\" height=\"242\" srcset=\"https:\/\/ral.komfour-develop.de\/wp-content\/uploads\/2024\/05\/nachrauchen-300x242.jpg 300w, https:\/\/ral.komfour-develop.de\/wp-content\/uploads\/2024\/05\/nachrauchen.jpg 495w\" sizes=\"(max-width: 300px) 100vw, 300px\" \/><\/h4>\n<h4>\u00c9valuation de la persistance de la fum\u00e9e pour les bougies \u00e0 m\u00e8che plate de plus de 30 mm de diam\u00e8tre<\/h4>\n<table class=\"avia-table avia-data-table avia_pricing_default avia-builder-el-67 el_after_av_textblock avia-builder-el-last \">\n<tbody>\n<tr class=\"\">\n<td class=\"\">en moyenne 20 secondes maximum <\/td>\n<td class=\"\">Exigence respect\u00e9e<\/td>\n<\/tr>\n<tr class=\"\">\n<td class=\"\">sup\u00e9rieur \u00e0 20 secondes en moyenne<\/td>\n<td class=\"\">Exigence non respect\u00e9e<\/td>\n<\/tr>\n<\/tbody>\n<\/table>\n<h3>1-3.6 Respect des dimensions et obtention de la dur\u00e9e de cuisson \u00c9valuation<\/h3>\n<p><img loading=\"lazy\" decoding=\"async\" class=\"alignnone size-medium wp-image-1403\" src=\"https:\/\/ral.komfour-develop.de\/wp-content\/uploads\/2024\/05\/abmessung-brenndauer-1-300x242.jpg\" alt=\"\" width=\"300\" height=\"242\" srcset=\"https:\/\/ral.komfour-develop.de\/wp-content\/uploads\/2024\/05\/abmessung-brenndauer-1-300x242.jpg 300w, https:\/\/ral.komfour-develop.de\/wp-content\/uploads\/2024\/05\/abmessung-brenndauer-1.jpg 495w\" sizes=\"(max-width: 300px) 100vw, 300px\" \/> <img loading=\"lazy\" decoding=\"async\" class=\"alignnone size-medium wp-image-1402\" src=\"https:\/\/ral.komfour-develop.de\/wp-content\/uploads\/2024\/05\/abmessung-benndauer-2-300x242.jpg\" alt=\"\" width=\"300\" height=\"242\" srcset=\"https:\/\/ral.komfour-develop.de\/wp-content\/uploads\/2024\/05\/abmessung-benndauer-2-300x242.jpg 300w, https:\/\/ral.komfour-develop.de\/wp-content\/uploads\/2024\/05\/abmessung-benndauer-2.jpg 495w\" sizes=\"(max-width: 300px) 100vw, 300px\" \/><\/p>\n<h4>\u00c9valuation<\/h4>\n<p>a) les dimensions :<\/p>\n<table class=\"avia-table avia-data-table avia_pricing_default avia-builder-el-74 el_after_av_textblock el_before_av_textblock \">\n<tbody>\n<tr class=\"\">\n<td class=\"\">Dimensions atteintes en moyenne<\/td>\n<td class=\"\">Exigence respect\u00e9e<\/td>\n<\/tr>\n<tr class=\"\">\n<td class=\"\">Dimensions non respect\u00e9es en moyenne<\/td>\n<td class=\"\">Exigence non respect\u00e9e<\/td>\n<\/tr>\n<\/tbody>\n<\/table>\n<p>La tol\u00e9rance maximale en moins est de 2 %, avec un minimum de 1 mm, valable pour le diam\u00e8tre et la longueur.<\/p>\n<h4>\u00c9valuation<\/h4>\n<p>b) dur\u00e9e de combustion :<\/p>\n<table class=\"avia-table avia-data-table avia_pricing_default avia-builder-el-80 el_after_av_textblock el_before_av_textblock \">\n<tbody>\n<tr class=\"\">\n<td class=\"\">Dur\u00e9e de cuisson atteinte en moyenne<\/td>\n<td class=\"\">Exigence respect\u00e9e<\/td>\n<\/tr>\n<tr class=\"\">\n<td class=\"\">Dur\u00e9e de cuisson non atteinte en moyenne<\/td>\n<td class=\"\">Exigence non respect\u00e9e<\/td>\n<\/tr>\n<\/tbody>\n<\/table>\n<p>Pour une indication telle que \u00ab environ \u00bb ou \u00ab \u00b1 \u00bb, une tol\u00e9rance maximale de 10% en moins est autoris\u00e9e.<\/p>\n\t\t\t\t\t\t\t\t<\/div>\n\t\t\t\t<\/div>\n\t\t\t\t<div class=\"elementor-element elementor-element-e031b4b elementor-widget elementor-widget-text-editor\" data-id=\"e031b4b\" data-element_type=\"widget\" data-e-type=\"widget\" data-widget_type=\"text-editor.default\">\n\t\t\t\t<div class=\"elementor-widget-container\">\n\t\t\t\t\t\t\t\t\t<p><\/p>\n<h1>1-4 \u00c9VALUATION GLOBALE<\/h1>\n<p>L&rsquo;\u00e9valuation globale de la bougie s&rsquo;effectue \u00e0 l&rsquo;aide des rapports d&rsquo;essai relatifs au contr\u00f4le interne et externe (fiches d&rsquo;\u00e9valuation), qui sont prescrits par l&rsquo;Association pour la qualit\u00e9 des bougies.<\/p>\n<p>Les modalit\u00e9s de surveillance et de modification sont d\u00e9finies dans les dispositions g\u00e9n\u00e9rales de qualit\u00e9 et de contr\u00f4le.<\/p>\n<p>En cas d&rsquo;\u00e9valuation globale positive, le label de qualit\u00e9 illustr\u00e9 ci-dessous est attribu\u00e9 avec les compl\u00e9ments mentionn\u00e9s au point 7 :<\/p>\n<p><img loading=\"lazy\" decoding=\"async\" class=\"alignnone size-full wp-image-1386\" src=\"https:\/\/ral.komfour-develop.de\/wp-content\/uploads\/2024\/05\/ral-de-en.jpg\" alt=\"\" width=\"300\" height=\"300\" srcset=\"https:\/\/ral.komfour-develop.de\/wp-content\/uploads\/2024\/05\/ral-de-en.jpg 300w, https:\/\/ral.komfour-develop.de\/wp-content\/uploads\/2024\/05\/ral-de-en-150x150.jpg 150w\" sizes=\"(max-width: 300px) 100vw, 300px\" \/><\/p>\t\t\t\t\t\t\t\t<\/div>\n\t\t\t\t<\/div>\n\t\t\t\t<\/div>\n\t\t\t\t\t<\/div>\n\t\t\t\t<\/div>\n\t\t\t\t<\/div>\n\t\t","protected":false},"excerpt":{"rendered":"<p>Nous travaillons avec des mati\u00e8res premi\u00e8res dont la qualit\u00e9 est garantie ! EXTRAIT DES DISPOSITIONS PARTICULI\u00c8RES DE QUALIT\u00c9 ET D&rsquo;ESSAI POUR LES BOUGIES DE M\u00c9NAGE, LES BOUGIES POINTUES, LES BOUGIES \u00c0 BOUT ET AUTRES BOUGIES RAL-GZ 041\/1 1-1 CHAMP D&rsquo;APPLICATION Les pr\u00e9sentes dispositions particuli\u00e8res de qualit\u00e9 et de contr\u00f4le s&rsquo;appliquent aux bougies, ind\u00e9pendamment de la [&hellip;]<\/p>\n","protected":false},"author":2,"featured_media":0,"parent":0,"menu_order":0,"comment_status":"closed","ping_status":"closed","template":"elementor_header_footer","meta":{"footnotes":""},"class_list":["post-3758","page","type-page","status-publish","hentry"],"acf":[],"_links":{"self":[{"href":"https:\/\/ral.komfour-develop.de\/fr\/wp-json\/wp\/v2\/pages\/3758","targetHints":{"allow":["GET"]}}],"collection":[{"href":"https:\/\/ral.komfour-develop.de\/fr\/wp-json\/wp\/v2\/pages"}],"about":[{"href":"https:\/\/ral.komfour-develop.de\/fr\/wp-json\/wp\/v2\/types\/page"}],"author":[{"embeddable":true,"href":"https:\/\/ral.komfour-develop.de\/fr\/wp-json\/wp\/v2\/users\/2"}],"replies":[{"embeddable":true,"href":"https:\/\/ral.komfour-develop.de\/fr\/wp-json\/wp\/v2\/comments?post=3758"}],"version-history":[{"count":2,"href":"https:\/\/ral.komfour-develop.de\/fr\/wp-json\/wp\/v2\/pages\/3758\/revisions"}],"predecessor-version":[{"id":3760,"href":"https:\/\/ral.komfour-develop.de\/fr\/wp-json\/wp\/v2\/pages\/3758\/revisions\/3760"}],"wp:attachment":[{"href":"https:\/\/ral.komfour-develop.de\/fr\/wp-json\/wp\/v2\/media?parent=3758"}],"curies":[{"name":"wp","href":"https:\/\/api.w.org\/{rel}","templated":true}]}}