{"id":3761,"date":"2024-05-28T13:31:21","date_gmt":"2024-05-28T13:31:21","guid":{"rendered":"https:\/\/ral.komfour-develop.de\/?page_id=3761"},"modified":"2024-08-01T07:41:25","modified_gmt":"2024-08-01T07:41:25","slug":"extrait-des-specifications-de-lessai-ral-gz-041-2","status":"publish","type":"page","link":"https:\/\/ral.komfour-develop.de\/fr\/extrait-des-specifications-de-lessai-ral-gz-041-2\/","title":{"rendered":"Extrait des sp\u00e9cifications de l&rsquo;essai RAL-GZ 041\/2"},"content":{"rendered":"\t\t<div data-elementor-type=\"wp-page\" data-elementor-id=\"3761\" class=\"elementor elementor-3761 elementor-1299\" data-elementor-post-type=\"page\">\n\t\t\t\t<div class=\"elementor-element elementor-element-1c04d01 e-con-full e-flex e-con e-parent\" data-id=\"1c04d01\" data-element_type=\"container\" data-e-type=\"container\">\n\t\t<div class=\"elementor-element elementor-element-7b8b2fb e-con-full e-flex e-con e-child\" data-id=\"7b8b2fb\" data-element_type=\"container\" data-e-type=\"container\">\n\t\t\t\t<div class=\"elementor-element elementor-element-403a0b5 elementor--h-position-left elementor--v-position-top elementor-arrows-position-inside elementor-pagination-position-inside elementor-widget elementor-widget-slides\" data-id=\"403a0b5\" data-element_type=\"widget\" data-e-type=\"widget\" data-settings=\"{&quot;navigation&quot;:&quot;both&quot;,&quot;autoplay&quot;:&quot;yes&quot;,&quot;pause_on_hover&quot;:&quot;yes&quot;,&quot;pause_on_interaction&quot;:&quot;yes&quot;,&quot;autoplay_speed&quot;:5000,&quot;infinite&quot;:&quot;yes&quot;,&quot;transition&quot;:&quot;slide&quot;,&quot;transition_speed&quot;:500}\" data-widget_type=\"slides.default\">\n\t\t\t\t<div class=\"elementor-widget-container\">\n\t\t\t\t\t\t\t<div class=\"elementor-swiper\">\n\t\t\t<div class=\"elementor-slides-wrapper elementor-main-swiper swiper-container\" dir=\"ltr\" data-animation=\"fadeInUp\">\n\t\t\t\t<div class=\"swiper-wrapper elementor-slides\">\n\t\t\t\t\t\t\t\t\t\t<div class=\"elementor-repeater-item-07035d2 swiper-slide\"><div class=\"swiper-slide-bg\" role=\"img\"><\/div><div class=\"swiper-slide-inner\" ><div class=\"swiper-slide-contents\"><div class=\"elementor-slide-heading\">Nous travaillons avec<\/div><div class=\"elementor-slide-description\"><p>des mati\u00e8res premi\u00e8res dont la qualit\u00e9 est garantie !<\/p>\n<\/div><\/div><\/div><\/div>\t\t\t\t<\/div>\n\t\t\t\t\t\t\t<\/div>\n\t\t<\/div>\n\t\t\t\t\t\t<\/div>\n\t\t\t\t<\/div>\n\t\t\t\t<\/div>\n\t\t\t\t<\/div>\n\t\t<div class=\"elementor-element elementor-element-1cb4345 e-flex e-con-boxed e-con e-parent\" data-id=\"1cb4345\" data-element_type=\"container\" data-e-type=\"container\">\n\t\t\t\t\t<div class=\"e-con-inner\">\n\t\t<div class=\"elementor-element elementor-element-5afa847 e-con-full e-flex e-con e-child\" data-id=\"5afa847\" data-element_type=\"container\" data-e-type=\"container\">\n\t\t\t\t<div class=\"elementor-element elementor-element-6d29b45 elementor-widget elementor-widget-heading\" data-id=\"6d29b45\" data-element_type=\"widget\" data-e-type=\"widget\" data-widget_type=\"heading.default\">\n\t\t\t\t<div class=\"elementor-widget-container\">\n\t\t\t\t\t<h1 class=\"elementor-heading-title elementor-size-default\">EXTRAIT DES PRESCRIPTIONS PARTICULI\u00c8RES DE QUALIT\u00c9 ET D'ESSAI POUR LES \u00c9CLAIRAGES INT\u00c9RIEURS RAL-GZ 041\/2<\/h1>\t\t\t\t<\/div>\n\t\t\t\t<\/div>\n\t\t\t\t<div class=\"elementor-element elementor-element-5805c0d elementor-widget elementor-widget-text-editor\" data-id=\"5805c0d\" data-element_type=\"widget\" data-e-type=\"widget\" data-widget_type=\"text-editor.default\">\n\t\t\t\t<div class=\"elementor-widget-container\">\n\t\t\t\t\t\t\t\t\t<p><\/p>\n<h1>2-1 CHAMP D&rsquo;APPLICATION<\/h1>\n<p><img fetchpriority=\"high\" decoding=\"async\" class=\"alignnone size-medium wp-image-1407\" src=\"https:\/\/ral.komfour-develop.de\/wp-content\/uploads\/2024\/05\/geltungsbereich-300x242.jpg\" alt=\"\" width=\"300\" height=\"242\" srcset=\"https:\/\/ral.komfour-develop.de\/wp-content\/uploads\/2024\/05\/geltungsbereich-300x242.jpg 300w, https:\/\/ral.komfour-develop.de\/wp-content\/uploads\/2024\/05\/geltungsbereich.jpg 495w\" sizes=\"(max-width: 300px) 100vw, 300px\" \/><\/p>\n<p>Les pr\u00e9sentes dispositions particuli\u00e8res de qualit\u00e9 et de contr\u00f4le s&rsquo;appliquent aux luminaires d&rsquo;int\u00e9rieur. Les luminaires sont cuits dans un r\u00e9cipient, par exemple en m\u00e9tal, en verre ou en plastique.  Le r\u00e9cipient emp\u00eache la masse de cuisson de s&rsquo;\u00e9couler.<\/p>\n<p>Les maxi-lumi\u00e8res ont un corps en cire de forme g\u00e9n\u00e9ralement cylindrique, dont les dimensions typiques sont comprises entre 55 et 60 mm de diam\u00e8tre et entre 20 et 30 mm de hauteur.<\/p>\n<p>Les \u00e9clairages maxi peuvent \u00e9galement \u00eatre d\u00e9sign\u00e9s diff\u00e9remment dans le commerce, par exemple comme \u00e9clairage jumbo, \u00e9clairage m\u00e9dical, \u00e9clairage d\u00e9coratif, etc.<\/p>\n<p>Dans le cadre de ce champ d&rsquo;application, les exigences du label de qualit\u00e9 des bougies doivent \u00eatre remplies pour le produit Lumi\u00e8re.<\/p>\t\t\t\t\t\t\t\t<\/div>\n\t\t\t\t<\/div>\n\t\t\t\t<div class=\"elementor-element elementor-element-2974f20 elementor-widget elementor-widget-text-editor\" data-id=\"2974f20\" data-element_type=\"widget\" data-e-type=\"widget\" data-widget_type=\"text-editor.default\">\n\t\t\t\t<div class=\"elementor-widget-container\">\n\t\t\t\t\t\t\t\t\t<p><\/p>\n<h1>2-2 D\u00c9TERMINATION DE LA QUALIT\u00c9<\/h1>\n<h3>2-2.1 Aspect \/ Disposition de la m\u00e8che<\/h3>\n<p><img decoding=\"async\" class=\"alignnone size-medium wp-image-1408\" src=\"https:\/\/ral.komfour-develop.de\/wp-content\/uploads\/2024\/05\/aussehen-dochtanordnung-300x300.jpg\" alt=\"\" width=\"300\" height=\"300\" srcset=\"https:\/\/ral.komfour-develop.de\/wp-content\/uploads\/2024\/05\/aussehen-dochtanordnung-300x300.jpg 300w, https:\/\/ral.komfour-develop.de\/wp-content\/uploads\/2024\/05\/aussehen-dochtanordnung-150x150.jpg 150w, https:\/\/ral.komfour-develop.de\/wp-content\/uploads\/2024\/05\/aussehen-dochtanordnung-768x768.jpg 768w, https:\/\/ral.komfour-develop.de\/wp-content\/uploads\/2024\/05\/aussehen-dochtanordnung.jpg 1000w\" sizes=\"(max-width: 300px) 100vw, 300px\" \/> <img decoding=\"async\" class=\"alignnone size-medium wp-image-1409\" src=\"https:\/\/ral.komfour-develop.de\/wp-content\/uploads\/2024\/05\/behaeltnis-300x300.jpg\" alt=\"\" width=\"300\" height=\"300\" srcset=\"https:\/\/ral.komfour-develop.de\/wp-content\/uploads\/2024\/05\/behaeltnis-300x300.jpg 300w, https:\/\/ral.komfour-develop.de\/wp-content\/uploads\/2024\/05\/behaeltnis-150x150.jpg 150w, https:\/\/ral.komfour-develop.de\/wp-content\/uploads\/2024\/05\/behaeltnis-768x768.jpg 768w, https:\/\/ral.komfour-develop.de\/wp-content\/uploads\/2024\/05\/behaeltnis.jpg 1000w\" sizes=\"(max-width: 300px) 100vw, 300px\" \/><\/p>\n<p>La surface du corps de la masse combustible doit \u00eatre exempte d&rsquo;impuret\u00e9s lorsqu&rsquo;elle est observ\u00e9e sans moyens techniques.<\/p>\n<p>La m\u00e8che doit \u00eatre centr\u00e9e. Exception : bougies \u00e0 m\u00e8ches multiples. <\/p>\n<h3>2-2.2 R\u00e9cipient<\/h3>\n<p>La masse combustible des feux se trouve dans un r\u00e9cipient solide. Le r\u00e9cipient ne doit pas \u00eatre d\u00e9form\u00e9 de mani\u00e8re significative par la flamme, ni \u00eatre d\u00e9truit ou enflamm\u00e9. <\/p>\n<h3>2-2.3 Comportement au feu<\/h3>\n<p><img loading=\"lazy\" decoding=\"async\" class=\"alignnone size-medium wp-image-1410\" src=\"https:\/\/ral.komfour-develop.de\/wp-content\/uploads\/2024\/05\/brennverhalten-2-300x242.jpg\" alt=\"\" width=\"300\" height=\"242\" srcset=\"https:\/\/ral.komfour-develop.de\/wp-content\/uploads\/2024\/05\/brennverhalten-2-300x242.jpg 300w, https:\/\/ral.komfour-develop.de\/wp-content\/uploads\/2024\/05\/brennverhalten-2.jpg 495w\" sizes=\"(max-width: 300px) 100vw, 300px\" \/>  <img loading=\"lazy\" decoding=\"async\" class=\"alignnone size-medium wp-image-1397\" src=\"https:\/\/ral.komfour-develop.de\/wp-content\/uploads\/2024\/05\/brennverhalten-300x242.jpg\" alt=\"\" width=\"300\" height=\"242\" srcset=\"https:\/\/ral.komfour-develop.de\/wp-content\/uploads\/2024\/05\/brennverhalten-300x242.jpg 300w, https:\/\/ral.komfour-develop.de\/wp-content\/uploads\/2024\/05\/brennverhalten.jpg 495w\" sizes=\"(max-width: 300px) 100vw, 300px\" \/><\/p>\n<p>La flamme doit br\u00fbler sans \u00e9mission visible de suie.<\/p>\n<p>Apr\u00e8s l&rsquo;extinction de la flamme, la pointe de la m\u00e8che continue naturellement \u00e0 br\u00fbler un peu ; cela s&rsquo;accompagne de l&rsquo;\u00e9mission d&rsquo;un panache de fum\u00e9e. Ce processus doit \u00eatre termin\u00e9 dans les 20 secondes. <\/p>\n<p>L&rsquo;auto-extinction de la flamme \u00e0 la fin de la combustion totale ne doit avoir lieu que lorsqu&rsquo;il ne reste plus qu&rsquo;un faible r\u00e9sidu de masse combustible dans le r\u00e9cipient.<\/p>\t\t\t\t\t\t\t\t<\/div>\n\t\t\t\t<\/div>\n\t\t\t\t<div class=\"elementor-element elementor-element-f83a123 elementor-widget elementor-widget-text-editor\" data-id=\"f83a123\" data-element_type=\"widget\" data-e-type=\"widget\" data-widget_type=\"text-editor.default\">\n\t\t\t\t<div class=\"elementor-widget-container\">\n\t\t\t\t\t\t\t\t\t<p><\/p>\n<h1>2-3 DISPOSITIONS D&rsquo;EXAMEN<\/h1>\n<h3>2-3.1 R\u00e9cipient<\/h3>\n<h4>2-3.1.1 Tous les r\u00e9cipients :<\/h4>\n<p>Contr\u00f4le optique<\/p>\n<h4>2-3.1.2 R\u00e9cipients en mati\u00e8re organique, notamment en plastique<\/h4>\n<p>Test selon ASTM F2417 &#8211; 11 chiffre 5.4 (Plastic Container Flammability Test) (repr\u00e9sentation simplifi\u00e9e : Les r\u00e9cipients sont expos\u00e9s \u00e0 une flamme d\u00e9finie pendant 10 secondes, la flamme doit s&rsquo;\u00e9teindre apr\u00e8s 30 secondes suppl\u00e9mentaires).<\/p>\n<h3>2-3.2 Conditions de combustion<\/h3>\n<p>Pour l&rsquo;essai de combustion, la temp\u00e9rature de la salle d&rsquo;essai doit se situer entre 20 \u00b0C et 25 \u00b0C. La temp\u00e9rature de la salle d&rsquo;essai ne doit pas \u00eatre trop \u00e9lev\u00e9e.<\/p>\n<p>La pi\u00e8ce doit \u00eatre largement prot\u00e9g\u00e9e des courants d&rsquo;air.<\/p>\n<p>La combustion s&rsquo;effectue sur une surface r\u00e9sistante \u00e0 la chaleur et incombustible qui sert de support. La conductivit\u00e9 thermique de cette surface doit \u00eatre la plus faible possible, de sorte que son influence sur le comportement de combustion soit la plus faible possible. Une combustion directe sur des surfaces telles que le m\u00e9tal ou le carrelage ne convient donc pas.  <\/p>\n<h3>2-3.3 Cycles de cuisson<\/h3>\n<h4>Pour maxi-lumi\u00e8re :<\/h4>\n<p>4h de combustion, au moins 1h de pause, combustion continue jusqu&rsquo;\u00e0 l&rsquo;auto-extinction.<br>pour les lumi\u00e8res avec une dur\u00e9e de combustion jusqu&rsquo;\u00e0 12h :<br>3h de combustion, mesure du temps de post-fumage, rallumage imm\u00e9diat, br\u00fblage \u00e0 c\u0153ur jusqu&rsquo;\u00e0 auto-extinction.<br>pour toutes les autres lumi\u00e8res :<br>4h de combustion, au moins 1h de pause, r\u00e9p\u00e9ter jusqu&rsquo;\u00e0 l&rsquo;auto-extinction.<\/p>\n<h4>Pour toutes les autres lumi\u00e8res :<\/h4>\n<p>4 h de cuisson, mesure du temps de post-fumage, au moins 1 h de pause, r\u00e9p\u00e9ter jusqu&rsquo;\u00e0 l&rsquo;auto-extinction.<\/p>\n<h3>2-3.4 Comportement \u00e0 la suie<\/h3>\n<h4>\u00c9valuation du comportement de la suie selon deux crit\u00e8res<\/h4>\n<p>a) visuel<\/p>\n<p><img loading=\"lazy\" decoding=\"async\" class=\"alignnone size-medium wp-image-1385\" src=\"https:\/\/ral.komfour-develop.de\/wp-content\/uploads\/2024\/05\/kennzeichnung-1-300x242.jpg\" alt=\"\" width=\"300\" height=\"242\" srcset=\"https:\/\/ral.komfour-develop.de\/wp-content\/uploads\/2024\/05\/kennzeichnung-1-300x242.jpg 300w, https:\/\/ral.komfour-develop.de\/wp-content\/uploads\/2024\/05\/kennzeichnung-1.jpg 495w\" sizes=\"(max-width: 300px) 100vw, 300px\" \/><\/p>\n<table class=\"avia-table avia-data-table avia_pricing_default avia-builder-el-55 el_after_av_hr avia-builder-el-last \">\n<tbody>\n<tr class=\"\">\n<td class=\"\">Pas d&rsquo;\u00e9mission de suie visible<\/td><td class=\"\">Exigence respect\u00e9e<\/td>\n<\/tr>\n<tr class=\"\">\n<td class=\"\">Bougie avec suie visible<\/td><td class=\"\">Conformit\u00e9 non respect\u00e9e<\/td>\n<\/tr>\n<\/tbody>\n<\/table>\n<h3>2-3.5 Fumer apr\u00e8s<\/h3>\n<p><img loading=\"lazy\" decoding=\"async\" class=\"alignnone size-medium wp-image-1413\" src=\"https:\/\/ral.komfour-develop.de\/wp-content\/uploads\/2024\/05\/nachrauchen-1-300x242.jpg\" alt=\"\" width=\"300\" height=\"242\" srcset=\"https:\/\/ral.komfour-develop.de\/wp-content\/uploads\/2024\/05\/nachrauchen-1-300x242.jpg 300w, https:\/\/ral.komfour-develop.de\/wp-content\/uploads\/2024\/05\/nachrauchen-1.jpg 495w\" sizes=\"(max-width: 300px) 100vw, 300px\" \/><\/p>\n<h3>2-3.6 R\u00e9sidu de combustion<\/h3>\n<p><img loading=\"lazy\" decoding=\"async\" class=\"alignnone size-medium wp-image-1414\" src=\"https:\/\/ral.komfour-develop.de\/wp-content\/uploads\/2024\/05\/brennmassenrueckstand-300x242.jpg\" alt=\"\" width=\"300\" height=\"242\" srcset=\"https:\/\/ral.komfour-develop.de\/wp-content\/uploads\/2024\/05\/brennmassenrueckstand-300x242.jpg 300w, https:\/\/ral.komfour-develop.de\/wp-content\/uploads\/2024\/05\/brennmassenrueckstand.jpg 495w\" sizes=\"(max-width: 300px) 100vw, 300px\" \/><\/p>\n<h3>2-3.7 Dur\u00e9e de combustion<\/h3>\n<p><img loading=\"lazy\" decoding=\"async\" class=\"alignnone size-medium wp-image-1415\" src=\"https:\/\/ral.komfour-develop.de\/wp-content\/uploads\/2024\/05\/brenndauer-300x242.jpg\" alt=\"\" width=\"300\" height=\"242\" srcset=\"https:\/\/ral.komfour-develop.de\/wp-content\/uploads\/2024\/05\/brenndauer-300x242.jpg 300w, https:\/\/ral.komfour-develop.de\/wp-content\/uploads\/2024\/05\/brenndauer.jpg 495w\" sizes=\"(max-width: 300px) 100vw, 300px\" \/><\/p>\t\t\t\t\t\t\t\t<\/div>\n\t\t\t\t<\/div>\n\t\t\t\t<div class=\"elementor-element elementor-element-eb9c7d6 elementor-widget elementor-widget-text-editor\" data-id=\"eb9c7d6\" data-element_type=\"widget\" data-e-type=\"widget\" data-widget_type=\"text-editor.default\">\n\t\t\t\t<div class=\"elementor-widget-container\">\n\t\t\t\t\t\t\t\t\t<p><\/p>\n<h1>2-4 \u00c9VALUATION GLOBALE<\/h1>\n<p><img loading=\"lazy\" decoding=\"async\" class=\"alignnone size-medium wp-image-1416\" src=\"https:\/\/ral.komfour-develop.de\/wp-content\/uploads\/2024\/05\/gesamtbeurteilung-1-300x242.jpg\" alt=\"\" width=\"300\" height=\"242\" srcset=\"https:\/\/ral.komfour-develop.de\/wp-content\/uploads\/2024\/05\/gesamtbeurteilung-1-300x242.jpg 300w, https:\/\/ral.komfour-develop.de\/wp-content\/uploads\/2024\/05\/gesamtbeurteilung-1.jpg 495w\" sizes=\"(max-width: 300px) 100vw, 300px\" \/> <img loading=\"lazy\" decoding=\"async\" class=\"alignnone size-medium wp-image-1417\" src=\"https:\/\/ral.komfour-develop.de\/wp-content\/uploads\/2024\/05\/gesamtbeurteilung-2-300x242.jpg\" alt=\"\" width=\"300\" height=\"242\" srcset=\"https:\/\/ral.komfour-develop.de\/wp-content\/uploads\/2024\/05\/gesamtbeurteilung-2-300x242.jpg 300w, https:\/\/ral.komfour-develop.de\/wp-content\/uploads\/2024\/05\/gesamtbeurteilung-2.jpg 495w\" sizes=\"(max-width: 300px) 100vw, 300px\" \/><\/p>\n<p><img loading=\"lazy\" decoding=\"async\" class=\"alignnone size-full wp-image-1386\" src=\"https:\/\/ral.komfour-develop.de\/wp-content\/uploads\/2024\/05\/ral-de-en.jpg\" alt=\"\" width=\"300\" height=\"300\" srcset=\"https:\/\/ral.komfour-develop.de\/wp-content\/uploads\/2024\/05\/ral-de-en.jpg 300w, https:\/\/ral.komfour-develop.de\/wp-content\/uploads\/2024\/05\/ral-de-en-150x150.jpg 150w\" sizes=\"(max-width: 300px) 100vw, 300px\" \/><\/p>\t\t\t\t\t\t\t\t<\/div>\n\t\t\t\t<\/div>\n\t\t\t\t<div class=\"elementor-element elementor-element-26184d9 gallery-spacing-custom elementor-widget elementor-widget-image-gallery\" data-id=\"26184d9\" data-element_type=\"widget\" data-e-type=\"widget\" data-widget_type=\"image-gallery.default\">\n\t\t\t\t<div class=\"elementor-widget-container\">\n\t\t\t\t\t\t\t<div class=\"elementor-image-gallery\">\n\t\t\t<div id='gallery-1' class='gallery galleryid-3761 gallery-columns-2 gallery-size-full'><figure class='gallery-item'>\n\t\t\t<div class='gallery-icon portrait'>\n\t\t\t\t<a data-elementor-open-lightbox=\"yes\" data-elementor-lightbox-slideshow=\"26184d9\" data-elementor-lightbox-title=\"award-certificate\" data-e-action-hash=\"#elementor-action%3Aaction%3Dlightbox%26settings%3DeyJpZCI6MjkyNywidXJsIjoiaHR0cHM6XC9cL3JhbC5rb21mb3VyLWRldmVsb3AuZGVcL3dwLWNvbnRlbnRcL3VwbG9hZHNcLzIwMjRcLzA1XC9hd2FyZC1jZXJ0aWZpY2F0ZS5qcGciLCJzbGlkZXNob3ciOiIyNjE4NGQ5In0%3D\" href='https:\/\/ral.komfour-develop.de\/wp-content\/uploads\/2024\/05\/award-certificate.jpg'><img loading=\"lazy\" decoding=\"async\" width=\"718\" height=\"1030\" src=\"https:\/\/ral.komfour-develop.de\/wp-content\/uploads\/2024\/05\/award-certificate.jpg\" class=\"attachment-full size-full\" alt=\"\" srcset=\"https:\/\/ral.komfour-develop.de\/wp-content\/uploads\/2024\/05\/award-certificate.jpg 718w, https:\/\/ral.komfour-develop.de\/wp-content\/uploads\/2024\/05\/award-certificate-209x300.jpg 209w, https:\/\/ral.komfour-develop.de\/wp-content\/uploads\/2024\/05\/award-certificate-714x1024.jpg 714w\" sizes=\"(max-width: 718px) 100vw, 718px\" \/><\/a>\n\t\t\t<\/div><\/figure><figure class='gallery-item'>\n\t\t\t<div class='gallery-icon portrait'>\n\t\t\t\t<a data-elementor-open-lightbox=\"yes\" data-elementor-lightbox-slideshow=\"26184d9\" data-elementor-lightbox-title=\"test-report\" data-e-action-hash=\"#elementor-action%3Aaction%3Dlightbox%26settings%3DeyJpZCI6MjkzMCwidXJsIjoiaHR0cHM6XC9cL3JhbC5rb21mb3VyLWRldmVsb3AuZGVcL3dwLWNvbnRlbnRcL3VwbG9hZHNcLzIwMjRcLzA1XC90ZXN0LXJlcG9ydC5qcGciLCJzbGlkZXNob3ciOiIyNjE4NGQ5In0%3D\" href='https:\/\/ral.komfour-develop.de\/wp-content\/uploads\/2024\/05\/test-report.jpg'><img loading=\"lazy\" decoding=\"async\" width=\"718\" height=\"1030\" src=\"https:\/\/ral.komfour-develop.de\/wp-content\/uploads\/2024\/05\/test-report.jpg\" class=\"attachment-full size-full\" alt=\"\" srcset=\"https:\/\/ral.komfour-develop.de\/wp-content\/uploads\/2024\/05\/test-report.jpg 718w, https:\/\/ral.komfour-develop.de\/wp-content\/uploads\/2024\/05\/test-report-209x300.jpg 209w, https:\/\/ral.komfour-develop.de\/wp-content\/uploads\/2024\/05\/test-report-714x1024.jpg 714w\" sizes=\"(max-width: 718px) 100vw, 718px\" \/><\/a>\n\t\t\t<\/div><\/figure>\n\t\t<\/div>\n\t\t<\/div>\n\t\t\t\t\t\t<\/div>\n\t\t\t\t<\/div>\n\t\t\t\t<\/div>\n\t\t\t\t\t<\/div>\n\t\t\t\t<\/div>\n\t\t\t\t<\/div>\n\t\t","protected":false},"excerpt":{"rendered":"<p>Nous travaillons avec des mati\u00e8res premi\u00e8res dont la qualit\u00e9 est garantie ! EXTRAIT DES PRESCRIPTIONS PARTICULI\u00c8RES DE QUALIT\u00c9 ET D&rsquo;ESSAI POUR LES \u00c9CLAIRAGES INT\u00c9RIEURS RAL-GZ 041\/2 2-1 CHAMP D&rsquo;APPLICATION Les pr\u00e9sentes dispositions particuli\u00e8res de qualit\u00e9 et de contr\u00f4le s&rsquo;appliquent aux luminaires d&rsquo;int\u00e9rieur. Les luminaires sont cuits dans un r\u00e9cipient, par exemple en m\u00e9tal, en verre [&hellip;]<\/p>\n","protected":false},"author":2,"featured_media":0,"parent":0,"menu_order":0,"comment_status":"closed","ping_status":"closed","template":"elementor_header_footer","meta":{"footnotes":""},"class_list":["post-3761","page","type-page","status-publish","hentry"],"acf":[],"_links":{"self":[{"href":"https:\/\/ral.komfour-develop.de\/fr\/wp-json\/wp\/v2\/pages\/3761","targetHints":{"allow":["GET"]}}],"collection":[{"href":"https:\/\/ral.komfour-develop.de\/fr\/wp-json\/wp\/v2\/pages"}],"about":[{"href":"https:\/\/ral.komfour-develop.de\/fr\/wp-json\/wp\/v2\/types\/page"}],"author":[{"embeddable":true,"href":"https:\/\/ral.komfour-develop.de\/fr\/wp-json\/wp\/v2\/users\/2"}],"replies":[{"embeddable":true,"href":"https:\/\/ral.komfour-develop.de\/fr\/wp-json\/wp\/v2\/comments?post=3761"}],"version-history":[{"count":4,"href":"https:\/\/ral.komfour-develop.de\/fr\/wp-json\/wp\/v2\/pages\/3761\/revisions"}],"predecessor-version":[{"id":3765,"href":"https:\/\/ral.komfour-develop.de\/fr\/wp-json\/wp\/v2\/pages\/3761\/revisions\/3765"}],"wp:attachment":[{"href":"https:\/\/ral.komfour-develop.de\/fr\/wp-json\/wp\/v2\/media?parent=3761"}],"curies":[{"name":"wp","href":"https:\/\/api.w.org\/{rel}","templated":true}]}}