{"id":3777,"date":"2024-05-28T13:55:52","date_gmt":"2024-05-28T13:55:52","guid":{"rendered":"https:\/\/ral.komfour-develop.de\/?page_id=3777"},"modified":"2024-08-07T06:16:27","modified_gmt":"2024-08-07T06:16:27","slug":"extrait-des-specifications-de-lessai-ral-gz-041-3","status":"publish","type":"page","link":"https:\/\/ral.komfour-develop.de\/fr\/extrait-des-specifications-de-lessai-ral-gz-041-3\/","title":{"rendered":"Extrait des sp\u00e9cifications de l&rsquo;essai RAL-GZ 041\/3"},"content":{"rendered":"\t\t<div data-elementor-type=\"wp-page\" data-elementor-id=\"3777\" class=\"elementor elementor-3777 elementor-1316\" data-elementor-post-type=\"page\">\n\t\t\t\t<div class=\"elementor-element elementor-element-1c04d01 e-con-full e-flex e-con e-parent\" data-id=\"1c04d01\" data-element_type=\"container\" data-e-type=\"container\">\n\t\t<div class=\"elementor-element elementor-element-7b8b2fb e-con-full e-flex e-con e-child\" data-id=\"7b8b2fb\" data-element_type=\"container\" data-e-type=\"container\">\n\t\t\t\t<div class=\"elementor-element elementor-element-403a0b5 elementor--h-position-left elementor--v-position-top elementor-arrows-position-inside elementor-pagination-position-inside elementor-widget elementor-widget-slides\" data-id=\"403a0b5\" data-element_type=\"widget\" data-e-type=\"widget\" data-settings=\"{&quot;navigation&quot;:&quot;both&quot;,&quot;autoplay&quot;:&quot;yes&quot;,&quot;pause_on_hover&quot;:&quot;yes&quot;,&quot;pause_on_interaction&quot;:&quot;yes&quot;,&quot;autoplay_speed&quot;:5000,&quot;infinite&quot;:&quot;yes&quot;,&quot;transition&quot;:&quot;slide&quot;,&quot;transition_speed&quot;:500}\" data-widget_type=\"slides.default\">\n\t\t\t\t<div class=\"elementor-widget-container\">\n\t\t\t\t\t\t\t<div class=\"elementor-swiper\">\n\t\t\t<div class=\"elementor-slides-wrapper elementor-main-swiper swiper-container\" dir=\"ltr\" data-animation=\"fadeInUp\">\n\t\t\t\t<div class=\"swiper-wrapper elementor-slides\">\n\t\t\t\t\t\t\t\t\t\t<div class=\"elementor-repeater-item-07035d2 swiper-slide\"><div class=\"swiper-slide-bg\" role=\"img\"><\/div><div class=\"swiper-slide-inner\" ><div class=\"swiper-slide-contents\"><div class=\"elementor-slide-heading\">Nous travaillons avec<\/div><div class=\"elementor-slide-description\"><p>des mati\u00e8res premi\u00e8res dont la qualit\u00e9 est garantie !<\/p>\n<\/div><\/div><\/div><\/div>\t\t\t\t<\/div>\n\t\t\t\t\t\t\t<\/div>\n\t\t<\/div>\n\t\t\t\t\t\t<\/div>\n\t\t\t\t<\/div>\n\t\t\t\t<\/div>\n\t\t\t\t<\/div>\n\t\t<div class=\"elementor-element elementor-element-1cb4345 e-flex e-con-boxed e-con e-parent\" data-id=\"1cb4345\" data-element_type=\"container\" data-e-type=\"container\">\n\t\t\t\t\t<div class=\"e-con-inner\">\n\t\t<div class=\"elementor-element elementor-element-5afa847 e-con-full e-flex e-con e-child\" data-id=\"5afa847\" data-element_type=\"container\" data-e-type=\"container\">\n\t\t\t\t<div class=\"elementor-element elementor-element-6d29b45 elementor-widget elementor-widget-heading\" data-id=\"6d29b45\" data-element_type=\"widget\" data-e-type=\"widget\" data-widget_type=\"heading.default\">\n\t\t\t\t<div class=\"elementor-widget-container\">\n\t\t\t\t\t<h1 class=\"elementor-heading-title elementor-size-default\">Extrait des sp\u00e9cifications d\u2019assurance qualit\u00e9 et d\u2019essai sp\u00e9cifiques aux bougies chauffe-plat RAL-GZ 041\/3<\/h1>\t\t\t\t<\/div>\n\t\t\t\t<\/div>\n\t\t\t\t<div class=\"elementor-element elementor-element-5805c0d elementor-widget elementor-widget-text-editor\" data-id=\"5805c0d\" data-element_type=\"widget\" data-e-type=\"widget\" data-widget_type=\"text-editor.default\">\n\t\t\t\t<div class=\"elementor-widget-container\">\n\t\t\t\t\t\t\t\t\t<p><\/p>\n<h1>3-1 CHAMP D&rsquo;APPLICATION<\/h1>\n<p><img fetchpriority=\"high\" decoding=\"async\" class=\"alignnone size-medium wp-image-1425\" src=\"https:\/\/ral.komfour-develop.de\/wp-content\/uploads\/2024\/05\/geltungsbereich-teelichte-300x243.jpg\" alt=\"\" width=\"300\" height=\"243\" srcset=\"https:\/\/ral.komfour-develop.de\/wp-content\/uploads\/2024\/05\/geltungsbereich-teelichte-300x243.jpg 300w, https:\/\/ral.komfour-develop.de\/wp-content\/uploads\/2024\/05\/geltungsbereich-teelichte-768x622.jpg 768w, https:\/\/ral.komfour-develop.de\/wp-content\/uploads\/2024\/05\/geltungsbereich-teelichte.jpg 845w\" sizes=\"(max-width: 300px) 100vw, 300px\" \/><\/p>\n<p>Les pr\u00e9sentes dispositions particuli\u00e8res de qualit\u00e9 et de contr\u00f4le s&rsquo;appliquent aux bougies chauffe-plat.<\/p>\n<h4>Bougies chauffe-plat<\/h4>\n<ul>\n<li>ont un corps de masse combustible d&rsquo;un diam\u00e8tre ext\u00e9rieur de 36 \u00e0 39 mm et d&rsquo;une hauteur maximale de 17 mm<\/li>\n<li>ne contiennent pas de parfums, de colorants ou de cire d&rsquo;abeille ajout\u00e9s<\/li>\n<li>sont cuits dans un r\u00e9cipient incombustible, par exemple en m\u00e9tal, en verre ou en plastique. Le r\u00e9cipient emp\u00eache la masse de cuisson de s&rsquo;\u00e9couler.<\/li>\n<\/ul>\n<p><br>Dans le cadre de ce champ d&rsquo;application, les exigences du label de qualit\u00e9 des bougies doivent \u00eatre remplies pour le produit bougies chauffe-plat.<\/p>\t\t\t\t\t\t\t\t<\/div>\n\t\t\t\t<\/div>\n\t\t\t\t<div class=\"elementor-element elementor-element-4ae4885 elementor-widget elementor-widget-text-editor\" data-id=\"4ae4885\" data-element_type=\"widget\" data-e-type=\"widget\" data-widget_type=\"text-editor.default\">\n\t\t\t\t<div class=\"elementor-widget-container\">\n\t\t\t\t\t\t\t\t\t<p><\/p>\n<h1>3-2 D\u00c9TERMINATION DE LA QUALIT\u00c9<\/h1>\n<p><img decoding=\"async\" class=\"alignnone size-medium wp-image-1426\" src=\"https:\/\/ral.komfour-develop.de\/wp-content\/uploads\/2024\/05\/guetebestimmungen-teelichte-300x243.jpg\" alt=\"\" width=\"300\" height=\"243\" srcset=\"https:\/\/ral.komfour-develop.de\/wp-content\/uploads\/2024\/05\/guetebestimmungen-teelichte-300x243.jpg 300w, https:\/\/ral.komfour-develop.de\/wp-content\/uploads\/2024\/05\/guetebestimmungen-teelichte-768x622.jpg 768w, https:\/\/ral.komfour-develop.de\/wp-content\/uploads\/2024\/05\/guetebestimmungen-teelichte.jpg 845w\" sizes=\"(max-width: 300px) 100vw, 300px\" \/><\/p>\n<h3>3-2.1 Exigences optiques et techniques<\/h3>\n<h4>3-2.1.1 Aspect \/ Disposition de la m\u00e8che<\/h4>\n<p>La surface du corps de la masse combustible doit \u00eatre exempte d&rsquo;impuret\u00e9s lorsqu&rsquo;elle est observ\u00e9e sans moyens techniques.<\/p>\n<p>La m\u00e8che doit \u00eatre centr\u00e9e.<\/p>\n<h4>3-2.1.2 Dimensions<\/h4>\n<p>Les bougies \u00e0 m\u00e8che standard ont les dimensions suivantes (corps de la masse combustible sans r\u00e9cipient, sans support de m\u00e8che, sans m\u00e8che) :<\/p>\n<p>hauteur : maximum 17 mm<\/p>\n<p>diam\u00e8tre : 36-39 mm<\/p>\n<p>Des dimensions plus grandes et une m\u00e8che trop forte peuvent produire une flamme trop importante, pour laquelle les dimensions d&rsquo;un r\u00e9chaud peuvent alors \u00eatre trop petites, ce qui peut avoir des cons\u00e9quences n\u00e9gatives.<\/p>\n<h4>3-2.1.3 R\u00e9cipient<\/h4>\n<p>La masse combustible des bougies chauffe-plat se trouve dans un r\u00e9cipient solide. Le r\u00e9cipient ne doit pas \u00eatre d\u00e9form\u00e9 de mani\u00e8re significative par la flamme, ni \u00eatre d\u00e9truit ou enflamm\u00e9. <\/p>\n<h4>3-2.1.4 Comportement au feu \/ dur\u00e9e de cuisson<\/h4>\n<p><img decoding=\"async\" class=\"alignnone size-medium wp-image-1428\" src=\"https:\/\/ral.komfour-develop.de\/wp-content\/uploads\/2024\/05\/teelicht-brennverhalten-1-300x242.jpg\" alt=\"\" width=\"300\" height=\"242\" srcset=\"https:\/\/ral.komfour-develop.de\/wp-content\/uploads\/2024\/05\/teelicht-brennverhalten-1-300x242.jpg 300w, https:\/\/ral.komfour-develop.de\/wp-content\/uploads\/2024\/05\/teelicht-brennverhalten-1.jpg 495w\" sizes=\"(max-width: 300px) 100vw, 300px\" \/><\/p>\n<p>Apr\u00e8s l&rsquo;allumage, la bougie chauffe-plat doit pr\u00e9senter une flamme calme et une combustion r\u00e9guli\u00e8re.<\/p>\n<p><img loading=\"lazy\" decoding=\"async\" class=\"alignnone size-medium wp-image-1429\" src=\"https:\/\/ral.komfour-develop.de\/wp-content\/uploads\/2024\/05\/teelicht-brennverhalten-2-300x242.jpg\" alt=\"\" width=\"300\" height=\"242\" srcset=\"https:\/\/ral.komfour-develop.de\/wp-content\/uploads\/2024\/05\/teelicht-brennverhalten-2-300x242.jpg 300w, https:\/\/ral.komfour-develop.de\/wp-content\/uploads\/2024\/05\/teelicht-brennverhalten-2.jpg 495w\" sizes=\"(max-width: 300px) 100vw, 300px\" \/><\/p>\n<p>Apr\u00e8s la phase d&rsquo;allumage et jusqu&rsquo;\u00e0 peu avant l&rsquo;auto-extinction de la flamme, la hauteur de celle-ci doit \u00eatre d&rsquo;au moins 14 mm.<\/p>\n<p><img loading=\"lazy\" decoding=\"async\" class=\"alignnone size-medium wp-image-1430\" src=\"https:\/\/ral.komfour-develop.de\/wp-content\/uploads\/2024\/05\/teelicht-brennverhalten-3-300x242.jpg\" alt=\"\" width=\"300\" height=\"242\" srcset=\"https:\/\/ral.komfour-develop.de\/wp-content\/uploads\/2024\/05\/teelicht-brennverhalten-3-300x242.jpg 300w, https:\/\/ral.komfour-develop.de\/wp-content\/uploads\/2024\/05\/teelicht-brennverhalten-3.jpg 495w\" sizes=\"(max-width: 300px) 100vw, 300px\" \/><\/p>\n<p>La flamme doit br\u00fbler sans \u00e9mission visible de suie et pendant au moins 4 heures.<\/p>\n<p><img loading=\"lazy\" decoding=\"async\" class=\"alignnone size-medium wp-image-1413\" src=\"https:\/\/ral.komfour-develop.de\/wp-content\/uploads\/2024\/05\/nachrauchen-1-300x242.jpg\" alt=\"\" width=\"300\" height=\"242\" srcset=\"https:\/\/ral.komfour-develop.de\/wp-content\/uploads\/2024\/05\/nachrauchen-1-300x242.jpg 300w, https:\/\/ral.komfour-develop.de\/wp-content\/uploads\/2024\/05\/nachrauchen-1.jpg 495w\" sizes=\"(max-width: 300px) 100vw, 300px\" \/><\/p>\n<p>Apr\u00e8s l&rsquo;extinction de la flamme, la pointe de la m\u00e8che continue naturellement \u00e0 br\u00fbler un peu ; cela s&rsquo;accompagne de l&rsquo;\u00e9mission d&rsquo;un panache de fum\u00e9e. Ce processus doit \u00eatre termin\u00e9 dans les 10 secondes. <\/p>\n<p><img loading=\"lazy\" decoding=\"async\" class=\"alignnone size-medium wp-image-1431\" src=\"https:\/\/ral.komfour-develop.de\/wp-content\/uploads\/2024\/05\/teelicht-brennverhalten-4-300x242.jpg\" alt=\"\" width=\"300\" height=\"242\" srcset=\"https:\/\/ral.komfour-develop.de\/wp-content\/uploads\/2024\/05\/teelicht-brennverhalten-4-300x242.jpg 300w, https:\/\/ral.komfour-develop.de\/wp-content\/uploads\/2024\/05\/teelicht-brennverhalten-4.jpg 495w\" sizes=\"(max-width: 300px) 100vw, 300px\" \/><\/p>\n<p>L&rsquo;auto-extinction de la flamme \u00e0 la fin de la combustion totale ne doit avoir lieu que lorsqu&rsquo;il ne reste plus qu&rsquo;un faible r\u00e9sidu de masse combustible dans le r\u00e9cipient.<\/p>\t\t\t\t\t\t\t\t<\/div>\n\t\t\t\t<\/div>\n\t\t\t\t<div class=\"elementor-element elementor-element-45951e9 elementor-widget elementor-widget-text-editor\" data-id=\"45951e9\" data-element_type=\"widget\" data-e-type=\"widget\" data-widget_type=\"text-editor.default\">\n\t\t\t\t<div class=\"elementor-widget-container\">\n\t\t\t\t\t\t\t\t\t<p><\/p>\n<h1>3-3 DISPOSITIONS RELATIVES AUX ESSAIS<\/h1>\n<h3>3-3.1 G\u00e9n\u00e9ralit\u00e9s<\/h3>\n<p>Dix luminaires \u00e0 \u00e9tincelles doivent \u00eatre soumis \u00e0 chaque fois aux essais en cours conform\u00e9ment aux sections 3-2.1.1 \u00e0 3-2.1.2 et 3-3.2 \u00e0 3-3.9, \u00e0 l&rsquo;exception de la section 3-3.7 b).<\/p>\n<p>Les exigences sont remplies si elles sont respect\u00e9es en moyenne par les 10 bougies \u00e0 chauffe-plat test\u00e9es, c&rsquo;est-\u00e0-dire si la valeur moyenne de toutes les mesures individuelles correspond aux exigences et si rien d&rsquo;autre n&rsquo;est sp\u00e9cifi\u00e9 pour les sections correspondantes.<\/p>\n<h3>3-3.2 Pr\u00e9l\u00e8vement d&rsquo;\u00e9chantillons lors des essais en cours<\/h3>\n<p>Le nombre d&rsquo;\u00e9chantillons en fonction de la production est d\u00e9termin\u00e9 en accord avec l&rsquo;institut de contr\u00f4le externe.<\/p>\n<p>La hauteur et le diam\u00e8tre ainsi que le poids de l&rsquo;objet test\u00e9 &#8211; sans r\u00e9cipient, sans porte-m\u00e8che, sans m\u00e8che &#8211; sont mesur\u00e9s et not\u00e9s en mm ou en g. Le poids de l&rsquo;objet test\u00e9 est indiqu\u00e9 sur l&rsquo;\u00e9tiquette.<\/p>\n<h3>3-3.3 R\u00e9cipient<\/h3>\n<h4>3-3.3.1 Tous les r\u00e9cipients :<\/h4>\n<p>Contr\u00f4le optique<\/p>\n<h4>3-3.3.2 R\u00e9cipients en mati\u00e8re organique, notamment en plastique<\/h4>\n<p>Test selon ASTM F2417-11 chiffre 5.4 (Plastic Container Flammability Test) (repr\u00e9sent\u00e9 de mani\u00e8re simplifi\u00e9e : Les r\u00e9cipients sont expos\u00e9s \u00e0 une flamme d\u00e9finie pendant 10 secondes, la flamme doit s&rsquo;\u00e9teindre apr\u00e8s 30 secondes suppl\u00e9mentaires)<\/p>\n<h3>3-3.4 Conditions spatiales<\/h3>\n<p>Le contr\u00f4le continu des propri\u00e9t\u00e9s de combustion des bougies chauffe-plat (hauteur de flamme, comportement \u00e0 la suie (visuellement selon le paragraphe 3-3.7 a), dur\u00e9e de combustion, r\u00e9sidu de masse combustible, temps de post-fum\u00e9e) est effectu\u00e9 apr\u00e8s le cycle de combustion suivant :<\/p>\n<p>combustion continue jusqu&rsquo;\u00e0 l&rsquo;auto-extinction.<\/p>\n<p>Apr\u00e8s une dur\u00e9e de combustion d&rsquo;environ 90 minutes, le temps de post-fumage est d\u00e9termin\u00e9. Pour ce faire, la flamme est \u00e9teinte et le temps de post-fumage est mesur\u00e9 conform\u00e9ment au point 3-3.9. Imm\u00e9diatement apr\u00e8s la mesure, la bougie chauffe-plat est rallum\u00e9e et la combustion continue se poursuit.  <\/p>\n<p>La combustion s&rsquo;effectue sur une surface r\u00e9sistante \u00e0 la chaleur et incombustible qui sert de support. La conductivit\u00e9 thermique de cette surface doit \u00eatre la plus faible possible, de sorte que son influence sur le comportement de combustion soit la plus faible possible. Une combustion directe sur des surfaces telles que le m\u00e9tal ou le carrelage ne convient donc pas.  <\/p>\n<h3 class=\"av-special-heading-tag\">3-3.5 Cycle de cuisson lors de l&rsquo;examen en cours<\/h3>\n<h3 class=\"av-special-heading-tag\">3-3.6 Hauteur de la flamme<\/h3>\n<p><img loading=\"lazy\" decoding=\"async\" class=\"alignnone size-medium wp-image-1429\" src=\"https:\/\/ral.komfour-develop.de\/wp-content\/uploads\/2024\/05\/teelicht-brennverhalten-2-300x242.jpg\" alt=\"\" width=\"300\" height=\"242\" srcset=\"https:\/\/ral.komfour-develop.de\/wp-content\/uploads\/2024\/05\/teelicht-brennverhalten-2-300x242.jpg 300w, https:\/\/ral.komfour-develop.de\/wp-content\/uploads\/2024\/05\/teelicht-brennverhalten-2.jpg 495w\" sizes=\"(max-width: 300px) 100vw, 300px\" \/><\/p>\n<div class=\"special-heading-border\">Si la masse combustible et la m\u00e8che ne sont pas parfaitement adapt\u00e9es, une flamme trop petite peut se former. Pendant la phase d&rsquo;allumage (jusqu&rsquo;\u00e0 la liqu\u00e9faction compl\u00e8te de la surface de la masse combustible) et avant l&rsquo;auto-extinction de la flamme (5 minutes avant l&rsquo;extinction), des variations peuvent se produire. Pendant le reste de la p\u00e9riode de combustion, la hauteur de la flamme, mesur\u00e9e de la surface de la masse combustible liquide \u00e0 la pointe de la flamme, doit \u00eatre d&rsquo;au moins 14 mm.  <\/div>\n<h4><strong>\u00c9valuation<\/strong><\/h4>\n<table class=\"avia-table avia-data-table avia_pricing_default avia-builder-el-69 el_after_av_textblock el_before_av_toggle_container \">\n<tbody>\n<tr class=\"\">\n<td class=\"\">hauteur de flamme d&rsquo;au moins 14 mm <\/td>\n<td class=\"\">Exigence respect\u00e9e<\/td>\n<\/tr>\n<tr class=\"\">\n<td class=\"\">Hauteur de flamme parfois inf\u00e9rieure \u00e0 14 mm<\/td><td class=\"\">Exigence non respect\u00e9e<\/td>\n<\/tr>\n<\/tbody>\n<\/table>\n<p>Si 1 bougie chauffe-plat au maximum ne respecte pas cette exigence, 10 autres bougies chauffe-plat sont test\u00e9es. Parmi celles-ci, toutes les bougies chauffe-plat doivent respecter l&rsquo;exigence pour r\u00e9ussir le test. <\/p>\n<h3>3-3.7 Dur\u00e9e de cuisson<\/h3>\n<div>La dur\u00e9e de combustion doit \u00eatre d&rsquo;au moins 4 heures. Aucune bougie chauffe-plat individuelle ne doit avoir une dur\u00e9e de combustion inf\u00e9rieure de plus de 15 minutes \u00e0 la dur\u00e9e minimale. <\/div>\n<h4>\u00c9valuation<\/h4>\n<table class=\"avia-table avia-data-table avia_pricing_default avia-builder-el-74 el_after_av_textblock el_before_av_heading \">\n<tbody>\n<tr class=\"\">\n<td class=\"\">Dur\u00e9e de combustion d&rsquo;au moins 4 heures<\/td><td class=\"\">Exigence respect\u00e9e<\/td>\n<\/tr>\n<tr class=\"\">\n<td class=\"\">Dur\u00e9e de combustion inf\u00e9rieure \u00e0 4 heures<\/td><td class=\"\">Exigence non respect\u00e9e<\/td>\n<\/tr>\n<\/tbody>\n<\/table>\n<h3 class=\"av-special-heading-tag\">3-3.8 Comportement \u00e0 la suie<\/h3>\n<p><img loading=\"lazy\" decoding=\"async\" class=\"alignnone size-medium wp-image-1432\" src=\"https:\/\/ral.komfour-develop.de\/wp-content\/uploads\/2024\/05\/teelicht-russverhalten-300x243.jpg\" alt=\"\" width=\"300\" height=\"243\" srcset=\"https:\/\/ral.komfour-develop.de\/wp-content\/uploads\/2024\/05\/teelicht-russverhalten-300x243.jpg 300w, https:\/\/ral.komfour-develop.de\/wp-content\/uploads\/2024\/05\/teelicht-russverhalten-768x622.jpg 768w, https:\/\/ral.komfour-develop.de\/wp-content\/uploads\/2024\/05\/teelicht-russverhalten.jpg 845w\" sizes=\"(max-width: 300px) 100vw, 300px\" \/><\/p>\n<h3 class=\"av-special-heading-tag\">3-3.9 Minimisation des r\u00e9sidus de combustion<\/h3>\n<p>Il convient de v\u00e9rifier le r\u00e9sidu de cire apr\u00e8s l&rsquo;auto-extinction de la flamme. Il ne doit pas d\u00e9passer 2 g. <\/p>\n<h4>\u00c9valuation<\/h4>\n<table class=\"avia-table avia-data-table avia_pricing_default avia-builder-el-79 el_after_av_textblock el_before_av_heading \">\n<tbody>\n<tr class=\"\">\n<td class=\"\">R\u00e9sidu de cire max. 2 g <\/td>\n<td class=\"\">Exigence respect\u00e9e<\/td>\n<\/tr>\n<tr class=\"\">\n<td class=\"\">R\u00e9sidu de cire sup\u00e9rieur \u00e0 2 g<\/td><td class=\"\">Exigence non respect\u00e9e<\/td>\n<\/tr>\n<\/tbody>\n<\/table>\n<h3 class=\"av-special-heading-tag\">3-3.10 Fumer apr\u00e8s<\/h3>\t\t\t\t\t\t\t\t<\/div>\n\t\t\t\t<\/div>\n\t\t\t\t<div class=\"elementor-element elementor-element-6891eb6 elementor-widget elementor-widget-text-editor\" data-id=\"6891eb6\" data-element_type=\"widget\" data-e-type=\"widget\" data-widget_type=\"text-editor.default\">\n\t\t\t\t<div class=\"elementor-widget-container\">\n\t\t\t\t\t\t\t\t\t<p><\/p>\n<h1>3-4 \u00c9VALUATION GLOBALE<\/h1>\n<p><img loading=\"lazy\" decoding=\"async\" class=\"alignnone size-medium wp-image-1416\" src=\"https:\/\/ral.komfour-develop.de\/wp-content\/uploads\/2024\/05\/gesamtbeurteilung-1-300x242.jpg\" alt=\"\" width=\"300\" height=\"242\" srcset=\"https:\/\/ral.komfour-develop.de\/wp-content\/uploads\/2024\/05\/gesamtbeurteilung-1-300x242.jpg 300w, https:\/\/ral.komfour-develop.de\/wp-content\/uploads\/2024\/05\/gesamtbeurteilung-1.jpg 495w\" sizes=\"(max-width: 300px) 100vw, 300px\" \/> <img loading=\"lazy\" decoding=\"async\" class=\"alignnone size-medium wp-image-1417\" src=\"https:\/\/ral.komfour-develop.de\/wp-content\/uploads\/2024\/05\/gesamtbeurteilung-2-300x242.jpg\" alt=\"\" width=\"300\" height=\"242\" srcset=\"https:\/\/ral.komfour-develop.de\/wp-content\/uploads\/2024\/05\/gesamtbeurteilung-2-300x242.jpg 300w, https:\/\/ral.komfour-develop.de\/wp-content\/uploads\/2024\/05\/gesamtbeurteilung-2.jpg 495w\" sizes=\"(max-width: 300px) 100vw, 300px\" \/><\/p>\n<p><img loading=\"lazy\" decoding=\"async\" class=\"alignnone size-full wp-image-1386\" src=\"https:\/\/ral.komfour-develop.de\/wp-content\/uploads\/2024\/05\/ral-de-en.jpg\" alt=\"\" width=\"300\" height=\"300\" srcset=\"https:\/\/ral.komfour-develop.de\/wp-content\/uploads\/2024\/05\/ral-de-en.jpg 300w, https:\/\/ral.komfour-develop.de\/wp-content\/uploads\/2024\/05\/ral-de-en-150x150.jpg 150w\" sizes=\"(max-width: 300px) 100vw, 300px\" \/><\/p>\t\t\t\t\t\t\t\t<\/div>\n\t\t\t\t<\/div>\n\t\t\t\t<div class=\"elementor-element elementor-element-eef9f46 gallery-spacing-custom elementor-widget elementor-widget-image-gallery\" data-id=\"eef9f46\" data-element_type=\"widget\" data-e-type=\"widget\" data-widget_type=\"image-gallery.default\">\n\t\t\t\t<div class=\"elementor-widget-container\">\n\t\t\t\t\t\t\t<div class=\"elementor-image-gallery\">\n\t\t\t<div id='gallery-1' class='gallery galleryid-3777 gallery-columns-2 gallery-size-full'><figure class='gallery-item'>\n\t\t\t<div class='gallery-icon portrait'>\n\t\t\t\t<a data-elementor-open-lightbox=\"yes\" data-elementor-lightbox-slideshow=\"eef9f46\" data-elementor-lightbox-title=\"award-certificate\" data-e-action-hash=\"#elementor-action%3Aaction%3Dlightbox%26settings%3DeyJpZCI6MjkyNywidXJsIjoiaHR0cHM6XC9cL3JhbC5rb21mb3VyLWRldmVsb3AuZGVcL3dwLWNvbnRlbnRcL3VwbG9hZHNcLzIwMjRcLzA1XC9hd2FyZC1jZXJ0aWZpY2F0ZS5qcGciLCJzbGlkZXNob3ciOiJlZWY5ZjQ2In0%3D\" href='https:\/\/ral.komfour-develop.de\/wp-content\/uploads\/2024\/05\/award-certificate.jpg'><img loading=\"lazy\" decoding=\"async\" width=\"718\" height=\"1030\" src=\"https:\/\/ral.komfour-develop.de\/wp-content\/uploads\/2024\/05\/award-certificate.jpg\" class=\"attachment-full size-full\" alt=\"\" srcset=\"https:\/\/ral.komfour-develop.de\/wp-content\/uploads\/2024\/05\/award-certificate.jpg 718w, https:\/\/ral.komfour-develop.de\/wp-content\/uploads\/2024\/05\/award-certificate-209x300.jpg 209w, https:\/\/ral.komfour-develop.de\/wp-content\/uploads\/2024\/05\/award-certificate-714x1024.jpg 714w\" sizes=\"(max-width: 718px) 100vw, 718px\" \/><\/a>\n\t\t\t<\/div><\/figure><figure class='gallery-item'>\n\t\t\t<div class='gallery-icon portrait'>\n\t\t\t\t<a data-elementor-open-lightbox=\"yes\" data-elementor-lightbox-slideshow=\"eef9f46\" data-elementor-lightbox-title=\"test-report\" data-e-action-hash=\"#elementor-action%3Aaction%3Dlightbox%26settings%3DeyJpZCI6MjkzMCwidXJsIjoiaHR0cHM6XC9cL3JhbC5rb21mb3VyLWRldmVsb3AuZGVcL3dwLWNvbnRlbnRcL3VwbG9hZHNcLzIwMjRcLzA1XC90ZXN0LXJlcG9ydC5qcGciLCJzbGlkZXNob3ciOiJlZWY5ZjQ2In0%3D\" href='https:\/\/ral.komfour-develop.de\/wp-content\/uploads\/2024\/05\/test-report.jpg'><img loading=\"lazy\" decoding=\"async\" width=\"718\" height=\"1030\" src=\"https:\/\/ral.komfour-develop.de\/wp-content\/uploads\/2024\/05\/test-report.jpg\" class=\"attachment-full size-full\" alt=\"\" srcset=\"https:\/\/ral.komfour-develop.de\/wp-content\/uploads\/2024\/05\/test-report.jpg 718w, https:\/\/ral.komfour-develop.de\/wp-content\/uploads\/2024\/05\/test-report-209x300.jpg 209w, https:\/\/ral.komfour-develop.de\/wp-content\/uploads\/2024\/05\/test-report-714x1024.jpg 714w\" sizes=\"(max-width: 718px) 100vw, 718px\" \/><\/a>\n\t\t\t<\/div><\/figure>\n\t\t<\/div>\n\t\t<\/div>\n\t\t\t\t\t\t<\/div>\n\t\t\t\t<\/div>\n\t\t\t\t<\/div>\n\t\t\t\t\t<\/div>\n\t\t\t\t<\/div>\n\t\t\t\t<\/div>\n\t\t","protected":false},"excerpt":{"rendered":"<p>Nous travaillons avec des mati\u00e8res premi\u00e8res dont la qualit\u00e9 est garantie ! Extrait des sp\u00e9cifications d\u2019assurance qualit\u00e9 et d\u2019essai sp\u00e9cifiques aux bougies chauffe-plat RAL-GZ 041\/3 3-1 CHAMP D&rsquo;APPLICATION Les pr\u00e9sentes dispositions particuli\u00e8res de qualit\u00e9 et de contr\u00f4le s&rsquo;appliquent aux bougies chauffe-plat. Bougies chauffe-plat ont un corps de masse combustible d&rsquo;un diam\u00e8tre ext\u00e9rieur de 36 \u00e0 [&hellip;]<\/p>\n","protected":false},"author":2,"featured_media":0,"parent":0,"menu_order":0,"comment_status":"closed","ping_status":"closed","template":"elementor_header_footer","meta":{"footnotes":""},"class_list":["post-3777","page","type-page","status-publish","hentry"],"acf":[],"_links":{"self":[{"href":"https:\/\/ral.komfour-develop.de\/fr\/wp-json\/wp\/v2\/pages\/3777","targetHints":{"allow":["GET"]}}],"collection":[{"href":"https:\/\/ral.komfour-develop.de\/fr\/wp-json\/wp\/v2\/pages"}],"about":[{"href":"https:\/\/ral.komfour-develop.de\/fr\/wp-json\/wp\/v2\/types\/page"}],"author":[{"embeddable":true,"href":"https:\/\/ral.komfour-develop.de\/fr\/wp-json\/wp\/v2\/users\/2"}],"replies":[{"embeddable":true,"href":"https:\/\/ral.komfour-develop.de\/fr\/wp-json\/wp\/v2\/comments?post=3777"}],"version-history":[{"count":4,"href":"https:\/\/ral.komfour-develop.de\/fr\/wp-json\/wp\/v2\/pages\/3777\/revisions"}],"predecessor-version":[{"id":3781,"href":"https:\/\/ral.komfour-develop.de\/fr\/wp-json\/wp\/v2\/pages\/3777\/revisions\/3781"}],"wp:attachment":[{"href":"https:\/\/ral.komfour-develop.de\/fr\/wp-json\/wp\/v2\/media?parent=3777"}],"curies":[{"name":"wp","href":"https:\/\/api.w.org\/{rel}","templated":true}]}}