{"id":3540,"date":"2024-05-24T12:13:47","date_gmt":"2024-05-24T12:13:47","guid":{"rendered":"https:\/\/ral.komfour-develop.de\/?page_id=3540"},"modified":"2024-07-29T08:59:28","modified_gmt":"2024-07-29T08:59:28","slug":"specyfikacja-testu","status":"publish","type":"page","link":"https:\/\/ral.komfour-develop.de\/pl\/specyfikacja-testu\/","title":{"rendered":"Specyfikacja testu"},"content":{"rendered":"\t\t<div data-elementor-type=\"wp-page\" data-elementor-id=\"3540\" class=\"elementor elementor-3540 elementor-937\" data-elementor-post-type=\"page\">\n\t\t\t\t<div class=\"elementor-element elementor-element-1c04d01 e-con-full e-flex e-con e-parent\" data-id=\"1c04d01\" data-element_type=\"container\" data-e-type=\"container\">\n\t\t<div class=\"elementor-element elementor-element-7b8b2fb e-con-full e-flex e-con e-child\" data-id=\"7b8b2fb\" data-element_type=\"container\" data-e-type=\"container\">\n\t\t\t\t<div class=\"elementor-element elementor-element-403a0b5 elementor--h-position-left elementor--v-position-top elementor-hidden-desktop elementor-hidden-tablet elementor-hidden-mobile elementor-arrows-position-inside elementor-pagination-position-inside elementor-widget elementor-widget-slides\" data-id=\"403a0b5\" data-element_type=\"widget\" data-e-type=\"widget\" data-settings=\"{&quot;navigation&quot;:&quot;both&quot;,&quot;autoplay&quot;:&quot;yes&quot;,&quot;pause_on_hover&quot;:&quot;yes&quot;,&quot;pause_on_interaction&quot;:&quot;yes&quot;,&quot;autoplay_speed&quot;:5000,&quot;infinite&quot;:&quot;yes&quot;,&quot;transition&quot;:&quot;slide&quot;,&quot;transition_speed&quot;:500}\" data-widget_type=\"slides.default\">\n\t\t\t\t<div class=\"elementor-widget-container\">\n\t\t\t\t\t\t\t<div class=\"elementor-swiper\">\n\t\t\t<div class=\"elementor-slides-wrapper elementor-main-swiper swiper-container\" dir=\"ltr\" data-animation=\"fadeInUp\">\n\t\t\t\t<div class=\"swiper-wrapper elementor-slides\">\n\t\t\t\t\t\t\t\t\t\t<div class=\"elementor-repeater-item-07035d2 swiper-slide\"><div class=\"swiper-slide-bg\" role=\"img\"><\/div><div class=\"swiper-slide-inner\" ><div class=\"swiper-slide-contents\"><div class=\"elementor-slide-heading\">Wsp\u00f3\u0142pracujemy z<\/div><div class=\"elementor-slide-description\"><p>surowce o gwarantowanej jako\u015bci!<\/p>\n<\/div><\/div><\/div><\/div>\t\t\t\t<\/div>\n\t\t\t\t\t\t\t<\/div>\n\t\t<\/div>\n\t\t\t\t\t\t<\/div>\n\t\t\t\t<\/div>\n\t\t\t\t<\/div>\n\t\t\t\t<\/div>\n\t\t<div class=\"elementor-element elementor-element-e88ffe3 e-flex e-con-boxed e-con e-parent\" data-id=\"e88ffe3\" data-element_type=\"container\" data-e-type=\"container\">\n\t\t\t\t\t<div class=\"e-con-inner\">\n\t\t<div class=\"elementor-element elementor-element-0b3a54e e-con-full e-flex e-con e-child\" data-id=\"0b3a54e\" data-element_type=\"container\" data-e-type=\"container\">\n\t\t\t\t<div class=\"elementor-element elementor-element-a6dbf68 elementor-widget elementor-widget-heading\" data-id=\"a6dbf68\" data-element_type=\"widget\" data-e-type=\"widget\" data-widget_type=\"heading.default\">\n\t\t\t\t<div class=\"elementor-widget-container\">\n\t\t\t\t\t<h1 class=\"elementor-heading-title elementor-size-default\">OG\u00d3LNE SPECYFIKACJE DOTYCZ\u0104CE KONTROLI JAKO\u015aCI I BADA\u0143 \u015aWIEC \u2013 RAL-GZ 041<\/h1>\t\t\t\t<\/div>\n\t\t\t\t<\/div>\n\t\t\t\t<div class=\"elementor-element elementor-element-86fbce5 elementor-widget elementor-widget-text-editor\" data-id=\"86fbce5\" data-element_type=\"widget\" data-e-type=\"widget\" data-widget_type=\"text-editor.default\">\n\t\t\t\t<div class=\"elementor-widget-container\">\n\t\t\t\t\t\t\t\t\t<p>Pobierz pe\u0142ny tekst RAL-GZ 041 ff. Pobierz <a href=\"https:\/\/ral.komfour-develop.de\/wp-content\/uploads\/2024\/05\/RAL-GZ041_guetezeichen-kerzen_de.pdf\">TUTAJ <\/a>w formacie PDF.<\/p>\n\t\t\t\t\t\t\t\t<\/div>\n\t\t\t\t<\/div>\n\t\t\t\t<div class=\"elementor-element elementor-element-b0af232 elementor-widget elementor-widget-button\" data-id=\"b0af232\" data-element_type=\"widget\" data-e-type=\"widget\" data-widget_type=\"button.default\">\n\t\t\t\t<div class=\"elementor-widget-container\">\n\t\t\t\t\t\t\t\t\t<div class=\"elementor-button-wrapper\">\n\t\t\t\t\t<a class=\"elementor-button elementor-button-link elementor-size-sm\" href=\"https:\/\/ral.komfour-develop.de\/wp-content\/uploads\/2024\/05\/RAL-GZ041_guetezeichen-kerzen_de.pdf\">\n\t\t\t\t\t\t<span class=\"elementor-button-content-wrapper\">\n\t\t\t\t\t\t\t\t\t<span class=\"elementor-button-text\">Pobierz<\/span>\n\t\t\t\t\t<\/span>\n\t\t\t\t\t<\/a>\n\t\t\t\t<\/div>\n\t\t\t\t\t\t\t\t<\/div>\n\t\t\t\t<\/div>\n\t\t\t\t<\/div>\n\t\t\t\t\t<\/div>\n\t\t\t\t<\/div>\n\t\t<div class=\"elementor-element elementor-element-f7ee343 e-grid e-con-boxed e-con e-parent\" data-id=\"f7ee343\" data-element_type=\"container\" data-e-type=\"container\" data-settings=\"{&quot;background_background&quot;:&quot;classic&quot;,&quot;animation&quot;:&quot;none&quot;}\">\n\t\t\t\t\t<div class=\"e-con-inner\">\n\t\t\t\t<div class=\"elementor-element elementor-element-96127a9 animated-fast elementor-invisible elementor-widget elementor-widget-heading\" data-id=\"96127a9\" data-element_type=\"widget\" data-e-type=\"widget\" data-settings=\"{&quot;_animation&quot;:&quot;zoomIn&quot;}\" data-widget_type=\"heading.default\">\n\t\t\t\t<div class=\"elementor-widget-container\">\n\t\t\t\t\t<h2 class=\"elementor-heading-title elementor-size-default\"><a href=\"https:\/\/ral.komfour-develop.de\/de\/pruefbestimmungen-auszug-ral-gz-041\/\">Fragment: Og\u00f3lne przepisy dotycz\u0105ce jako\u015bci i kontroli \u015bwiec RAL-GZ 041<\/a><\/h2>\t\t\t\t<\/div>\n\t\t\t\t<\/div>\n\t\t\t\t<div class=\"elementor-element elementor-element-27fa9d7 animated-fast elementor-invisible elementor-widget elementor-widget-heading\" data-id=\"27fa9d7\" data-element_type=\"widget\" data-e-type=\"widget\" data-settings=\"{&quot;_animation&quot;:&quot;zoomIn&quot;,&quot;_animation_delay&quot;:150}\" data-widget_type=\"heading.default\">\n\t\t\t\t<div class=\"elementor-widget-container\">\n\t\t\t\t\t<h2 class=\"elementor-heading-title elementor-size-default\"><a href=\"https:\/\/ral.komfour-develop.de\/de\/pruefbestimmungen-auszug-ral-gz-041-1\/\">Fragment: Szczeg\u00f3\u0142owe specyfikacje dotycz\u0105ce kontroli jako\u015bci i bada\u0144 w odniesieniu do \u015bwiec do u\u017cytku domowego, \u015bwiec sto\u017ckowych, \u015bwiec walcowych i innych \u015bwiec RAL-GZ 041\/1<\/a><\/h2>\t\t\t\t<\/div>\n\t\t\t\t<\/div>\n\t\t\t\t<div class=\"elementor-element elementor-element-40ac301 animated-fast elementor-invisible elementor-widget elementor-widget-heading\" data-id=\"40ac301\" data-element_type=\"widget\" data-e-type=\"widget\" data-settings=\"{&quot;_animation&quot;:&quot;zoomIn&quot;,&quot;_animation_delay&quot;:300}\" data-widget_type=\"heading.default\">\n\t\t\t\t<div class=\"elementor-widget-container\">\n\t\t\t\t\t<h2 class=\"elementor-heading-title elementor-size-default\"><a href=\"https:\/\/ral.komfour-develop.de\/de\/pruefbestimmungen-auszug-ral-gz-041-2\/\">Fragment: Szczeg\u00f3\u0142owe specyfikacje dotycz\u0105ce kontroli jako\u015bci i bada\u0144 w odniesieniu do \u015bwiec u\u017cywanych w pomieszczeniach zamkni\u0119tych RAL-GZ 041\/2<\/a><\/h2>\t\t\t\t<\/div>\n\t\t\t\t<\/div>\n\t\t\t\t<div class=\"elementor-element elementor-element-ec84b3a animated-fast elementor-invisible elementor-widget elementor-widget-heading\" data-id=\"ec84b3a\" data-element_type=\"widget\" data-e-type=\"widget\" data-settings=\"{&quot;_animation&quot;:&quot;zoomIn&quot;,&quot;_animation_delay&quot;:450}\" data-widget_type=\"heading.default\">\n\t\t\t\t<div class=\"elementor-widget-container\">\n\t\t\t\t\t<h2 class=\"elementor-heading-title elementor-size-default\"><a href=\"https:\/\/ral.komfour-develop.de\/de\/pruefbestimmungen-auszug-ral-gz-041-3\/\">Fragment: Szczeg\u00f3\u0142owe specyfikacje dotycz\u0105ce kontroli jako\u015bci i bada\u0144 w odniesieniu do podgrzewaczy RAL-GZ 041\/3<\/a><\/h2>\t\t\t\t<\/div>\n\t\t\t\t<\/div>\n\t\t\t\t<div class=\"elementor-element elementor-element-efaef27 animated-fast elementor-invisible elementor-widget elementor-widget-heading\" data-id=\"efaef27\" data-element_type=\"widget\" data-e-type=\"widget\" data-settings=\"{&quot;_animation&quot;:&quot;zoomIn&quot;,&quot;_animation_delay&quot;:600}\" data-widget_type=\"heading.default\">\n\t\t\t\t<div class=\"elementor-widget-container\">\n\t\t\t\t\t<h2 class=\"elementor-heading-title elementor-size-default\"><a href=\"https:\/\/ral.komfour-develop.de\/de\/pruefbestimmungen-auszug-ral-gz-041-4\/\">Fragment: Szczeg\u00f3\u0142owe specyfikacje dotycz\u0105ce kontroli jako\u015bci i bada\u0144 w odniesieniu do zniczy \/ wk\u0142ad\u00f3w do zniczy RAL-GZ 041\/4<\/a><\/h2>\t\t\t\t<\/div>\n\t\t\t\t<\/div>\n\t\t\t\t<div class=\"elementor-element elementor-element-0c1751c animated-fast elementor-invisible elementor-widget elementor-widget-heading\" data-id=\"0c1751c\" data-element_type=\"widget\" data-e-type=\"widget\" data-settings=\"{&quot;_animation&quot;:&quot;zoomIn&quot;,&quot;_animation_delay&quot;:750}\" data-widget_type=\"heading.default\">\n\t\t\t\t<div class=\"elementor-widget-container\">\n\t\t\t\t\t<h2 class=\"elementor-heading-title elementor-size-default\"><a href=\"https:\/\/ral.komfour-develop.de\/de\/pruefbestimmungen-auszug\/\">Fragment: Wymogi profilaktyki zdrowotnej w odniesieniu do surowc\u00f3w i materia\u0142\u00f3w pomocniczych<\/a><\/h2>\t\t\t\t<\/div>\n\t\t\t\t<\/div>\n\t\t\t\t\t<\/div>\n\t\t\t\t<\/div>\n\t\t\t\t<\/div>\n\t\t","protected":false},"excerpt":{"rendered":"<p>Wsp\u00f3\u0142pracujemy z surowce o gwarantowanej jako\u015bci! OG\u00d3LNE SPECYFIKACJE DOTYCZ\u0104CE KONTROLI JAKO\u015aCI I BADA\u0143 \u015aWIEC \u2013 RAL-GZ 041 Pobierz pe\u0142ny tekst RAL-GZ 041 ff. Pobierz TUTAJ w formacie PDF. Pobierz Fragment: Og\u00f3lne przepisy dotycz\u0105ce jako\u015bci i kontroli \u015bwiec RAL-GZ 041 Fragment: Szczeg\u00f3\u0142owe specyfikacje dotycz\u0105ce kontroli jako\u015bci i bada\u0144 w odniesieniu do \u015bwiec do u\u017cytku domowego, \u015bwiec [&hellip;]<\/p>\n","protected":false},"author":2,"featured_media":0,"parent":0,"menu_order":0,"comment_status":"closed","ping_status":"closed","template":"elementor_header_footer","meta":{"footnotes":""},"class_list":["post-3540","page","type-page","status-publish","hentry"],"acf":[],"_links":{"self":[{"href":"https:\/\/ral.komfour-develop.de\/pl\/wp-json\/wp\/v2\/pages\/3540","targetHints":{"allow":["GET"]}}],"collection":[{"href":"https:\/\/ral.komfour-develop.de\/pl\/wp-json\/wp\/v2\/pages"}],"about":[{"href":"https:\/\/ral.komfour-develop.de\/pl\/wp-json\/wp\/v2\/types\/page"}],"author":[{"embeddable":true,"href":"https:\/\/ral.komfour-develop.de\/pl\/wp-json\/wp\/v2\/users\/2"}],"replies":[{"embeddable":true,"href":"https:\/\/ral.komfour-develop.de\/pl\/wp-json\/wp\/v2\/comments?post=3540"}],"version-history":[{"count":7,"href":"https:\/\/ral.komfour-develop.de\/pl\/wp-json\/wp\/v2\/pages\/3540\/revisions"}],"predecessor-version":[{"id":3679,"href":"https:\/\/ral.komfour-develop.de\/pl\/wp-json\/wp\/v2\/pages\/3540\/revisions\/3679"}],"wp:attachment":[{"href":"https:\/\/ral.komfour-develop.de\/pl\/wp-json\/wp\/v2\/media?parent=3540"}],"curies":[{"name":"wp","href":"https:\/\/api.w.org\/{rel}","templated":true}]}}