{"id":3644,"date":"2024-04-26T10:33:52","date_gmt":"2024-04-26T10:33:52","guid":{"rendered":"https:\/\/ral.komfour-develop.de\/?page_id=3644"},"modified":"2024-08-26T09:23:59","modified_gmt":"2024-08-26T09:23:59","slug":"wskazowki","status":"publish","type":"page","link":"https:\/\/ral.komfour-develop.de\/pl\/wskazowki\/","title":{"rendered":"Wskaz\u00f3wki"},"content":{"rendered":"\t\t<div data-elementor-type=\"wp-page\" data-elementor-id=\"3644\" class=\"elementor elementor-3644 elementor-192\" data-elementor-post-type=\"page\">\n\t\t\t\t<div class=\"elementor-element elementor-element-4f6b760 e-con-full elementor-hidden-mobile e-flex e-con e-parent\" data-id=\"4f6b760\" data-element_type=\"container\" data-e-type=\"container\">\n\t\t<div class=\"elementor-element elementor-element-262cea2 e-con-full e-flex e-con e-child\" data-id=\"262cea2\" data-element_type=\"container\" data-e-type=\"container\">\n\t\t<div class=\"elementor-element elementor-element-8162272 e-con-full e-flex e-con e-child\" data-id=\"8162272\" data-element_type=\"container\" data-e-type=\"container\">\n\t\t\t\t<div class=\"elementor-element elementor-element-f7a55ea elementor--h-position-left elementor--v-position-top elementor-arrows-position-inside elementor-pagination-position-inside elementor-widget elementor-widget-slides\" data-id=\"f7a55ea\" data-element_type=\"widget\" data-e-type=\"widget\" data-settings=\"{&quot;navigation&quot;:&quot;both&quot;,&quot;autoplay&quot;:&quot;yes&quot;,&quot;pause_on_hover&quot;:&quot;yes&quot;,&quot;pause_on_interaction&quot;:&quot;yes&quot;,&quot;autoplay_speed&quot;:5000,&quot;infinite&quot;:&quot;yes&quot;,&quot;transition&quot;:&quot;slide&quot;,&quot;transition_speed&quot;:500}\" data-widget_type=\"slides.default\">\n\t\t\t\t<div class=\"elementor-widget-container\">\n\t\t\t\t\t\t\t<div class=\"elementor-swiper\">\n\t\t\t<div class=\"elementor-slides-wrapper elementor-main-swiper swiper-container\" dir=\"ltr\" data-animation=\"fadeInUp\">\n\t\t\t\t<div class=\"swiper-wrapper elementor-slides\">\n\t\t\t\t\t\t\t\t\t\t<div class=\"elementor-repeater-item-07035d2 swiper-slide\"><div class=\"swiper-slide-bg\" role=\"img\"><\/div><div class=\"swiper-slide-inner\" ><div class=\"swiper-slide-contents\"><div class=\"elementor-slide-heading\">Wszystko<\/div><div class=\"elementor-slide-description\"><p>wykonane z najlepszych surowc\u00f3w i sprawdzonej jako\u015bci<\/p>\n<\/div><\/div><\/div><\/div>\t\t\t\t<\/div>\n\t\t\t\t\t\t\t<\/div>\n\t\t<\/div>\n\t\t\t\t\t\t<\/div>\n\t\t\t\t<\/div>\n\t\t\t\t<\/div>\n\t\t\t\t<\/div>\n\t\t\t\t<\/div>\n\t\t<div class=\"elementor-element elementor-element-93ed544 e-con-full elementor-hidden-desktop elementor-hidden-tablet e-flex e-con e-parent\" data-id=\"93ed544\" data-element_type=\"container\" data-e-type=\"container\">\n\t\t<div class=\"elementor-element elementor-element-fbf0b14 e-con-full e-flex e-con e-child\" data-id=\"fbf0b14\" data-element_type=\"container\" data-e-type=\"container\">\n\t\t<div class=\"elementor-element elementor-element-b9b82da e-con-full e-flex e-con e-child\" data-id=\"b9b82da\" data-element_type=\"container\" data-e-type=\"container\">\n\t\t\t\t<div class=\"elementor-element elementor-element-8e123f9 elementor--h-position-left elementor--v-position-top elementor-arrows-position-inside elementor-pagination-position-inside elementor-widget elementor-widget-slides\" data-id=\"8e123f9\" data-element_type=\"widget\" data-e-type=\"widget\" data-settings=\"{&quot;navigation&quot;:&quot;both&quot;,&quot;autoplay&quot;:&quot;yes&quot;,&quot;pause_on_hover&quot;:&quot;yes&quot;,&quot;pause_on_interaction&quot;:&quot;yes&quot;,&quot;autoplay_speed&quot;:5000,&quot;infinite&quot;:&quot;yes&quot;,&quot;transition&quot;:&quot;slide&quot;,&quot;transition_speed&quot;:500}\" data-widget_type=\"slides.default\">\n\t\t\t\t<div class=\"elementor-widget-container\">\n\t\t\t\t\t\t\t<div class=\"elementor-swiper\">\n\t\t\t<div class=\"elementor-slides-wrapper elementor-main-swiper swiper-container\" dir=\"ltr\" data-animation=\"fadeInUp\">\n\t\t\t\t<div class=\"swiper-wrapper elementor-slides\">\n\t\t\t\t\t\t\t\t\t\t<div class=\"elementor-repeater-item-07035d2 swiper-slide\"><div class=\"swiper-slide-bg\" role=\"img\"><\/div><div class=\"swiper-slide-inner\" ><div class=\"swiper-slide-contents\"><div class=\"elementor-slide-heading\">Wszystko<\/div><div class=\"elementor-slide-description\"><p>wykonane z najlepszych surowc\u00f3w i sprawdzonej jako\u015bci<\/p>\n<\/div><\/div><\/div><\/div>\t\t\t\t<\/div>\n\t\t\t\t\t\t\t<\/div>\n\t\t<\/div>\n\t\t\t\t\t\t<\/div>\n\t\t\t\t<\/div>\n\t\t\t\t<\/div>\n\t\t\t\t<\/div>\n\t\t\t\t<\/div>\n\t\t<div class=\"elementor-element elementor-element-0c3386e e-flex e-con-boxed e-con e-parent\" data-id=\"0c3386e\" data-element_type=\"container\" data-e-type=\"container\">\n\t\t\t\t\t<div class=\"e-con-inner\">\n\t\t<div class=\"elementor-element elementor-element-8ccafe9 e-con-full e-flex e-con e-child\" data-id=\"8ccafe9\" data-element_type=\"container\" data-e-type=\"container\">\n\t\t\t\t<div class=\"elementor-element elementor-element-7f6ddff elementor-widget elementor-widget-heading\" data-id=\"7f6ddff\" data-element_type=\"widget\" data-e-type=\"widget\" data-widget_type=\"heading.default\">\n\t\t\t\t<div class=\"elementor-widget-container\">\n\t\t\t\t\t<h1 class=\"elementor-heading-title elementor-size-default\">POMOCNE WSKAZ\u00d3WKI \u201eWSZYSTKO O \u015aWIECY\u201d<\/h1>\t\t\t\t<\/div>\n\t\t\t\t<\/div>\n\t\t\t\t<div class=\"elementor-element elementor-element-b2b9b5e elementor--h-position-center elementor--v-position-middle elementor-arrows-position-inside elementor-pagination-position-inside elementor-widget elementor-widget-slides\" data-id=\"b2b9b5e\" data-element_type=\"widget\" data-e-type=\"widget\" data-settings=\"{&quot;navigation&quot;:&quot;both&quot;,&quot;autoplay&quot;:&quot;yes&quot;,&quot;pause_on_interaction&quot;:&quot;yes&quot;,&quot;autoplay_speed&quot;:5000,&quot;infinite&quot;:&quot;yes&quot;,&quot;transition&quot;:&quot;slide&quot;,&quot;transition_speed&quot;:500}\" data-widget_type=\"slides.default\">\n\t\t\t\t<div class=\"elementor-widget-container\">\n\t\t\t\t\t\t\t<div class=\"elementor-swiper\">\n\t\t\t<div class=\"elementor-slides-wrapper elementor-main-swiper swiper-container\" dir=\"ltr\" data-animation=\"fadeInUp\">\n\t\t\t\t<div class=\"swiper-wrapper elementor-slides\">\n\t\t\t\t\t\t\t\t\t\t<div class=\"elementor-repeater-item-3eaa20c swiper-slide\"><div class=\"swiper-slide-bg\" role=\"img\"><\/div><div class=\"swiper-slide-inner\" ><div class=\"swiper-slide-contents\"><div class=\"elementor-slide-heading\">\u2713 Przestrzeganie instrukcji bezpiecze\u0144stwa i odpalania<\/div><\/div><\/div><\/div><div class=\"elementor-repeater-item-b2019a7 swiper-slide\"><div class=\"swiper-slide-bg\" role=\"img\"><\/div><div class=\"swiper-slide-inner\" ><div class=\"swiper-slide-contents\"><div class=\"elementor-slide-heading\">\u2713 Zachowa\u0107 wystarczaj\u0105c\u0105 odleg\u0142o\u015b\u0107<\/div><div class=\"elementor-slide-description\"><p>Zas\u0142ony, dekoracje, ga\u0142\u0119zie, ...<\/p>\n<\/div><\/div><\/div><\/div><div class=\"elementor-repeater-item-488325d swiper-slide\"><div class=\"swiper-slide-bg\" role=\"img\"><\/div><div class=\"swiper-slide-inner\" ><div class=\"swiper-slide-contents\"><div class=\"elementor-slide-heading\">\u2713 Nie pozostawia\u0107 \u015bwiecy bez nadzoru.<\/div><\/div><\/div><\/div><div class=\"elementor-repeater-item-22e95b6 swiper-slide\"><div class=\"swiper-slide-bg\" role=\"img\"><\/div><div class=\"swiper-slide-inner\" ><div class=\"swiper-slide-contents\"><div class=\"elementor-slide-heading\">\u2713 Spal \u015bwiec\u0119 na \u017caroodpornej, niepalnej podstawce.<\/div><\/div><\/div><\/div><div class=\"elementor-repeater-item-2506d86 swiper-slide\"><div class=\"swiper-slide-bg\" role=\"img\"><\/div><div class=\"swiper-slide-inner\" ><div class=\"swiper-slide-contents\"><div class=\"elementor-slide-heading\">\u2713 Unikaj przeci\u0105g\u00f3w<\/div><div class=\"elementor-slide-description\"><p>(drzwi\/okna\/ruch)<\/p>\n<\/div><\/div><\/div><\/div><div class=\"elementor-repeater-item-12ad558 swiper-slide\"><div class=\"swiper-slide-bg\" role=\"img\"><\/div><div class=\"swiper-slide-inner\" ><div class=\"swiper-slide-contents\"><div class=\"elementor-slide-heading\">\u2713 Utrzymuj misk\u0119 spalania w czysto\u015bci<\/div><\/div><\/div><\/div><div class=\"elementor-repeater-item-d46f05a swiper-slide\"><div class=\"swiper-slide-bg\" role=\"img\"><\/div><div class=\"swiper-slide-inner\" ><div class=\"swiper-slide-contents\"><div class=\"elementor-slide-heading\">\u2713 Je\u015bli pojawi si\u0119 sadza: zga\u015b \u015bwiec\u0119<\/div><div class=\"elementor-slide-description\"><p>W razie potrzeby skr\u00f3\u0107 obr\u0119cz lub knot<\/p>\n<\/div><\/div><\/div><\/div><div class=\"elementor-repeater-item-bad7db0 swiper-slide\"><div class=\"swiper-slide-bg\" role=\"img\"><\/div><div class=\"swiper-slide-inner\" ><div class=\"swiper-slide-contents\"><div class=\"elementor-slide-heading\">\u2713 Zdusi\u0107 p\u0142omie\u0144 \u015bwiecy, nie zdmuchiwa\u0107 go.<\/div><div class=\"elementor-slide-description\"><p>U\u017cywaj poch\u0142aniacza do \u015bwiec<\/p>\n<\/div><\/div><\/div><\/div>\t\t\t\t<\/div>\n\t\t\t\t\t\t\t\t\t\t\t\t\t\t\t<div class=\"swiper-pagination\"><\/div>\n\t\t\t\t\t\t\t\t\t\t\t\t\t\t\t\t<div class=\"elementor-swiper-button elementor-swiper-button-prev\" role=\"button\" tabindex=\"0\">\n\t\t\t\t\t\t\t<svg aria-hidden=\"true\" class=\"e-font-icon-svg e-eicon-chevron-left\" viewBox=\"0 0 1000 1000\" xmlns=\"http:\/\/www.w3.org\/2000\/svg\"><path d=\"M646 125C629 125 613 133 604 142L308 442C296 454 292 471 292 487 292 504 296 521 308 533L604 854C617 867 629 875 646 875 663 875 679 871 692 858 704 846 713 829 713 812 713 796 708 779 692 767L438 487 692 225C700 217 708 204 708 187 708 171 704 154 692 142 675 129 663 125 646 125Z\"><\/path><\/svg>\t\t\t\t\t\t\t<span class=\"elementor-screen-only\">Previous slide<\/span>\n\t\t\t\t\t\t<\/div>\n\t\t\t\t\t\t<div class=\"elementor-swiper-button elementor-swiper-button-next\" role=\"button\" tabindex=\"0\">\n\t\t\t\t\t\t\t<svg aria-hidden=\"true\" class=\"e-font-icon-svg e-eicon-chevron-right\" viewBox=\"0 0 1000 1000\" xmlns=\"http:\/\/www.w3.org\/2000\/svg\"><path d=\"M696 533C708 521 713 504 713 487 713 471 708 454 696 446L400 146C388 133 375 125 354 125 338 125 325 129 313 142 300 154 292 171 292 187 292 204 296 221 308 233L563 492 304 771C292 783 288 800 288 817 288 833 296 850 308 863 321 871 338 875 354 875 371 875 388 867 400 854L696 533Z\"><\/path><\/svg>\t\t\t\t\t\t\t<span class=\"elementor-screen-only\">Next slide<\/span>\n\t\t\t\t\t\t<\/div>\n\t\t\t\t\t\t\t\t\t\t\t\t<\/div>\n\t\t<\/div>\n\t\t\t\t\t\t<\/div>\n\t\t\t\t<\/div>\n\t\t\t\t<div class=\"elementor-element elementor-element-28c5ec3 elementor-widget__width-initial e-transform elementor-invisible elementor-widget elementor-widget-image\" data-id=\"28c5ec3\" data-element_type=\"widget\" data-e-type=\"widget\" data-settings=\"{&quot;_transform_scale_effect_hover&quot;:{&quot;unit&quot;:&quot;px&quot;,&quot;size&quot;:0.9,&quot;sizes&quot;:[]},&quot;_animation&quot;:&quot;pulse&quot;,&quot;_transform_scale_effect_hover_tablet&quot;:{&quot;unit&quot;:&quot;px&quot;,&quot;size&quot;:&quot;&quot;,&quot;sizes&quot;:[]},&quot;_transform_scale_effect_hover_mobile&quot;:{&quot;unit&quot;:&quot;px&quot;,&quot;size&quot;:&quot;&quot;,&quot;sizes&quot;:[]}}\" data-widget_type=\"image.default\">\n\t\t\t\t<div class=\"elementor-widget-container\">\n\t\t\t\t\t\t\t\t\t\t\t\t\t\t\t\t<a href=\"https:\/\/de-de.facebook.com\/kerzenguete\/\" target=\"_blank\">\n\t\t\t\t\t\t\t<img fetchpriority=\"high\" decoding=\"async\" width=\"1361\" height=\"1080\" src=\"https:\/\/ral.komfour-develop.de\/wp-content\/uploads\/2024\/05\/mehr-tipps-badge.png\" class=\"attachment-full size-full wp-image-591\" alt=\"\" srcset=\"https:\/\/ral.komfour-develop.de\/wp-content\/uploads\/2024\/05\/mehr-tipps-badge.png 1361w, https:\/\/ral.komfour-develop.de\/wp-content\/uploads\/2024\/05\/mehr-tipps-badge-300x238.png 300w, https:\/\/ral.komfour-develop.de\/wp-content\/uploads\/2024\/05\/mehr-tipps-badge-1024x813.png 1024w, https:\/\/ral.komfour-develop.de\/wp-content\/uploads\/2024\/05\/mehr-tipps-badge-768x609.png 768w\" sizes=\"(max-width: 1361px) 100vw, 1361px\" \/>\t\t\t\t\t\t\t\t<\/a>\n\t\t\t\t\t\t\t\t\t\t\t\t\t\t\t<\/div>\n\t\t\t\t<\/div>\n\t\t\t\t<\/div>\n\t\t\t\t\t<\/div>\n\t\t\t\t<\/div>\n\t\t<div class=\"elementor-element elementor-element-69d6e15 e-flex e-con-boxed e-con e-parent\" data-id=\"69d6e15\" data-element_type=\"container\" data-e-type=\"container\">\n\t\t\t\t\t<div class=\"e-con-inner\">\n\t\t<div class=\"elementor-element elementor-element-daf3822 e-con-full e-flex e-con e-child\" data-id=\"daf3822\" data-element_type=\"container\" data-e-type=\"container\">\n\t\t\t\t<div class=\"elementor-element elementor-element-d4a1a2c elementor-widget elementor-widget-heading\" data-id=\"d4a1a2c\" data-element_type=\"widget\" data-e-type=\"widget\" data-widget_type=\"heading.default\">\n\t\t\t\t<div class=\"elementor-widget-container\">\n\t\t\t\t\t<h1 class=\"elementor-heading-title elementor-size-default\">PORADY DOMOWE DLA MI\u0141O\u015aNIK\u00d3W \u015aWIEC<\/h1>\t\t\t\t<\/div>\n\t\t\t\t<\/div>\n\t\t\t\t<div class=\"elementor-element elementor-element-ab44ff5 elementor-widget elementor-widget-text-editor\" data-id=\"ab44ff5\" data-element_type=\"widget\" data-e-type=\"widget\" data-widget_type=\"text-editor.default\">\n\t\t\t\t<div class=\"elementor-widget-container\">\n\t\t\t\t\t\t\t\t\t<p><\/p>\n<p>\u015awiece sk\u0142adaj\u0105 si\u0119 z parafiny, wosku pszczelego, stearyny lub t\u0142uszczu. Substancje te (z wyj\u0105tkiem stearyny) znane s\u0105 jako woski i zmieniaj\u0105 sw\u00f3j stan w zale\u017cno\u015bci od temperatury. W wy\u017cszych temperaturach woski staj\u0105 si\u0119 mi\u0119kkie, podatne na ugniatanie lub p\u0142ynne. Z kolei w niskich temperaturach staj\u0105 si\u0119 twarde i kruche. Te w\u0142a\u015bciwo\u015bci fizyczne mo\u017cna wykorzysta\u0107 podczas obchodzenia si\u0119 ze \u015bwiecami w domu.    <\/p>\t\t\t\t\t\t\t\t<\/div>\n\t\t\t\t<\/div>\n\t\t\t\t<\/div>\n\t\t<div class=\"elementor-element elementor-element-6d0138c e-con-full e-flex e-con e-child\" data-id=\"6d0138c\" data-element_type=\"container\" data-e-type=\"container\">\n\t\t\t\t<div class=\"elementor-element elementor-element-5b1614d elementor-widget elementor-widget-text-editor\" data-id=\"5b1614d\" data-element_type=\"widget\" data-e-type=\"widget\" data-widget_type=\"text-editor.default\">\n\t\t\t\t<div class=\"elementor-widget-container\">\n\t\t\t\t\t\t\t\t\t<p><\/p>\n<h4>W DOSKONA\u0141EJ FORMIE<\/h4>\n<p>Czy \u015bwieca jest za gruba do wybranego \u015bwiecznika? Wystarczy zanurzy\u0107 j\u0105 na chwil\u0119 we wrz\u0105cej wodzie &#8211; wtedy z \u0142atwo\u015bci\u0105 si\u0119 zmie\u015bci. <\/p>\t\t\t\t\t\t\t\t<\/div>\n\t\t\t\t<\/div>\n\t\t\t\t<div class=\"elementor-element elementor-element-af8e5c9 elementor-widget elementor-widget-text-editor\" data-id=\"af8e5c9\" data-element_type=\"widget\" data-e-type=\"widget\" data-widget_type=\"text-editor.default\">\n\t\t\t\t<div class=\"elementor-widget-container\">\n\t\t\t\t\t\t\t\t\t<p><\/p>\n<p>WSKAZ\u00d3WKA: \u015awiece ze znakiem jako\u015bci RAL to nie tylko gwarancja dobrego wygl\u0105du. Kszta\u0142ty, kolory, wymiary i jako\u015b\u0107 knota s\u0105 r\u00f3wnie\u017c sp\u00f3jne i niezawodne. <\/p>\t\t\t\t\t\t\t\t<\/div>\n\t\t\t\t<\/div>\n\t\t\t\t<div class=\"elementor-element elementor-element-0cc17d5 elementor-widget elementor-widget-text-editor\" data-id=\"0cc17d5\" data-element_type=\"widget\" data-e-type=\"widget\" data-widget_type=\"text-editor.default\">\n\t\t\t\t<div class=\"elementor-widget-container\">\n\t\t\t\t\t\t\t\t\t<p><\/p>\n<h4>WYD\u0141U\u017bONY CZAS SPALANIA Z POWODU S\u0141ONEJ WODY I ZIMNA?<\/h4>\n<p>Eksperymenty naukowe wykaza\u0142y, \u017ce wcze\u015bniejsze zanurzenie \u015bwiec w s\u0142onej wodzie lub przechowywanie ich w lod\u00f3wce lub zamra\u017carce nie ma znacz\u0105cego wp\u0142ywu na czas palenia si\u0119 \u015bwiec.<\/p>\t\t\t\t\t\t\t\t<\/div>\n\t\t\t\t<\/div>\n\t\t\t\t<div class=\"elementor-element elementor-element-53f0388 elementor-widget elementor-widget-text-editor\" data-id=\"53f0388\" data-element_type=\"widget\" data-e-type=\"widget\" data-widget_type=\"text-editor.default\">\n\t\t\t\t<div class=\"elementor-widget-container\">\n\t\t\t\t\t\t\t\t\t<p><\/p>\n<p>WSKAZ\u00d3WKA: \u015awiece ze znakiem jako\u015bci RAL pal\u0105 si\u0119 r\u00f3wnomiernie i gwarantuj\u0105 czas palenia podany na opakowaniu.<\/p>\t\t\t\t\t\t\t\t<\/div>\n\t\t\t\t<\/div>\n\t\t\t\t<\/div>\n\t\t<div class=\"elementor-element elementor-element-e1d1963 e-con-full e-flex e-con e-child\" data-id=\"e1d1963\" data-element_type=\"container\" data-e-type=\"container\">\n\t\t\t\t<div class=\"elementor-element elementor-element-1f33cfd elementor-widget elementor-widget-text-editor\" data-id=\"1f33cfd\" data-element_type=\"widget\" data-e-type=\"widget\" data-widget_type=\"text-editor.default\">\n\t\t\t\t<div class=\"elementor-widget-container\">\n\t\t\t\t\t\t\t\t\t<p><\/p>\n<h4>BEZ SKAZY<\/h4>\n<p>Plamy z wosku na metalowych \u015bwiecznikach mo\u017cna r\u00f3wnie\u017c usun\u0105\u0107 za pomoc\u0105 ciep\u0142a: wosk topi si\u0119 w rozgrzanym piekarniku w temperaturze 100\u00b0C, a nast\u0119pnie mo\u017cna go usun\u0105\u0107 szmatk\u0105.<\/p>\n<p>Pozosta\u0142o\u015bci wosku na szklanych lub delikatnych \u015bwiecznikach lub \u015bwiecznikach mo\u017cna po prostu zetrze\u0107 po k\u0105pieli w gor\u0105cej (nie wrz\u0105cej!) wodzie.<\/p>\n<p>Plamy z wosku mo\u017cna r\u00f3wnie\u017c \u0142atwo usun\u0105\u0107 z tkanin, przykrywaj\u0105c je bibu\u0142\u0105 podczas prasowania i przesuwaj\u0105c po nich gor\u0105cym \u017celazkiem: roztopiony wosk jest wch\u0142aniany przez bibu\u0142\u0119. Uporczywe pozosta\u0142o\u015bci mo\u017cna usun\u0105\u0107 rozpuszczalnikami (np. benzyn\u0105 lakow\u0105). <\/p>\n<p>Je\u015bli wosk kapn\u0105\u0142 na (g\u0142adk\u0105) galanteri\u0119 sk\u00f3rzan\u0105, stosuje si\u0119 zimno: wystarczy umie\u015bci\u0107 go w zamra\u017carce lub przy\u0142o\u017cy\u0107 ok\u0142ad z lodu. Gdy tylko wosk stwardnieje, mo\u017cna go \u0142atwo usun\u0105\u0107 (w zale\u017cno\u015bci od stanu sk\u00f3ry). Pomocny mo\u017ce by\u0107 r\u00f3wnie\u017c zimny spray z marketu budowlanego.  <\/p>\t\t\t\t\t\t\t\t<\/div>\n\t\t\t\t<\/div>\n\t\t\t\t<div class=\"elementor-element elementor-element-c164048 elementor-widget elementor-widget-text-editor\" data-id=\"c164048\" data-element_type=\"widget\" data-e-type=\"widget\" data-widget_type=\"text-editor.default\">\n\t\t\t\t<div class=\"elementor-widget-container\">\n\t\t\t\t\t\t\t\t\t<p><\/p>\n<p>WSKAZ\u00d3WKA: Przy prawid\u0142owym u\u017cytkowaniu \u015bwiece ze znakiem jako\u015bci RAL gwarantuj\u0105 spalanie bez kapania, a tym samym zapobiegaj\u0105 powstawaniu plam z wosku.<\/p>\t\t\t\t\t\t\t\t<\/div>\n\t\t\t\t<\/div>\n\t\t\t\t<\/div>\n\t\t\t\t\t<\/div>\n\t\t\t\t<\/div>\n\t\t\t\t<\/div>\n\t\t","protected":false},"excerpt":{"rendered":"<p>Wszystko wykonane z najlepszych surowc\u00f3w i sprawdzonej jako\u015bci Wszystko wykonane z najlepszych surowc\u00f3w i sprawdzonej jako\u015bci POMOCNE WSKAZ\u00d3WKI \u201eWSZYSTKO O \u015aWIECY\u201d \u2713 Przestrzeganie instrukcji bezpiecze\u0144stwa i odpalania\u2713 Zachowa\u0107 wystarczaj\u0105c\u0105 odleg\u0142o\u015b\u0107 Zas\u0142ony, dekoracje, ga\u0142\u0119zie, &#8230; \u2713 Nie pozostawia\u0107 \u015bwiecy bez nadzoru.\u2713 Spal \u015bwiec\u0119 na \u017caroodpornej, niepalnej podstawce.\u2713 Unikaj przeci\u0105g\u00f3w (drzwi\/okna\/ruch) \u2713 Utrzymuj misk\u0119 spalania w czysto\u015bci\u2713 [&hellip;]<\/p>\n","protected":false},"author":2,"featured_media":0,"parent":0,"menu_order":0,"comment_status":"closed","ping_status":"closed","template":"elementor_header_footer","meta":{"footnotes":""},"class_list":["post-3644","page","type-page","status-publish","hentry"],"acf":[],"_links":{"self":[{"href":"https:\/\/ral.komfour-develop.de\/pl\/wp-json\/wp\/v2\/pages\/3644","targetHints":{"allow":["GET"]}}],"collection":[{"href":"https:\/\/ral.komfour-develop.de\/pl\/wp-json\/wp\/v2\/pages"}],"about":[{"href":"https:\/\/ral.komfour-develop.de\/pl\/wp-json\/wp\/v2\/types\/page"}],"author":[{"embeddable":true,"href":"https:\/\/ral.komfour-develop.de\/pl\/wp-json\/wp\/v2\/users\/2"}],"replies":[{"embeddable":true,"href":"https:\/\/ral.komfour-develop.de\/pl\/wp-json\/wp\/v2\/comments?post=3644"}],"version-history":[{"count":7,"href":"https:\/\/ral.komfour-develop.de\/pl\/wp-json\/wp\/v2\/pages\/3644\/revisions"}],"predecessor-version":[{"id":4152,"href":"https:\/\/ral.komfour-develop.de\/pl\/wp-json\/wp\/v2\/pages\/3644\/revisions\/4152"}],"wp:attachment":[{"href":"https:\/\/ral.komfour-develop.de\/pl\/wp-json\/wp\/v2\/media?parent=3644"}],"curies":[{"name":"wp","href":"https:\/\/api.w.org\/{rel}","templated":true}]}}