{"id":3715,"date":"2024-05-29T06:32:05","date_gmt":"2024-05-29T06:32:05","guid":{"rendered":"https:\/\/ral.komfour-develop.de\/?page_id=3715"},"modified":"2024-07-29T14:04:48","modified_gmt":"2024-07-29T14:04:48","slug":"fragment-specyfikacji-testu","status":"publish","type":"page","link":"https:\/\/ral.komfour-develop.de\/pl\/fragment-specyfikacji-testu\/","title":{"rendered":"Fragment specyfikacji testu"},"content":{"rendered":"\t\t<div data-elementor-type=\"wp-page\" data-elementor-id=\"3715\" class=\"elementor elementor-3715 elementor-1349\" data-elementor-post-type=\"page\">\n\t\t\t\t<div class=\"elementor-element elementor-element-1c04d01 e-con-full e-flex e-con e-parent\" data-id=\"1c04d01\" data-element_type=\"container\" data-e-type=\"container\">\n\t\t<div class=\"elementor-element elementor-element-7b8b2fb e-con-full e-flex e-con e-child\" data-id=\"7b8b2fb\" data-element_type=\"container\" data-e-type=\"container\">\n\t\t\t\t<div class=\"elementor-element elementor-element-403a0b5 elementor--h-position-left elementor--v-position-top elementor-arrows-position-inside elementor-pagination-position-inside elementor-widget elementor-widget-slides\" data-id=\"403a0b5\" data-element_type=\"widget\" data-e-type=\"widget\" data-settings=\"{&quot;navigation&quot;:&quot;both&quot;,&quot;autoplay&quot;:&quot;yes&quot;,&quot;pause_on_hover&quot;:&quot;yes&quot;,&quot;pause_on_interaction&quot;:&quot;yes&quot;,&quot;autoplay_speed&quot;:5000,&quot;infinite&quot;:&quot;yes&quot;,&quot;transition&quot;:&quot;slide&quot;,&quot;transition_speed&quot;:500}\" data-widget_type=\"slides.default\">\n\t\t\t\t<div class=\"elementor-widget-container\">\n\t\t\t\t\t\t\t<div class=\"elementor-swiper\">\n\t\t\t<div class=\"elementor-slides-wrapper elementor-main-swiper swiper-container\" dir=\"ltr\" data-animation=\"fadeInUp\">\n\t\t\t\t<div class=\"swiper-wrapper elementor-slides\">\n\t\t\t\t\t\t\t\t\t\t<div class=\"elementor-repeater-item-07035d2 swiper-slide\"><div class=\"swiper-slide-bg\" role=\"img\"><\/div><div class=\"swiper-slide-inner\" ><div class=\"swiper-slide-contents\"><div class=\"elementor-slide-heading\">Wsp\u00f3\u0142pracujemy z<\/div><div class=\"elementor-slide-description\"><p>surowce o gwarantowanej jako\u015bci!<\/p>\n<\/div><\/div><\/div><\/div>\t\t\t\t<\/div>\n\t\t\t\t\t\t\t<\/div>\n\t\t<\/div>\n\t\t\t\t\t\t<\/div>\n\t\t\t\t<\/div>\n\t\t\t\t<\/div>\n\t\t\t\t<\/div>\n\t\t<div class=\"elementor-element elementor-element-1cb4345 e-flex e-con-boxed e-con e-parent\" data-id=\"1cb4345\" data-element_type=\"container\" data-e-type=\"container\">\n\t\t\t\t\t<div class=\"e-con-inner\">\n\t\t<div class=\"elementor-element elementor-element-5afa847 e-con-full e-flex e-con e-child\" data-id=\"5afa847\" data-element_type=\"container\" data-e-type=\"container\">\n\t\t\t\t<div class=\"elementor-element elementor-element-6d29b45 elementor-widget elementor-widget-heading\" data-id=\"6d29b45\" data-element_type=\"widget\" data-e-type=\"widget\" data-widget_type=\"heading.default\">\n\t\t\t\t<div class=\"elementor-widget-container\">\n\t\t\t\t\t<h1 class=\"elementor-heading-title elementor-size-default\">WYCI\u0104G Z WYMAGA\u0143 DOTYCZ\u0104CYCH SUROWC\u00d3W I \u015aRODK\u00d3W POMOCNICZYCH W OCHRONIE ZDROWIA<\/h1>\t\t\t\t<\/div>\n\t\t\t\t<\/div>\n\t\t\t\t<div class=\"elementor-element elementor-element-5805c0d elementor-widget elementor-widget-text-editor\" data-id=\"5805c0d\" data-element_type=\"widget\" data-e-type=\"widget\" data-widget_type=\"text-editor.default\">\n\t\t\t\t<div class=\"elementor-widget-container\">\n\t\t\t\t\t\t\t\t\t<p><\/p>\n<h1>ZASADA<\/h1>\n<p>Surowce i materia\u0142y pomocnicze u\u017cywane do produkcji \u015bwiec o gwarantowanej jako\u015bci nie mog\u0105 mie\u0107 \u017cadnych w\u0142a\u015bciwo\u015bci, ani same w sobie, ani ze wzgl\u0119du na ewentualne zanieczyszczenia, kt\u00f3re mog\u0142yby mie\u0107 szkodliwy wp\u0142yw na zdrowie konsumenta, je\u015bli \u015bwiece s\u0105 u\u017cywane zgodnie z przeznaczeniem lub niew\u0142a\u015bciwie u\u017cywane w przewidywalny spos\u00f3b, lub kt\u00f3re mog\u0142yby pogorszy\u0107 estetyczny wygl\u0105d \u015bwiecy lub jej przydatno\u015b\u0107 do u\u017cycia.<\/p>\n<h4>Odpowiednia data<\/h4>\n<p>W szczeg\u00f3lno\u015bci poni\u017csze wymogi od I do VIII musz\u0105 by\u0107 spe\u0142nione przez dostawc\u0119 w momencie przekazania \u015bwiecy producentowi.<\/p>\n<h4>Mieszanki paliwowe<\/h4>\n<p>Mieszanina mas paliwowych wyst\u0119puje, je\u017celi suma wszystkich sk\u0142adnik\u00f3w dodanych do masy paliwowej zgodnie z pkt I-IV przekracza wagowo 5 procent. Nie dotyczy to knot\u00f3w, barwnik\u00f3w, lakier\u00f3w i substancji zapachowych. Poszczeg\u00f3lne sk\u0142adniki mieszanek paliwowych wykonane z r\u00f3\u017cnych surowc\u00f3w musz\u0105 spe\u0142nia\u0107 odpowiednie wymagania od I do IV.  <\/p>\n<p>Nie zawsze jest mo\u017cliwe przeniesienie tych wymaga\u0144 na gotowe mieszanki paliwowe.<\/p>\n<h4>Innowacyjne masy do wypalania<\/h4>\n<p>Masy p\u0142on\u0105ce, dla kt\u00f3rych nie okre\u015blono szczeg\u00f3lnych wymaga\u0144 w punktach od I do IV, mog\u0105 by\u0107 stosowane w proporcji wi\u0119kszej ni\u017c 5% wagowo do produkcji \u015bwiec o zapewnionej jako\u015bci tylko wtedy, gdy s\u0105 zarejestrowane do stosowania jako masy p\u0142on\u0105ce do \u015bwiec zgodnie z rozporz\u0105dzeniem REACH (WE) nr 1907\/2006. Dop\u00f3ki istnieje tylko rejestracja wst\u0119pna lub s\u0105 one generalnie zwolnione z obowi\u0105zku rejestracji lub z REACH, zewn\u0119trzny instytut monitoruj\u0105cy musi najpierw potwierdzi\u0107, \u017ce s\u0105 one nieszkodliwe dla zdrowia zgodnie z og\u00f3lnymi przepisami dotycz\u0105cymi jako\u015bci i kontroli \u015bwiec nr 2.  <\/p>\n<h4>Dowody pochodz\u0105ce od dostawc\u00f3w<\/h4>\n<p>Dostawcy wyznaczeni przez Gutegemeinschaft dostarczaj\u0105 dow\u00f3d zgodno\u015bci zgodnie z EN 10204 Klauzula 3.1 \u201e\u015awiadectwo zak\u0142adu 2.1\u201d. <\/p>\n<h4>Metody testowania<\/h4>\n<p>Okre\u015blone metody bada\u0144 uwzgl\u0119dniaj\u0105 wykorzystanie surowc\u00f3w i materia\u0142\u00f3w pomocniczych w masach p\u0142on\u0105cych do \u015bwiec. Zatwierdzone metody testowe nie s\u0105 obecnie dost\u0119pne dla warto\u015bci granicznych oznaczonych \u201e*\u201d. <\/p>\t\t\t\t\t\t\t\t<\/div>\n\t\t\t\t<\/div>\n\t\t\t\t<div class=\"elementor-element elementor-element-4060073 elementor-widget elementor-widget-text-editor\" data-id=\"4060073\" data-element_type=\"widget\" data-e-type=\"widget\" data-widget_type=\"text-editor.default\">\n\t\t\t\t<div class=\"elementor-widget-container\">\n\t\t\t\t\t\t\t\t\t<h3>I. Parafina<\/h3>\n<p><img fetchpriority=\"high\" decoding=\"async\" class=\"alignnone size-medium wp-image-1448\" src=\"https:\/\/ral.komfour-develop.de\/wp-content\/uploads\/2024\/05\/paraffin-300x242.jpg\" alt=\"\" width=\"300\" height=\"242\" srcset=\"https:\/\/ral.komfour-develop.de\/wp-content\/uploads\/2024\/05\/paraffin-300x242.jpg 300w, https:\/\/ral.komfour-develop.de\/wp-content\/uploads\/2024\/05\/paraffin.jpg 495w\" sizes=\"(max-width: 300px) 100vw, 300px\" \/><\/p>\n<ul>\n<li>Numer koloru<\/li>\n<li>Zapach<\/li>\n<li>Zawarto\u015b\u0107 popio\u0142u<\/li>\n<li>Wielopier\u015bcieniowe w\u0119glowodory aromatyczne (WWA)<\/li>\n<li>Zawarto\u015b\u0107 siarki<\/li>\n<li>O\u0142\u00f3w<\/li>\n<li>Stabilno\u015b\u0107 UV parafin o zawarto\u015bci oleju \u2264 1,5%<\/li>\n<\/ul>\n<h3>II. Stearyna<\/h3>\n<p><img decoding=\"async\" class=\"alignnone size-medium wp-image-1449\" src=\"https:\/\/ral.komfour-develop.de\/wp-content\/uploads\/2024\/05\/stearin-300x242.jpg\" alt=\"\" width=\"300\" height=\"242\" srcset=\"https:\/\/ral.komfour-develop.de\/wp-content\/uploads\/2024\/05\/stearin-300x242.jpg 300w, https:\/\/ral.komfour-develop.de\/wp-content\/uploads\/2024\/05\/stearin.jpg 495w\" sizes=\"(max-width: 300px) 100vw, 300px\" \/><\/p>\n<ul>\n<li>Liczba kwasowa<\/li>\n<li>Numer estru<\/li>\n<li>Liczba jodowa<\/li>\n<li>Warto\u015b\u0107 nadtlenku<\/li>\n<li>Punkt krzepni\u0119cia<\/li>\n<li>Numer koloru Lovibond<\/li>\n<li>Niezmydlaj\u0105cy si\u0119<\/li>\n<li>Zawarto\u015b\u0107 popio\u0142u<\/li>\n<li>O\u0142\u00f3w<\/li>\n<\/ul>\n<h3>III. Wosk pszczeli<\/h3>\n<p><img decoding=\"async\" class=\"alignnone size-medium wp-image-1450\" src=\"https:\/\/ral.komfour-develop.de\/wp-content\/uploads\/2024\/05\/bienenwachs-300x242.jpg\" alt=\"\" width=\"300\" height=\"242\" srcset=\"https:\/\/ral.komfour-develop.de\/wp-content\/uploads\/2024\/05\/bienenwachs-300x242.jpg 300w, https:\/\/ral.komfour-develop.de\/wp-content\/uploads\/2024\/05\/bienenwachs.jpg 495w\" sizes=\"(max-width: 300px) 100vw, 300px\" \/><\/p>\n<ul>\n<li>Punkt zrzutu<\/li>\n<li>Liczba kwasowa<\/li>\n<li>Warto\u015b\u0107 zmydlania<\/li>\n<li>Numer estru<\/li>\n<li>Stosunek<\/li>\n<li>W\u0119glowodory og\u00f3\u0142em<\/li>\n<li>O\u0142\u00f3w<\/li>\n<\/ul>\n<h3>IV. T\u0142uszcze i oleje<\/h3>\n<p><img loading=\"lazy\" decoding=\"async\" class=\"alignnone size-medium wp-image-1376\" src=\"https:\/\/ral.komfour-develop.de\/wp-content\/uploads\/2024\/05\/erstpruefung-1-300x242.jpg\" alt=\"\" width=\"300\" height=\"242\" srcset=\"https:\/\/ral.komfour-develop.de\/wp-content\/uploads\/2024\/05\/erstpruefung-1-300x242.jpg 300w, https:\/\/ral.komfour-develop.de\/wp-content\/uploads\/2024\/05\/erstpruefung-1.jpg 495w\" sizes=\"(max-width: 300px) 100vw, 300px\" \/><\/p>\n<ul>\n<li>\u017belazo<\/li>\n<li>Mied\u017a<\/li>\n<li>Nikiel<\/li>\n<li>Kadm<\/li>\n<li>Merkury<\/li>\n<li>O\u0142\u00f3w<\/li>\n<li>Arsen<\/li>\n<li>Wolne kwasy t\u0142uszczowe<\/li>\n<li>Warto\u015b\u0107 nadtlenku<\/li>\n<li>Numer koloru Lovibond<\/li>\n<li>Zawarto\u015b\u0107 popio\u0142u<\/li>\n<li>Zawarto\u015b\u0107 wody<\/li>\n<li>Zapach<\/li>\n<li>Wska\u017anik stabilno\u015bci oleju<\/li>\n<\/ul>\n<h3>V. Wicks<\/h3>\n<p><img loading=\"lazy\" decoding=\"async\" class=\"alignnone size-medium wp-image-1453\" src=\"https:\/\/ral.komfour-develop.de\/wp-content\/uploads\/2024\/05\/dochte-300x242.jpg\" alt=\"\" width=\"300\" height=\"242\" srcset=\"https:\/\/ral.komfour-develop.de\/wp-content\/uploads\/2024\/05\/dochte-300x242.jpg 300w, https:\/\/ral.komfour-develop.de\/wp-content\/uploads\/2024\/05\/dochte.jpg 495w\" sizes=\"(max-width: 300px) 100vw, 300px\" \/><\/p>\n<section class=\"av_textblock_section av-jrq7uwb7-6174df00c4a945fa2fc9aa890f3907df\">\n<div class=\"avia_textblock\">\n<ul>\n<li>Oeko-Tex Standard 100 I lub II<\/li>\n<\/ul>\n<\/div>\n<\/section>\n<section class=\"av_textblock_section av-jrq7uwb7-6174df00c4a945fa2fc9aa890f3907df\">\n<div class=\"avia_textblock\">\n<h3>VI. Nast\u0119puj\u0105ce wymagania dotycz\u0105 kolor\u00f3w \u015bwiec<\/h3>\n<p><img loading=\"lazy\" decoding=\"async\" class=\"alignnone size-medium wp-image-1454\" src=\"https:\/\/ral.komfour-develop.de\/wp-content\/uploads\/2024\/05\/kerzenfarben-300x242.jpg\" alt=\"\" width=\"300\" height=\"242\" srcset=\"https:\/\/ral.komfour-develop.de\/wp-content\/uploads\/2024\/05\/kerzenfarben-300x242.jpg 300w, https:\/\/ral.komfour-develop.de\/wp-content\/uploads\/2024\/05\/kerzenfarben.jpg 495w\" sizes=\"(max-width: 300px) 100vw, 300px\" \/><\/p>\n<ul>\n<li>Nikiel<\/li>\n<li>Kadm<\/li>\n<li>Chrom ca\u0142kowity<\/li>\n<li>O\u0142\u00f3w<\/li>\n<li>Arsen<\/li>\n<li>Bar<\/li>\n<li>Toksyczno\u015b\u0107<\/li>\n<li>Benzen<\/li>\n<li>Toluen<\/li>\n<li>Etylobenzen<\/li>\n<li>Benzo[a]piren<\/li>\n<li>Benzo[e]piren<\/li>\n<li>Benzo[a]antracen<\/li>\n<li>Chrysene<\/li>\n<li>Benzo[b]fluoranten<\/li>\n<li>Benzo[j]fluoranten<\/li>\n<li>Benzo[k]fluoranten<\/li>\n<li>Dibenzo[a,h]antracen<\/li>\n<li>Naftalen<\/li>\n<li>Ftalan bis(2-etyloheksylu)<\/li>\n<li>Ftalan dibutylu<\/li>\n<li>Benzylobutyloftalat<\/li>\n<li>Ftalan diizononylu<\/li>\n<li>Ftalan diizodecylu<\/li>\n<li>Ftalan di-n-oktylu<\/li>\n<li>Ftalan diizobutylu<\/li>\n<\/ul>\n<h3>VII. Lakiery do \u015bwiec<\/h3>\n<p><img loading=\"lazy\" decoding=\"async\" class=\"alignnone size-medium wp-image-1455\" src=\"https:\/\/ral.komfour-develop.de\/wp-content\/uploads\/2024\/05\/kerzenlacke-300x242.jpg\" alt=\"\" width=\"300\" height=\"242\" srcset=\"https:\/\/ral.komfour-develop.de\/wp-content\/uploads\/2024\/05\/kerzenlacke-300x242.jpg 300w, https:\/\/ral.komfour-develop.de\/wp-content\/uploads\/2024\/05\/kerzenlacke.jpg 495w\" sizes=\"(max-width: 300px) 100vw, 300px\" \/><\/p>\n<h3>VIII. Zapachy<\/h3>\n<section class=\"av_textblock_section av-jrq7uwb7-6174df00c4a945fa2fc9aa890f3907df\">\n<div class=\"avia_textblock\">\n<ul>\n<li>Standard IFRA<\/li>\n<\/ul>\n<h3>IX. Metale ci\u0119\u017ckie w uk\u0142adzie \u015bwiec<\/h3>\n<p><img loading=\"lazy\" decoding=\"async\" class=\"alignnone size-full wp-image-1360\" src=\"https:\/\/ral.komfour-develop.de\/wp-content\/uploads\/2024\/05\/stumpen98.jpg\" alt=\"\" width=\"300\" height=\"300\" srcset=\"https:\/\/ral.komfour-develop.de\/wp-content\/uploads\/2024\/05\/stumpen98.jpg 300w, https:\/\/ral.komfour-develop.de\/wp-content\/uploads\/2024\/05\/stumpen98-150x150.jpg 150w\" sizes=\"(max-width: 300px) 100vw, 300px\" \/><\/p>\n<ul>\n<li>Antymon<\/li>\n<li>Bar<\/li>\n<li>Kadm<\/li>\n<li>Merkury<\/li>\n<li>Arsen<\/li>\n<li>Chrom ca\u0142kowity<\/li>\n<li>Chrom VI<\/li>\n<li>O\u0142\u00f3w<\/li>\n<\/ul>\n<\/div>\n<\/section>\n<\/div>\n<\/section>\n\t\t\t\t\t\t\t\t<\/div>\n\t\t\t\t<\/div>\n\t\t\t\t<\/div>\n\t\t\t\t\t<\/div>\n\t\t\t\t<\/div>\n\t\t\t\t<\/div>\n\t\t","protected":false},"excerpt":{"rendered":"<p>Wsp\u00f3\u0142pracujemy z surowce o gwarantowanej jako\u015bci! WYCI\u0104G Z WYMAGA\u0143 DOTYCZ\u0104CYCH SUROWC\u00d3W I \u015aRODK\u00d3W POMOCNICZYCH W OCHRONIE ZDROWIA ZASADA Surowce i materia\u0142y pomocnicze u\u017cywane do produkcji \u015bwiec o gwarantowanej jako\u015bci nie mog\u0105 mie\u0107 \u017cadnych w\u0142a\u015bciwo\u015bci, ani same w sobie, ani ze wzgl\u0119du na ewentualne zanieczyszczenia, kt\u00f3re mog\u0142yby mie\u0107 szkodliwy wp\u0142yw na zdrowie konsumenta, je\u015bli \u015bwiece s\u0105 [&hellip;]<\/p>\n","protected":false},"author":2,"featured_media":0,"parent":0,"menu_order":0,"comment_status":"closed","ping_status":"closed","template":"elementor_header_footer","meta":{"footnotes":""},"class_list":["post-3715","page","type-page","status-publish","hentry"],"acf":[],"_links":{"self":[{"href":"https:\/\/ral.komfour-develop.de\/pl\/wp-json\/wp\/v2\/pages\/3715","targetHints":{"allow":["GET"]}}],"collection":[{"href":"https:\/\/ral.komfour-develop.de\/pl\/wp-json\/wp\/v2\/pages"}],"about":[{"href":"https:\/\/ral.komfour-develop.de\/pl\/wp-json\/wp\/v2\/types\/page"}],"author":[{"embeddable":true,"href":"https:\/\/ral.komfour-develop.de\/pl\/wp-json\/wp\/v2\/users\/2"}],"replies":[{"embeddable":true,"href":"https:\/\/ral.komfour-develop.de\/pl\/wp-json\/wp\/v2\/comments?post=3715"}],"version-history":[{"count":2,"href":"https:\/\/ral.komfour-develop.de\/pl\/wp-json\/wp\/v2\/pages\/3715\/revisions"}],"predecessor-version":[{"id":3717,"href":"https:\/\/ral.komfour-develop.de\/pl\/wp-json\/wp\/v2\/pages\/3715\/revisions\/3717"}],"wp:attachment":[{"href":"https:\/\/ral.komfour-develop.de\/pl\/wp-json\/wp\/v2\/media?parent=3715"}],"curies":[{"name":"wp","href":"https:\/\/api.w.org\/{rel}","templated":true}]}}