{"id":3755,"date":"2024-05-28T09:39:30","date_gmt":"2024-05-28T09:39:30","guid":{"rendered":"https:\/\/ral.komfour-develop.de\/?page_id=3755"},"modified":"2024-08-01T06:47:15","modified_gmt":"2024-08-01T06:47:15","slug":"fragment-specyfikacji-testu-ral-gz-041-1","status":"publish","type":"page","link":"https:\/\/ral.komfour-develop.de\/pl\/fragment-specyfikacji-testu-ral-gz-041-1\/","title":{"rendered":"Fragment specyfikacji testu RAL-GZ 041\/1"},"content":{"rendered":"\t\t<div data-elementor-type=\"wp-page\" data-elementor-id=\"3755\" class=\"elementor elementor-3755 elementor-1235\" data-elementor-post-type=\"page\">\n\t\t\t\t<div class=\"elementor-element elementor-element-1c04d01 e-con-full e-flex e-con e-parent\" data-id=\"1c04d01\" data-element_type=\"container\" data-e-type=\"container\">\n\t\t<div class=\"elementor-element elementor-element-7b8b2fb e-con-full e-flex e-con e-child\" data-id=\"7b8b2fb\" data-element_type=\"container\" data-e-type=\"container\">\n\t\t\t\t<div class=\"elementor-element elementor-element-403a0b5 elementor--h-position-left elementor--v-position-top elementor-arrows-position-inside elementor-pagination-position-inside elementor-widget elementor-widget-slides\" data-id=\"403a0b5\" data-element_type=\"widget\" data-e-type=\"widget\" data-settings=\"{&quot;navigation&quot;:&quot;both&quot;,&quot;autoplay&quot;:&quot;yes&quot;,&quot;pause_on_hover&quot;:&quot;yes&quot;,&quot;pause_on_interaction&quot;:&quot;yes&quot;,&quot;autoplay_speed&quot;:5000,&quot;infinite&quot;:&quot;yes&quot;,&quot;transition&quot;:&quot;slide&quot;,&quot;transition_speed&quot;:500}\" data-widget_type=\"slides.default\">\n\t\t\t\t<div class=\"elementor-widget-container\">\n\t\t\t\t\t\t\t<div class=\"elementor-swiper\">\n\t\t\t<div class=\"elementor-slides-wrapper elementor-main-swiper swiper-container\" dir=\"ltr\" data-animation=\"fadeInUp\">\n\t\t\t\t<div class=\"swiper-wrapper elementor-slides\">\n\t\t\t\t\t\t\t\t\t\t<div class=\"elementor-repeater-item-07035d2 swiper-slide\"><div class=\"swiper-slide-bg\" role=\"img\"><\/div><div class=\"swiper-slide-inner\" ><div class=\"swiper-slide-contents\"><div class=\"elementor-slide-heading\">Wsp\u00f3\u0142pracujemy z<\/div><div class=\"elementor-slide-description\"><p>surowce o gwarantowanej jako\u015bci!<\/p>\n<\/div><\/div><\/div><\/div>\t\t\t\t<\/div>\n\t\t\t\t\t\t\t<\/div>\n\t\t<\/div>\n\t\t\t\t\t\t<\/div>\n\t\t\t\t<\/div>\n\t\t\t\t<\/div>\n\t\t\t\t<\/div>\n\t\t<div class=\"elementor-element elementor-element-1cb4345 e-flex e-con-boxed e-con e-parent\" data-id=\"1cb4345\" data-element_type=\"container\" data-e-type=\"container\">\n\t\t\t\t\t<div class=\"e-con-inner\">\n\t\t<div class=\"elementor-element elementor-element-5afa847 e-con-full e-flex e-con e-child\" data-id=\"5afa847\" data-element_type=\"container\" data-e-type=\"container\">\n\t\t\t\t<div class=\"elementor-element elementor-element-6d29b45 elementor-widget elementor-widget-heading\" data-id=\"6d29b45\" data-element_type=\"widget\" data-e-type=\"widget\" data-widget_type=\"heading.default\">\n\t\t\t\t<div class=\"elementor-widget-container\">\n\t\t\t\t\t<h1 class=\"elementor-heading-title elementor-size-default\">WYCI\u0104G ZE SPECJALNYCH PRZEPIS\u00d3W DOTYCZ\u0104CYCH JAKO\u015aCI I BADA\u0143 \u015aWIEC DO U\u017bYTKU DOMOWEGO, \u015aWIEC STO\u017bKOWYCH, \u015aWIEC FILAROWYCH I INNYCH \u015aWIEC RAL-GZ 041\/1<\/h1>\t\t\t\t<\/div>\n\t\t\t\t<\/div>\n\t\t\t\t<div class=\"elementor-element elementor-element-5805c0d elementor-widget elementor-widget-text-editor\" data-id=\"5805c0d\" data-element_type=\"widget\" data-e-type=\"widget\" data-widget_type=\"text-editor.default\">\n\t\t\t\t<div class=\"elementor-widget-container\">\n\t\t\t\t\t\t\t\t\t<p><\/p>\n<h1>1-1 ZAKRES ZASTOSOWANIA<\/h1>\n<p>Niniejsze specjalne przepisy dotycz\u0105ce jako\u015bci i kontroli maj\u0105 zastosowanie do \u015bwiec, niezale\u017cnie od struktury powierzchni, w przypadku wariant\u00f3w produkt\u00f3w, takich jak \u015bwiece adwentowe, \u015bwiece o\u0142tarzowe, \u015bwiece choinkowe, \u015bwiece urodzinowe, \u015bwiece domowe, \u015bwiece ofiarne, \u015bwiece piramidalne, lampki dla lalek, \u015bwiece sto\u017ckowe, \u015bwiece filarowe, \u015bwiece filarowe.<\/p>\n<p>W tym zakresie wymagania Znaku Jako\u015bci dla \u015awiec musz\u0105 by\u0107 spe\u0142nione dla wy\u017cej wymienionych produkt\u00f3w.<\/p>\t\t\t\t\t\t\t\t<\/div>\n\t\t\t\t<\/div>\n\t\t\t\t<div class=\"elementor-element elementor-element-21b867c elementor-widget elementor-widget-text-editor\" data-id=\"21b867c\" data-element_type=\"widget\" data-e-type=\"widget\" data-widget_type=\"text-editor.default\">\n\t\t\t\t<div class=\"elementor-widget-container\">\n\t\t\t\t\t\t\t\t\t<p><\/p>\n<h1>1-2 PRZEPISY DOTYCZ\u0104CE JAKO\u015aCI<\/h1>\n<h3>1-2.1 Wymagania wizualne i techniczne<\/h3>\n<p><img fetchpriority=\"high\" decoding=\"async\" class=\"alignnone size-medium wp-image-1395\" src=\"https:\/\/ral.komfour-develop.de\/wp-content\/uploads\/2024\/05\/anforderungen-300x242.jpg\" alt=\"\" width=\"300\" height=\"242\" srcset=\"https:\/\/ral.komfour-develop.de\/wp-content\/uploads\/2024\/05\/anforderungen-300x242.jpg 300w, https:\/\/ral.komfour-develop.de\/wp-content\/uploads\/2024\/05\/anforderungen.jpg 495w\" sizes=\"(max-width: 300px) 100vw, 300px\" \/><\/p>\n<h4>1-2.1.1 Wygl\u0105d \/ rozmieszczenie knot\u00f3w<\/h4>\n<p>Knot musi by\u0107 wy\u015brodkowany. Wyj\u0105tek: \u015bwiece z wieloma knotami. <\/p>\n<p>Powierzchnia \u015bwiecy musi by\u0107 wolna od p\u0119cherzyk\u00f3w, p\u0119kni\u0119\u0107, odprysk\u00f3w i uszkodze\u0144, gdy jest ogl\u0105dana bez pomocy technicznych. Wyj\u0105tek od tej zasady jest dozwolony tylko wtedy, gdy cechy te s\u0105 cz\u0119\u015bci\u0105 dekoracji. <\/p>\n<p>\u015awieca musi mie\u0107 wymagany odcie\u0144 i intensywno\u015b\u0107 koloru.<\/p>\n<p><img decoding=\"async\" class=\"alignnone size-medium wp-image-1396\" src=\"https:\/\/ral.komfour-develop.de\/wp-content\/uploads\/2024\/05\/dochtanordnung-300x242.jpg\" alt=\"\" width=\"300\" height=\"242\" srcset=\"https:\/\/ral.komfour-develop.de\/wp-content\/uploads\/2024\/05\/dochtanordnung-300x242.jpg 300w, https:\/\/ral.komfour-develop.de\/wp-content\/uploads\/2024\/05\/dochtanordnung.jpg 495w\" sizes=\"(max-width: 300px) 100vw, 300px\" \/><\/p>\n<h4>1-2.1.2 Zachowanie podczas spalania<\/h4>\n<p>Po zapaleniu \u015bwieca musi mie\u0107 jasny, sta\u0142y p\u0142omie\u0144 i stopniowo tworzy\u0107 kielichow\u0105 obr\u0119cz, kt\u00f3ra otacza tak zwan\u0105 p\u0142on\u0105c\u0105 czasz\u0119.<\/p>\n<p>Po zapaleniu \u015bwieca musi mie\u0107 jasny, sta\u0142y p\u0142omie\u0144 i stopniowo tworzy\u0107 kielichow\u0105 obr\u0119cz, kt\u00f3ra otacza tak zwan\u0105 p\u0142on\u0105c\u0105 czasz\u0119.<\/p>\n<p>Ponadto nale\u017cy upewni\u0107 si\u0119, \u017ce knot jest wygi\u0119ty w \u015brednim stopniu podczas palenia si\u0119 \u015bwiecy (patrz sekcja 1-3.3),<\/p>\n<p>\u015bwieca nie kapie (patrz sekcja 1-3.4) oraz<br>p\u0142omie\u0144 pali si\u0119 bez widocznej emisji sadzy (patrz sekcja 1-3.5).<br>Ze wzgl\u0119d\u00f3w technicznych zachowanie podczas palenia \u015bwiec filarowych o \u015brednicy od 31 do 60 mm mo\u017ce by\u0107 oceniane pod k\u0105tem zgodno\u015bci z tymi wymaganiami tylko do wysoko\u015bci 30 mm, w przypadku \u015bwiec filarowych o \u015brednicy powy\u017cej 60 mm tylko do wysoko\u015bci 40 mm, a w przypadku \u015bwiec o\u0142tarzowych tylko do wysoko\u015bci 80 mm.<\/p>\n<p>Po zga\u015bni\u0119ciu p\u0142omienia, ko\u0144c\u00f3wka knota naturalnie \u017carzy si\u0119 jeszcze przez jaki\u015b czas. Wi\u0105\u017ce si\u0119 to z emisj\u0105 pi\u00f3ropusza dymu. Proces ten powinien zako\u0144czy\u0107 si\u0119 w ci\u0105gu 15 sekund w przypadku \u015bwiec o \u015brednicy do 30 mm. W przypadku \u015bwiec o \u015brednicy wi\u0119kszej ni\u017c 30 mm, p\u0142aski knot mo\u017ce nadal dymi\u0107 przez 20 sekund, ale w \u017cadnym wypadku (dotyczy to r\u00f3wnie\u017c knot\u00f3w okr\u0105g\u0142ych) knot nie mo\u017ce wypali\u0107 si\u0119 ca\u0142kowicie, aby \u015bwieca mog\u0142a zosta\u0107 ponownie zapalona bez \u017cadnych problem\u00f3w i nadal pali\u0107 si\u0119 prawid\u0142owo.   <\/p>\n<p><img decoding=\"async\" class=\"alignnone size-medium wp-image-1397\" src=\"https:\/\/ral.komfour-develop.de\/wp-content\/uploads\/2024\/05\/brennverhalten-300x242.jpg\" alt=\"\" width=\"300\" height=\"242\" srcset=\"https:\/\/ral.komfour-develop.de\/wp-content\/uploads\/2024\/05\/brennverhalten-300x242.jpg 300w, https:\/\/ral.komfour-develop.de\/wp-content\/uploads\/2024\/05\/brennverhalten.jpg 495w\" sizes=\"(max-width: 300px) 100vw, 300px\" \/><\/p>\n<p>Je\u015bli na opakowaniu podano czas palenia si\u0119 \u015bwiecy, nale\u017cy go przestrzega\u0107 (patrz sekcja 1-3.6).<\/p>\t\t\t\t\t\t\t\t<\/div>\n\t\t\t\t<\/div>\n\t\t\t\t<div class=\"elementor-element elementor-element-9b3334e elementor-widget elementor-widget-text-editor\" data-id=\"9b3334e\" data-element_type=\"widget\" data-e-type=\"widget\" data-widget_type=\"text-editor.default\">\n\t\t\t\t<div class=\"elementor-widget-container\">\n\t\t\t\t\t\t\t\t\t<h1>1-3 REGULAMIN TESTU<\/h1>\n<h3>1-3.1 Warunki przestrzenne i odleg\u0142o\u015bci podczas spalania pr\u00f3bek<\/h3>\n<p>Temperatura w pomieszczeniu testowym musi wynosi\u0107 od 20 \u00b0C do 25 \u00b0C podczas testu spalania. \u015awiece musz\u0105 by\u0107 umieszczone pionowo &#8211; w du\u017cej mierze chronione przed przeci\u0105gami &#8211; w odpowiedniej odleg\u0142o\u015bci od siebie, w zale\u017cno\u015bci od formatu \u015bwiecy, tak aby nie by\u0142o zauwa\u017calnego wzajemnego wp\u0142ywu ciep\u0142a ze \u015bwiecy na \u015bwiec\u0119. <\/p>\n<h3>1-3.2 Cykle wypalania<\/h3>\n<p>Pr\u00f3bki testowe musz\u0105 by\u0107 spalane w r\u00f3\u017cnych cyklach spalania w zale\u017cno\u015bci od rozmiaru \u015bwiecy. Cykl spalania 1 dla \u015bwiec choinkowych, lampek dla lalek, \u015bwiec jajecznych i innych typ\u00f3w \u015bwiec o wadze do 40 gram\u00f3w: <\/p>\n<p>Cykl spalania 1 dla \u015bwiec choinkowych, lampek dla lalek, \u015bwiec jajecznych i innych typ\u00f3w \u015bwiec o wadze do 40 gram\u00f3w:<\/p>\n<ul>\n<li>Cykl 1: Ci\u0105g\u0142e spalanie do ok. 20 mm od podstawy \u015bwiecy<\/li>\n<\/ul>\n<p>Cykl palenia 2 i 3 dla \u015bwiec o wadze powy\u017cej 40 gram\u00f3w i \u015brednicy do 30 mm:<\/p>\n<ul>\n<li>Cykl 2: Ci\u0105g\u0142e spalanie do ok. 20 mm od podstawy \u015bwiecy<\/li>\n<li>Cykl 3: 2 godziny wypalania, co najmniej 1 godzina przerwy, 2 godziny wypalania<\/li>\n<\/ul>\n<p>Cykl palenia 4 i 5 dla \u015bwiec o \u015brednicy od 31 do 60 mm (zmieniaj\u0105cy si\u0119 z dnia na dzie\u0144):<\/p>\n<ul>\n<li>Cykl 4: Ci\u0105g\u0142e spalanie przez 4 godziny<\/li>\n<li>Cykl 5: Co najmniej 4 godziny wypalania, co najmniej 1 godzina przerwy, co najmniej 4 godziny wypalania.<\/li>\n<\/ul>\n<p>Cykl spalania 6 dla \u015bwiec o \u015brednicy wi\u0119kszej ni\u017c 60 mm:<\/p>\n<ul>\n<li>Cykl 6:\n<ul>\n<li>4 godziny wypalania, co najmniej 1 godzina przerwy<\/li>\n<li>4 godziny wypalania, co najmniej 1 godzina przerwy<\/li>\n<li>4 godziny wypalania, co najmniej 1 godzina przerwy<\/li>\n<li>4 godziny spalania<\/li>\n<\/ul>\n<\/li>\n<\/ul>\n<h3>1-3.3 Poziom knota<\/h3>\n<p>Knot wychodzi prosto ze \u015bwiecy i powinien nast\u0119pnie r\u00f3wnomiernie wygina\u0107 si\u0119 w miar\u0119 spalania do zewn\u0119trznej kraw\u0119dzi p\u0142omienia, gdzie temperatura p\u0142omienia jest najwy\u017csza, tak aby nast\u0105pi\u0142o tam ca\u0142kowite stopniowe spalanie ko\u0144c\u00f3wki knota.<\/p>\n<p>Niewielka krzywizna knota pokazana na rysunku 2 jest zatem idealna, a krzywizna knota pokazana na rysunku 3 jest jeszcze lepsza.<\/p>\n<p><img loading=\"lazy\" decoding=\"async\" class=\"alignnone size-full wp-image-1398\" src=\"https:\/\/ral.komfour-develop.de\/wp-content\/uploads\/2024\/05\/dochtstand.png\" alt=\"\" width=\"299\" height=\"159\"><\/p>\n<p>Poziom knota jest oceniany wizualnie podczas spalania.<\/p>\n<h4>Wycena<\/h4>\n<table class=\"avia-table avia-data-table avia_pricing_default avia-builder-el-43 el_after_av_textblock avia-builder-el-last \">\n<tbody>\n<tr class=\"\">\n<td class=\"\">Knot wykazuje krzywizn\u0119 zgodnie z rysunkiem 2 lub 3<\/td>\n<td class=\"\">Wymaganie spe\u0142nione<\/td>\n<\/tr>\n<tr class=\"\">\n<td class=\"\">Wick znacznie odbiega od wykresu 2 lub 3<\/td>\n<td class=\"\">Wymaganie niespe\u0142nione<\/td>\n<\/tr>\n<\/tbody>\n<\/table>\n<h3>1-3.4 Odporno\u015b\u0107 na kapanie<\/h3>\n<p><img loading=\"lazy\" decoding=\"async\" class=\"alignnone size-medium wp-image-1399\" src=\"https:\/\/ral.komfour-develop.de\/wp-content\/uploads\/2024\/05\/tropffestigkeit-200x300.jpg\" alt=\"\" width=\"200\" height=\"300\" srcset=\"https:\/\/ral.komfour-develop.de\/wp-content\/uploads\/2024\/05\/tropffestigkeit-200x300.jpg 200w, https:\/\/ral.komfour-develop.de\/wp-content\/uploads\/2024\/05\/tropffestigkeit-683x1024.jpg 683w, https:\/\/ral.komfour-develop.de\/wp-content\/uploads\/2024\/05\/tropffestigkeit-768x1152.jpg 768w, https:\/\/ral.komfour-develop.de\/wp-content\/uploads\/2024\/05\/tropffestigkeit.jpg 800w\" sizes=\"(max-width: 200px) 100vw, 200px\" \/><\/p>\n<p>Kapanie odnosi si\u0119 do wyp\u0142ywania pal\u0105cej si\u0119 masy z p\u0142on\u0105cego korpusu \u015bwiecy. \u015awieca jest odporna na kapanie, je\u015bli zapobiega temu obr\u0119cz kielicha. <\/p>\n<p>Niewielkie sp\u0142ywanie wosku jest tolerowane w przypadku \u015bwiec o \u015brednicy do 30 mm, zgodnie z poni\u017cszymi warunkami:<\/p>\n<p>Podczas ponownego zapalania \u015bwiecy, knot mo\u017ce odzyska\u0107 pe\u0142n\u0105 si\u0142\u0119 ss\u0105c\u0105 i efekt kapilarny dopiero po kilku minutach. W rezultacie kilka kropel wosku mo\u017ce tymczasowo sp\u0142yn\u0105\u0107 podczas tej fazy. Zjawiska tego nie nale\u017cy interpretowa\u0107 jako braku odporno\u015bci na kapanie. Odporno\u015b\u0107 na kapanie jest testowana wizualnie.   <\/p>\n<h4>Wycena<\/h4>\n<table class=\"avia-table avia-data-table avia_pricing_default avia-builder-el-52 el_after_av_textblock avia-builder-el-last \">\n<tbody>\n<tr class=\"\">\n<td class=\"\">Obr\u0119cz kubka zapobiega sp\u0142ywaniu wody<\/td>\n<td class=\"\">Wymaganie spe\u0142nione<\/td>\n<\/tr>\n<tr class=\"\">\n<td class=\"\">Paliwo sp\u0142ywa ze \u015bwiecy<\/td>\n<td class=\"\">Wymaganie nie zosta\u0142o spe\u0142nione<\/td>\n<\/tr>\n<\/tbody>\n<\/table>\n<h3>1-3.5 Zachowanie sadzy \/ dymu wt\u00f3rnego<\/h3>\n<p><img loading=\"lazy\" decoding=\"async\" class=\"alignnone size-medium wp-image-1400\" src=\"https:\/\/ral.komfour-develop.de\/wp-content\/uploads\/2024\/05\/russverhalten-206x300.jpg\" alt=\"\" width=\"206\" height=\"300\" srcset=\"https:\/\/ral.komfour-develop.de\/wp-content\/uploads\/2024\/05\/russverhalten-206x300.jpg 206w, https:\/\/ral.komfour-develop.de\/wp-content\/uploads\/2024\/05\/russverhalten-703x1024.jpg 703w, https:\/\/ral.komfour-develop.de\/wp-content\/uploads\/2024\/05\/russverhalten-768x1118.jpg 768w, https:\/\/ral.komfour-develop.de\/wp-content\/uploads\/2024\/05\/russverhalten-1055x1536.jpg 1055w, https:\/\/ral.komfour-develop.de\/wp-content\/uploads\/2024\/05\/russverhalten.jpg 1186w\" sizes=\"(max-width: 206px) 100vw, 206px\" \/><\/p>\n<p>Ze wzgl\u0119d\u00f3w chemiczno-fizycznych nie jest mo\u017cliwe spalanie \u015bwiecy bez emisji sadzy &#8211; zw\u0142aszcza w fazie zapalania i bezpo\u015brednio po zga\u015bni\u0119ciu p\u0142omienia. Emisja sadzy musi by\u0107 jednak zminimalizowana &#8211; w szczeg\u00f3lno\u015bci poprzez optymalne dopasowanie materia\u0142u \u015bwiecy i knota &#8211; tak, aby uzyska\u0107 niskie spalanie sadzy. <\/p>\n<h4>Ocena zachowania sadzy wed\u0142ug dw\u00f3ch kryteri\u00f3w<\/h4>\n<p>a) wizualne<\/p>\n<table class=\"avia-table avia-data-table avia_pricing_default avia-builder-el-61 el_after_av_textblock el_before_av_textblock \">\n<tbody>\n<tr class=\"\">\n<td class=\"\">Brak widocznej emisji sadzy<\/td>\n<td class=\"\">Wymaganie spe\u0142nione<\/td>\n<\/tr>\n<tr class=\"\">\n<td class=\"\">\u015awieca z widoczn\u0105 sadz\u0105<\/td>\n<td class=\"\">Wymaganie nie zosta\u0142o spe\u0142nione<\/td>\n<\/tr>\n<\/tbody>\n<\/table>\n<p>b) zgodnie z metod\u0105 badania okre\u015blon\u0105 w pkt 8 normy EN 15426 \u015awiece, z wyj\u0105tkiem \u015bwiec kulistych, \u015bwiec jajecznych, \u015bwiec o specjalnych kszta\u0142tach i \u015bwiec o \u015brednicy wi\u0119kszej ni\u017c 70 mm, musz\u0105 by\u0107 r\u00f3wnie\u017c oceniane pod k\u0105tem osadzania si\u0119 sadzy zgodnie z nast\u0119puj\u0105cymi kryteriami:  <\/p>\n<p>Wska\u017anik sadzy nie mo\u017ce przekracza\u0107 1,0 na godzin\u0119 czasu spalania (widocznej sadzy nale\u017cy si\u0119 spodziewa\u0107 przy godzinowym wska\u017aniku sadzy wynosz\u0105cym oko\u0142o 1,2).<\/p>\n<p>\u015awieca musi spe\u0142nia\u0107 oba kryteria.<\/p>\n<h4>Ocena dopalania \u015bwiec o \u015brednicy do 30 mm<\/h4>\n<table class=\"avia-table avia-data-table avia_pricing_default avia-builder-el-63 el_after_av_textblock el_before_av_image \">\n<tbody>\n<tr class=\"\">\n<td class=\"\">\u015brednio maks. 15 sekund <\/td>\n<td class=\"\">Wymaganie spe\u0142nione<\/td>\n<\/tr>\n<tr class=\"\">\n<td class=\"\">\u015brednio d\u0142u\u017cej ni\u017c 15 sekund<\/td>\n<td class=\"\">Wymaganie nie zosta\u0142o spe\u0142nione<\/td>\n<\/tr>\n<\/tbody>\n<\/table>\n<h4><img loading=\"lazy\" decoding=\"async\" class=\"alignnone size-medium wp-image-1401\" src=\"https:\/\/ral.komfour-develop.de\/wp-content\/uploads\/2024\/05\/nachrauchen-300x242.jpg\" alt=\"\" width=\"300\" height=\"242\" srcset=\"https:\/\/ral.komfour-develop.de\/wp-content\/uploads\/2024\/05\/nachrauchen-300x242.jpg 300w, https:\/\/ral.komfour-develop.de\/wp-content\/uploads\/2024\/05\/nachrauchen.jpg 495w\" sizes=\"(max-width: 300px) 100vw, 300px\" \/><\/h4>\n<h4>Ocena dopalania dla \u015bwiec z p\u0142askim knotem o \u015brednicy powy\u017cej 30 mm<\/h4>\n<table class=\"avia-table avia-data-table avia_pricing_default avia-builder-el-67 el_after_av_textblock avia-builder-el-last \">\n<tbody>\n<tr class=\"\">\n<td class=\"\">\u015brednio maks. 20 sekund <\/td>\n<td class=\"\">Wymaganie spe\u0142nione<\/td>\n<\/tr>\n<tr class=\"\">\n<td class=\"\">\u015brednio d\u0142u\u017cej ni\u017c 20 sekund<\/td>\n<td class=\"\">Wymaganie nie zosta\u0142o spe\u0142nione<\/td>\n<\/tr>\n<\/tbody>\n<\/table>\n<h3>1-3.6 Zgodno\u015b\u0107 z wymiarami i osi\u0105gni\u0119cie oceny czasu spalania<\/h3>\n<p><img loading=\"lazy\" decoding=\"async\" class=\"alignnone size-medium wp-image-1403\" src=\"https:\/\/ral.komfour-develop.de\/wp-content\/uploads\/2024\/05\/abmessung-brenndauer-1-300x242.jpg\" alt=\"\" width=\"300\" height=\"242\" srcset=\"https:\/\/ral.komfour-develop.de\/wp-content\/uploads\/2024\/05\/abmessung-brenndauer-1-300x242.jpg 300w, https:\/\/ral.komfour-develop.de\/wp-content\/uploads\/2024\/05\/abmessung-brenndauer-1.jpg 495w\" sizes=\"(max-width: 300px) 100vw, 300px\" \/> <img loading=\"lazy\" decoding=\"async\" class=\"alignnone size-medium wp-image-1402\" src=\"https:\/\/ral.komfour-develop.de\/wp-content\/uploads\/2024\/05\/abmessung-benndauer-2-300x242.jpg\" alt=\"\" width=\"300\" height=\"242\" srcset=\"https:\/\/ral.komfour-develop.de\/wp-content\/uploads\/2024\/05\/abmessung-benndauer-2-300x242.jpg 300w, https:\/\/ral.komfour-develop.de\/wp-content\/uploads\/2024\/05\/abmessung-benndauer-2.jpg 495w\" sizes=\"(max-width: 300px) 100vw, 300px\" \/><\/p>\n<h4>Wycena<\/h4>\n<p>a) Wymiary:<\/p>\n<table class=\"avia-table avia-data-table avia_pricing_default avia-builder-el-74 el_after_av_textblock el_before_av_textblock \">\n<tbody>\n<tr class=\"\">\n<td class=\"\">Wymiary osi\u0105gni\u0119te \u015brednio<\/td>\n<td class=\"\">Wymaganie spe\u0142nione<\/td>\n<\/tr>\n<tr class=\"\">\n<td class=\"\">\u015arednie wymiary nie s\u0105 spe\u0142nione<\/td>\n<td class=\"\">Wymaganie nie jest spe\u0142nione<\/td>\n<\/tr>\n<\/tbody>\n<\/table>\n<p>Maksymalna dopuszczalna tolerancja ujemna wynosi: 2%, ale co najmniej 1 mm, dotyczy \u015brednicy i d\u0142ugo\u015bci.<\/p>\n<h4>Wycena<\/h4>\n<p>b) Czas spalania:<\/p>\n<table class=\"avia-table avia-data-table avia_pricing_default avia-builder-el-80 el_after_av_textblock el_before_av_textblock \">\n<tbody>\n<tr class=\"\">\n<td class=\"\">Osi\u0105gni\u0119ty \u015bredni czas spalania<\/td>\n<td class=\"\">Wym\u00f3g spe\u0142niony<\/td>\n<\/tr>\n<tr class=\"\">\n<td class=\"\">\u015aredni czas spalania nie zosta\u0142 osi\u0105gni\u0119ty<\/td>\n<td class=\"\">Wym\u00f3g nie zosta\u0142 spe\u0142niony<\/td>\n<\/tr>\n<\/tbody>\n<\/table>\n<p>Dla wskaza\u0144 takich jak \u201eok.\u201d lub \u201e\u00b1\u201d dopuszczalna jest maksymalna tolerancja minus 10%.<\/p>\n\t\t\t\t\t\t\t\t<\/div>\n\t\t\t\t<\/div>\n\t\t\t\t<div class=\"elementor-element elementor-element-e031b4b elementor-widget elementor-widget-text-editor\" data-id=\"e031b4b\" data-element_type=\"widget\" data-e-type=\"widget\" data-widget_type=\"text-editor.default\">\n\t\t\t\t<div class=\"elementor-widget-container\">\n\t\t\t\t\t\t\t\t\t<p><\/p>\n<h1>1-4 OCENA OG\u00d3LNA<\/h1>\n<p>Og\u00f3lna ocena \u015bwiecy opiera si\u0119 na raportach z test\u00f3w wewn\u0119trznego i zewn\u0119trznego monitorowania (arkusze oceny), kt\u00f3re s\u0105 okre\u015blone przez Stowarzyszenie Jako\u015bci \u015awiec.<\/p>\n<p>Zasady monitorowania i wprowadzania zmian s\u0105 okre\u015blone w og\u00f3lnych przepisach dotycz\u0105cych jako\u015bci i kontroli.<\/p>\n<p>Je\u015bli og\u00f3lna ocena jest pozytywna, przyznawany jest poni\u017cszy znak jako\u015bci z dodatkami wymienionymi w sekcji 7:<\/p>\n<p><img loading=\"lazy\" decoding=\"async\" class=\"alignnone size-full wp-image-1386\" src=\"https:\/\/ral.komfour-develop.de\/wp-content\/uploads\/2024\/05\/ral-de-en.jpg\" alt=\"\" width=\"300\" height=\"300\" srcset=\"https:\/\/ral.komfour-develop.de\/wp-content\/uploads\/2024\/05\/ral-de-en.jpg 300w, https:\/\/ral.komfour-develop.de\/wp-content\/uploads\/2024\/05\/ral-de-en-150x150.jpg 150w\" sizes=\"(max-width: 300px) 100vw, 300px\" \/><\/p>\t\t\t\t\t\t\t\t<\/div>\n\t\t\t\t<\/div>\n\t\t\t\t<\/div>\n\t\t\t\t\t<\/div>\n\t\t\t\t<\/div>\n\t\t\t\t<\/div>\n\t\t","protected":false},"excerpt":{"rendered":"<p>Wsp\u00f3\u0142pracujemy z surowce o gwarantowanej jako\u015bci! WYCI\u0104G ZE SPECJALNYCH PRZEPIS\u00d3W DOTYCZ\u0104CYCH JAKO\u015aCI I BADA\u0143 \u015aWIEC DO U\u017bYTKU DOMOWEGO, \u015aWIEC STO\u017bKOWYCH, \u015aWIEC FILAROWYCH I INNYCH \u015aWIEC RAL-GZ 041\/1 1-1 ZAKRES ZASTOSOWANIA Niniejsze specjalne przepisy dotycz\u0105ce jako\u015bci i kontroli maj\u0105 zastosowanie do \u015bwiec, niezale\u017cnie od struktury powierzchni, w przypadku wariant\u00f3w produkt\u00f3w, takich jak \u015bwiece adwentowe, \u015bwiece o\u0142tarzowe, [&hellip;]<\/p>\n","protected":false},"author":2,"featured_media":0,"parent":0,"menu_order":0,"comment_status":"closed","ping_status":"closed","template":"elementor_header_footer","meta":{"footnotes":""},"class_list":["post-3755","page","type-page","status-publish","hentry"],"acf":[],"_links":{"self":[{"href":"https:\/\/ral.komfour-develop.de\/pl\/wp-json\/wp\/v2\/pages\/3755","targetHints":{"allow":["GET"]}}],"collection":[{"href":"https:\/\/ral.komfour-develop.de\/pl\/wp-json\/wp\/v2\/pages"}],"about":[{"href":"https:\/\/ral.komfour-develop.de\/pl\/wp-json\/wp\/v2\/types\/page"}],"author":[{"embeddable":true,"href":"https:\/\/ral.komfour-develop.de\/pl\/wp-json\/wp\/v2\/users\/2"}],"replies":[{"embeddable":true,"href":"https:\/\/ral.komfour-develop.de\/pl\/wp-json\/wp\/v2\/comments?post=3755"}],"version-history":[{"count":2,"href":"https:\/\/ral.komfour-develop.de\/pl\/wp-json\/wp\/v2\/pages\/3755\/revisions"}],"predecessor-version":[{"id":3757,"href":"https:\/\/ral.komfour-develop.de\/pl\/wp-json\/wp\/v2\/pages\/3755\/revisions\/3757"}],"wp:attachment":[{"href":"https:\/\/ral.komfour-develop.de\/pl\/wp-json\/wp\/v2\/media?parent=3755"}],"curies":[{"name":"wp","href":"https:\/\/api.w.org\/{rel}","templated":true}]}}