{"id":3766,"date":"2024-05-28T13:31:21","date_gmt":"2024-05-28T13:31:21","guid":{"rendered":"https:\/\/ral.komfour-develop.de\/?page_id=3766"},"modified":"2024-08-01T09:35:53","modified_gmt":"2024-08-01T09:35:53","slug":"fragment-specyfikacji-testu-ral-gz-041-2","status":"publish","type":"page","link":"https:\/\/ral.komfour-develop.de\/pl\/fragment-specyfikacji-testu-ral-gz-041-2\/","title":{"rendered":"Fragment specyfikacji testu RAL-GZ 041\/2"},"content":{"rendered":"\t\t<div data-elementor-type=\"wp-page\" data-elementor-id=\"3766\" class=\"elementor elementor-3766 elementor-1299\" data-elementor-post-type=\"page\">\n\t\t\t\t<div class=\"elementor-element elementor-element-1c04d01 e-con-full e-flex e-con e-parent\" data-id=\"1c04d01\" data-element_type=\"container\" data-e-type=\"container\">\n\t\t<div class=\"elementor-element elementor-element-7b8b2fb e-con-full e-flex e-con e-child\" data-id=\"7b8b2fb\" data-element_type=\"container\" data-e-type=\"container\">\n\t\t\t\t<div class=\"elementor-element elementor-element-403a0b5 elementor--h-position-left elementor--v-position-top elementor-arrows-position-inside elementor-pagination-position-inside elementor-widget elementor-widget-slides\" data-id=\"403a0b5\" data-element_type=\"widget\" data-e-type=\"widget\" data-settings=\"{&quot;navigation&quot;:&quot;both&quot;,&quot;autoplay&quot;:&quot;yes&quot;,&quot;pause_on_hover&quot;:&quot;yes&quot;,&quot;pause_on_interaction&quot;:&quot;yes&quot;,&quot;autoplay_speed&quot;:5000,&quot;infinite&quot;:&quot;yes&quot;,&quot;transition&quot;:&quot;slide&quot;,&quot;transition_speed&quot;:500}\" data-widget_type=\"slides.default\">\n\t\t\t\t<div class=\"elementor-widget-container\">\n\t\t\t\t\t\t\t<div class=\"elementor-swiper\">\n\t\t\t<div class=\"elementor-slides-wrapper elementor-main-swiper swiper-container\" dir=\"ltr\" data-animation=\"fadeInUp\">\n\t\t\t\t<div class=\"swiper-wrapper elementor-slides\">\n\t\t\t\t\t\t\t\t\t\t<div class=\"elementor-repeater-item-07035d2 swiper-slide\"><div class=\"swiper-slide-bg\" role=\"img\"><\/div><div class=\"swiper-slide-inner\" ><div class=\"swiper-slide-contents\"><div class=\"elementor-slide-heading\">Wsp\u00f3\u0142pracujemy z<\/div><div class=\"elementor-slide-description\"><p>surowce o gwarantowanej jako\u015bci!<\/p>\n<\/div><\/div><\/div><\/div>\t\t\t\t<\/div>\n\t\t\t\t\t\t\t<\/div>\n\t\t<\/div>\n\t\t\t\t\t\t<\/div>\n\t\t\t\t<\/div>\n\t\t\t\t<\/div>\n\t\t\t\t<\/div>\n\t\t<div class=\"elementor-element elementor-element-1cb4345 e-flex e-con-boxed e-con e-parent\" data-id=\"1cb4345\" data-element_type=\"container\" data-e-type=\"container\">\n\t\t\t\t\t<div class=\"e-con-inner\">\n\t\t<div class=\"elementor-element elementor-element-5afa847 e-con-full e-flex e-con e-child\" data-id=\"5afa847\" data-element_type=\"container\" data-e-type=\"container\">\n\t\t\t\t<div class=\"elementor-element elementor-element-6d29b45 elementor-widget elementor-widget-heading\" data-id=\"6d29b45\" data-element_type=\"widget\" data-e-type=\"widget\" data-widget_type=\"heading.default\">\n\t\t\t\t<div class=\"elementor-widget-container\">\n\t\t\t\t\t<h1 class=\"elementor-heading-title elementor-size-default\">WYCI\u0104G ZE SPECJALNYCH SPECYFIKACJI JAKO\u015aCIOWYCH I TESTOWYCH DOTYCZ\u0104CYCH O\u015aWIETLENIA WEWN\u0118TRZNEGO RAL-GZ 041\/2<\/h1>\t\t\t\t<\/div>\n\t\t\t\t<\/div>\n\t\t\t\t<div class=\"elementor-element elementor-element-5805c0d elementor-widget elementor-widget-text-editor\" data-id=\"5805c0d\" data-element_type=\"widget\" data-e-type=\"widget\" data-widget_type=\"text-editor.default\">\n\t\t\t\t<div class=\"elementor-widget-container\">\n\t\t\t\t\t\t\t\t\t<p><\/p>\n<h1>2-1 ZAKRES ZASTOSOWANIA<\/h1>\n<p><img fetchpriority=\"high\" decoding=\"async\" class=\"alignnone size-medium wp-image-1407\" src=\"https:\/\/ral.komfour-develop.de\/wp-content\/uploads\/2024\/05\/geltungsbereich-300x242.jpg\" alt=\"\" width=\"300\" height=\"242\" srcset=\"https:\/\/ral.komfour-develop.de\/wp-content\/uploads\/2024\/05\/geltungsbereich-300x242.jpg 300w, https:\/\/ral.komfour-develop.de\/wp-content\/uploads\/2024\/05\/geltungsbereich.jpg 495w\" sizes=\"(max-width: 300px) 100vw, 300px\" \/><\/p>\n<p>Niniejsze specjalne przepisy dotycz\u0105ce jako\u015bci i kontroli maj\u0105 zastosowanie do lamp wewn\u0119trznych. Lampy s\u0105 wypalane w pojemniku, np. wykonanym z metalu, szk\u0142a lub tworzywa sztucznego.  Pojemnik zapobiega wyciekom paliwa.<\/p>\n<p>\u015awiece Maxilight maj\u0105 w wi\u0119kszo\u015bci cylindryczny kszta\u0142t i standardowe wymiary mi\u0119dzy 55 a 60 mm \u015brednicy i mi\u0119dzy 20 a 30 mm wysoko\u015bci.<\/p>\n<p>\u015awiece Maxilight mog\u0105 mie\u0107 tak\u017ce inne nazwy handlowe, np. \u015bwiece jumbo, medilights, \u015bwiece dekoracyjne itp.<\/p>\n<p>W ramach niniejszego zakresu stosowania \u201e\u015awiece\u201d musz\u0105 spe\u0142nia\u0107 wymogi Znaku jako\u015bci dla \u015bwiec.<\/p>\t\t\t\t\t\t\t\t<\/div>\n\t\t\t\t<\/div>\n\t\t\t\t<div class=\"elementor-element elementor-element-2974f20 elementor-widget elementor-widget-text-editor\" data-id=\"2974f20\" data-element_type=\"widget\" data-e-type=\"widget\" data-widget_type=\"text-editor.default\">\n\t\t\t\t<div class=\"elementor-widget-container\">\n\t\t\t\t\t\t\t\t\t<p><\/p>\n<h1>2-2 PRZEPISY DOTYCZ\u0104CE JAKO\u015aCI<\/h1>\n<h3>2-2.1 Wygl\u0105d \/ rozmieszczenie knot\u00f3w<\/h3>\n<p><img decoding=\"async\" class=\"alignnone size-medium wp-image-1408\" src=\"https:\/\/ral.komfour-develop.de\/wp-content\/uploads\/2024\/05\/aussehen-dochtanordnung-300x300.jpg\" alt=\"\" width=\"300\" height=\"300\" srcset=\"https:\/\/ral.komfour-develop.de\/wp-content\/uploads\/2024\/05\/aussehen-dochtanordnung-300x300.jpg 300w, https:\/\/ral.komfour-develop.de\/wp-content\/uploads\/2024\/05\/aussehen-dochtanordnung-150x150.jpg 150w, https:\/\/ral.komfour-develop.de\/wp-content\/uploads\/2024\/05\/aussehen-dochtanordnung-768x768.jpg 768w, https:\/\/ral.komfour-develop.de\/wp-content\/uploads\/2024\/05\/aussehen-dochtanordnung.jpg 1000w\" sizes=\"(max-width: 300px) 100vw, 300px\" \/> <img decoding=\"async\" class=\"alignnone size-medium wp-image-1409\" src=\"https:\/\/ral.komfour-develop.de\/wp-content\/uploads\/2024\/05\/behaeltnis-300x300.jpg\" alt=\"\" width=\"300\" height=\"300\" srcset=\"https:\/\/ral.komfour-develop.de\/wp-content\/uploads\/2024\/05\/behaeltnis-300x300.jpg 300w, https:\/\/ral.komfour-develop.de\/wp-content\/uploads\/2024\/05\/behaeltnis-150x150.jpg 150w, https:\/\/ral.komfour-develop.de\/wp-content\/uploads\/2024\/05\/behaeltnis-768x768.jpg 768w, https:\/\/ral.komfour-develop.de\/wp-content\/uploads\/2024\/05\/behaeltnis.jpg 1000w\" sizes=\"(max-width: 300px) 100vw, 300px\" \/><\/p>\n<p>Powierzchnia korpusu masy spalinowej musi by\u0107 wolna od zanieczyszcze\u0144, gdy jest ogl\u0105dana bez pomocy technicznych.<\/p>\n<p>Knot musi by\u0107 wy\u015brodkowany. Wyj\u0105tek: \u015bwiece z wieloma knotami. <\/p>\n<h3>2-2.2 Pojemnik<\/h3>\n<p>P\u0142on\u0105ca masa Lichten znajduje si\u0119 w sta\u0142ym pojemniku. Pojemnik nie mo\u017ce zosta\u0107 znacz\u0105co zdeformowany, zniszczony lub zapalony przez p\u0142omie\u0144. <\/p>\n<h3>2-2.3 Zachowanie podczas spalania<\/h3>\n<p><img loading=\"lazy\" decoding=\"async\" class=\"alignnone size-medium wp-image-1410\" src=\"https:\/\/ral.komfour-develop.de\/wp-content\/uploads\/2024\/05\/brennverhalten-2-300x242.jpg\" alt=\"\" width=\"300\" height=\"242\" srcset=\"https:\/\/ral.komfour-develop.de\/wp-content\/uploads\/2024\/05\/brennverhalten-2-300x242.jpg 300w, https:\/\/ral.komfour-develop.de\/wp-content\/uploads\/2024\/05\/brennverhalten-2.jpg 495w\" sizes=\"(max-width: 300px) 100vw, 300px\" \/>  <img loading=\"lazy\" decoding=\"async\" class=\"alignnone size-medium wp-image-1397\" src=\"https:\/\/ral.komfour-develop.de\/wp-content\/uploads\/2024\/05\/brennverhalten-300x242.jpg\" alt=\"\" width=\"300\" height=\"242\" srcset=\"https:\/\/ral.komfour-develop.de\/wp-content\/uploads\/2024\/05\/brennverhalten-300x242.jpg 300w, https:\/\/ral.komfour-develop.de\/wp-content\/uploads\/2024\/05\/brennverhalten.jpg 495w\" sizes=\"(max-width: 300px) 100vw, 300px\" \/><\/p>\n<p>P\u0142omie\u0144 musi pali\u0107 si\u0119 bez widocznej emisji sadzy.<\/p>\n<p>Po zga\u015bni\u0119ciu p\u0142omienia, ko\u0144c\u00f3wka knota b\u0119dzie si\u0119 naturalnie lekko \u017carzy\u0107; jest to zwi\u0105zane z emisj\u0105 pi\u00f3ropusza dymu. Proces ten musi zosta\u0107 zako\u0144czony w ci\u0105gu 20 sekund. <\/p>\n<p>P\u0142omie\u0144 mo\u017ce zgasn\u0105\u0107 dopiero pod koniec ca\u0142ego procesu spalania, gdy w pojemniku pozostanie tylko niewielka ilo\u015b\u0107 masy spalania.<\/p>\t\t\t\t\t\t\t\t<\/div>\n\t\t\t\t<\/div>\n\t\t\t\t<div class=\"elementor-element elementor-element-f83a123 elementor-widget elementor-widget-text-editor\" data-id=\"f83a123\" data-element_type=\"widget\" data-e-type=\"widget\" data-widget_type=\"text-editor.default\">\n\t\t\t\t<div class=\"elementor-widget-container\">\n\t\t\t\t\t\t\t\t\t<p><\/p>\n<h1>2-3 PRZEPISY DOTYCZ\u0104CE TEST\u00d3W<\/h1>\n<h3>2-3.1 Pojemnik<\/h3>\n<h4>2-3.1.1 Wszystkie pojemniki:<\/h4>\n<p>Kontrola optyczna<\/p>\n<h4>2-3.1.2 Pojemniki wykonane z materia\u0142\u00f3w organicznych, zw\u0142aszcza z tworzyw sztucznych<\/h4>\n<p>Test zgodnie z ASTM F2417 &#8211; 11 Sekcja 5.4 (Test palno\u015bci pojemnika z tworzywa sztucznego) (uproszczona ilustracja: Pojemniki s\u0105 wystawiane na dzia\u0142anie okre\u015blonego p\u0142omienia przez 10 sekund, po kolejnych 30 sekundach p\u0142omie\u0144 musi zgasn\u0105\u0107).<\/p>\n<h3>2-3.2 Warunki wypalania<\/h3>\n<p>Temperatura pomieszczenia testowego powinna wynosi\u0107 od 20 \u00b0C do 25 \u00b0C podczas testu wypalania.<\/p>\n<p>Pomieszczenie powinno by\u0107 w du\u017cej mierze chronione przed przeci\u0105gami.<\/p>\n<p>Spalanie odbywa si\u0119 na \u017caroodpornej, niepalnej powierzchni jako podstawie. Przewodno\u015b\u0107 cieplna tej powierzchni powinna by\u0107 jak najni\u017csza, aby jej wp\u0142yw na zachowanie podczas spalania by\u0142 jak najmniejszy. Bezpo\u015brednie spalanie na powierzchniach takich jak metal lub p\u0142ytki nie jest zatem odpowiednie.  <\/p>\n<h3>2-3.3 Cykle wypalania<\/h3>\n<h4>Na temat \u015bwiec Maxilight:<\/h4>\n<p>Pali\u0107 si\u0119 przez 4 godziny, z co najmniej 1 godzinn\u0105 przerw\u0105, pali\u0107 si\u0119 a\u017c do samowygaszenia.<br>dla lamp o czasie palenia do 12 godzin:<br>3 godziny palenia, pomiar czasu po wypaleniu, natychmiastowe ponowne zapalenie, palenie do momentu samoga\u015bni\u0119cia.<br>dla wszystkich innych \u015bwiate\u0142:<br>4 godziny palenia, co najmniej 1 godzina przerwy, powtarza\u0107 a\u017c do samowygaszenia.<\/p>\n<h4>W przypadku pozosta\u0142ych \u015bwiec:<\/h4>\n<p>Pali\u0107 przez 4 godziny, zmierzy\u0107 czas po wypaleniu, przerwa\u0107 na co najmniej 1 godzin\u0119, powtarza\u0107 a\u017c do samowygaszenia.<\/p>\n<h3>2-3.4 Zachowanie sadzy<\/h3>\n<h4>Ocena zachowania sadzy wed\u0142ug dw\u00f3ch kryteri\u00f3w<\/h4>\n<p>a) wizualne<\/p>\n<p><img loading=\"lazy\" decoding=\"async\" class=\"alignnone size-medium wp-image-1385\" src=\"https:\/\/ral.komfour-develop.de\/wp-content\/uploads\/2024\/05\/kennzeichnung-1-300x242.jpg\" alt=\"\" width=\"300\" height=\"242\" srcset=\"https:\/\/ral.komfour-develop.de\/wp-content\/uploads\/2024\/05\/kennzeichnung-1-300x242.jpg 300w, https:\/\/ral.komfour-develop.de\/wp-content\/uploads\/2024\/05\/kennzeichnung-1.jpg 495w\" sizes=\"(max-width: 300px) 100vw, 300px\" \/><\/p>\n<table class=\"avia-table avia-data-table avia_pricing_default avia-builder-el-55 el_after_av_hr avia-builder-el-last \">\n<tbody>\n<tr class=\"\">\n<td class=\"\">Brak widocznej emisji sadzy<\/td><td class=\"\">Wymaganie spe\u0142nione<\/td>\n<\/tr>\n<tr class=\"\">\n<td class=\"\">\u015awieca z widoczn\u0105 sadz\u0105<\/td><td class=\"\">Wymaganie nie zosta\u0142o spe\u0142nione<\/td>\n<\/tr>\n<\/tbody>\n<\/table>\n<h3>2-3.5 Po paleniu<\/h3>\n<p><img loading=\"lazy\" decoding=\"async\" class=\"alignnone size-medium wp-image-1413\" src=\"https:\/\/ral.komfour-develop.de\/wp-content\/uploads\/2024\/05\/nachrauchen-1-300x242.jpg\" alt=\"\" width=\"300\" height=\"242\" srcset=\"https:\/\/ral.komfour-develop.de\/wp-content\/uploads\/2024\/05\/nachrauchen-1-300x242.jpg 300w, https:\/\/ral.komfour-develop.de\/wp-content\/uploads\/2024\/05\/nachrauchen-1.jpg 495w\" sizes=\"(max-width: 300px) 100vw, 300px\" \/><\/p>\n<h3>2-3.6 Masa pozosta\u0142o\u015bci po spalaniu<\/h3>\n<p><img loading=\"lazy\" decoding=\"async\" class=\"alignnone size-medium wp-image-1414\" src=\"https:\/\/ral.komfour-develop.de\/wp-content\/uploads\/2024\/05\/brennmassenrueckstand-300x242.jpg\" alt=\"\" width=\"300\" height=\"242\" srcset=\"https:\/\/ral.komfour-develop.de\/wp-content\/uploads\/2024\/05\/brennmassenrueckstand-300x242.jpg 300w, https:\/\/ral.komfour-develop.de\/wp-content\/uploads\/2024\/05\/brennmassenrueckstand.jpg 495w\" sizes=\"(max-width: 300px) 100vw, 300px\" \/><\/p>\n<h3>2-3.7 Czas spalania<\/h3>\n<p><img loading=\"lazy\" decoding=\"async\" class=\"alignnone size-medium wp-image-1415\" src=\"https:\/\/ral.komfour-develop.de\/wp-content\/uploads\/2024\/05\/brenndauer-300x242.jpg\" alt=\"\" width=\"300\" height=\"242\" srcset=\"https:\/\/ral.komfour-develop.de\/wp-content\/uploads\/2024\/05\/brenndauer-300x242.jpg 300w, https:\/\/ral.komfour-develop.de\/wp-content\/uploads\/2024\/05\/brenndauer.jpg 495w\" sizes=\"(max-width: 300px) 100vw, 300px\" \/><\/p>\t\t\t\t\t\t\t\t<\/div>\n\t\t\t\t<\/div>\n\t\t\t\t<div class=\"elementor-element elementor-element-eb9c7d6 elementor-widget elementor-widget-text-editor\" data-id=\"eb9c7d6\" data-element_type=\"widget\" data-e-type=\"widget\" data-widget_type=\"text-editor.default\">\n\t\t\t\t<div class=\"elementor-widget-container\">\n\t\t\t\t\t\t\t\t\t<p><\/p>\n<h1>2-4 OCENA OG\u00d3LNA<\/h1>\n<p><img loading=\"lazy\" decoding=\"async\" class=\"alignnone size-medium wp-image-1416\" src=\"https:\/\/ral.komfour-develop.de\/wp-content\/uploads\/2024\/05\/gesamtbeurteilung-1-300x242.jpg\" alt=\"\" width=\"300\" height=\"242\" srcset=\"https:\/\/ral.komfour-develop.de\/wp-content\/uploads\/2024\/05\/gesamtbeurteilung-1-300x242.jpg 300w, https:\/\/ral.komfour-develop.de\/wp-content\/uploads\/2024\/05\/gesamtbeurteilung-1.jpg 495w\" sizes=\"(max-width: 300px) 100vw, 300px\" \/> <img loading=\"lazy\" decoding=\"async\" class=\"alignnone size-medium wp-image-1417\" src=\"https:\/\/ral.komfour-develop.de\/wp-content\/uploads\/2024\/05\/gesamtbeurteilung-2-300x242.jpg\" alt=\"\" width=\"300\" height=\"242\" srcset=\"https:\/\/ral.komfour-develop.de\/wp-content\/uploads\/2024\/05\/gesamtbeurteilung-2-300x242.jpg 300w, https:\/\/ral.komfour-develop.de\/wp-content\/uploads\/2024\/05\/gesamtbeurteilung-2.jpg 495w\" sizes=\"(max-width: 300px) 100vw, 300px\" \/><\/p>\n<p><img loading=\"lazy\" decoding=\"async\" class=\"alignnone size-full wp-image-1386\" src=\"https:\/\/ral.komfour-develop.de\/wp-content\/uploads\/2024\/05\/ral-de-en.jpg\" alt=\"\" width=\"300\" height=\"300\" srcset=\"https:\/\/ral.komfour-develop.de\/wp-content\/uploads\/2024\/05\/ral-de-en.jpg 300w, https:\/\/ral.komfour-develop.de\/wp-content\/uploads\/2024\/05\/ral-de-en-150x150.jpg 150w\" sizes=\"(max-width: 300px) 100vw, 300px\" \/><\/p>\t\t\t\t\t\t\t\t<\/div>\n\t\t\t\t<\/div>\n\t\t\t\t<div class=\"elementor-element elementor-element-26184d9 gallery-spacing-custom elementor-widget elementor-widget-image-gallery\" data-id=\"26184d9\" data-element_type=\"widget\" data-e-type=\"widget\" data-widget_type=\"image-gallery.default\">\n\t\t\t\t<div class=\"elementor-widget-container\">\n\t\t\t\t\t\t\t<div class=\"elementor-image-gallery\">\n\t\t\t<div id='gallery-1' class='gallery galleryid-3766 gallery-columns-2 gallery-size-full'><figure class='gallery-item'>\n\t\t\t<div class='gallery-icon portrait'>\n\t\t\t\t<a data-elementor-open-lightbox=\"yes\" data-elementor-lightbox-slideshow=\"26184d9\" data-elementor-lightbox-title=\"award-certificate\" data-e-action-hash=\"#elementor-action%3Aaction%3Dlightbox%26settings%3DeyJpZCI6MjkyOCwidXJsIjoiaHR0cHM6XC9cL3JhbC5rb21mb3VyLWRldmVsb3AuZGVcL3dwLWNvbnRlbnRcL3VwbG9hZHNcLzIwMjRcLzA1XC9hd2FyZC1jZXJ0aWZpY2F0ZS5qcGciLCJzbGlkZXNob3ciOiIyNjE4NGQ5In0%3D\" href='https:\/\/ral.komfour-develop.de\/wp-content\/uploads\/2024\/05\/award-certificate.jpg'><img loading=\"lazy\" decoding=\"async\" width=\"718\" height=\"1030\" src=\"https:\/\/ral.komfour-develop.de\/wp-content\/uploads\/2024\/05\/award-certificate.jpg\" class=\"attachment-full size-full\" alt=\"\" srcset=\"https:\/\/ral.komfour-develop.de\/wp-content\/uploads\/2024\/05\/award-certificate.jpg 718w, https:\/\/ral.komfour-develop.de\/wp-content\/uploads\/2024\/05\/award-certificate-209x300.jpg 209w, https:\/\/ral.komfour-develop.de\/wp-content\/uploads\/2024\/05\/award-certificate-714x1024.jpg 714w\" sizes=\"(max-width: 718px) 100vw, 718px\" \/><\/a>\n\t\t\t<\/div><\/figure><figure class='gallery-item'>\n\t\t\t<div class='gallery-icon portrait'>\n\t\t\t\t<a data-elementor-open-lightbox=\"yes\" data-elementor-lightbox-slideshow=\"26184d9\" data-elementor-lightbox-title=\"test-report\" data-e-action-hash=\"#elementor-action%3Aaction%3Dlightbox%26settings%3DeyJpZCI6MjkzMSwidXJsIjoiaHR0cHM6XC9cL3JhbC5rb21mb3VyLWRldmVsb3AuZGVcL3dwLWNvbnRlbnRcL3VwbG9hZHNcLzIwMjRcLzA1XC90ZXN0LXJlcG9ydC5qcGciLCJzbGlkZXNob3ciOiIyNjE4NGQ5In0%3D\" href='https:\/\/ral.komfour-develop.de\/wp-content\/uploads\/2024\/05\/test-report.jpg'><img loading=\"lazy\" decoding=\"async\" width=\"718\" height=\"1030\" src=\"https:\/\/ral.komfour-develop.de\/wp-content\/uploads\/2024\/05\/test-report.jpg\" class=\"attachment-full size-full\" alt=\"\" srcset=\"https:\/\/ral.komfour-develop.de\/wp-content\/uploads\/2024\/05\/test-report.jpg 718w, https:\/\/ral.komfour-develop.de\/wp-content\/uploads\/2024\/05\/test-report-209x300.jpg 209w, https:\/\/ral.komfour-develop.de\/wp-content\/uploads\/2024\/05\/test-report-714x1024.jpg 714w\" sizes=\"(max-width: 718px) 100vw, 718px\" \/><\/a>\n\t\t\t<\/div><\/figure>\n\t\t<\/div>\n\t\t<\/div>\n\t\t\t\t\t\t<\/div>\n\t\t\t\t<\/div>\n\t\t\t\t<\/div>\n\t\t\t\t\t<\/div>\n\t\t\t\t<\/div>\n\t\t\t\t<\/div>\n\t\t","protected":false},"excerpt":{"rendered":"<p>Wsp\u00f3\u0142pracujemy z surowce o gwarantowanej jako\u015bci! WYCI\u0104G ZE SPECJALNYCH SPECYFIKACJI JAKO\u015aCIOWYCH I TESTOWYCH DOTYCZ\u0104CYCH O\u015aWIETLENIA WEWN\u0118TRZNEGO RAL-GZ 041\/2 2-1 ZAKRES ZASTOSOWANIA Niniejsze specjalne przepisy dotycz\u0105ce jako\u015bci i kontroli maj\u0105 zastosowanie do lamp wewn\u0119trznych. Lampy s\u0105 wypalane w pojemniku, np. wykonanym z metalu, szk\u0142a lub tworzywa sztucznego. Pojemnik zapobiega wyciekom paliwa. \u015awiece Maxilight maj\u0105 w wi\u0119kszo\u015bci [&hellip;]<\/p>\n","protected":false},"author":2,"featured_media":0,"parent":0,"menu_order":0,"comment_status":"closed","ping_status":"closed","template":"elementor_header_footer","meta":{"footnotes":""},"class_list":["post-3766","page","type-page","status-publish","hentry"],"acf":[],"_links":{"self":[{"href":"https:\/\/ral.komfour-develop.de\/pl\/wp-json\/wp\/v2\/pages\/3766","targetHints":{"allow":["GET"]}}],"collection":[{"href":"https:\/\/ral.komfour-develop.de\/pl\/wp-json\/wp\/v2\/pages"}],"about":[{"href":"https:\/\/ral.komfour-develop.de\/pl\/wp-json\/wp\/v2\/types\/page"}],"author":[{"embeddable":true,"href":"https:\/\/ral.komfour-develop.de\/pl\/wp-json\/wp\/v2\/users\/2"}],"replies":[{"embeddable":true,"href":"https:\/\/ral.komfour-develop.de\/pl\/wp-json\/wp\/v2\/comments?post=3766"}],"version-history":[{"count":4,"href":"https:\/\/ral.komfour-develop.de\/pl\/wp-json\/wp\/v2\/pages\/3766\/revisions"}],"predecessor-version":[{"id":3770,"href":"https:\/\/ral.komfour-develop.de\/pl\/wp-json\/wp\/v2\/pages\/3766\/revisions\/3770"}],"wp:attachment":[{"href":"https:\/\/ral.komfour-develop.de\/pl\/wp-json\/wp\/v2\/media?parent=3766"}],"curies":[{"name":"wp","href":"https:\/\/api.w.org\/{rel}","templated":true}]}}