{"id":3782,"date":"2024-05-28T13:55:52","date_gmt":"2024-05-28T13:55:52","guid":{"rendered":"https:\/\/ral.komfour-develop.de\/?page_id=3782"},"modified":"2024-08-07T06:41:18","modified_gmt":"2024-08-07T06:41:18","slug":"fragment-specyfikacji-testu-ral-gz-041-3","status":"publish","type":"page","link":"https:\/\/ral.komfour-develop.de\/pl\/fragment-specyfikacji-testu-ral-gz-041-3\/","title":{"rendered":"Fragment specyfikacji testu RAL-GZ 041\/3"},"content":{"rendered":"\t\t<div data-elementor-type=\"wp-page\" data-elementor-id=\"3782\" class=\"elementor elementor-3782 elementor-1316\" data-elementor-post-type=\"page\">\n\t\t\t\t<div class=\"elementor-element elementor-element-1c04d01 e-con-full e-flex e-con e-parent\" data-id=\"1c04d01\" data-element_type=\"container\" data-e-type=\"container\">\n\t\t<div class=\"elementor-element elementor-element-7b8b2fb e-con-full e-flex e-con e-child\" data-id=\"7b8b2fb\" data-element_type=\"container\" data-e-type=\"container\">\n\t\t\t\t<div class=\"elementor-element elementor-element-403a0b5 elementor--h-position-left elementor--v-position-top elementor-arrows-position-inside elementor-pagination-position-inside elementor-widget elementor-widget-slides\" data-id=\"403a0b5\" data-element_type=\"widget\" data-e-type=\"widget\" data-settings=\"{&quot;navigation&quot;:&quot;both&quot;,&quot;autoplay&quot;:&quot;yes&quot;,&quot;pause_on_hover&quot;:&quot;yes&quot;,&quot;pause_on_interaction&quot;:&quot;yes&quot;,&quot;autoplay_speed&quot;:5000,&quot;infinite&quot;:&quot;yes&quot;,&quot;transition&quot;:&quot;slide&quot;,&quot;transition_speed&quot;:500}\" data-widget_type=\"slides.default\">\n\t\t\t\t<div class=\"elementor-widget-container\">\n\t\t\t\t\t\t\t<div class=\"elementor-swiper\">\n\t\t\t<div class=\"elementor-slides-wrapper elementor-main-swiper swiper-container\" dir=\"ltr\" data-animation=\"fadeInUp\">\n\t\t\t\t<div class=\"swiper-wrapper elementor-slides\">\n\t\t\t\t\t\t\t\t\t\t<div class=\"elementor-repeater-item-07035d2 swiper-slide\"><div class=\"swiper-slide-bg\" role=\"img\"><\/div><div class=\"swiper-slide-inner\" ><div class=\"swiper-slide-contents\"><div class=\"elementor-slide-heading\">Wsp\u00f3\u0142pracujemy z<\/div><div class=\"elementor-slide-description\"><p>surowce o gwarantowanej jako\u015bci!<\/p>\n<\/div><\/div><\/div><\/div>\t\t\t\t<\/div>\n\t\t\t\t\t\t\t<\/div>\n\t\t<\/div>\n\t\t\t\t\t\t<\/div>\n\t\t\t\t<\/div>\n\t\t\t\t<\/div>\n\t\t\t\t<\/div>\n\t\t<div class=\"elementor-element elementor-element-1cb4345 e-flex e-con-boxed e-con e-parent\" data-id=\"1cb4345\" data-element_type=\"container\" data-e-type=\"container\">\n\t\t\t\t\t<div class=\"e-con-inner\">\n\t\t<div class=\"elementor-element elementor-element-5afa847 e-con-full e-flex e-con e-child\" data-id=\"5afa847\" data-element_type=\"container\" data-e-type=\"container\">\n\t\t\t\t<div class=\"elementor-element elementor-element-6d29b45 elementor-widget elementor-widget-heading\" data-id=\"6d29b45\" data-element_type=\"widget\" data-e-type=\"widget\" data-widget_type=\"heading.default\">\n\t\t\t\t<div class=\"elementor-widget-container\">\n\t\t\t\t\t<h1 class=\"elementor-heading-title elementor-size-default\">Fragment: Szczeg\u00f3\u0142owe specyfikacje dotycz\u0105ce kontroli jako\u015bci i bada\u0144 w odniesieniu do podgrzewaczy RAL-GZ 041\/3<\/h1>\t\t\t\t<\/div>\n\t\t\t\t<\/div>\n\t\t\t\t<div class=\"elementor-element elementor-element-5805c0d elementor-widget elementor-widget-text-editor\" data-id=\"5805c0d\" data-element_type=\"widget\" data-e-type=\"widget\" data-widget_type=\"text-editor.default\">\n\t\t\t\t<div class=\"elementor-widget-container\">\n\t\t\t\t\t\t\t\t\t<p><\/p>\n<h1>3-1 ZAKRES ZASTOSOWANIA<\/h1>\n<p><img fetchpriority=\"high\" decoding=\"async\" class=\"alignnone size-medium wp-image-1425\" src=\"https:\/\/ral.komfour-develop.de\/wp-content\/uploads\/2024\/05\/geltungsbereich-teelichte-300x243.jpg\" alt=\"\" width=\"300\" height=\"243\" srcset=\"https:\/\/ral.komfour-develop.de\/wp-content\/uploads\/2024\/05\/geltungsbereich-teelichte-300x243.jpg 300w, https:\/\/ral.komfour-develop.de\/wp-content\/uploads\/2024\/05\/geltungsbereich-teelichte-768x622.jpg 768w, https:\/\/ral.komfour-develop.de\/wp-content\/uploads\/2024\/05\/geltungsbereich-teelichte.jpg 845w\" sizes=\"(max-width: 300px) 100vw, 300px\" \/><\/p>\n<p>Niniejsze specjalne przepisy dotycz\u0105ce jako\u015bci i kontroli maj\u0105 zastosowanie do podgrzewaczy.<\/p>\n<h4>Podgrzewacze<\/h4>\n<ul>\n<li>posiadaj\u0105 korpus o \u015brednicy zewn\u0119trznej 36-39 mm i maksymalnej wysoko\u015bci 17 mm<\/li>\n<li>nie zawieraj\u0105 dodatku substancji zapachowych, barwnik\u00f3w ani wosku pszczelego<\/li>\n<li>s\u0105 wypalane w niepalnym pojemniku, np. wykonanym z metalu, szk\u0142a lub tworzywa sztucznego. Pojemnik zapobiega wyciekom paliwa.<\/li>\n<\/ul>\n<p><br>W tym zakresie wymagania znaku jako\u015bci dla \u015bwiec musz\u0105 by\u0107 spe\u0142nione dla produktu Tealights.<\/p>\t\t\t\t\t\t\t\t<\/div>\n\t\t\t\t<\/div>\n\t\t\t\t<div class=\"elementor-element elementor-element-4ae4885 elementor-widget elementor-widget-text-editor\" data-id=\"4ae4885\" data-element_type=\"widget\" data-e-type=\"widget\" data-widget_type=\"text-editor.default\">\n\t\t\t\t<div class=\"elementor-widget-container\">\n\t\t\t\t\t\t\t\t\t<p><\/p>\n<h1>3-2 PRZEPISY DOTYCZ\u0104CE JAKO\u015aCI<\/h1>\n<p><img decoding=\"async\" class=\"alignnone size-medium wp-image-1426\" src=\"https:\/\/ral.komfour-develop.de\/wp-content\/uploads\/2024\/05\/guetebestimmungen-teelichte-300x243.jpg\" alt=\"\" width=\"300\" height=\"243\" srcset=\"https:\/\/ral.komfour-develop.de\/wp-content\/uploads\/2024\/05\/guetebestimmungen-teelichte-300x243.jpg 300w, https:\/\/ral.komfour-develop.de\/wp-content\/uploads\/2024\/05\/guetebestimmungen-teelichte-768x622.jpg 768w, https:\/\/ral.komfour-develop.de\/wp-content\/uploads\/2024\/05\/guetebestimmungen-teelichte.jpg 845w\" sizes=\"(max-width: 300px) 100vw, 300px\" \/><\/p>\n<h3>3-2.1 Wymagania optyczne i techniczne<\/h3>\n<h4>3-2.1.1 Wygl\u0105d \/ rozmieszczenie knot\u00f3w<\/h4>\n<p>Powierzchnia korpusu masy spalinowej musi by\u0107 wolna od zanieczyszcze\u0144, gdy jest ogl\u0105dana bez pomocy technicznych.<\/p>\n<p>Knot musi by\u0107 wy\u015brodkowany.<\/p>\n<h4>3-2.1.2 Wymiary<\/h4>\n<p>Standardowe podgrzewacze maj\u0105 nast\u0119puj\u0105ce wymiary (masa pal\u0105cego si\u0119 korpusu bez pojemnika, bez uchwytu na knot, bez knota):<\/p>\n<p>Wysoko\u015b\u0107: maksymalnie 17 mm<\/p>\n<p>\u015arednica: 36-39 mm<\/p>\n<p>Wi\u0119ksze wymiary i zbyt mocny knot mog\u0105 wytwarza\u0107 zbyt du\u017cy p\u0142omie\u0144, dla kt\u00f3rego wymiary czajniczka mog\u0105 by\u0107 zbyt ma\u0142e, co mo\u017ce prowadzi\u0107 do negatywnych konsekwencji.<\/p>\n<h4>3-2.1.3 Pojemnik<\/h4>\n<p>P\u0142on\u0105ca masa podgrzewaczy znajduje si\u0119 w solidnym pojemniku. Pojemnik nie mo\u017ce zosta\u0107 znacz\u0105co zdeformowany, zniszczony lub zapalony przez p\u0142omie\u0144. <\/p>\n<h4>3-2.1.4 Zachowanie podczas palenia \/ czas palenia<\/h4>\n<p><img decoding=\"async\" class=\"alignnone size-medium wp-image-1428\" src=\"https:\/\/ral.komfour-develop.de\/wp-content\/uploads\/2024\/05\/teelicht-brennverhalten-1-300x242.jpg\" alt=\"\" width=\"300\" height=\"242\" srcset=\"https:\/\/ral.komfour-develop.de\/wp-content\/uploads\/2024\/05\/teelicht-brennverhalten-1-300x242.jpg 300w, https:\/\/ral.komfour-develop.de\/wp-content\/uploads\/2024\/05\/teelicht-brennverhalten-1.jpg 495w\" sizes=\"(max-width: 300px) 100vw, 300px\" \/><\/p>\n<p>Po zapaleniu tea light musi mie\u0107 sta\u0142y p\u0142omie\u0144 i pali\u0107 si\u0119 r\u00f3wnomiernie.<\/p>\n<p><img loading=\"lazy\" decoding=\"async\" class=\"alignnone size-medium wp-image-1429\" src=\"https:\/\/ral.komfour-develop.de\/wp-content\/uploads\/2024\/05\/teelicht-brennverhalten-2-300x242.jpg\" alt=\"\" width=\"300\" height=\"242\" srcset=\"https:\/\/ral.komfour-develop.de\/wp-content\/uploads\/2024\/05\/teelicht-brennverhalten-2-300x242.jpg 300w, https:\/\/ral.komfour-develop.de\/wp-content\/uploads\/2024\/05\/teelicht-brennverhalten-2.jpg 495w\" sizes=\"(max-width: 300px) 100vw, 300px\" \/><\/p>\n<p>Po fazie zap\u0142onu, a\u017c do momentu zga\u015bni\u0119cia p\u0142omienia, wysoko\u015b\u0107 p\u0142omienia musi wynosi\u0107 co najmniej 14 mm.<\/p>\n<p><img loading=\"lazy\" decoding=\"async\" class=\"alignnone size-medium wp-image-1430\" src=\"https:\/\/ral.komfour-develop.de\/wp-content\/uploads\/2024\/05\/teelicht-brennverhalten-3-300x242.jpg\" alt=\"\" width=\"300\" height=\"242\" srcset=\"https:\/\/ral.komfour-develop.de\/wp-content\/uploads\/2024\/05\/teelicht-brennverhalten-3-300x242.jpg 300w, https:\/\/ral.komfour-develop.de\/wp-content\/uploads\/2024\/05\/teelicht-brennverhalten-3.jpg 495w\" sizes=\"(max-width: 300px) 100vw, 300px\" \/><\/p>\n<p>P\u0142omie\u0144 musi pali\u0107 si\u0119 bez widocznej emisji sadzy przez co najmniej 4 godziny.<\/p>\n<p><img loading=\"lazy\" decoding=\"async\" class=\"alignnone size-medium wp-image-1413\" src=\"https:\/\/ral.komfour-develop.de\/wp-content\/uploads\/2024\/05\/nachrauchen-1-300x242.jpg\" alt=\"\" width=\"300\" height=\"242\" srcset=\"https:\/\/ral.komfour-develop.de\/wp-content\/uploads\/2024\/05\/nachrauchen-1-300x242.jpg 300w, https:\/\/ral.komfour-develop.de\/wp-content\/uploads\/2024\/05\/nachrauchen-1.jpg 495w\" sizes=\"(max-width: 300px) 100vw, 300px\" \/><\/p>\n<p>Po zga\u015bni\u0119ciu p\u0142omienia ko\u0144c\u00f3wka knota b\u0119dzie si\u0119 naturalnie lekko \u017carzy\u0107; jest to zwi\u0105zane z emisj\u0105 pi\u00f3ropusza dymu. Proces ten musi zosta\u0107 zako\u0144czony w ci\u0105gu 10 sekund. <\/p>\n<p><img loading=\"lazy\" decoding=\"async\" class=\"alignnone size-medium wp-image-1431\" src=\"https:\/\/ral.komfour-develop.de\/wp-content\/uploads\/2024\/05\/teelicht-brennverhalten-4-300x242.jpg\" alt=\"\" width=\"300\" height=\"242\" srcset=\"https:\/\/ral.komfour-develop.de\/wp-content\/uploads\/2024\/05\/teelicht-brennverhalten-4-300x242.jpg 300w, https:\/\/ral.komfour-develop.de\/wp-content\/uploads\/2024\/05\/teelicht-brennverhalten-4.jpg 495w\" sizes=\"(max-width: 300px) 100vw, 300px\" \/><\/p>\n<p>P\u0142omie\u0144 mo\u017ce zgasn\u0105\u0107 dopiero pod koniec ca\u0142ego procesu spalania, gdy w pojemniku pozostanie tylko niewielka ilo\u015b\u0107 masy spalania.<\/p>\t\t\t\t\t\t\t\t<\/div>\n\t\t\t\t<\/div>\n\t\t\t\t<div class=\"elementor-element elementor-element-45951e9 elementor-widget elementor-widget-text-editor\" data-id=\"45951e9\" data-element_type=\"widget\" data-e-type=\"widget\" data-widget_type=\"text-editor.default\">\n\t\t\t\t<div class=\"elementor-widget-container\">\n\t\t\t\t\t\t\t\t\t<p><\/p>\n<h1>3-3 PRZEPISY DOTYCZ\u0104CE TEST\u00d3W<\/h1>\n<h3>3-3.1 Informacje og\u00f3lne<\/h3>\n<p>Ka\u017cdy z 10 podgrzewaczy nale\u017cy podda\u0107 testom pr\u0105dowym zgodnie z sekcjami 3-2.1.1 do 3-2.1.2 i 3-3.2 do 3-3.9, z wyj\u0105tkiem sekcji 3-3.7 b.<\/p>\n<p>Wymagania s\u0105 spe\u0142nione, je\u015bli s\u0105 spe\u0142nione \u015brednio przez 10 testowanych podgrzewaczy, tj. je\u015bli \u015brednia warto\u015b\u0107 wszystkich indywidualnych pomiar\u00f3w spe\u0142nia wymagania i nic innego nie jest okre\u015blone w odpowiednich sekcjach.<\/p>\n<h3>3-3.2 Pobieranie pr\u00f3bek podczas bie\u017c\u0105cych test\u00f3w<\/h3>\n<p>Liczba pr\u00f3bek w zale\u017cno\u015bci od wydajno\u015bci produkcji jest uzgadniana z zewn\u0119trznym instytutem monitoruj\u0105cym.<\/p>\n<p>Wysoko\u015b\u0107 i \u015brednica, a tak\u017ce waga pr\u00f3bki testowej &#8211; bez pojemnika, bez uchwytu knota, bez knota &#8211; s\u0105 mierzone i zapisywane w mm lub g.<\/p>\n<h3>3-3.3 Pojemnik<\/h3>\n<h4>3-3.3.1 Wszystkie pojemniki:<\/h4>\n<p>Kontrola optyczna<\/p>\n<h4>3-3.3.2 Pojemniki wykonane z materia\u0142\u00f3w organicznych, zw\u0142aszcza z tworzyw sztucznych<\/h4>\n<p>Test zgodnie z ASTM F2417-11, klauzula 5.4 (Test palno\u015bci pojemnika z tworzywa sztucznego) (uproszczona ilustracja: Pojemniki s\u0105 wystawiane na dzia\u0142anie okre\u015blonego p\u0142omienia przez 10 sekund, po kolejnych 30 sekundach p\u0142omie\u0144 musi zgasn\u0105\u0107)<\/p>\n<h3>3-3.4 Warunki przestrzenne<\/h3>\n<p>Bie\u017c\u0105cy test w\u0142a\u015bciwo\u015bci spalania podgrzewaczy (wysoko\u015b\u0107 p\u0142omienia, zachowanie sadzy (wizualnie zgodnie z sekcj\u0105 3-3.7 a), czas spalania, pozosta\u0142o\u015b\u0107 masy spalania, czas po zadymieniu) jest przeprowadzany po kolejnym cyklu spalania:<\/p>\n<p>Ci\u0105g\u0142e spalanie do momentu samoga\u015bni\u0119cia.<\/p>\n<p>Po czasie palenia wynosz\u0105cym ok. 90 minut okre\u015blany jest czas po zadymieniu. W tym celu p\u0142omie\u0144 jest gaszony, a czas po zako\u0144czeniu palenia jest mierzony zgodnie z sekcj\u0105 3-3.9. Natychmiast po pomiarze, podgrzewacz jest ponownie zapalany i ci\u0105g\u0142e palenie jest kontynuowane.  <\/p>\n<p>Spalanie odbywa si\u0119 na \u017caroodpornej, niepalnej powierzchni jako podstawie. Przewodno\u015b\u0107 cieplna tej powierzchni powinna by\u0107 jak najni\u017csza, aby jej wp\u0142yw na zachowanie podczas spalania by\u0142 jak najmniejszy. Bezpo\u015brednie spalanie na powierzchniach takich jak metal lub p\u0142ytki nie jest zatem odpowiednie.  <\/p>\n<h3 class=\"av-special-heading-tag\">3-3.5 Cykl wypalania podczas bie\u017c\u0105cego testu<\/h3>\n<h3 class=\"av-special-heading-tag\">3-3.6 Wysoko\u015b\u0107 p\u0142omienia<\/h3>\n<p><img loading=\"lazy\" decoding=\"async\" class=\"alignnone size-medium wp-image-1429\" src=\"https:\/\/ral.komfour-develop.de\/wp-content\/uploads\/2024\/05\/teelicht-brennverhalten-2-300x242.jpg\" alt=\"\" width=\"300\" height=\"242\" srcset=\"https:\/\/ral.komfour-develop.de\/wp-content\/uploads\/2024\/05\/teelicht-brennverhalten-2-300x242.jpg 300w, https:\/\/ral.komfour-develop.de\/wp-content\/uploads\/2024\/05\/teelicht-brennverhalten-2.jpg 495w\" sizes=\"(max-width: 300px) 100vw, 300px\" \/><\/p>\n<div class=\"special-heading-border\">Je\u015bli paliwo i knot nie s\u0105 zoptymalizowane, p\u0142omie\u0144 mo\u017ce by\u0107 zbyt ma\u0142y. Wahania mog\u0105 wyst\u0105pi\u0107 podczas fazy rozpalania (do momentu ca\u0142kowitego skroplenia powierzchni pal\u0105cej si\u0119 masy) i przed samoczynnym zga\u015bni\u0119ciem p\u0142omienia (5 minut przed zga\u015bni\u0119ciem). Podczas pozosta\u0142ego czasu palenia wysoko\u015b\u0107 p\u0142omienia, mierzona od powierzchni p\u0142ynnej masy spalania do czubka p\u0142omienia, musi wynosi\u0107 co najmniej 14 mm.  <\/div>\n<h4><strong>Wycena<\/strong><\/h4>\n<table class=\"avia-table avia-data-table avia_pricing_default avia-builder-el-69 el_after_av_textblock el_before_av_toggle_container \">\n<tbody>\n<tr class=\"\">\n<td class=\"\">Wysoko\u015b\u0107 p\u0142omienia min. 14 mm <\/td>\n<td class=\"\">Wymaganie spe\u0142nione<\/td>\n<\/tr>\n<tr class=\"\">\n<td class=\"\">Wysoko\u015b\u0107 p\u0142omienia cz\u0119\u015bciowo mniejsza ni\u017c 14 mm<\/td><td class=\"\">Wymaganie niespe\u0142nione<\/td>\n<\/tr>\n<\/tbody>\n<\/table>\n<p>Je\u015bli maksymalnie 1 podgrzewacz nie spe\u0142nia tego wymogu, testowanych jest kolejnych 10 podgrzewaczy. Wszystkie te podgrzewacze musz\u0105 spe\u0142ni\u0107 wymagania, aby przej\u015b\u0107 test. <\/p>\n<h3>3-3.7 Czas spalania<\/h3>\n<div>Czas palenia musi wynosi\u0107 co najmniej 4 godziny. \u017baden pojedynczy tea light nie mo\u017ce pali\u0107 si\u0119 d\u0142u\u017cej ni\u017c 15 minut kr\u00f3cej ni\u017c minimalny czas palenia. <\/div>\n<h4>Wycena<\/h4>\n<table class=\"avia-table avia-data-table avia_pricing_default avia-builder-el-74 el_after_av_textblock el_before_av_heading \">\n<tbody>\n<tr class=\"\">\n<td class=\"\">Czas spalania wynosi co najmniej 4 godziny<\/td><td class=\"\">Wymaganie spe\u0142nione<\/td>\n<\/tr>\n<tr class=\"\">\n<td class=\"\">Czas nagrywania kr\u00f3tszy ni\u017c 4 godziny<\/td><td class=\"\">Wymaganie niespe\u0142nione<\/td>\n<\/tr>\n<\/tbody>\n<\/table>\n<h3 class=\"av-special-heading-tag\">3-3.8 Zachowanie sadzy<\/h3>\n<p><img loading=\"lazy\" decoding=\"async\" class=\"alignnone size-medium wp-image-1432\" src=\"https:\/\/ral.komfour-develop.de\/wp-content\/uploads\/2024\/05\/teelicht-russverhalten-300x243.jpg\" alt=\"\" width=\"300\" height=\"243\" srcset=\"https:\/\/ral.komfour-develop.de\/wp-content\/uploads\/2024\/05\/teelicht-russverhalten-300x243.jpg 300w, https:\/\/ral.komfour-develop.de\/wp-content\/uploads\/2024\/05\/teelicht-russverhalten-768x622.jpg 768w, https:\/\/ral.komfour-develop.de\/wp-content\/uploads\/2024\/05\/teelicht-russverhalten.jpg 845w\" sizes=\"(max-width: 300px) 100vw, 300px\" \/><\/p>\n<h3 class=\"av-special-heading-tag\">3-3.9 Minimalizacja pozosta\u0142o\u015bci po spalaniu<\/h3>\n<p>Pozosta\u0142o\u015bci wosku musz\u0105 zosta\u0107 zbadane po zga\u015bni\u0119ciu p\u0142omienia. Nie mo\u017ce ona przekracza\u0107 2 g. <\/p>\n<h4>Wycena<\/h4>\n<table class=\"avia-table avia-data-table avia_pricing_default avia-builder-el-79 el_after_av_textblock el_before_av_heading \">\n<tbody>\n<tr class=\"\">\n<td class=\"\">Pozosta\u0142o\u015bci wosku maks. 2 g <\/td>\n<td class=\"\">Wymaganie spe\u0142nione<\/td>\n<\/tr>\n<tr class=\"\">\n<td class=\"\">Pozosta\u0142o\u015b\u0107 wosku wi\u0119ksza ni\u017c 2 g<\/td><td class=\"\">Wymaganie niespe\u0142nione<\/td>\n<\/tr>\n<\/tbody>\n<\/table>\n<h3 class=\"av-special-heading-tag\">3-3.10 Palenie po u\u017cyciu<\/h3>\t\t\t\t\t\t\t\t<\/div>\n\t\t\t\t<\/div>\n\t\t\t\t<div class=\"elementor-element elementor-element-6891eb6 elementor-widget elementor-widget-text-editor\" data-id=\"6891eb6\" data-element_type=\"widget\" data-e-type=\"widget\" data-widget_type=\"text-editor.default\">\n\t\t\t\t<div class=\"elementor-widget-container\">\n\t\t\t\t\t\t\t\t\t<p><\/p>\n<h1>3-4 OCENA OG\u00d3LNA<\/h1>\n<p><img loading=\"lazy\" decoding=\"async\" class=\"alignnone size-medium wp-image-1416\" src=\"https:\/\/ral.komfour-develop.de\/wp-content\/uploads\/2024\/05\/gesamtbeurteilung-1-300x242.jpg\" alt=\"\" width=\"300\" height=\"242\" srcset=\"https:\/\/ral.komfour-develop.de\/wp-content\/uploads\/2024\/05\/gesamtbeurteilung-1-300x242.jpg 300w, https:\/\/ral.komfour-develop.de\/wp-content\/uploads\/2024\/05\/gesamtbeurteilung-1.jpg 495w\" sizes=\"(max-width: 300px) 100vw, 300px\" \/> <img loading=\"lazy\" decoding=\"async\" class=\"alignnone size-medium wp-image-1417\" src=\"https:\/\/ral.komfour-develop.de\/wp-content\/uploads\/2024\/05\/gesamtbeurteilung-2-300x242.jpg\" alt=\"\" width=\"300\" height=\"242\" srcset=\"https:\/\/ral.komfour-develop.de\/wp-content\/uploads\/2024\/05\/gesamtbeurteilung-2-300x242.jpg 300w, https:\/\/ral.komfour-develop.de\/wp-content\/uploads\/2024\/05\/gesamtbeurteilung-2.jpg 495w\" sizes=\"(max-width: 300px) 100vw, 300px\" \/><\/p>\n<p><img loading=\"lazy\" decoding=\"async\" class=\"alignnone size-full wp-image-1386\" src=\"https:\/\/ral.komfour-develop.de\/wp-content\/uploads\/2024\/05\/ral-de-en.jpg\" alt=\"\" width=\"300\" height=\"300\" srcset=\"https:\/\/ral.komfour-develop.de\/wp-content\/uploads\/2024\/05\/ral-de-en.jpg 300w, https:\/\/ral.komfour-develop.de\/wp-content\/uploads\/2024\/05\/ral-de-en-150x150.jpg 150w\" sizes=\"(max-width: 300px) 100vw, 300px\" \/><\/p>\t\t\t\t\t\t\t\t<\/div>\n\t\t\t\t<\/div>\n\t\t\t\t<div class=\"elementor-element elementor-element-eef9f46 gallery-spacing-custom elementor-widget elementor-widget-image-gallery\" data-id=\"eef9f46\" data-element_type=\"widget\" data-e-type=\"widget\" data-widget_type=\"image-gallery.default\">\n\t\t\t\t<div class=\"elementor-widget-container\">\n\t\t\t\t\t\t\t<div class=\"elementor-image-gallery\">\n\t\t\t<div id='gallery-1' class='gallery galleryid-3782 gallery-columns-2 gallery-size-full'><figure class='gallery-item'>\n\t\t\t<div class='gallery-icon portrait'>\n\t\t\t\t<a data-elementor-open-lightbox=\"yes\" data-elementor-lightbox-slideshow=\"eef9f46\" data-elementor-lightbox-title=\"award-certificate\" data-e-action-hash=\"#elementor-action%3Aaction%3Dlightbox%26settings%3DeyJpZCI6MjkyOCwidXJsIjoiaHR0cHM6XC9cL3JhbC5rb21mb3VyLWRldmVsb3AuZGVcL3dwLWNvbnRlbnRcL3VwbG9hZHNcLzIwMjRcLzA1XC9hd2FyZC1jZXJ0aWZpY2F0ZS5qcGciLCJzbGlkZXNob3ciOiJlZWY5ZjQ2In0%3D\" href='https:\/\/ral.komfour-develop.de\/wp-content\/uploads\/2024\/05\/award-certificate.jpg'><img loading=\"lazy\" decoding=\"async\" width=\"718\" height=\"1030\" src=\"https:\/\/ral.komfour-develop.de\/wp-content\/uploads\/2024\/05\/award-certificate.jpg\" class=\"attachment-full size-full\" alt=\"\" srcset=\"https:\/\/ral.komfour-develop.de\/wp-content\/uploads\/2024\/05\/award-certificate.jpg 718w, https:\/\/ral.komfour-develop.de\/wp-content\/uploads\/2024\/05\/award-certificate-209x300.jpg 209w, https:\/\/ral.komfour-develop.de\/wp-content\/uploads\/2024\/05\/award-certificate-714x1024.jpg 714w\" sizes=\"(max-width: 718px) 100vw, 718px\" \/><\/a>\n\t\t\t<\/div><\/figure><figure class='gallery-item'>\n\t\t\t<div class='gallery-icon portrait'>\n\t\t\t\t<a data-elementor-open-lightbox=\"yes\" data-elementor-lightbox-slideshow=\"eef9f46\" data-elementor-lightbox-title=\"test-report\" data-e-action-hash=\"#elementor-action%3Aaction%3Dlightbox%26settings%3DeyJpZCI6MjkzMSwidXJsIjoiaHR0cHM6XC9cL3JhbC5rb21mb3VyLWRldmVsb3AuZGVcL3dwLWNvbnRlbnRcL3VwbG9hZHNcLzIwMjRcLzA1XC90ZXN0LXJlcG9ydC5qcGciLCJzbGlkZXNob3ciOiJlZWY5ZjQ2In0%3D\" href='https:\/\/ral.komfour-develop.de\/wp-content\/uploads\/2024\/05\/test-report.jpg'><img loading=\"lazy\" decoding=\"async\" width=\"718\" height=\"1030\" src=\"https:\/\/ral.komfour-develop.de\/wp-content\/uploads\/2024\/05\/test-report.jpg\" class=\"attachment-full size-full\" alt=\"\" srcset=\"https:\/\/ral.komfour-develop.de\/wp-content\/uploads\/2024\/05\/test-report.jpg 718w, https:\/\/ral.komfour-develop.de\/wp-content\/uploads\/2024\/05\/test-report-209x300.jpg 209w, https:\/\/ral.komfour-develop.de\/wp-content\/uploads\/2024\/05\/test-report-714x1024.jpg 714w\" sizes=\"(max-width: 718px) 100vw, 718px\" \/><\/a>\n\t\t\t<\/div><\/figure>\n\t\t<\/div>\n\t\t<\/div>\n\t\t\t\t\t\t<\/div>\n\t\t\t\t<\/div>\n\t\t\t\t<\/div>\n\t\t\t\t\t<\/div>\n\t\t\t\t<\/div>\n\t\t\t\t<\/div>\n\t\t","protected":false},"excerpt":{"rendered":"<p>Wsp\u00f3\u0142pracujemy z surowce o gwarantowanej jako\u015bci! Fragment: Szczeg\u00f3\u0142owe specyfikacje dotycz\u0105ce kontroli jako\u015bci i bada\u0144 w odniesieniu do podgrzewaczy RAL-GZ 041\/3 3-1 ZAKRES ZASTOSOWANIA Niniejsze specjalne przepisy dotycz\u0105ce jako\u015bci i kontroli maj\u0105 zastosowanie do podgrzewaczy. Podgrzewacze posiadaj\u0105 korpus o \u015brednicy zewn\u0119trznej 36-39 mm i maksymalnej wysoko\u015bci 17 mm nie zawieraj\u0105 dodatku substancji zapachowych, barwnik\u00f3w ani wosku [&hellip;]<\/p>\n","protected":false},"author":2,"featured_media":0,"parent":0,"menu_order":0,"comment_status":"closed","ping_status":"closed","template":"elementor_header_footer","meta":{"footnotes":""},"class_list":["post-3782","page","type-page","status-publish","hentry"],"acf":[],"_links":{"self":[{"href":"https:\/\/ral.komfour-develop.de\/pl\/wp-json\/wp\/v2\/pages\/3782","targetHints":{"allow":["GET"]}}],"collection":[{"href":"https:\/\/ral.komfour-develop.de\/pl\/wp-json\/wp\/v2\/pages"}],"about":[{"href":"https:\/\/ral.komfour-develop.de\/pl\/wp-json\/wp\/v2\/types\/page"}],"author":[{"embeddable":true,"href":"https:\/\/ral.komfour-develop.de\/pl\/wp-json\/wp\/v2\/users\/2"}],"replies":[{"embeddable":true,"href":"https:\/\/ral.komfour-develop.de\/pl\/wp-json\/wp\/v2\/comments?post=3782"}],"version-history":[{"count":4,"href":"https:\/\/ral.komfour-develop.de\/pl\/wp-json\/wp\/v2\/pages\/3782\/revisions"}],"predecessor-version":[{"id":3786,"href":"https:\/\/ral.komfour-develop.de\/pl\/wp-json\/wp\/v2\/pages\/3782\/revisions\/3786"}],"wp:attachment":[{"href":"https:\/\/ral.komfour-develop.de\/pl\/wp-json\/wp\/v2\/media?parent=3782"}],"curies":[{"name":"wp","href":"https:\/\/api.w.org\/{rel}","templated":true}]}}