{"id":3796,"date":"2024-05-28T14:23:39","date_gmt":"2024-05-28T14:23:39","guid":{"rendered":"https:\/\/ral.komfour-develop.de\/?page_id=3796"},"modified":"2024-08-07T07:05:36","modified_gmt":"2024-08-07T07:05:36","slug":"fragment-specyfikacji-testu-ral-gz-041-4","status":"publish","type":"page","link":"https:\/\/ral.komfour-develop.de\/pl\/fragment-specyfikacji-testu-ral-gz-041-4\/","title":{"rendered":"Fragment specyfikacji testu RAL-GZ 041\/4"},"content":{"rendered":"\t\t<div data-elementor-type=\"wp-page\" data-elementor-id=\"3796\" class=\"elementor elementor-3796 elementor-1337\" data-elementor-post-type=\"page\">\n\t\t\t\t<div class=\"elementor-element elementor-element-1c04d01 e-con-full e-flex e-con e-parent\" data-id=\"1c04d01\" data-element_type=\"container\" data-e-type=\"container\">\n\t\t<div class=\"elementor-element elementor-element-7b8b2fb e-con-full e-flex e-con e-child\" data-id=\"7b8b2fb\" data-element_type=\"container\" data-e-type=\"container\">\n\t\t\t\t<div class=\"elementor-element elementor-element-403a0b5 elementor--h-position-left elementor--v-position-top elementor-arrows-position-inside elementor-pagination-position-inside elementor-widget elementor-widget-slides\" data-id=\"403a0b5\" data-element_type=\"widget\" data-e-type=\"widget\" data-settings=\"{&quot;navigation&quot;:&quot;both&quot;,&quot;autoplay&quot;:&quot;yes&quot;,&quot;pause_on_hover&quot;:&quot;yes&quot;,&quot;pause_on_interaction&quot;:&quot;yes&quot;,&quot;autoplay_speed&quot;:5000,&quot;infinite&quot;:&quot;yes&quot;,&quot;transition&quot;:&quot;slide&quot;,&quot;transition_speed&quot;:500}\" data-widget_type=\"slides.default\">\n\t\t\t\t<div class=\"elementor-widget-container\">\n\t\t\t\t\t\t\t<div class=\"elementor-swiper\">\n\t\t\t<div class=\"elementor-slides-wrapper elementor-main-swiper swiper-container\" dir=\"ltr\" data-animation=\"fadeInUp\">\n\t\t\t\t<div class=\"swiper-wrapper elementor-slides\">\n\t\t\t\t\t\t\t\t\t\t<div class=\"elementor-repeater-item-07035d2 swiper-slide\"><div class=\"swiper-slide-bg\" role=\"img\"><\/div><div class=\"swiper-slide-inner\" ><div class=\"swiper-slide-contents\"><div class=\"elementor-slide-heading\">Wsp\u00f3\u0142pracujemy z<\/div><div class=\"elementor-slide-description\"><p>surowce o gwarantowanej jako\u015bci!<\/p>\n<\/div><\/div><\/div><\/div>\t\t\t\t<\/div>\n\t\t\t\t\t\t\t<\/div>\n\t\t<\/div>\n\t\t\t\t\t\t<\/div>\n\t\t\t\t<\/div>\n\t\t\t\t<\/div>\n\t\t\t\t<\/div>\n\t\t<div class=\"elementor-element elementor-element-1cb4345 e-flex e-con-boxed e-con e-parent\" data-id=\"1cb4345\" data-element_type=\"container\" data-e-type=\"container\">\n\t\t\t\t\t<div class=\"e-con-inner\">\n\t\t<div class=\"elementor-element elementor-element-5afa847 e-con-full e-flex e-con e-child\" data-id=\"5afa847\" data-element_type=\"container\" data-e-type=\"container\">\n\t\t\t\t<div class=\"elementor-element elementor-element-6d29b45 elementor-widget elementor-widget-heading\" data-id=\"6d29b45\" data-element_type=\"widget\" data-e-type=\"widget\" data-widget_type=\"heading.default\">\n\t\t\t\t<div class=\"elementor-widget-container\">\n\t\t\t\t\t<h1 class=\"elementor-heading-title elementor-size-default\">Fragment: Szczeg\u00f3\u0142owe specyfikacje dotycz\u0105ce kontroli jako\u015bci i bada\u0144 w odniesieniu do zniczy \/ wk\u0142ad\u00f3w do zniczy RAL-GZ 041\/4<\/h1>\t\t\t\t<\/div>\n\t\t\t\t<\/div>\n\t\t\t\t<div class=\"elementor-element elementor-element-5805c0d elementor-widget elementor-widget-text-editor\" data-id=\"5805c0d\" data-element_type=\"widget\" data-e-type=\"widget\" data-widget_type=\"text-editor.default\">\n\t\t\t\t<div class=\"elementor-widget-container\">\n\t\t\t\t\t\t\t\t\t<p><\/p>\n<h1>4-1 ZAKRES ZASTOSOWANIA<\/h1>\n<p><img fetchpriority=\"high\" decoding=\"async\" class=\"alignnone size-medium wp-image-1442\" src=\"https:\/\/ral.komfour-develop.de\/wp-content\/uploads\/2024\/05\/grablicht-weiss-deckel-300x243.jpg\" alt=\"\" width=\"300\" height=\"243\" srcset=\"https:\/\/ral.komfour-develop.de\/wp-content\/uploads\/2024\/05\/grablicht-weiss-deckel-300x243.jpg 300w, https:\/\/ral.komfour-develop.de\/wp-content\/uploads\/2024\/05\/grablicht-weiss-deckel-768x622.jpg 768w, https:\/\/ral.komfour-develop.de\/wp-content\/uploads\/2024\/05\/grablicht-weiss-deckel.jpg 845w\" sizes=\"(max-width: 300px) 100vw, 300px\" \/><\/p>\n<p>R\u00f3wnomiernie wymieszane paliwo jest wlewane do pojemnika.<\/p>\n<p>Produkty s\u0105 przeznaczone do ci\u0105g\u0142ego palenia si\u0119 w latarni grobowej lub poza ni\u0105 na wolnym powietrzu, tj. do momentu samoga\u015bni\u0119cia, zar\u00f3wno w temperaturach powy\u017cej, jak i poni\u017cej 0\u00b0C.<\/p>\n<p>Obejmuje to specjaln\u0105 grup\u0119 lamp olejowych i kompozytowych lamp olejowych.<\/p>\n<p>W tym zakresie musz\u0105 by\u0107 spe\u0142nione wymagania znaku jako\u015bci dla zniczy nagrobnych.<\/p>\t\t\t\t\t\t\t\t<\/div>\n\t\t\t\t<\/div>\n\t\t\t\t<div class=\"elementor-element elementor-element-5d061f4 elementor-widget elementor-widget-text-editor\" data-id=\"5d061f4\" data-element_type=\"widget\" data-e-type=\"widget\" data-widget_type=\"text-editor.default\">\n\t\t\t\t<div class=\"elementor-widget-container\">\n\t\t\t\t\t\t\t\t\t<p><\/p>\n<h1>4-2 PRZEPISY DOTYCZ\u0104CE JAKO\u015aCI<\/h1>\n<h3>4-2.1 Wymagania dotycz\u0105ce surowc\u00f3w<\/h3>\n<p>Za\u0142\u0105cznik 1 &#8222;Wymagania dotycz\u0105ce surowc\u00f3w i materia\u0142\u00f3w pomocniczych do ochrony zdrowia&#8221; nie ma zastosowania.<\/p>\n<h3>4-2.2 Wymagania optyczne i techniczne<\/h3>\n<h4>4-2.2.1 Wygl\u0105d \/ jako\u015b\u0107 pojemnika \/ rozmieszczenie knot\u00f3w<\/h4>\n<p>Knot i uchwyt knota musz\u0105 by\u0107 wy\u015brodkowane.<\/p>\n<p>Powierzchnia korpusu \u015bwiecy musi by\u0107 wolna od zanieczyszcze\u0144, gdy jest ogl\u0105dana bez pomocy technicznych.<\/p>\n<p>Pojemnik musi zapobiega\u0107 wyciekaniu stopionego paliwa podczas ca\u0142ego procesu spalania, a\u017c do jego samoczynnego zga\u015bni\u0119cia.<\/p>\n<h4>4-2.2.2 Czas spalania<\/h4>\n<p>Produkt o zapewnionej jako\u015bci mo\u017ce by\u0107 wprowadzany do obrotu z wyra\u017anym wskazaniem minimalnego czasu spalania lub bez takiego wskazania. W przypadku wyra\u017anego oznakowania, czas spalania musi by\u0107 sprawdzany pod k\u0105tem \u015bredniej zgodno\u015bci. <\/p>\n<p>Tolerancja minus 10% jest dopuszczalna dla wskaza\u0144 takich jak &#8222;przybli\u017cone&#8221; lub &#8222;\u00b1&#8221;.<\/p>\n<h4>4-2.2.3 Zachowanie podczas spalania<\/h4>\n<p><img decoding=\"async\" class=\"alignnone size-full wp-image-1371\" src=\"https:\/\/ral.komfour-develop.de\/wp-content\/uploads\/2024\/05\/grablicht_rot.jpg\" alt=\"\" width=\"300\" height=\"300\" srcset=\"https:\/\/ral.komfour-develop.de\/wp-content\/uploads\/2024\/05\/grablicht_rot.jpg 300w, https:\/\/ral.komfour-develop.de\/wp-content\/uploads\/2024\/05\/grablicht_rot-150x150.jpg 150w\" sizes=\"(max-width: 300px) 100vw, 300px\" \/><\/p>\t\t\t\t\t\t\t\t<\/div>\n\t\t\t\t<\/div>\n\t\t\t\t<div class=\"elementor-element elementor-element-3613d3b elementor-widget elementor-widget-text-editor\" data-id=\"3613d3b\" data-element_type=\"widget\" data-e-type=\"widget\" data-widget_type=\"text-editor.default\">\n\t\t\t\t<div class=\"elementor-widget-container\">\n\t\t\t\t\t\t\t\t\t<p><\/p>\n<h1>4-3 PRZEPISY DOTYCZ\u0104CE TEST\u00d3W<\/h1>\n<p><img decoding=\"async\" class=\"alignnone size-medium wp-image-1443\" src=\"https:\/\/ral.komfour-develop.de\/wp-content\/uploads\/2024\/05\/grablicht-pruefbestimmungen-300x243.jpg\" alt=\"\" width=\"300\" height=\"243\" srcset=\"https:\/\/ral.komfour-develop.de\/wp-content\/uploads\/2024\/05\/grablicht-pruefbestimmungen-300x243.jpg 300w, https:\/\/ral.komfour-develop.de\/wp-content\/uploads\/2024\/05\/grablicht-pruefbestimmungen-768x622.jpg 768w, https:\/\/ral.komfour-develop.de\/wp-content\/uploads\/2024\/05\/grablicht-pruefbestimmungen.jpg 845w\" sizes=\"(max-width: 300px) 100vw, 300px\" \/><\/p>\n<p>Test wypalania jest przeprowadzany w pomieszczeniu testowym o temperaturze pokojowej od 15 \u00b0C do 25 \u00b0C.<\/p>\n<p>Nale\u017cy dokona\u0107 rozr\u00f3\u017cnienia:<\/p>\n<p>Modele zniczy bez pokrywy s\u0105 wypalane w lampionie nagrobnym,<br>Modele zniczy z pokryw\u0105 s\u0105 wypalane jako wolnostoj\u0105ce.<br>Lampion nagrobny u\u017cywany do testu musi by\u0107 odpowiednio zaprojektowany, tj. zalecane s\u0105 nast\u0119puj\u0105ce cechy konstrukcyjne:<\/p>\n<p>Wymiary: np. 10 cm szeroko\u015bci, 10 cm g\u0142\u0119boko\u015bci, 20 cm wysoko\u015bci. Wn\u0119trze lampionu powinno by\u0107 wystarczaj\u0105co du\u017ce, aby pozostawi\u0107 wystarczaj\u0105c\u0105 ilo\u015b\u0107 wolnej przestrzeni mi\u0119dzy pokryw\u0105 grobu, \u015bcianami i pokryw\u0105 lampionu, tj. co najmniej 3 cm po bokach i co najmniej 5 cm u g\u00f3ry,<br>lampion musi zapewnia\u0107 dop\u0142yw powietrza i odprowadzanie gaz\u00f3w spalinowych.   <\/p>\t\t\t\t\t\t\t\t<\/div>\n\t\t\t\t<\/div>\n\t\t\t\t<div class=\"elementor-element elementor-element-4060073 elementor-widget elementor-widget-text-editor\" data-id=\"4060073\" data-element_type=\"widget\" data-e-type=\"widget\" data-widget_type=\"text-editor.default\">\n\t\t\t\t<div class=\"elementor-widget-container\">\n\t\t\t\t\t\t\t\t\t<p><\/p>\n<h1>4-4 OCENA OG\u00d3LNA<\/h1>\n<p><img loading=\"lazy\" decoding=\"async\" class=\"alignnone size-medium wp-image-1444\" src=\"https:\/\/ral.komfour-develop.de\/wp-content\/uploads\/2024\/05\/grablicht-gesamtbeurteilung-300x243.jpg\" alt=\"\" width=\"300\" height=\"243\" srcset=\"https:\/\/ral.komfour-develop.de\/wp-content\/uploads\/2024\/05\/grablicht-gesamtbeurteilung-300x243.jpg 300w, https:\/\/ral.komfour-develop.de\/wp-content\/uploads\/2024\/05\/grablicht-gesamtbeurteilung-768x622.jpg 768w, https:\/\/ral.komfour-develop.de\/wp-content\/uploads\/2024\/05\/grablicht-gesamtbeurteilung.jpg 845w\" sizes=\"(max-width: 300px) 100vw, 300px\" \/><\/p>\t\t\t\t\t\t\t\t<\/div>\n\t\t\t\t<\/div>\n\t\t\t\t<div class=\"elementor-element elementor-element-5f95f1c gallery-spacing-custom elementor-widget elementor-widget-image-gallery\" data-id=\"5f95f1c\" data-element_type=\"widget\" data-e-type=\"widget\" data-widget_type=\"image-gallery.default\">\n\t\t\t\t<div class=\"elementor-widget-container\">\n\t\t\t\t\t\t\t<div class=\"elementor-image-gallery\">\n\t\t\t<div id='gallery-1' class='gallery galleryid-3796 gallery-columns-2 gallery-size-full'><figure class='gallery-item'>\n\t\t\t<div class='gallery-icon portrait'>\n\t\t\t\t<a data-elementor-open-lightbox=\"yes\" data-elementor-lightbox-slideshow=\"5f95f1c\" data-elementor-lightbox-title=\"award-certificate\" data-e-action-hash=\"#elementor-action%3Aaction%3Dlightbox%26settings%3DeyJpZCI6MjkyOCwidXJsIjoiaHR0cHM6XC9cL3JhbC5rb21mb3VyLWRldmVsb3AuZGVcL3dwLWNvbnRlbnRcL3VwbG9hZHNcLzIwMjRcLzA1XC9hd2FyZC1jZXJ0aWZpY2F0ZS5qcGciLCJzbGlkZXNob3ciOiI1Zjk1ZjFjIn0%3D\" href='https:\/\/ral.komfour-develop.de\/wp-content\/uploads\/2024\/05\/award-certificate.jpg'><img loading=\"lazy\" decoding=\"async\" width=\"718\" height=\"1030\" src=\"https:\/\/ral.komfour-develop.de\/wp-content\/uploads\/2024\/05\/award-certificate.jpg\" class=\"attachment-full size-full\" alt=\"\" srcset=\"https:\/\/ral.komfour-develop.de\/wp-content\/uploads\/2024\/05\/award-certificate.jpg 718w, https:\/\/ral.komfour-develop.de\/wp-content\/uploads\/2024\/05\/award-certificate-209x300.jpg 209w, https:\/\/ral.komfour-develop.de\/wp-content\/uploads\/2024\/05\/award-certificate-714x1024.jpg 714w\" sizes=\"(max-width: 718px) 100vw, 718px\" \/><\/a>\n\t\t\t<\/div><\/figure><figure class='gallery-item'>\n\t\t\t<div class='gallery-icon portrait'>\n\t\t\t\t<a data-elementor-open-lightbox=\"yes\" data-elementor-lightbox-slideshow=\"5f95f1c\" data-elementor-lightbox-title=\"test-report\" data-e-action-hash=\"#elementor-action%3Aaction%3Dlightbox%26settings%3DeyJpZCI6MjkzMSwidXJsIjoiaHR0cHM6XC9cL3JhbC5rb21mb3VyLWRldmVsb3AuZGVcL3dwLWNvbnRlbnRcL3VwbG9hZHNcLzIwMjRcLzA1XC90ZXN0LXJlcG9ydC5qcGciLCJzbGlkZXNob3ciOiI1Zjk1ZjFjIn0%3D\" href='https:\/\/ral.komfour-develop.de\/wp-content\/uploads\/2024\/05\/test-report.jpg'><img loading=\"lazy\" decoding=\"async\" width=\"718\" height=\"1030\" src=\"https:\/\/ral.komfour-develop.de\/wp-content\/uploads\/2024\/05\/test-report.jpg\" class=\"attachment-full size-full\" alt=\"\" srcset=\"https:\/\/ral.komfour-develop.de\/wp-content\/uploads\/2024\/05\/test-report.jpg 718w, https:\/\/ral.komfour-develop.de\/wp-content\/uploads\/2024\/05\/test-report-209x300.jpg 209w, https:\/\/ral.komfour-develop.de\/wp-content\/uploads\/2024\/05\/test-report-714x1024.jpg 714w\" sizes=\"(max-width: 718px) 100vw, 718px\" \/><\/a>\n\t\t\t<\/div><\/figure>\n\t\t<\/div>\n\t\t<\/div>\n\t\t\t\t\t\t<\/div>\n\t\t\t\t<\/div>\n\t\t\t\t<\/div>\n\t\t\t\t\t<\/div>\n\t\t\t\t<\/div>\n\t\t\t\t<\/div>\n\t\t","protected":false},"excerpt":{"rendered":"<p>Wsp\u00f3\u0142pracujemy z surowce o gwarantowanej jako\u015bci! Fragment: Szczeg\u00f3\u0142owe specyfikacje dotycz\u0105ce kontroli jako\u015bci i bada\u0144 w odniesieniu do zniczy \/ wk\u0142ad\u00f3w do zniczy RAL-GZ 041\/4 4-1 ZAKRES ZASTOSOWANIA R\u00f3wnomiernie wymieszane paliwo jest wlewane do pojemnika. Produkty s\u0105 przeznaczone do ci\u0105g\u0142ego palenia si\u0119 w latarni grobowej lub poza ni\u0105 na wolnym powietrzu, tj. do momentu samoga\u015bni\u0119cia, zar\u00f3wno [&hellip;]<\/p>\n","protected":false},"author":2,"featured_media":0,"parent":0,"menu_order":0,"comment_status":"closed","ping_status":"closed","template":"elementor_header_footer","meta":{"footnotes":""},"class_list":["post-3796","page","type-page","status-publish","hentry"],"acf":[],"_links":{"self":[{"href":"https:\/\/ral.komfour-develop.de\/pl\/wp-json\/wp\/v2\/pages\/3796","targetHints":{"allow":["GET"]}}],"collection":[{"href":"https:\/\/ral.komfour-develop.de\/pl\/wp-json\/wp\/v2\/pages"}],"about":[{"href":"https:\/\/ral.komfour-develop.de\/pl\/wp-json\/wp\/v2\/types\/page"}],"author":[{"embeddable":true,"href":"https:\/\/ral.komfour-develop.de\/pl\/wp-json\/wp\/v2\/users\/2"}],"replies":[{"embeddable":true,"href":"https:\/\/ral.komfour-develop.de\/pl\/wp-json\/wp\/v2\/comments?post=3796"}],"version-history":[{"count":4,"href":"https:\/\/ral.komfour-develop.de\/pl\/wp-json\/wp\/v2\/pages\/3796\/revisions"}],"predecessor-version":[{"id":3800,"href":"https:\/\/ral.komfour-develop.de\/pl\/wp-json\/wp\/v2\/pages\/3796\/revisions\/3800"}],"wp:attachment":[{"href":"https:\/\/ral.komfour-develop.de\/pl\/wp-json\/wp\/v2\/media?parent=3796"}],"curies":[{"name":"wp","href":"https:\/\/api.w.org\/{rel}","templated":true}]}}