{"id":3924,"date":"2024-06-26T07:22:26","date_gmt":"2024-06-26T07:22:26","guid":{"rendered":"https:\/\/ral.komfour-develop.de\/?page_id=3924"},"modified":"2024-08-07T14:01:35","modified_gmt":"2024-08-07T14:01:35","slug":"uwaga-dotyczaca-plci","status":"publish","type":"page","link":"https:\/\/ral.komfour-develop.de\/pl\/uwaga-dotyczaca-plci\/","title":{"rendered":"Uwaga dotycz\u0105ca p\u0142ci"},"content":{"rendered":"\t\t<div data-elementor-type=\"wp-page\" data-elementor-id=\"3924\" class=\"elementor elementor-3924 elementor-2309\" data-elementor-post-type=\"page\">\n\t\t\t\t<div class=\"elementor-element elementor-element-69d6e15 e-flex e-con-boxed e-con e-parent\" data-id=\"69d6e15\" data-element_type=\"container\" data-e-type=\"container\">\n\t\t\t\t\t<div class=\"e-con-inner\">\n\t\t<div class=\"elementor-element elementor-element-daf3822 e-con-full e-flex e-con e-child\" data-id=\"daf3822\" data-element_type=\"container\" data-e-type=\"container\">\n\t\t\t\t<div class=\"elementor-element elementor-element-d4a1a2c elementor-widget elementor-widget-heading\" data-id=\"d4a1a2c\" data-element_type=\"widget\" data-e-type=\"widget\" data-widget_type=\"heading.default\">\n\t\t\t\t<div class=\"elementor-widget-container\">\n\t\t\t\t\t<h1 class=\"elementor-heading-title elementor-size-default\">Uwaga dotycz\u0105ca p\u0142ci<\/h1>\t\t\t\t<\/div>\n\t\t\t\t<\/div>\n\t\t\t\t<div class=\"elementor-element elementor-element-ab44ff5 elementor-widget elementor-widget-text-editor\" data-id=\"ab44ff5\" data-element_type=\"widget\" data-e-type=\"widget\" data-widget_type=\"text-editor.default\">\n\t\t\t\t<div class=\"elementor-widget-container\">\n\t\t\t\t\t\t\t\t\t<\/p>\n<p class=\"bodytext\">Drodzy odwiedzaj\u0105cy,<\/p>\n<p class=\"bodytext\">witamy na stronie internetowej G\u00fctegemeinschaft Kerzen e.V.<\/p>\n<p class=\"bodytext\">Chcieliby\u015bmy zaznaczy\u0107, \u017ce ze wzgl\u0119d\u00f3w redakcyjnych obecnie u\u017cywamy g\u0142\u00f3wnie rodzaju m\u0119skiego. Wszystkie nazwy osobowe i rzeczowniki osobowe odnosz\u0105 si\u0119 oczywi\u015bcie w r\u00f3wnym stopniu do wszystkich p\u0142ci.  <\/p>\n\t\t\t\t\t\t\t\t<\/div>\n\t\t\t\t<\/div>\n\t\t\t\t<\/div>\n\t\t\t\t\t<\/div>\n\t\t\t\t<\/div>\n\t\t\t\t<\/div>\n\t\t","protected":false},"excerpt":{"rendered":"<p>Uwaga dotycz\u0105ca p\u0142ci Drodzy odwiedzaj\u0105cy, witamy na stronie internetowej G\u00fctegemeinschaft Kerzen e.V. Chcieliby\u015bmy zaznaczy\u0107, \u017ce ze wzgl\u0119d\u00f3w redakcyjnych obecnie u\u017cywamy g\u0142\u00f3wnie rodzaju m\u0119skiego. Wszystkie nazwy osobowe i rzeczowniki osobowe odnosz\u0105 si\u0119 oczywi\u015bcie w r\u00f3wnym stopniu do wszystkich p\u0142ci.<\/p>\n","protected":false},"author":3,"featured_media":0,"parent":0,"menu_order":0,"comment_status":"closed","ping_status":"closed","template":"elementor_header_footer","meta":{"footnotes":""},"class_list":["post-3924","page","type-page","status-publish","hentry"],"acf":[],"_links":{"self":[{"href":"https:\/\/ral.komfour-develop.de\/pl\/wp-json\/wp\/v2\/pages\/3924","targetHints":{"allow":["GET"]}}],"collection":[{"href":"https:\/\/ral.komfour-develop.de\/pl\/wp-json\/wp\/v2\/pages"}],"about":[{"href":"https:\/\/ral.komfour-develop.de\/pl\/wp-json\/wp\/v2\/types\/page"}],"author":[{"embeddable":true,"href":"https:\/\/ral.komfour-develop.de\/pl\/wp-json\/wp\/v2\/users\/3"}],"replies":[{"embeddable":true,"href":"https:\/\/ral.komfour-develop.de\/pl\/wp-json\/wp\/v2\/comments?post=3924"}],"version-history":[{"count":2,"href":"https:\/\/ral.komfour-develop.de\/pl\/wp-json\/wp\/v2\/pages\/3924\/revisions"}],"predecessor-version":[{"id":3926,"href":"https:\/\/ral.komfour-develop.de\/pl\/wp-json\/wp\/v2\/pages\/3924\/revisions\/3926"}],"wp:attachment":[{"href":"https:\/\/ral.komfour-develop.de\/pl\/wp-json\/wp\/v2\/media?parent=3924"}],"curies":[{"name":"wp","href":"https:\/\/api.w.org\/{rel}","templated":true}]}}