{"id":3932,"date":"2024-05-14T13:34:33","date_gmt":"2024-05-14T13:34:33","guid":{"rendered":"https:\/\/ral.komfour-develop.de\/?page_id=3932"},"modified":"2024-08-12T09:38:29","modified_gmt":"2024-08-12T09:38:29","slug":"nadruk","status":"publish","type":"page","link":"https:\/\/ral.komfour-develop.de\/pl\/nadruk\/","title":{"rendered":"Nadruk"},"content":{"rendered":"\t\t<div data-elementor-type=\"wp-page\" data-elementor-id=\"3932\" class=\"elementor elementor-3932 elementor-294\" data-elementor-post-type=\"page\">\n\t\t\t\t<div class=\"elementor-element elementor-element-69d6e15 e-flex e-con-boxed e-con e-parent\" data-id=\"69d6e15\" data-element_type=\"container\" data-e-type=\"container\">\n\t\t\t\t\t<div class=\"e-con-inner\">\n\t\t<div class=\"elementor-element elementor-element-daf3822 e-con-full e-flex e-con e-child\" data-id=\"daf3822\" data-element_type=\"container\" data-e-type=\"container\">\n\t\t\t\t<div class=\"elementor-element elementor-element-d4a1a2c elementor-widget elementor-widget-heading\" data-id=\"d4a1a2c\" data-element_type=\"widget\" data-e-type=\"widget\" data-widget_type=\"heading.default\">\n\t\t\t\t<div class=\"elementor-widget-container\">\n\t\t\t\t\t<h1 class=\"elementor-heading-title elementor-size-default\">Nadruk<\/h1>\t\t\t\t<\/div>\n\t\t\t\t<\/div>\n\t\t\t\t<div class=\"elementor-element elementor-element-ab44ff5 elementor-widget elementor-widget-text-editor\" data-id=\"ab44ff5\" data-element_type=\"widget\" data-e-type=\"widget\" data-widget_type=\"text-editor.default\">\n\t\t\t\t<div class=\"elementor-widget-container\">\n\t\t\t\t\t\t\t\t\t<p><\/p>\n<p class=\"bodytext\">Informacje zgodnie z \u00a7 5 TMG (Telemediengesetz):<\/p>\n<p class=\"bodytext\">G\u00fctegemeinschaft Kerzen e. V.<br>Zum Burgstall 13<br>D-88677 Markdorf<br>Tel. <a href=\"tel:+49075449626873\">+49 (0)7544 9626-873<\/a><br>E-mail: <a href=\"mailto:martin.rieg@komfour.de\">info@guetezeichen-kerzen.de<\/a><\/p>\n<p class=\"bodytext\">Reprezentowana przez zarz\u0105d dr Franka Hanewinckela. Dyrektorem zarz\u0105dzaj\u0105cym jest Constanze Gill\u00e9. <\/p>\n<p class=\"bodytext\">Wpis do rejestru:<br>Zarejestrowany w rejestrze stowarzysze\u0144 w s\u0105dzie rejonowym w Stuttgarcie, VR6998.<\/p>\n<ul type=\"disc\">\n<li><a title=\"Otwiera link wewn\u0119trzny w bie\u017c\u0105cym oknie\" href=\"https:\/\/ral-c.com\/satzung.html\" target=\"_blank\" rel=\"noopener\">Statut<\/a><\/li>\n<\/ul>\n<p> <\/p>\n<p class=\"bodytext\">Podatek od warto\u015bci dodanej:<br>Numer identyfikacyjny podatku od sprzeda\u017cy zgodnie z \u00a727a ustawy o podatku od sprzeda\u017cy: DE194532784<\/p>\n<p class=\"bodytext\"><b>Wy\u0142\u0105czenie odpowiedzialno\u015bci<\/b><\/p>\n<p class=\"bodytext\"><b>Odpowiedzialno\u015b\u0107 za tre\u015b\u0107<\/b><br>Zawarto\u015b\u0107 naszej strony internetowej zosta\u0142a stworzona z najwy\u017csz\u0105 staranno\u015bci\u0105. Nie mo\u017cemy jednak ponosi\u0107 odpowiedzialno\u015bci za dok\u0142adno\u015b\u0107, kompletno\u015b\u0107 i aktualno\u015b\u0107 tre\u015bci.<br>Jako dostawca us\u0142ug jeste\u015bmy odpowiedzialni za w\u0142asne tre\u015bci na tych stronach zgodnie z \u00a7 7 ust. 1 TMG (niemiecka ustawa o telemediach) i og\u00f3lnymi przepisami prawa. Zgodnie z \u00a7\u00a7 8 do 10 TMG, jako us\u0142ugodawca nie jeste\u015bmy jednak zobowi\u0105zani do monitorowania przesy\u0142anych lub przechowywanych informacji os\u00f3b trzecich ani do badania okoliczno\u015bci wskazuj\u0105cych na nielegaln\u0105 dzia\u0142alno\u015b\u0107.<br>Nie ma to wp\u0142ywu na obowi\u0105zek usuni\u0119cia lub zablokowania korzystania z informacji zgodnie z og\u00f3lnymi przepisami prawa. Odpowiedzialno\u015b\u0107 w tym zakresie jest jednak mo\u017cliwa dopiero od momentu powzi\u0119cia informacji o konkretnym naruszeniu. Gdy tylko dowiemy si\u0119 o takich naruszeniach, niezw\u0142ocznie usuniemy te tre\u015bci.     <\/p>\n<p class=\"bodytext\"><b>Odpowiedzialno\u015b\u0107 za linki<\/b><br>Nasza strona internetowa zawiera linki do zewn\u0119trznych stron internetowych os\u00f3b trzecich, na kt\u00f3rych tre\u015b\u0107 nie mamy wp\u0142ywu. W zwi\u0105zku z tym nie mo\u017cemy ponosi\u0107 \u017cadnej odpowiedzialno\u015bci za tre\u015bci stron trzecich. Odpowiedni dostawca lub operator stron jest zawsze odpowiedzialny za tre\u015b\u0107 stron, do kt\u00f3rych prowadz\u0105 linki. Po\u0142\u0105czone strony zosta\u0142y sprawdzone pod k\u0105tem mo\u017cliwych narusze\u0144 prawa w momencie \u0142\u0105czenia. Nielegalne tre\u015bci nie zosta\u0142y rozpoznane w momencie linkowania.<br>Sta\u0142e monitorowanie tre\u015bci stron, do kt\u00f3rych prowadz\u0105 linki, nie jest jednak uzasadnione bez konkretnych dowod\u00f3w naruszenia prawa. Je\u015bli dowiemy si\u0119 o jakichkolwiek naruszeniach prawa, natychmiast usuniemy takie linki.     <\/p>\n<p class=\"bodytext\"><b>Prawa autorskie<\/b><br>Tre\u015bci i dzie\u0142a stworzone przez operator\u00f3w witryn na tych stronach podlegaj\u0105 niemieckiemu prawu autorskiemu. Powielanie, przetwarzanie, rozpowszechnianie i wszelkiego rodzaju wykorzystywanie poza granicami prawa autorskiego wymaga pisemnej zgody odpowiedniego autora lub tw\u00f3rcy. Pobieranie i kopiowanie tej strony jest dozwolone wy\u0142\u0105cznie do prywatnego, niekomercyjnego u\u017cytku.<br>O ile tre\u015bci na tej stronie nie zosta\u0142y stworzone przez operatora, prawa autorskie os\u00f3b trzecich s\u0105 przestrzegane. W szczeg\u00f3lno\u015bci tre\u015bci os\u00f3b trzecich s\u0105 oznaczone jako takie. Je\u015bli mimo to dowiesz si\u0119 o naruszeniu praw autorskich, poinformuj nas o tym. Je\u015bli dowiemy si\u0119 o jakichkolwiek naruszeniach, niezw\u0142ocznie usuniemy takie tre\u015bci.     <\/p>\n<p class=\"bodytext\">Niniejsza nota prawna ma r\u00f3wnie\u017c zastosowanie do fanpage&#8217;a na Facebooku<br><a href=\"http:\/\/www.facebook.com\/kerzenguete\" target=\"_blank\" rel=\"noopener\">www.facebook.com\/kerzenguete<\/a><\/p>\t\t\t\t\t\t\t\t<\/div>\n\t\t\t\t<\/div>\n\t\t\t\t<\/div>\n\t\t\t\t\t<\/div>\n\t\t\t\t<\/div>\n\t\t<div class=\"elementor-element elementor-element-61268e8 e-flex e-con-boxed e-con e-parent\" data-id=\"61268e8\" data-element_type=\"container\" data-e-type=\"container\">\n\t\t\t\t\t<div class=\"e-con-inner\">\n\t\t\t\t<div class=\"elementor-element elementor-element-41f4921 elementor-search-form--skin-classic elementor-search-form--button-type-icon elementor-search-form--icon-search elementor-widget elementor-widget-search-form\" data-id=\"41f4921\" data-element_type=\"widget\" data-e-type=\"widget\" data-settings=\"{&quot;skin&quot;:&quot;classic&quot;}\" data-widget_type=\"search-form.default\">\n\t\t\t\t<div class=\"elementor-widget-container\">\n\t\t\t\t\t\t\t<search role=\"search\">\n\t\t\t<form class=\"elementor-search-form\" action=\"https:\/\/ral.komfour-develop.de\/pl\/\" method=\"get\">\n\t\t\t\t\t\t\t\t\t\t\t\t<div class=\"elementor-search-form__container\">\n\t\t\t\t\t<label class=\"elementor-screen-only\" for=\"elementor-search-form-41f4921\">Szukaj<\/label>\n\n\t\t\t\t\t\n\t\t\t\t\t<input id=\"elementor-search-form-41f4921\" placeholder=\"Szukaj...\" class=\"elementor-search-form__input\" type=\"search\" name=\"s\" value=\"\">\n\t\t\t\t\t<input type='hidden' name='lang' value='pl' \/>\n\t\t\t\t\t\t\t\t\t\t\t<button class=\"elementor-search-form__submit\" type=\"submit\" aria-label=\"Szukaj\">\n\t\t\t\t\t\t\t\t\t\t\t\t\t\t\t<div class=\"e-font-icon-svg-container\"><svg class=\"fa fa-search e-font-icon-svg e-fas-search\" viewBox=\"0 0 512 512\" xmlns=\"http:\/\/www.w3.org\/2000\/svg\"><path d=\"M505 442.7L405.3 343c-4.5-4.5-10.6-7-17-7H372c27.6-35.3 44-79.7 44-128C416 93.1 322.9 0 208 0S0 93.1 0 208s93.1 208 208 208c48.3 0 92.7-16.4 128-44v16.3c0 6.4 2.5 12.5 7 17l99.7 99.7c9.4 9.4 24.6 9.4 33.9 0l28.3-28.3c9.4-9.4 9.4-24.6.1-34zM208 336c-70.7 0-128-57.2-128-128 0-70.7 57.2-128 128-128 70.7 0 128 57.2 128 128 0 70.7-57.2 128-128 128z\"><\/path><\/svg><\/div>\t\t\t\t\t\t\t\t<span class=\"elementor-screen-only\">Szukaj<\/span>\n\t\t\t\t\t\t\t\t\t\t\t\t\t<\/button>\n\t\t\t\t\t\n\t\t\t\t\t\t\t\t\t<\/div>\n\t\t\t<\/form>\n\t\t<\/search>\n\t\t\t\t\t\t<\/div>\n\t\t\t\t<\/div>\n\t\t\t\t\t<\/div>\n\t\t\t\t<\/div>\n\t\t\t\t<\/div>\n\t\t","protected":false},"excerpt":{"rendered":"<p>Nadruk Informacje zgodnie z \u00a7 5 TMG (Telemediengesetz): G\u00fctegemeinschaft Kerzen e. V.Zum Burgstall 13D-88677 MarkdorfTel. +49 (0)7544 9626-873E-mail: info@guetezeichen-kerzen.de Reprezentowana przez zarz\u0105d dr Franka Hanewinckela. Dyrektorem zarz\u0105dzaj\u0105cym jest Constanze Gill\u00e9. Wpis do rejestru:Zarejestrowany w rejestrze stowarzysze\u0144 w s\u0105dzie rejonowym w Stuttgarcie, VR6998. Statut Podatek od warto\u015bci dodanej:Numer identyfikacyjny podatku od sprzeda\u017cy zgodnie z \u00a727a ustawy [&hellip;]<\/p>\n","protected":false},"author":2,"featured_media":0,"parent":0,"menu_order":0,"comment_status":"closed","ping_status":"closed","template":"elementor_header_footer","meta":{"footnotes":""},"class_list":["post-3932","page","type-page","status-publish","hentry"],"acf":[],"_links":{"self":[{"href":"https:\/\/ral.komfour-develop.de\/pl\/wp-json\/wp\/v2\/pages\/3932","targetHints":{"allow":["GET"]}}],"collection":[{"href":"https:\/\/ral.komfour-develop.de\/pl\/wp-json\/wp\/v2\/pages"}],"about":[{"href":"https:\/\/ral.komfour-develop.de\/pl\/wp-json\/wp\/v2\/types\/page"}],"author":[{"embeddable":true,"href":"https:\/\/ral.komfour-develop.de\/pl\/wp-json\/wp\/v2\/users\/2"}],"replies":[{"embeddable":true,"href":"https:\/\/ral.komfour-develop.de\/pl\/wp-json\/wp\/v2\/comments?post=3932"}],"version-history":[{"count":5,"href":"https:\/\/ral.komfour-develop.de\/pl\/wp-json\/wp\/v2\/pages\/3932\/revisions"}],"predecessor-version":[{"id":4072,"href":"https:\/\/ral.komfour-develop.de\/pl\/wp-json\/wp\/v2\/pages\/3932\/revisions\/4072"}],"wp:attachment":[{"href":"https:\/\/ral.komfour-develop.de\/pl\/wp-json\/wp\/v2\/media?parent=3932"}],"curies":[{"name":"wp","href":"https:\/\/api.w.org\/{rel}","templated":true}]}}